{"id":66,"date":"2020-03-17T10:34:18","date_gmt":"2020-03-17T03:34:18","guid":{"rendered":"https:\/\/phumyhung.vn\/booking\/?page_id=66"},"modified":"2020-09-05T23:55:40","modified_gmt":"2020-09-05T16:55:40","slug":"home","status":"publish","type":"page","link":"https:\/\/phumyhung.vn\/booking\/","title":{"rendered":"Trang ch\u1ee7"},"content":{"rendered":"\t\t<div data-elementor-type=\"wp-page\" data-elementor-id=\"66\" class=\"elementor elementor-66\">\n\t\t\t\t\t\t<div class=\"elementor-inner\">\n\t\t\t\t<div class=\"elementor-section-wrap\">\n\t\t\t\t\t\t\t\t\t<section class=\"elementor-section elementor-top-section elementor-element elementor-element-3db42d6 elementor-section-boxed elementor-section-height-default elementor-section-height-default\" data-id=\"3db42d6\" data-element_type=\"section\" data-settings=\"{&quot;background_background&quot;:&quot;classic&quot;}\">\n\t\t\t\t\t\t\t<div class=\"elementor-background-overlay\"><\/div>\n\t\t\t\t\t\t\t<div class=\"elementor-container elementor-column-gap-default\">\n\t\t\t\t\t\t\t<div class=\"elementor-row\">\n\t\t\t\t\t<div class=\"elementor-column elementor-col-33 elementor-top-column elementor-element elementor-element-c14c7d9\" data-id=\"c14c7d9\" data-element_type=\"column\" data-settings=\"{&quot;background_background&quot;:&quot;classic&quot;}\">\n\t\t\t<div class=\"elementor-column-wrap elementor-element-populated\">\n\t\t\t\t\t\t\t<div class=\"elementor-widget-wrap\">\n\t\t\t\t\t\t<div class=\"elementor-element elementor-element-4423367 elementor-widget elementor-widget-image\" data-id=\"4423367\" data-element_type=\"widget\" data-widget_type=\"image.default\">\n\t\t\t\t<div class=\"elementor-widget-container\">\n\t\t\t\t\t\t\t\t<div class=\"elementor-image\">\n\t\t\t\t\t\t\t\t\t\t\t\t\t<a href=\"https:\/\/phumyhung.vn\/booking\/du-an\/amelie-villa\">\n\t\t\t\t\t\t\t<img loading=\"lazy\" decoding=\"async\" width=\"785\" height=\"1024\" src=\"https:\/\/phumyhung.vn\/booking\/wp-content\/uploads\/2020\/09\/amelie-booking.jpg\" class=\"attachment-full size-full\" alt=\"\" srcset=\"https:\/\/phumyhung.vn\/booking\/wp-content\/uploads\/2020\/09\/amelie-booking.jpg 785w, https:\/\/phumyhung.vn\/booking\/wp-content\/uploads\/2020\/09\/amelie-booking-230x300.jpg 230w, https:\/\/phumyhung.vn\/booking\/wp-content\/uploads\/2020\/09\/amelie-booking-768x1002.jpg 768w\" sizes=\"(max-width: 785px) 100vw, 785px\" \/>\t\t\t\t\t\t\t\t<\/a>\n\t\t\t\t\t\t\t\t\t\t\t\t\t\t<\/div>\n\t\t\t\t\t\t<\/div>\n\t\t\t\t<\/div>\n\t\t\t\t<div class=\"elementor-element elementor-element-5fae730 elementor-widget elementor-widget-heading\" data-id=\"5fae730\" data-element_type=\"widget\" data-widget_type=\"heading.default\">\n\t\t\t\t<div class=\"elementor-widget-container\">\n\t\t\t<h2 class=\"elementor-heading-title elementor-size-default\">Amelie Villa<\/h2>\t\t<\/div>\n\t\t\t\t<\/div>\n\t\t\t\t<section class=\"elementor-section elementor-inner-section elementor-element elementor-element-29eef90 elementor-section-boxed elementor-section-height-default elementor-section-height-default\" data-id=\"29eef90\" data-element_type=\"section\">\n\t\t\t\t\t\t<div class=\"elementor-container elementor-column-gap-no\">\n\t\t\t\t\t\t\t<div class=\"elementor-row\">\n\t\t\t\t\t<div class=\"elementor-column elementor-col-50 elementor-inner-column elementor-element elementor-element-cd527d3\" data-id=\"cd527d3\" data-element_type=\"column\">\n\t\t\t<div class=\"elementor-column-wrap elementor-element-populated\">\n\t\t\t\t\t\t\t<div class=\"elementor-widget-wrap\">\n\t\t\t\t\t\t<div class=\"elementor-element elementor-element-759e103 elementor-button-warning elementor-align-center elementor-widget elementor-widget-button\" data-id=\"759e103\" data-element_type=\"widget\" data-widget_type=\"button.default\">\n\t\t\t\t<div class=\"elementor-widget-container\">\n\t\t\t\t\t<div class=\"elementor-button-wrapper\">\n\t\t\t<a href=\"https:\/\/phumyhung.vn\/booking\/du-an\/amelie-villa\/\" class=\"elementor-button-link elementor-button elementor-size-xs\" role=\"button\">\n\t\t\t\t\t\t<span class=\"elementor-button-content-wrapper\">\n\t\t\t\t\t\t\t<span class=\"elementor-button-icon elementor-align-icon-left\">\n\t\t\t\t<i aria-hidden=\"true\" class=\"fab fa-opencart\"><\/i>\t\t\t<\/span>\n\t\t\t\t\t\t<span class=\"elementor-button-text\">BOOKING<\/span>\n\t\t<\/span>\n\t\t\t\t\t<\/a>\n\t\t<\/div>\n\t\t\t\t<\/div>\n\t\t\t\t<\/div>\n\t\t\t\t\t\t<\/div>\n\t\t\t\t\t<\/div>\n\t\t<\/div>\n\t\t\t\t<div class=\"elementor-column elementor-col-50 elementor-inner-column elementor-element elementor-element-3b2843b\" data-id=\"3b2843b\" data-element_type=\"column\">\n\t\t\t<div class=\"elementor-column-wrap elementor-element-populated\">\n\t\t\t\t\t\t\t<div class=\"elementor-widget-wrap\">\n\t\t\t\t\t\t<div class=\"elementor-element elementor-element-f3a68e9 elementor-button-warning elementor-align-center elementor-widget elementor-widget-button\" data-id=\"f3a68e9\" data-element_type=\"widget\" data-widget_type=\"button.default\">\n\t\t\t\t<div class=\"elementor-widget-container\">\n\t\t\t\t\t<div class=\"elementor-button-wrapper\">\n\t\t\t<a href=\"https:\/\/phumyhung.vn\/amelie-villa\" target=\"_blank\" class=\"elementor-button-link elementor-button elementor-size-xs\" role=\"button\">\n\t\t\t\t\t\t<span class=\"elementor-button-content-wrapper\">\n\t\t\t\t\t\t\t<span class=\"elementor-button-icon elementor-align-icon-left\">\n\t\t\t\t<i aria-hidden=\"true\" class=\"fab fa-chrome\"><\/i>\t\t\t<\/span>\n\t\t\t\t\t\t<span class=\"elementor-button-text\">WEBSITE D\u1ef0 \u00c1N<\/span>\n\t\t<\/span>\n\t\t\t\t\t<\/a>\n\t\t<\/div>\n\t\t\t\t<\/div>\n\t\t\t\t<\/div>\n\t\t\t\t\t\t<\/div>\n\t\t\t\t\t<\/div>\n\t\t<\/div>\n\t\t\t\t\t\t\t\t<\/div>\n\t\t\t\t\t<\/div>\n\t\t<\/section>\n\t\t\t\t\t\t<\/div>\n\t\t\t\t\t<\/div>\n\t\t<\/div>\n\t\t\t\t<div class=\"elementor-column elementor-col-33 elementor-top-column elementor-element elementor-element-277fc9c\" data-id=\"277fc9c\" data-element_type=\"column\" data-settings=\"{&quot;background_background&quot;:&quot;classic&quot;}\">\n\t\t\t<div class=\"elementor-column-wrap elementor-element-populated\">\n\t\t\t\t\t\t\t<div class=\"elementor-widget-wrap\">\n\t\t\t\t\t\t<div class=\"elementor-element elementor-element-6bb841a elementor-widget elementor-widget-image\" data-id=\"6bb841a\" data-element_type=\"widget\" data-widget_type=\"image.default\">\n\t\t\t\t<div class=\"elementor-widget-container\">\n\t\t\t\t\t\t\t\t<div class=\"elementor-image\">\n\t\t\t\t\t\t\t\t\t\t\t\t\t<a href=\"https:\/\/phumyhung.vn\/booking\/du-an\/the-antonia\/\">\n\t\t\t\t\t\t\t<img loading=\"lazy\" decoding=\"async\" width=\"785\" height=\"1024\" src=\"https:\/\/phumyhung.vn\/booking\/wp-content\/uploads\/2020\/03\/antonia-785x1024.jpg\" class=\"attachment-large size-large\" alt=\"\" srcset=\"https:\/\/phumyhung.vn\/booking\/wp-content\/uploads\/2020\/03\/antonia-785x1024.jpg 785w, https:\/\/phumyhung.vn\/booking\/wp-content\/uploads\/2020\/03\/antonia-230x300.jpg 230w, https:\/\/phumyhung.vn\/booking\/wp-content\/uploads\/2020\/03\/antonia-768x1002.jpg 768w, https:\/\/phumyhung.vn\/booking\/wp-content\/uploads\/2020\/03\/antonia.jpg 828w\" sizes=\"(max-width: 785px) 100vw, 785px\" \/>\t\t\t\t\t\t\t\t<\/a>\n\t\t\t\t\t\t\t\t\t\t\t\t\t\t<\/div>\n\t\t\t\t\t\t<\/div>\n\t\t\t\t<\/div>\n\t\t\t\t<div class=\"elementor-element elementor-element-cd22547 elementor-widget elementor-widget-heading\" data-id=\"cd22547\" data-element_type=\"widget\" data-widget_type=\"heading.default\">\n\t\t\t\t<div class=\"elementor-widget-container\">\n\t\t\t<h2 class=\"elementor-heading-title elementor-size-default\">The Antonia<\/h2>\t\t<\/div>\n\t\t\t\t<\/div>\n\t\t\t\t<section class=\"elementor-section elementor-inner-section elementor-element elementor-element-80048cd elementor-section-boxed elementor-section-height-default elementor-section-height-default\" data-id=\"80048cd\" data-element_type=\"section\">\n\t\t\t\t\t\t<div class=\"elementor-container elementor-column-gap-no\">\n\t\t\t\t\t\t\t<div class=\"elementor-row\">\n\t\t\t\t\t<div class=\"elementor-column elementor-col-50 elementor-inner-column elementor-element elementor-element-2b7022c\" data-id=\"2b7022c\" data-element_type=\"column\">\n\t\t\t<div class=\"elementor-column-wrap elementor-element-populated\">\n\t\t\t\t\t\t\t<div class=\"elementor-widget-wrap\">\n\t\t\t\t\t\t<div class=\"elementor-element elementor-element-117b6d7 elementor-button-warning elementor-align-center elementor-widget elementor-widget-button\" data-id=\"117b6d7\" data-element_type=\"widget\" data-widget_type=\"button.default\">\n\t\t\t\t<div class=\"elementor-widget-container\">\n\t\t\t\t\t<div class=\"elementor-button-wrapper\">\n\t\t\t<a href=\"https:\/\/phumyhung.vn\/booking\/du-an\/the-antonia\/\" class=\"elementor-button-link elementor-button elementor-size-xs\" role=\"button\">\n\t\t\t\t\t\t<span class=\"elementor-button-content-wrapper\">\n\t\t\t\t\t\t\t<span class=\"elementor-button-icon elementor-align-icon-left\">\n\t\t\t\t<i aria-hidden=\"true\" class=\"fab fa-opencart\"><\/i>\t\t\t<\/span>\n\t\t\t\t\t\t<span class=\"elementor-button-text\">BOOKING<\/span>\n\t\t<\/span>\n\t\t\t\t\t<\/a>\n\t\t<\/div>\n\t\t\t\t<\/div>\n\t\t\t\t<\/div>\n\t\t\t\t\t\t<\/div>\n\t\t\t\t\t<\/div>\n\t\t<\/div>\n\t\t\t\t<div class=\"elementor-column elementor-col-50 elementor-inner-column elementor-element elementor-element-9b4b5b4\" data-id=\"9b4b5b4\" data-element_type=\"column\">\n\t\t\t<div class=\"elementor-column-wrap elementor-element-populated\">\n\t\t\t\t\t\t\t<div class=\"elementor-widget-wrap\">\n\t\t\t\t\t\t<div class=\"elementor-element elementor-element-271d855 elementor-button-warning elementor-align-center elementor-widget elementor-widget-button\" data-id=\"271d855\" data-element_type=\"widget\" data-widget_type=\"button.default\">\n\t\t\t\t<div class=\"elementor-widget-container\">\n\t\t\t\t\t<div class=\"elementor-button-wrapper\">\n\t\t\t<a href=\"https:\/\/phumyhung.vn\/the-antonia\/\" target=\"_blank\" class=\"elementor-button-link elementor-button elementor-size-xs\" role=\"button\">\n\t\t\t\t\t\t<span class=\"elementor-button-content-wrapper\">\n\t\t\t\t\t\t\t<span class=\"elementor-button-icon elementor-align-icon-left\">\n\t\t\t\t<i aria-hidden=\"true\" class=\"fab fa-chrome\"><\/i>\t\t\t<\/span>\n\t\t\t\t\t\t<span class=\"elementor-button-text\">WEBSITE D\u1ef0 \u00c1N<\/span>\n\t\t<\/span>\n\t\t\t\t\t<\/a>\n\t\t<\/div>\n\t\t\t\t<\/div>\n\t\t\t\t<\/div>\n\t\t\t\t\t\t<\/div>\n\t\t\t\t\t<\/div>\n\t\t<\/div>\n\t\t\t\t\t\t\t\t<\/div>\n\t\t\t\t\t<\/div>\n\t\t<\/section>\n\t\t\t\t\t\t<\/div>\n\t\t\t\t\t<\/div>\n\t\t<\/div>\n\t\t\t\t<div class=\"elementor-column elementor-col-33 elementor-top-column elementor-element elementor-element-cefe6e0\" data-id=\"cefe6e0\" data-element_type=\"column\" data-settings=\"{&quot;background_background&quot;:&quot;classic&quot;}\">\n\t\t\t<div class=\"elementor-column-wrap elementor-element-populated\">\n\t\t\t\t\t\t\t<div class=\"elementor-widget-wrap\">\n\t\t\t\t\t\t<div class=\"elementor-element elementor-element-3d5056c elementor-widget elementor-widget-image\" data-id=\"3d5056c\" data-element_type=\"widget\" data-widget_type=\"image.default\">\n\t\t\t\t<div class=\"elementor-widget-container\">\n\t\t\t\t\t\t\t\t<div class=\"elementor-image\">\n\t\t\t\t\t\t\t\t\t\t\t\t\t<a href=\"#\">\n\t\t\t\t\t\t\t<img loading=\"lazy\" decoding=\"async\" width=\"785\" height=\"1024\" src=\"https:\/\/phumyhung.vn\/booking\/wp-content\/uploads\/2020\/03\/midtown-2-785x1024.jpg\" class=\"attachment-large size-large\" alt=\"\" srcset=\"https:\/\/phumyhung.vn\/booking\/wp-content\/uploads\/2020\/03\/midtown-2-785x1024.jpg 785w, https:\/\/phumyhung.vn\/booking\/wp-content\/uploads\/2020\/03\/midtown-2-230x300.jpg 230w, https:\/\/phumyhung.vn\/booking\/wp-content\/uploads\/2020\/03\/midtown-2-768x1002.jpg 768w, https:\/\/phumyhung.vn\/booking\/wp-content\/uploads\/2020\/03\/midtown-2.jpg 828w\" sizes=\"(max-width: 785px) 100vw, 785px\" \/>\t\t\t\t\t\t\t\t<\/a>\n\t\t\t\t\t\t\t\t\t\t\t\t\t\t<\/div>\n\t\t\t\t\t\t<\/div>\n\t\t\t\t<\/div>\n\t\t\t\t<div class=\"elementor-element elementor-element-b746812 elementor-widget elementor-widget-heading\" data-id=\"b746812\" data-element_type=\"widget\" data-widget_type=\"heading.default\">\n\t\t\t\t<div class=\"elementor-widget-container\">\n\t\t\t<h2 class=\"elementor-heading-title elementor-size-default\">Phu My Hung Midtown<\/h2>\t\t<\/div>\n\t\t\t\t<\/div>\n\t\t\t\t<section class=\"elementor-section elementor-inner-section elementor-element elementor-element-300cac3 elementor-section-boxed elementor-section-height-default elementor-section-height-default\" data-id=\"300cac3\" data-element_type=\"section\">\n\t\t\t\t\t\t<div class=\"elementor-container elementor-column-gap-no\">\n\t\t\t\t\t\t\t<div class=\"elementor-row\">\n\t\t\t\t\t<div class=\"elementor-column elementor-col-50 elementor-inner-column elementor-element elementor-element-b2e13ad\" data-id=\"b2e13ad\" data-element_type=\"column\">\n\t\t\t<div class=\"elementor-column-wrap elementor-element-populated\">\n\t\t\t\t\t\t\t<div class=\"elementor-widget-wrap\">\n\t\t\t\t\t\t<div class=\"elementor-element elementor-element-6c7c23d elementor-button-warning elementor-align-center elementor-widget elementor-widget-button\" data-id=\"6c7c23d\" data-element_type=\"widget\" data-widget_type=\"button.default\">\n\t\t\t\t<div class=\"elementor-widget-container\">\n\t\t\t\t\t<div class=\"elementor-button-wrapper\">\n\t\t\t<a href=\"#\" class=\"elementor-button-link elementor-button elementor-size-xs\" role=\"button\">\n\t\t\t\t\t\t<span class=\"elementor-button-content-wrapper\">\n\t\t\t\t\t\t\t<span class=\"elementor-button-icon elementor-align-icon-left\">\n\t\t\t\t<i aria-hidden=\"true\" class=\"fab fa-opencart\"><\/i>\t\t\t<\/span>\n\t\t\t\t\t\t<span class=\"elementor-button-text\">BOOKING<\/span>\n\t\t<\/span>\n\t\t\t\t\t<\/a>\n\t\t<\/div>\n\t\t\t\t<\/div>\n\t\t\t\t<\/div>\n\t\t\t\t\t\t<\/div>\n\t\t\t\t\t<\/div>\n\t\t<\/div>\n\t\t\t\t<div class=\"elementor-column elementor-col-50 elementor-inner-column elementor-element elementor-element-c7ffb43\" data-id=\"c7ffb43\" data-element_type=\"column\">\n\t\t\t<div class=\"elementor-column-wrap elementor-element-populated\">\n\t\t\t\t\t\t\t<div class=\"elementor-widget-wrap\">\n\t\t\t\t\t\t<div class=\"elementor-element elementor-element-1f0fc56 elementor-button-warning elementor-align-center elementor-widget elementor-widget-button\" data-id=\"1f0fc56\" data-element_type=\"widget\" data-widget_type=\"button.default\">\n\t\t\t\t<div class=\"elementor-widget-container\">\n\t\t\t\t\t<div class=\"elementor-button-wrapper\">\n\t\t\t<a href=\"https:\/\/phumyhung.vn\/midtown\" target=\"_blank\" class=\"elementor-button-link elementor-button elementor-size-xs\" role=\"button\">\n\t\t\t\t\t\t<span class=\"elementor-button-content-wrapper\">\n\t\t\t\t\t\t\t<span class=\"elementor-button-icon elementor-align-icon-left\">\n\t\t\t\t<i aria-hidden=\"true\" class=\"fab fa-chrome\"><\/i>\t\t\t<\/span>\n\t\t\t\t\t\t<span class=\"elementor-button-text\">WEBSITE D\u1ef0 \u00c1N<\/span>\n\t\t<\/span>\n\t\t\t\t\t<\/a>\n\t\t<\/div>\n\t\t\t\t<\/div>\n\t\t\t\t<\/div>\n\t\t\t\t\t\t<\/div>\n\t\t\t\t\t<\/div>\n\t\t<\/div>\n\t\t\t\t\t\t\t\t<\/div>\n\t\t\t\t\t<\/div>\n\t\t<\/section>\n\t\t\t\t\t\t<\/div>\n\t\t\t\t\t<\/div>\n\t\t<\/div>\n\t\t\t\t\t\t\t\t<\/div>\n\t\t\t\t\t<\/div>\n\t\t<\/section>\n\t\t\t\t<section class=\"elementor-section elementor-top-section elementor-element elementor-element-c361205 elementor-section-boxed elementor-section-height-default elementor-section-height-default\" data-id=\"c361205\" data-element_type=\"section\">\n\t\t\t\t\t\t<div class=\"elementor-container elementor-column-gap-default\">\n\t\t\t\t\t\t\t<div class=\"elementor-row\">\n\t\t\t\t\t<div class=\"elementor-column elementor-col-100 elementor-top-column elementor-element elementor-element-94e20c8\" data-id=\"94e20c8\" data-element_type=\"column\">\n\t\t\t<div class=\"elementor-column-wrap elementor-element-populated\">\n\t\t\t\t\t\t\t<div class=\"elementor-widget-wrap\">\n\t\t\t\t\t\t<div class=\"elementor-element elementor-element-fae8515 elementor-invisible elementor-widget elementor-widget-image\" data-id=\"fae8515\" data-element_type=\"widget\" data-settings=\"{&quot;_animation&quot;:&quot;fadeInUp&quot;}\" data-widget_type=\"image.default\">\n\t\t\t\t<div class=\"elementor-widget-container\">\n\t\t\t\t\t\t\t\t<div class=\"elementor-image\">\n\t\t\t\t\t\t\t\t\t\t\t\t\t<a href=\"https:\/\/phumyhung.vn\/amelie-villa\" target=\"_blank\">\n\t\t\t\t\t\t\t<img loading=\"lazy\" decoding=\"async\" width=\"1024\" height=\"269\" src=\"https:\/\/phumyhung.vn\/booking\/wp-content\/uploads\/2020\/09\/banner-amelie-villa-vn-1024x269.jpg\" class=\"attachment-large size-large\" alt=\"\" srcset=\"https:\/\/phumyhung.vn\/booking\/wp-content\/uploads\/2020\/09\/banner-amelie-villa-vn-1024x269.jpg 1024w, https:\/\/phumyhung.vn\/booking\/wp-content\/uploads\/2020\/09\/banner-amelie-villa-vn-300x79.jpg 300w, https:\/\/phumyhung.vn\/booking\/wp-content\/uploads\/2020\/09\/banner-amelie-villa-vn-768x202.jpg 768w, https:\/\/phumyhung.vn\/booking\/wp-content\/uploads\/2020\/09\/banner-amelie-villa-vn.jpg 1140w\" sizes=\"(max-width: 1024px) 100vw, 1024px\" \/>\t\t\t\t\t\t\t\t<\/a>\n\t\t\t\t\t\t\t\t\t\t\t\t\t\t<\/div>\n\t\t\t\t\t\t<\/div>\n\t\t\t\t<\/div>\n\t\t\t\t\t\t<\/div>\n\t\t\t\t\t<\/div>\n\t\t<\/div>\n\t\t\t\t\t\t\t\t<\/div>\n\t\t\t\t\t<\/div>\n\t\t<\/section>\n\t\t\t\t\t\t\t\t\t<\/div>\n\t\t\t<\/div>\n\t\t\t\t\t<\/div>\n\t\t","protected":false},"excerpt":{"rendered":"<p>Amelie Villa BOOKING WEBSITE D\u1ef0 \u00c1N The Antonia BOOKING WEBSITE D\u1ef0 \u00c1N Phu My Hung Midtown BOOKING WEBSITE D\u1ef0 \u00c1N<\/p>\n","protected":false},"author":1,"featured_media":0,"parent":0,"menu_order":0,"comment_status":"closed","ping_status":"closed","template":"elementor_header_footer","meta":{"footnotes":""},"yoast_head":"<!-- This site is optimized with the Yoast SEO plugin v15.9 - https:\/\/yoast.com\/wordpress\/plugins\/seo\/ -->\n<title>Booking online - mua nh\u00e0 tr\u1ef1c tuy\u1ebfn Ph\u00fa M\u1ef9 H\u01b0ng<\/title>\n<meta name=\"description\" content=\"Booking online - mua nh\u00e0 tr\u1ef1c tuy\u1ebfn Ph\u00fa M\u1ef9 H\u01b0ng. mua nh\u00e0 online tr\u1ef1c tuy\u1ebfn ph\u00fa m\u1ef9 h\u01b0ng d\u1ec5 d\u00e0ng nhanh ch\u00f3ng v\u00e0 ch\u00ednh x\u00e1c, thu\u1eadn l\u1ee3i trong mua nh\u00e0 m\u1ecdi l\u00fac...\" \/>\n<meta name=\"robots\" content=\"noindex, follow\" \/>\n<meta property=\"og:locale\" content=\"vi_VN\" \/>\n<meta property=\"og:type\" content=\"article\" \/>\n<meta property=\"og:title\" content=\"Booking online - mua nh\u00e0 tr\u1ef1c tuy\u1ebfn Ph\u00fa M\u1ef9 H\u01b0ng\" \/>\n<meta property=\"og:description\" content=\"Booking online - mua nh\u00e0 tr\u1ef1c tuy\u1ebfn Ph\u00fa M\u1ef9 H\u01b0ng. mua nh\u00e0 online tr\u1ef1c tuy\u1ebfn ph\u00fa m\u1ef9 h\u01b0ng d\u1ec5 d\u00e0ng nhanh ch\u00f3ng v\u00e0 ch\u00ednh x\u00e1c, thu\u1eadn l\u1ee3i trong mua nh\u00e0 m\u1ecdi l\u00fac...\" \/>\n<meta property=\"og:url\" content=\"https:\/\/phumyhung.vn\/booking\/\" \/>\n<meta property=\"og:site_name\" content=\"Booking Online - Phu My Hung\" \/>\n<meta property=\"article:modified_time\" content=\"2020-09-05T16:55:40+00:00\" \/>\n<meta property=\"og:image\" content=\"https:\/\/phumyhung.vn\/booking\/wp-content\/uploads\/2020\/03\/antonia-785x1024.jpg\" \/>\n<meta name=\"twitter:card\" content=\"summary_large_image\" \/>\n<script type=\"application\/ld+json\" class=\"yoast-schema-graph\">{\"@context\":\"https:\/\/schema.org\",\"@graph\":[{\"@type\":\"WebSite\",\"@id\":\"https:\/\/phumyhung.vn\/booking\/#website\",\"url\":\"https:\/\/phumyhung.vn\/booking\/\",\"name\":\"Booking Online - Phu My Hung\",\"description\":\"\",\"potentialAction\":[{\"@type\":\"SearchAction\",\"target\":\"https:\/\/phumyhung.vn\/booking\/?s={search_term_string}\",\"query-input\":\"required name=search_term_string\"}],\"inLanguage\":\"vi-VN\"},{\"@type\":\"ImageObject\",\"@id\":\"https:\/\/phumyhung.vn\/booking\/#primaryimage\",\"inLanguage\":\"vi-VN\",\"url\":\"https:\/\/phumyhung.vn\/booking\/wp-content\/uploads\/2020\/09\/amelie-booking.jpg\",\"width\":785,\"height\":1024},{\"@type\":\"WebPage\",\"@id\":\"https:\/\/phumyhung.vn\/booking\/#webpage\",\"url\":\"https:\/\/phumyhung.vn\/booking\/\",\"name\":\"Booking online - mua nh\\u00e0 tr\\u1ef1c tuy\\u1ebfn Ph\\u00fa M\\u1ef9 H\\u01b0ng\",\"isPartOf\":{\"@id\":\"https:\/\/phumyhung.vn\/booking\/#website\"},\"primaryImageOfPage\":{\"@id\":\"https:\/\/phumyhung.vn\/booking\/#primaryimage\"},\"datePublished\":\"2020-03-17T03:34:18+00:00\",\"dateModified\":\"2020-09-05T16:55:40+00:00\",\"description\":\"Booking online - mua nh\\u00e0 tr\\u1ef1c tuy\\u1ebfn Ph\\u00fa M\\u1ef9 H\\u01b0ng. mua nh\\u00e0 online tr\\u1ef1c tuy\\u1ebfn ph\\u00fa m\\u1ef9 h\\u01b0ng d\\u1ec5 d\\u00e0ng nhanh ch\\u00f3ng v\\u00e0 ch\\u00ednh x\\u00e1c, thu\\u1eadn l\\u1ee3i trong mua nh\\u00e0 m\\u1ecdi l\\u00fac...\",\"breadcrumb\":{\"@id\":\"https:\/\/phumyhung.vn\/booking\/#breadcrumb\"},\"inLanguage\":\"vi-VN\",\"potentialAction\":[{\"@type\":\"ReadAction\",\"target\":[\"https:\/\/phumyhung.vn\/booking\/\"]}]},{\"@type\":\"BreadcrumbList\",\"@id\":\"https:\/\/phumyhung.vn\/booking\/#breadcrumb\",\"itemListElement\":[{\"@type\":\"ListItem\",\"position\":1,\"item\":{\"@type\":\"WebPage\",\"@id\":\"https:\/\/phumyhung.vn\/booking\/\",\"url\":\"https:\/\/phumyhung.vn\/booking\/\",\"name\":\"Home\"}},{\"@type\":\"ListItem\",\"position\":2,\"item\":{\"@type\":\"WebPage\",\"@id\":\"https:\/\/phumyhung.vn\/booking\/\",\"url\":\"https:\/\/phumyhung.vn\/booking\/\",\"name\":\"Trang ch\\u1ee7\"}}]}]}<\/script>\n<!-- \/ Yoast SEO plugin. -->","_links":{"self":[{"href":"https:\/\/phumyhung.vn\/booking\/wp-json\/wp\/v2\/pages\/66"}],"collection":[{"href":"https:\/\/phumyhung.vn\/booking\/wp-json\/wp\/v2\/pages"}],"about":[{"href":"https:\/\/phumyhung.vn\/booking\/wp-json\/wp\/v2\/types\/page"}],"author":[{"embeddable":true,"href":"https:\/\/phumyhung.vn\/booking\/wp-json\/wp\/v2\/users\/1"}],"replies":[{"embeddable":true,"href":"https:\/\/phumyhung.vn\/booking\/wp-json\/wp\/v2\/comments?post=66"}],"version-history":[{"count":91,"href":"https:\/\/phumyhung.vn\/booking\/wp-json\/wp\/v2\/pages\/66\/revisions"}],"predecessor-version":[{"id":3047,"href":"https:\/\/phumyhung.vn\/booking\/wp-json\/wp\/v2\/pages\/66\/revisions\/3047"}],"wp:attachment":[{"href":"https:\/\/phumyhung.vn\/booking\/wp-json\/wp\/v2\/media?parent=66"}],"curies":[{"name":"wp","href":"https:\/\/api.w.org\/{rel}","templated":true}]}}