{"id":3935,"date":"2026-03-11T17:50:40","date_gmt":"2026-03-11T10:50:40","guid":{"rendered":"https:\/\/phumyhung.vn\/harmonie\/?page_id=3935"},"modified":"2026-03-11T18:11:00","modified_gmt":"2026-03-11T11:11:00","slug":"tu-van","status":"publish","type":"page","link":"https:\/\/phumyhung.vn\/harmonie\/tu-van\/","title":{"rendered":"T\u01b0 v\u1ea5n"},"content":{"rendered":"\t\t<div data-elementor-type=\"wp-page\" data-elementor-id=\"3935\" class=\"elementor elementor-3935\" data-elementor-post-type=\"page\">\n\t\t\t\t<div class=\"elementor-element elementor-element-0c4202c e-flex e-con-boxed e-con e-parent\" data-id=\"0c4202c\" data-element_type=\"container\" data-e-type=\"container\">\n\t\t\t\t\t<div class=\"e-con-inner\">\n\t\t\t\t<div class=\"elementor-element elementor-element-9155005 elementor-widget elementor-widget-heading\" data-id=\"9155005\" data-element_type=\"widget\" data-e-type=\"widget\" data-widget_type=\"heading.default\">\n\t\t\t\t\t<h2 class=\"elementor-heading-title elementor-size-default\">NH\u1eacN T\u01af V\u1ea4N CH\u00cdNH TH\u1ee8C T\u1eea CH\u1ee6 \u0110\u1ea6U T\u01af<\/h2>\t\t\t\t<\/div>\n\t\t\t\t<div class=\"elementor-element elementor-element-c06eeb1 elementor-widget elementor-widget-text-editor\" data-id=\"c06eeb1\" data-element_type=\"widget\" data-e-type=\"widget\" data-widget_type=\"text-editor.default\">\n\t\t\t\t\t\t\t\t\t<p>H\u00e3y \u0111\u1ec3 chuy\u00ean vi\u00ean t\u01b0 v\u1ea5n c\u1ee7a Ph\u00fa M\u1ef9 H\u01b0ng \u0111\u1ed3ng h\u00e0nh c\u00f9ng Qu\u00fd kh\u00e1ch tr\u00ean h\u00e0nh tr\u00ecnh ki\u1ebfn t\u1ea1o kh\u00f4ng gian s\u1ed1ng ho\u00e0n m\u1ef9 t\u1ea1i Ph\u00fa M\u1ef9 H\u01b0ng Harmonie. Vui l\u00f2ng \u0111\u1ec3 l\u1ea1i th\u00f4ng tin \u1edf form b\u00ean d\u01b0\u1edbi, ch\u00fang t\u00f4i s\u1ebd li\u00ean h\u1ec7 h\u1ed7 tr\u1ee3 trong th\u1eddi gian s\u1edbm nh\u1ea5t c\u00f3 th\u1ec3.<\/p>\t\t\t\t\t\t\t\t<\/div>\n\t\t\t\t\t<\/div>\n\t\t\t\t<\/div>\n\t\t\t\t<\/div>\n\t\t","protected":false},"excerpt":{"rendered":"<p>T\u01b0 v\u1ea5n d\u1ef1 \u00e1n Harmonie Ph\u00fa M\u1ef9 H\u01b0ng<\/p>\n","protected":false},"author":1,"featured_media":0,"parent":0,"menu_order":0,"comment_status":"closed","ping_status":"closed","template":"","meta":{"_uag_custom_page_level_css":"","footnotes":""},"class_list":["post-3935","page","type-page","status-publish","hentry"],"uagb_featured_image_src":{"full":false,"thumbnail":false,"medium":false,"medium_large":false,"large":false,"1536x1536":false,"2048x2048":false},"uagb_author_info":{"display_name":"lienkhuong","author_link":"https:\/\/phumyhung.vn\/harmonie\/author\/lienkhuong\/"},"uagb_comment_info":0,"uagb_excerpt":"T\u01b0 v\u1ea5n d\u1ef1 \u00e1n Harmonie Ph\u00fa M\u1ef9 H\u01b0ng","_links":{"self":[{"href":"https:\/\/phumyhung.vn\/harmonie\/wp-json\/wp\/v2\/pages\/3935","targetHints":{"allow":["GET"]}}],"collection":[{"href":"https:\/\/phumyhung.vn\/harmonie\/wp-json\/wp\/v2\/pages"}],"about":[{"href":"https:\/\/phumyhung.vn\/harmonie\/wp-json\/wp\/v2\/types\/page"}],"author":[{"embeddable":true,"href":"https:\/\/phumyhung.vn\/harmonie\/wp-json\/wp\/v2\/users\/1"}],"replies":[{"embeddable":true,"href":"https:\/\/phumyhung.vn\/harmonie\/wp-json\/wp\/v2\/comments?post=3935"}],"version-history":[{"count":20,"href":"https:\/\/phumyhung.vn\/harmonie\/wp-json\/wp\/v2\/pages\/3935\/revisions"}],"predecessor-version":[{"id":3957,"href":"https:\/\/phumyhung.vn\/harmonie\/wp-json\/wp\/v2\/pages\/3935\/revisions\/3957"}],"wp:attachment":[{"href":"https:\/\/phumyhung.vn\/harmonie\/wp-json\/wp\/v2\/media?parent=3935"}],"curies":[{"name":"wp","href":"https:\/\/api.w.org\/{rel}","templated":true}]}}