{"id":1171,"date":"2018-08-20T14:16:50","date_gmt":"2018-08-20T07:16:50","guid":{"rendered":"https:\/\/phumyhung.vn\/hung-phuc-premier?page_id=1171"},"modified":"2018-10-23T10:34:27","modified_gmt":"2018-10-23T03:34:27","slug":"tai-chinh","status":"publish","type":"page","link":"https:\/\/phumyhung.vn\/hung-phuc-premier\/tai-chinh","title":{"rendered":"T\u00c0I CH\u00cdNH"},"content":{"rendered":"<p>[vc_row][vc_column css=&#8221;.vc_custom_1540265000243{margin-top: 50px !important;}&#8221;][vc_column_text]<\/p>\n<h4 style=\"text-align: center;\"><span style=\"color: #ff0000;\"><strong>CH\u01af\u01a0NG TR\u00ccNH VAY L\u00c3I SU\u1ea4T <span style=\"font-size: 24pt;\">0%<\/span> D\u00c0NH CHO D\u1ef0 \u00c1N H\u01afNG PH\u00daC PREMIER<\/strong><\/span><\/h4>\n<p>[\/vc_column_text][vc_single_image source=&#8221;external_link&#8221; alignment=&#8221;center&#8221; custom_src=&#8221;https:\/\/phumyhung.vn\/urbanhill\/wp-content\/uploads\/2018\/07\/TAI-CHINH-URBAN-HILL-1.jpg&#8221; css=&#8221;.vc_custom_1540265682071{margin-top: -30px !important;}&#8221;][vc_column_text css=&#8221;.vc_custom_1540265658204{margin-top: -60px !important;}&#8221;]<div class=\"supsystic-table-loader spinner\"style=\"background-color:#000000\"><\/div><div id=\"supsystic-table-1_83005\" class=\"supsystic-tables-wrap \" style=\" width:100%; visibility: hidden; \" data-table-width-fixed=\"100%\" data-table-width-mobile=\"100%\" ><table id=\"supsystic-table-1\" class=\"supsystic-table paragraphMode border hover lightboxImg cell-border\" data-id=\"1\" data-view-id=\"1_83005\" data-title=\"taichinh\" data-currency-format=\"$1,000.00\" data-percent-format=\"10.00%\" data-date-format=\"DD.MM.YYYY\" data-time-format=\"HH:mm\" data-features=\"[&quot;after_table_loaded_script&quot;]\" data-search-value=\"\" data-lightbox-img=\"\" data-head-rows-count=\"1\" data-pagination-length=\"50,100,All\" data-auto-index=\"off\" data-searching-settings=\"{&quot;columnSearchPosition&quot;:&quot;bottom&quot;,&quot;minChars&quot;:&quot;0&quot;}\" data-lang=\"default\" data-override=\"{&quot;emptyTable&quot;:&quot;&quot;,&quot;info&quot;:&quot;&quot;,&quot;infoEmpty&quot;:&quot;&quot;,&quot;infoFiltered&quot;:&quot;&quot;,&quot;lengthMenu&quot;:&quot;&quot;,&quot;search&quot;:&quot;&quot;,&quot;zeroRecords&quot;:&quot;&quot;,&quot;exportLabel&quot;:&quot;&quot;,&quot;file&quot;:&quot;default&quot;}\" data-merged=\"[]\" data-responsive-mode=\"0\" data-from-history=\"0\" ><thead><tr><th class=\"\" style=\"width:; padding: 0 !important;\"><\/th><th class=\"\" style=\"width:; padding: 0 !important;\"><\/th><\/tr><\/thead><tbody><tr style=\"height:79px\" ><td data-cell-id=\"A1\" data-x=\"0\" data-y=\"1\" data-db-index=\"1\" class=\"htMiddle\" data-cell-type=\"text\" data-original-value=\"Ph\u1ea1m vi \u00e1p d\u1ee5ng\" data-order=\"Ph\u1ea1m vi \u00e1p d\u1ee5ng\" style=\"min-width:21.3974%; \" >Ph\u1ea1m vi \u00e1p d\u1ee5ng <\/td><td data-cell-id=\"B1\" data-x=\"1\" data-y=\"1\" data-db-index=\"1\" class=\"htLeft\" data-cell-type=\"text\" data-original-value=\"Kh\u00e1ch h\u00e0ng c\u00e1 nh\u00e2n mua s\u1ea3n ph\u1ea9m d\u1ef1 \u00e1n H\u01b0ng Ph\u00fac \u2013 Happy Residence Premier tr\u1ef1c ti\u1ebfp t\u1eeb ch\u1ee7 \u0111\u1ea7u t\u01b0 Ph\u00fa M\u1ef9 H\u01b0ng trong th\u1eddi gian \u00e1p d\u1ee5ng ch\u01b0\u01a1ng tr\u00ecnh (kh\u00f4ng \u00e1p d\u1ee5ng c\u00e1c tr\u01b0\u1eddng h\u1ee3p chuy\u1ec3n nh\u01b0\u1ee3ng h\u1ee3p \u0111\u1ed3ng)\" data-order=\"Kh\u00e1ch h\u00e0ng c\u00e1 nh\u00e2n mua s\u1ea3n ph\u1ea9m d\u1ef1 \u00e1n H\u01b0ng Ph\u00fac \u2013 Happy Residence Premier tr\u1ef1c ti\u1ebfp t\u1eeb ch\u1ee7 \u0111\u1ea7u t\u01b0 Ph\u00fa M\u1ef9 H\u01b0ng trong th\u1eddi gian \u00e1p d\u1ee5ng ch\u01b0\u01a1ng tr\u00ecnh (kh\u00f4ng \u00e1p d\u1ee5ng c\u00e1c tr\u01b0\u1eddng h\u1ee3p chuy\u1ec3n nh\u01b0\u1ee3ng h\u1ee3p \u0111\u1ed3ng)\" style=\"min-width:78.6026%; \" >Kh\u00e1ch h\u00e0ng c\u00e1 nh\u00e2n mua s\u1ea3n ph\u1ea9m d\u1ef1 \u00e1n H\u01b0ng Ph\u00fac \u2013 Happy Residence Premier tr\u1ef1c ti\u1ebfp t\u1eeb ch\u1ee7 \u0111\u1ea7u t\u01b0 Ph\u00fa M\u1ef9 H\u01b0ng trong th\u1eddi gian \u00e1p d\u1ee5ng ch\u01b0\u01a1ng tr\u00ecnh (kh\u00f4ng \u00e1p d\u1ee5ng c\u00e1c tr\u01b0\u1eddng h\u1ee3p chuy\u1ec3n nh\u01b0\u1ee3ng h\u1ee3p \u0111\u1ed3ng) <\/td><\/tr><tr style=\"height:220px\" ><td data-cell-id=\"A2\" data-x=\"0\" data-y=\"2\" data-db-index=\"2\" class=\"htMiddle\" data-cell-type=\"text\" data-original-value=\"L\u00e3i su\u1ea5t cho vay\" data-order=\"L\u00e3i su\u1ea5t cho vay\" >L\u00e3i su\u1ea5t cho vay <\/td><td data-cell-id=\"B2\" data-x=\"1\" data-y=\"2\" data-db-index=\"2\" class=\"htLeft\" data-cell-type=\"text\" data-original-value=\"&lt;b&gt;&lt;span style=&quot;color:#e80e0e&quot;&gt;L\u00c3I SU\u1ea4T VAY 0%&lt;\/span&gt;&lt;\/b&gt; k\u1ec3 t\u1eeb ng\u00e0y gi\u1ea3i ng\u00e2n \u0111\u1ea7u ti\u00ean \u0111\u1ebfn th\u1eddi \u0111i\u1ec3m nh\u1eadn nh\u00e0 ghi trong H\u1ee3p \u0111\u1ed3ng mua b\u00e1n (t\u1ed1i \u0111a kh\u00f4ng qu\u00e1 15\/08\/2020)&lt;br \/&gt; (*) Kh\u00e1ch h\u00e0ng k\u00fd H\u1ee3p \u0111\u1ed3ng mua b\u00e1n nh\u00e0 v\u00e0 thanh to\u00e1n t\u1ed1i thi\u1ec3u 20% gi\u00e1 tr\u1ecb H\u1ee3p \u0111\u1ed3ng mua b\u00e1n b\u1eb1ng ti\u1ec1n t\u1ef1 c\u00f3, Ng\u00e2n h\u00e0ng s\u1ebd gi\u1ea3i ng\u00e2n 30% theo ti\u1ebfn \u0111\u1ed9 H\u1ee3p \u0111\u1ed3ng mua b\u00e1n.&lt;br \/&gt; &lt;br \/&gt; &lt;b&gt;SAU TH\u1edcI GIAN \u01afU \u0110\u00c3I:&lt;\/b&gt;&lt;br \/&gt; &lt;b&gt;\u2022 Vietcombank:&lt;\/b&gt; L\u00e3i su\u1ea5t ti\u1ebft ki\u1ec7m VND 12 th\u00e1ng tr\u1ea3 l\u00e3i sau t\u1ea1i th\u1eddi \u0111i\u1ec3m \u0111\u00f3 + 3,5%\/n\u0103m v\u00e0 \u0111\u01b0\u1ee3c \u0111i\u1ec1u ch\u1ec9nh 03 th\u00e1ng\/l\u1ea7n.&lt;br \/&gt; &lt;b&gt;\u2022 UOB: &lt;\/b&gt;L\u00e3i Su\u1ea5t Th\u1ebf Ch\u1ea5p c\u1ee7a UOB Vi\u1ec7t Nam (c\u00f4ng b\u1ed1 tr\u00ean wesite c\u1ee7a ng\u00e2n h\u00e0ng) + 1.99%\/n\u0103m &lt;i&gt;(Xem: &lt;a href=&quot;http:\/\/www.uob.com.vn\/personal\/borrow\/home-finance\/private-home-loan.page#feeinterest&quot;&gt;chi ti\u1ebft&lt;\/a&gt;)&lt;\/i&gt;\" data-order=\"&lt;b&gt;&lt;span style=&quot;color:#e80e0e&quot;&gt;L\u00c3I SU\u1ea4T VAY 0%&lt;\/span&gt;&lt;\/b&gt; k\u1ec3 t\u1eeb ng\u00e0y gi\u1ea3i ng\u00e2n \u0111\u1ea7u ti\u00ean \u0111\u1ebfn th\u1eddi \u0111i\u1ec3m nh\u1eadn nh\u00e0 ghi trong H\u1ee3p \u0111\u1ed3ng mua b\u00e1n (t\u1ed1i \u0111a kh\u00f4ng qu\u00e1 15\/08\/2020)&lt;br \/&gt; (*) Kh\u00e1ch h\u00e0ng k\u00fd H\u1ee3p \u0111\u1ed3ng mua b\u00e1n nh\u00e0 v\u00e0 thanh to\u00e1n t\u1ed1i thi\u1ec3u 20% gi\u00e1 tr\u1ecb H\u1ee3p \u0111\u1ed3ng mua b\u00e1n b\u1eb1ng ti\u1ec1n t\u1ef1 c\u00f3, Ng\u00e2n h\u00e0ng s\u1ebd gi\u1ea3i ng\u00e2n 30% theo ti\u1ebfn \u0111\u1ed9 H\u1ee3p \u0111\u1ed3ng mua b\u00e1n.&lt;br \/&gt; &lt;br \/&gt; &lt;b&gt;SAU TH\u1edcI GIAN \u01afU \u0110\u00c3I:&lt;\/b&gt;&lt;br \/&gt; &lt;b&gt;\u2022 Vietcombank:&lt;\/b&gt; L\u00e3i su\u1ea5t ti\u1ebft ki\u1ec7m VND 12 th\u00e1ng tr\u1ea3 l\u00e3i sau t\u1ea1i th\u1eddi \u0111i\u1ec3m \u0111\u00f3 + 3,5%\/n\u0103m v\u00e0 \u0111\u01b0\u1ee3c \u0111i\u1ec1u ch\u1ec9nh 03 th\u00e1ng\/l\u1ea7n.&lt;br \/&gt; &lt;b&gt;\u2022 UOB: &lt;\/b&gt;L\u00e3i Su\u1ea5t Th\u1ebf Ch\u1ea5p c\u1ee7a UOB Vi\u1ec7t Nam (c\u00f4ng b\u1ed1 tr\u00ean wesite c\u1ee7a ng\u00e2n h\u00e0ng) + 1.99%\/n\u0103m &lt;i&gt;(Xem: &lt;a href=&quot;http:\/\/www.uob.com.vn\/personal\/borrow\/home-finance\/private-home-loan.page#feeinterest&quot;&gt;chi ti\u1ebft&lt;\/a&gt;)&lt;\/i&gt;\" ><b><span style=\"color:#e80e0e\">L\u00c3I SU\u1ea4T VAY 0%<\/span><\/b> k\u1ec3 t\u1eeb ng\u00e0y gi\u1ea3i ng\u00e2n \u0111\u1ea7u ti\u00ean \u0111\u1ebfn th\u1eddi \u0111i\u1ec3m nh\u1eadn nh\u00e0 ghi trong H\u1ee3p \u0111\u1ed3ng mua b\u00e1n (t\u1ed1i \u0111a kh\u00f4ng qu\u00e1 15\/08\/2020)<br \/> (*) Kh\u00e1ch h\u00e0ng k\u00fd H\u1ee3p \u0111\u1ed3ng mua b\u00e1n nh\u00e0 v\u00e0 thanh to\u00e1n t\u1ed1i thi\u1ec3u 20% gi\u00e1 tr\u1ecb H\u1ee3p \u0111\u1ed3ng mua b\u00e1n b\u1eb1ng ti\u1ec1n t\u1ef1 c\u00f3, Ng\u00e2n h\u00e0ng s\u1ebd gi\u1ea3i ng\u00e2n 30% theo ti\u1ebfn \u0111\u1ed9 H\u1ee3p \u0111\u1ed3ng mua b\u00e1n.<br \/><br \/><b>SAU TH\u1edcI GIAN \u01afU \u0110\u00c3I:<\/b><br \/><b>\u2022 Vietcombank:<\/b> L\u00e3i su\u1ea5t ti\u1ebft ki\u1ec7m VND 12 th\u00e1ng tr\u1ea3 l\u00e3i sau t\u1ea1i th\u1eddi \u0111i\u1ec3m \u0111\u00f3 + 3,5%\/n\u0103m v\u00e0 \u0111\u01b0\u1ee3c \u0111i\u1ec1u ch\u1ec9nh 03 th\u00e1ng\/l\u1ea7n.<br \/><b>\u2022 UOB: <\/b>L\u00e3i Su\u1ea5t Th\u1ebf Ch\u1ea5p c\u1ee7a UOB Vi\u1ec7t Nam (c\u00f4ng b\u1ed1 tr\u00ean wesite c\u1ee7a ng\u00e2n h\u00e0ng) + 1.99%\/n\u0103m <i>(Xem: <a href=\"http:\/\/www.uob.com.vn\/personal\/borrow\/home-finance\/private-home-loan.page#feeinterest\">chi ti\u1ebft<\/a>)<\/i><\/td><\/tr><tr style=\"height:64px\" ><td data-cell-id=\"A3\" data-x=\"0\" data-y=\"3\" data-db-index=\"3\" class=\"htMiddle\" data-cell-type=\"text\" data-original-value=\"T\u1ef7 l\u1ec7 cho vay t\u1ed1i \u0111a\" data-order=\"T\u1ef7 l\u1ec7 cho vay t\u1ed1i \u0111a\" >T\u1ef7 l\u1ec7 cho vay t\u1ed1i \u0111a <\/td><td data-cell-id=\"B3\" data-x=\"1\" data-y=\"3\" data-db-index=\"3\" class=\"htLeft\" data-cell-type=\"text\" data-original-value=\"&lt;b&gt;\u2022 Vietcombank:&lt;\/b&gt; T\u1ed1i \u0111a 80% gi\u00e1 tr\u1ecb h\u1ee3p \u0111\u1ed3ng mua b\u00e1n&lt;br \/&gt; &lt;b&gt;\u2022 UOB: &lt;\/b&gt;70% gi\u00e1 tr\u1ecb H\u1ee3p \u0111\u1ed3ng mua b\u00e1n\" data-order=\"&lt;b&gt;\u2022 Vietcombank:&lt;\/b&gt; T\u1ed1i \u0111a 80% gi\u00e1 tr\u1ecb h\u1ee3p \u0111\u1ed3ng mua b\u00e1n&lt;br \/&gt; &lt;b&gt;\u2022 UOB: &lt;\/b&gt;70% gi\u00e1 tr\u1ecb H\u1ee3p \u0111\u1ed3ng mua b\u00e1n\" ><b>\u2022 Vietcombank:<\/b> T\u1ed1i \u0111a 80% gi\u00e1 tr\u1ecb h\u1ee3p \u0111\u1ed3ng mua b\u00e1n<br \/><b>\u2022 UOB: <\/b>70% gi\u00e1 tr\u1ecb H\u1ee3p \u0111\u1ed3ng mua b\u00e1n <\/td><\/tr><tr style=\"height:px\" ><td data-cell-id=\"A4\" data-x=\"0\" data-y=\"4\" data-db-index=\"4\" class=\"htMiddle\" data-cell-type=\"text\" data-original-value=\"T\u1ef7 l\u1ec7 cho vay t\u1ed1i \u0111a &lt;br \/&gt; Ph\u00ed tr\u1ea3 n\u1ee3 tr\u01b0\u1edbc h\u1ea1n\" data-order=\"T\u1ef7 l\u1ec7 cho vay t\u1ed1i \u0111a &lt;br \/&gt; Ph\u00ed tr\u1ea3 n\u1ee3 tr\u01b0\u1edbc h\u1ea1n\" >T\u1ef7 l\u1ec7 cho vay t\u1ed1i \u0111a <br \/> Ph\u00ed tr\u1ea3 n\u1ee3 tr\u01b0\u1edbc h\u1ea1n <\/td><td data-cell-id=\"B4\" data-x=\"1\" data-y=\"4\" data-db-index=\"4\" class=\"htLeft\" data-cell-type=\"text\" data-original-value=\"&lt;b&gt;Vietcombank:&lt;\/b&gt;&lt;br \/&gt; \u2022 Trong n\u0103m th\u1ee9 1 \u0111\u1ebfn h\u1ebft n\u0103m th\u1ee9 2 k\u1ec3 t\u1eeb ng\u00e0y gi\u1ea3i ng\u00e2n \u0111\u1ea7u ti\u00ean: 2% tr\u00ean s\u1ed1 ti\u1ec1n tr\u1ea3 n\u1ee3 tr\u01b0\u1edbc h\u1ea1n.&lt;br \/&gt; \u2022 Trong n\u0103m th\u1ee9 3 \u0111\u1ebfn h\u1ebft n\u0103m th\u1ee9 5: 1% tr\u00ean s\u1ed1 ti\u1ec1n tr\u1ea3 n\u1ee3 tr\u01b0\u1edbc h\u1ea1n.&lt;br \/&gt; \u2022 T\u1eeb n\u0103m th\u1ee9 6 tr\u1edf \u0111i: mi\u1ec5n ph\u00ed.&lt;br \/&gt; &lt;b&gt;UOB: &lt;\/b&gt;&lt;br \/&gt; o T\u1eeb n\u0103m 1 \u0111\u1ebfn h\u1ebft n\u0103m th\u1ee9 3: ph\u00ed 2% tr\u00ean s\u1ed1 ti\u1ec1n thanh to\u00e1n tr\u01b0\u1edbc h\u1ea1n&lt;br \/&gt; o T\u1eeb n\u0103m th\u1ee9 4 tr\u1edf \u0111i: mi\u1ec5n ph\u00ed\" data-order=\"&lt;b&gt;Vietcombank:&lt;\/b&gt;&lt;br \/&gt; \u2022 Trong n\u0103m th\u1ee9 1 \u0111\u1ebfn h\u1ebft n\u0103m th\u1ee9 2 k\u1ec3 t\u1eeb ng\u00e0y gi\u1ea3i ng\u00e2n \u0111\u1ea7u ti\u00ean: 2% tr\u00ean s\u1ed1 ti\u1ec1n tr\u1ea3 n\u1ee3 tr\u01b0\u1edbc h\u1ea1n.&lt;br \/&gt; \u2022 Trong n\u0103m th\u1ee9 3 \u0111\u1ebfn h\u1ebft n\u0103m th\u1ee9 5: 1% tr\u00ean s\u1ed1 ti\u1ec1n tr\u1ea3 n\u1ee3 tr\u01b0\u1edbc h\u1ea1n.&lt;br \/&gt; \u2022 T\u1eeb n\u0103m th\u1ee9 6 tr\u1edf \u0111i: mi\u1ec5n ph\u00ed.&lt;br \/&gt; &lt;b&gt;UOB: &lt;\/b&gt;&lt;br \/&gt; o T\u1eeb n\u0103m 1 \u0111\u1ebfn h\u1ebft n\u0103m th\u1ee9 3: ph\u00ed 2% tr\u00ean s\u1ed1 ti\u1ec1n thanh to\u00e1n tr\u01b0\u1edbc h\u1ea1n&lt;br \/&gt; o T\u1eeb n\u0103m th\u1ee9 4 tr\u1edf \u0111i: mi\u1ec5n ph\u00ed\" ><b>Vietcombank:<\/b><br \/> \u2022 Trong n\u0103m th\u1ee9 1 \u0111\u1ebfn h\u1ebft n\u0103m th\u1ee9 2 k\u1ec3 t\u1eeb ng\u00e0y gi\u1ea3i ng\u00e2n \u0111\u1ea7u ti\u00ean: 2% tr\u00ean s\u1ed1 ti\u1ec1n tr\u1ea3 n\u1ee3 tr\u01b0\u1edbc h\u1ea1n.<br \/> \u2022 Trong n\u0103m th\u1ee9 3 \u0111\u1ebfn h\u1ebft n\u0103m th\u1ee9 5: 1% tr\u00ean s\u1ed1 ti\u1ec1n tr\u1ea3 n\u1ee3 tr\u01b0\u1edbc h\u1ea1n.<br \/> \u2022 T\u1eeb n\u0103m th\u1ee9 6 tr\u1edf \u0111i: mi\u1ec5n ph\u00ed.<br \/><b>UOB: <\/b><br \/> o T\u1eeb n\u0103m 1 \u0111\u1ebfn h\u1ebft n\u0103m th\u1ee9 3: ph\u00ed 2% tr\u00ean s\u1ed1 ti\u1ec1n thanh to\u00e1n tr\u01b0\u1edbc h\u1ea1n<br \/> o T\u1eeb n\u0103m th\u1ee9 4 tr\u1edf \u0111i: mi\u1ec5n ph\u00ed <\/td><\/tr><\/tbody><\/table><!-- \/#supsystic-table-1.supsystic-table --><\/div><!-- \/.supsystic-tables-wrap --><!-- Tables Generator by Supsystic --><!-- Version:1.11.0 --><!-- http:\/\/supsystic.com\/ --><a title=\"WordPress Responsive Table\" style=\"display:none;\" href=\"https:\/\/supsystic.com\/plugins\/wordpress-data-table-plugin\/?utm_medium=love_link\" target=\"_blank\">WordPress Responsive Table<\/a>[\/vc_column_text][\/vc_column][\/vc_row]<\/p>\n","protected":false},"excerpt":{"rendered":"<p>[vc_row][vc_column css=&#8221;.vc_custom_1540265000243{margin-top: 50px !important;}&#8221;][vc_column_text] CH\u01af\u01a0NG TR\u00ccNH VAY L\u00c3I SU\u1ea4T 0% D\u00c0NH CHO D\u1ef0 \u00c1N H\u01afNG PH\u00daC PREMIER [\/vc_column_text][vc_single_image source=&#8221;external_link&#8221; alignment=&#8221;center&#8221; custom_src=&#8221;https:\/\/phumyhung.vn\/urbanhill\/wp-content\/uploads\/2018\/07\/TAI-CHINH-URBAN-HILL-1.jpg&#8221; css=&#8221;.vc_custom_1540265682071{margin-top: -30px !important;}&#8221;][vc_column_text css=&#8221;.vc_custom_1540265658204{margin-top: -60px<span class=\"excerpt-hellip\"> [\u2026]<\/span><\/p>\n","protected":false},"author":1,"featured_media":0,"parent":0,"menu_order":0,"comment_status":"closed","ping_status":"closed","template":"","meta":{"inline_featured_image":false,"footnotes":""},"class_list":["post-1171","page","type-page","status-publish","hentry"],"yoast_head":"<!-- This site is optimized with the Yoast SEO plugin v25.6 - https:\/\/yoast.com\/wordpress\/plugins\/seo\/ -->\n<title>T\u00c0I CH\u00cdNH - H\u01b0ng Ph\u00fac Happy Residence Premier<\/title>\n<meta name=\"description\" content=\"CH\u01af\u01a0NG TR\u00ccNH VAY L\u00c3I SU\u1ea4T 0% D\u00c0NH CHO D\u1ef0 \u00c1N H\u01afNG PH\u00daC PREMIERNG\u00c2N H\u00c0NG VIETCOMBANK \u2013 CHI NH\u00c1NH NAM S\u00c0I G\u00d2N\" \/>\n<meta name=\"robots\" content=\"index, follow, max-snippet:-1, max-image-preview:large, max-video-preview:-1\" \/>\n<link rel=\"canonical\" href=\"https:\/\/phumyhung.vn\/hung-phuc-premier\/tai-chinh\" \/>\n<meta property=\"og:locale\" content=\"vi_VN\" \/>\n<meta property=\"og:type\" content=\"article\" \/>\n<meta property=\"og:title\" content=\"T\u00c0I CH\u00cdNH - H\u01b0ng Ph\u00fac Happy Residence Premier\" \/>\n<meta property=\"og:description\" content=\"CH\u01af\u01a0NG TR\u00ccNH VAY L\u00c3I SU\u1ea4T 0% D\u00c0NH CHO D\u1ef0 \u00c1N H\u01afNG PH\u00daC PREMIERNG\u00c2N H\u00c0NG VIETCOMBANK \u2013 CHI NH\u00c1NH NAM S\u00c0I G\u00d2N\" \/>\n<meta property=\"og:url\" content=\"https:\/\/phumyhung.vn\/hung-phuc-premier\/tai-chinh\" \/>\n<meta property=\"og:site_name\" content=\"H\u01b0ng Ph\u00fac Happy Residence Premier\" \/>\n<meta property=\"article:publisher\" content=\"https:\/\/www.facebook.com\/phumyhungcitycenter\" \/>\n<meta property=\"article:modified_time\" content=\"2018-10-23T03:34:27+00:00\" \/>\n<meta name=\"twitter:card\" content=\"summary_large_image\" \/>\n<script type=\"application\/ld+json\" class=\"yoast-schema-graph\">{\"@context\":\"https:\/\/schema.org\",\"@graph\":[{\"@type\":\"WebPage\",\"@id\":\"https:\/\/phumyhung.vn\/hung-phuc-premier\/tai-chinh\",\"url\":\"https:\/\/phumyhung.vn\/hung-phuc-premier\/tai-chinh\",\"name\":\"T\u00c0I CH\u00cdNH - H\u01b0ng Ph\u00fac Happy Residence Premier\",\"isPartOf\":{\"@id\":\"https:\/\/phumyhung.vn\/hung-phuc-premier\/#website\"},\"datePublished\":\"2018-08-20T07:16:50+00:00\",\"dateModified\":\"2018-10-23T03:34:27+00:00\",\"description\":\"CH\u01af\u01a0NG TR\u00ccNH VAY L\u00c3I SU\u1ea4T 0% D\u00c0NH CHO D\u1ef0 \u00c1N H\u01afNG PH\u00daC PREMIERNG\u00c2N H\u00c0NG VIETCOMBANK \u2013 CHI NH\u00c1NH NAM S\u00c0I G\u00d2N\",\"breadcrumb\":{\"@id\":\"https:\/\/phumyhung.vn\/hung-phuc-premier\/tai-chinh#breadcrumb\"},\"inLanguage\":\"vi-VN\",\"potentialAction\":[{\"@type\":\"ReadAction\",\"target\":[\"https:\/\/phumyhung.vn\/hung-phuc-premier\/tai-chinh\"]}]},{\"@type\":\"BreadcrumbList\",\"@id\":\"https:\/\/phumyhung.vn\/hung-phuc-premier\/tai-chinh#breadcrumb\",\"itemListElement\":[{\"@type\":\"ListItem\",\"position\":1,\"name\":\"Home\",\"item\":\"https:\/\/phumyhung.vn\/hung-phuc-premier\"},{\"@type\":\"ListItem\",\"position\":2,\"name\":\"T\u00c0I CH\u00cdNH\"}]},{\"@type\":\"WebSite\",\"@id\":\"https:\/\/phumyhung.vn\/hung-phuc-premier\/#website\",\"url\":\"https:\/\/phumyhung.vn\/hung-phuc-premier\/\",\"name\":\"H\u01b0ng Ph\u00fac Happy Residence Premier - Ph\u00fa M\u1ef9 H\u01b0ng\",\"description\":\"\",\"publisher\":{\"@id\":\"https:\/\/phumyhung.vn\/hung-phuc-premier\/#organization\"},\"potentialAction\":[{\"@type\":\"SearchAction\",\"target\":{\"@type\":\"EntryPoint\",\"urlTemplate\":\"https:\/\/phumyhung.vn\/hung-phuc-premier\/?s={search_term_string}\"},\"query-input\":{\"@type\":\"PropertyValueSpecification\",\"valueRequired\":true,\"valueName\":\"search_term_string\"}}],\"inLanguage\":\"vi-VN\"},{\"@type\":\"Organization\",\"@id\":\"https:\/\/phumyhung.vn\/hung-phuc-premier\/#organization\",\"name\":\"H\u01b0ng Ph\u00fac Happy Residence Premier\",\"url\":\"https:\/\/phumyhung.vn\/hung-phuc-premier\/\",\"logo\":{\"@type\":\"ImageObject\",\"inLanguage\":\"vi-VN\",\"@id\":\"https:\/\/phumyhung.vn\/hung-phuc-premier\/#\/schema\/logo\/image\/\",\"url\":\"https:\/\/phumyhung.vn\/hung-phuc-premier\/wp-content\/uploads\/2018\/06\/logo-hung-phuc-premier.png\",\"contentUrl\":\"https:\/\/phumyhung.vn\/hung-phuc-premier\/wp-content\/uploads\/2018\/06\/logo-hung-phuc-premier.png\",\"width\":250,\"height\":139,\"caption\":\"H\u01b0ng Ph\u00fac Happy Residence Premier\"},\"image\":{\"@id\":\"https:\/\/phumyhung.vn\/hung-phuc-premier\/#\/schema\/logo\/image\/\"},\"sameAs\":[\"https:\/\/www.facebook.com\/phumyhungcitycenter\",\"https:\/\/www.youtube.com\/channel\/UCqpdJgWpZl5dc8SqiEU2gbQ\"]}]}<\/script>\n<!-- \/ Yoast SEO plugin. -->","yoast_head_json":{"title":"T\u00c0I CH\u00cdNH - H\u01b0ng Ph\u00fac Happy Residence Premier","description":"CH\u01af\u01a0NG TR\u00ccNH VAY L\u00c3I SU\u1ea4T 0% D\u00c0NH CHO D\u1ef0 \u00c1N H\u01afNG PH\u00daC PREMIERNG\u00c2N H\u00c0NG VIETCOMBANK \u2013 CHI NH\u00c1NH NAM S\u00c0I G\u00d2N","robots":{"index":"index","follow":"follow","max-snippet":"max-snippet:-1","max-image-preview":"max-image-preview:large","max-video-preview":"max-video-preview:-1"},"canonical":"https:\/\/phumyhung.vn\/hung-phuc-premier\/tai-chinh","og_locale":"vi_VN","og_type":"article","og_title":"T\u00c0I CH\u00cdNH - H\u01b0ng Ph\u00fac Happy Residence Premier","og_description":"CH\u01af\u01a0NG TR\u00ccNH VAY L\u00c3I SU\u1ea4T 0% D\u00c0NH CHO D\u1ef0 \u00c1N H\u01afNG PH\u00daC PREMIERNG\u00c2N H\u00c0NG VIETCOMBANK \u2013 CHI NH\u00c1NH NAM S\u00c0I G\u00d2N","og_url":"https:\/\/phumyhung.vn\/hung-phuc-premier\/tai-chinh","og_site_name":"H\u01b0ng Ph\u00fac Happy Residence Premier","article_publisher":"https:\/\/www.facebook.com\/phumyhungcitycenter","article_modified_time":"2018-10-23T03:34:27+00:00","twitter_card":"summary_large_image","schema":{"@context":"https:\/\/schema.org","@graph":[{"@type":"WebPage","@id":"https:\/\/phumyhung.vn\/hung-phuc-premier\/tai-chinh","url":"https:\/\/phumyhung.vn\/hung-phuc-premier\/tai-chinh","name":"T\u00c0I CH\u00cdNH - H\u01b0ng Ph\u00fac Happy Residence Premier","isPartOf":{"@id":"https:\/\/phumyhung.vn\/hung-phuc-premier\/#website"},"datePublished":"2018-08-20T07:16:50+00:00","dateModified":"2018-10-23T03:34:27+00:00","description":"CH\u01af\u01a0NG TR\u00ccNH VAY L\u00c3I SU\u1ea4T 0% D\u00c0NH CHO D\u1ef0 \u00c1N H\u01afNG PH\u00daC PREMIERNG\u00c2N H\u00c0NG VIETCOMBANK \u2013 CHI NH\u00c1NH NAM S\u00c0I G\u00d2N","breadcrumb":{"@id":"https:\/\/phumyhung.vn\/hung-phuc-premier\/tai-chinh#breadcrumb"},"inLanguage":"vi-VN","potentialAction":[{"@type":"ReadAction","target":["https:\/\/phumyhung.vn\/hung-phuc-premier\/tai-chinh"]}]},{"@type":"BreadcrumbList","@id":"https:\/\/phumyhung.vn\/hung-phuc-premier\/tai-chinh#breadcrumb","itemListElement":[{"@type":"ListItem","position":1,"name":"Home","item":"https:\/\/phumyhung.vn\/hung-phuc-premier"},{"@type":"ListItem","position":2,"name":"T\u00c0I CH\u00cdNH"}]},{"@type":"WebSite","@id":"https:\/\/phumyhung.vn\/hung-phuc-premier\/#website","url":"https:\/\/phumyhung.vn\/hung-phuc-premier\/","name":"H\u01b0ng Ph\u00fac Happy Residence Premier - Ph\u00fa M\u1ef9 H\u01b0ng","description":"","publisher":{"@id":"https:\/\/phumyhung.vn\/hung-phuc-premier\/#organization"},"potentialAction":[{"@type":"SearchAction","target":{"@type":"EntryPoint","urlTemplate":"https:\/\/phumyhung.vn\/hung-phuc-premier\/?s={search_term_string}"},"query-input":{"@type":"PropertyValueSpecification","valueRequired":true,"valueName":"search_term_string"}}],"inLanguage":"vi-VN"},{"@type":"Organization","@id":"https:\/\/phumyhung.vn\/hung-phuc-premier\/#organization","name":"H\u01b0ng Ph\u00fac Happy Residence Premier","url":"https:\/\/phumyhung.vn\/hung-phuc-premier\/","logo":{"@type":"ImageObject","inLanguage":"vi-VN","@id":"https:\/\/phumyhung.vn\/hung-phuc-premier\/#\/schema\/logo\/image\/","url":"https:\/\/phumyhung.vn\/hung-phuc-premier\/wp-content\/uploads\/2018\/06\/logo-hung-phuc-premier.png","contentUrl":"https:\/\/phumyhung.vn\/hung-phuc-premier\/wp-content\/uploads\/2018\/06\/logo-hung-phuc-premier.png","width":250,"height":139,"caption":"H\u01b0ng Ph\u00fac Happy Residence Premier"},"image":{"@id":"https:\/\/phumyhung.vn\/hung-phuc-premier\/#\/schema\/logo\/image\/"},"sameAs":["https:\/\/www.facebook.com\/phumyhungcitycenter","https:\/\/www.youtube.com\/channel\/UCqpdJgWpZl5dc8SqiEU2gbQ"]}]}},"_links":{"self":[{"href":"https:\/\/phumyhung.vn\/hung-phuc-premier\/wp-json\/wp\/v2\/pages\/1171"}],"collection":[{"href":"https:\/\/phumyhung.vn\/hung-phuc-premier\/wp-json\/wp\/v2\/pages"}],"about":[{"href":"https:\/\/phumyhung.vn\/hung-phuc-premier\/wp-json\/wp\/v2\/types\/page"}],"author":[{"embeddable":true,"href":"https:\/\/phumyhung.vn\/hung-phuc-premier\/wp-json\/wp\/v2\/users\/1"}],"replies":[{"embeddable":true,"href":"https:\/\/phumyhung.vn\/hung-phuc-premier\/wp-json\/wp\/v2\/comments?post=1171"}],"version-history":[{"count":14,"href":"https:\/\/phumyhung.vn\/hung-phuc-premier\/wp-json\/wp\/v2\/pages\/1171\/revisions"}],"predecessor-version":[{"id":1244,"href":"https:\/\/phumyhung.vn\/hung-phuc-premier\/wp-json\/wp\/v2\/pages\/1171\/revisions\/1244"}],"wp:attachment":[{"href":"https:\/\/phumyhung.vn\/hung-phuc-premier\/wp-json\/wp\/v2\/media?parent=1171"}],"curies":[{"name":"wp","href":"https:\/\/api.w.org\/{rel}","templated":true}]}}