{"id":281,"date":"2018-07-04T16:01:32","date_gmt":"2018-07-04T09:01:32","guid":{"rendered":"https:\/\/phumyhung.vn\/hung-phuc-premier\/?page_id=281"},"modified":"2018-07-24T10:07:10","modified_gmt":"2018-07-24T03:07:10","slug":"thong-tin-can-ho","status":"publish","type":"page","link":"https:\/\/phumyhung.vn\/hung-phuc-premier\/thong-tin-can-ho","title":{"rendered":"TH\u00d4NG TIN C\u0102N H\u1ed8"},"content":{"rendered":"<p>[vc_row full_width=&#8221;stretch_row_content_no_spaces&#8221; css=&#8221;.vc_custom_1530810377275{background-color: #ffffff !important;}&#8221;][vc_column][vc_custom_heading text=&#8221;TH\u00d4NG TIN C\u0102N H\u1ed8&#8221; font_container=&#8221;tag:h2|text_align:center&#8221; use_theme_fonts=&#8221;yes&#8221;][vc_column_text el_class=&#8221;vc_hidden-md vc_hidden-sm vc_hidden-xs&#8221;]<\/p>\n<p style=\"text-align: center;\"><em>R\u00ea chu\u1ed9t v\u00e0o m\u1eb7t b\u1eb1ng \u0111\u1ec3 xem th\u00f4ng s\u1ed1,\u00a0 Scroll chu\u1ed9t \u0111\u1ec3 ph\u00f3ng to thu nh\u1ecf, Click \u201cGo Fullscreen\u201d xem to\u00e0n m\u00e0n h\u00ecnh<\/em><\/p>\n<p>[\/vc_column_text][vc_column_text el_class=&#8221;vc_hidden-lg&#8221; css=&#8221;.vc_custom_1530868943980{padding-top: 40px !important;}&#8221;]<\/p>\n<p style=\"text-align: center;\"><em>Click \u201c<strong>Go FullScreeen<\/strong>\u201d \u0111\u1ec3 xem to\u00e0n m\u00e0n h\u00ecnh, d\u00f9ng 2 ng\u00f3n tay \u0111\u1ec3 ph\u00f3ng to, ch\u1ecdn v\u00e0o m\u1eb7t b\u1eb1ng \u0111\u1ec3 xem th\u00f4ng s\u1ed1<\/em><\/p>\n<p>[\/vc_column_text][vc_tta_tour style=&#8221;modern&#8221; color=&#8221;white&#8221; spacing=&#8221;4&#8243; gap=&#8221;3&#8243; active_section=&#8221;1&#8243; css=&#8221;.vc_custom_1530810373040{background-color: #ffffff !important;}&#8221;][vc_tta_section title=&#8221;T\u1ea6NG 1 &#8211; 2&#8243; tab_id=&#8221;tang-1-2&#8243;][vc_column_text]<div id=\"image-map-pro-6414\"><\/div>[\/vc_column_text][\/vc_tta_section][vc_tta_section title=&#8221;T\u1ea6NG 3&#8243; tab_id=&#8221;tang-3&#8243;][vc_column_text]<div id=\"image-map-pro-7624\"><\/div>\n<p style=\"text-align: center;\"><span style=\"color: #ff0000;\"><strong>XEM KI\u1ec2U C\u0102N H\u1ed8:<\/strong><\/span><br \/>\n<span style=\"color: #275727;\"><strong><a href=\"#ulp-kykJAcrqxxGi5OHy\">TYPE A<\/a>\u00a0 |\u00a0\u00a0<a href=\"#ulp-aMNKyubiQYIEqabo\">TYPE B<\/a>\u00a0 |\u00a0\u00a0<a href=\"#ulp-nEdaq6EyKH1fGR9f\">TYPE C<\/a>\u00a0 |\u00a0\u00a0<a href=\"#ulp-OflB5evndd2eK1gR\">TYPE D<\/a><\/strong><\/span><\/p>\n<p>[\/vc_column_text][\/vc_tta_section][vc_tta_section title=&#8221;T\u1ea6NG 4&#8243; tab_id=&#8221;tang-4&#8243;][vc_column_text]<div id=\"image-map-pro-9780\"><\/div>\n<p style=\"text-align: center;\"><span style=\"color: #ff0000;\"><strong>XEM KI\u1ec2U C\u0102N H\u1ed8:<\/strong><\/span><br \/>\n<span style=\"color: #275727;\"><strong><a href=\"#ulp-kykJAcrqxxGi5OHy\">TYPE A<\/a>\u00a0 |\u00a0\u00a0<a href=\"#ulp-aMNKyubiQYIEqabo\">TYPE B<\/a>\u00a0 |\u00a0\u00a0<a href=\"#ulp-nEdaq6EyKH1fGR9f\">TYPE C<\/a>\u00a0 |\u00a0\u00a0<a href=\"#ulp-OflB5evndd2eK1gR\">TYPE D<\/a>\u00a0 |\u00a0\u00a0<a href=\"#ulp-C5okoa7HWpii1XDm\">TYPE E<\/a><\/strong><\/span><\/p>\n<p>[\/vc_column_text][\/vc_tta_section][vc_tta_section title=&#8221;T\u1ea6NG 5&#8243; tab_id=&#8221;tang-5&#8243;][vc_column_text]<div id=\"image-map-pro-6621\"><\/div>\n<p style=\"text-align: center;\"><span style=\"color: #ff0000;\"><strong>XEM KI\u1ec2U C\u0102N H\u1ed8:<\/strong><\/span><br \/>\n<span style=\"color: #275727;\"><strong><a href=\"#ulp-kykJAcrqxxGi5OHy\">TYPE A<\/a>\u00a0 |\u00a0\u00a0<a href=\"#ulp-aMNKyubiQYIEqabo\">TYPE B<\/a>\u00a0 |\u00a0\u00a0<a href=\"#ulp-nEdaq6EyKH1fGR9f\">TYPE C<\/a>\u00a0 |\u00a0\u00a0<a href=\"#ulp-OflB5evndd2eK1gR\">TYPE D<\/a>\u00a0 |\u00a0\u00a0<a href=\"#ulp-C5okoa7HWpii1XDm\">TYPE E<\/a><\/strong><\/span><\/p>\n<p>[\/vc_column_text][\/vc_tta_section][vc_tta_section title=&#8221;T\u1ea6NG 6 &#8211; 8 &#8211; 10 -12 &#8211; 14&#8243; tab_id=&#8221;tang-6&#8243;][vc_column_text]<div id=\"image-map-pro-3816\"><\/div>\n<p style=\"text-align: center;\"><span style=\"color: #ff0000;\"><strong>XEM KI\u1ec2U C\u0102N H\u1ed8:<\/strong><\/span><br \/>\n<span style=\"color: #275727;\"><strong><a href=\"#ulp-kykJAcrqxxGi5OHy\">TYPE A<\/a>\u00a0 |\u00a0\u00a0<a href=\"#ulp-aMNKyubiQYIEqabo\">TYPE B<\/a>\u00a0 |\u00a0\u00a0<a href=\"#ulp-nEdaq6EyKH1fGR9f\">TYPE C<\/a>\u00a0 |\u00a0\u00a0<a href=\"#ulp-OflB5evndd2eK1gR\">TYPE D<\/a>\u00a0 |\u00a0\u00a0<a href=\"#ulp-C5okoa7HWpii1XDm\">TYPE E<\/a><\/strong><\/span><\/p>\n<p>[\/vc_column_text][\/vc_tta_section][vc_tta_section title=&#8221;T\u1ea6NG 7 &#8211; 9 -11 &#8211; 12A&#8221; tab_id=&#8221;tang-7&#8243;][vc_column_text]<div id=\"image-map-pro-8632\"><\/div>\n<p style=\"text-align: center;\"><span style=\"color: #ff0000;\"><strong>XEM KI\u1ec2U C\u0102N H\u1ed8:<\/strong><\/span><br \/>\n<span style=\"color: #275727;\"><strong><a href=\"#ulp-kykJAcrqxxGi5OHy\">TYPE A<\/a>\u00a0 |\u00a0\u00a0<a href=\"#ulp-aMNKyubiQYIEqabo\">TYPE B<\/a>\u00a0 |\u00a0\u00a0<a href=\"#ulp-nEdaq6EyKH1fGR9f\">TYPE C<\/a>\u00a0 |\u00a0\u00a0<a href=\"#ulp-OflB5evndd2eK1gR\">TYPE D<\/a>\u00a0 |\u00a0\u00a0<a href=\"#ulp-C5okoa7HWpii1XDm\">TYPE E<\/a><\/strong><\/span><\/p>\n<p>[\/vc_column_text][\/vc_tta_section][vc_tta_section title=&#8221;T\u1ea6NG 15&#8243; tab_id=&#8221;tang-15&#8243;][vc_column_text]<div id=\"image-map-pro-325\"><\/div>\n<p style=\"text-align: center;\"><span style=\"color: #ff0000;\"><strong>XEM KI\u1ec2U C\u0102N H\u1ed8:<\/strong><\/span><br \/>\n<span style=\"color: #275727;\"><strong><a href=\"#ulp-OC5reWennI5gpsqk\">Penthouse A<\/a>\u00a0 |\u00a0\u00a0<a href=\"#ulp-xqGOFSCWeiJUsiM1\">Penthouse B<\/a>\u00a0 |\u00a0\u00a0<a href=\"#ulp-LhltdpUWxcyrlzU4\">Penthouse C<\/a>\u00a0<\/strong><\/span><\/p>\n<p>[\/vc_column_text][\/vc_tta_section][\/vc_tta_tour][\/vc_column][\/vc_row]<\/p>\n","protected":false},"excerpt":{"rendered":"<p>[vc_row full_width=&#8221;stretch_row_content_no_spaces&#8221; css=&#8221;.vc_custom_1530810377275{background-color: #ffffff !important;}&#8221;][vc_column][vc_custom_heading text=&#8221;TH\u00d4NG TIN C\u0102N H\u1ed8&#8221; font_container=&#8221;tag:h2|text_align:center&#8221; use_theme_fonts=&#8221;yes&#8221;][vc_column_text el_class=&#8221;vc_hidden-md vc_hidden-sm vc_hidden-xs&#8221;] R\u00ea chu\u1ed9t v\u00e0o m\u1eb7t b\u1eb1ng \u0111\u1ec3 xem th\u00f4ng s\u1ed1,\u00a0 Scroll chu\u1ed9t \u0111\u1ec3<span class=\"excerpt-hellip\"> [\u2026]<\/span><\/p>\n","protected":false},"author":1,"featured_media":143,"parent":0,"menu_order":0,"comment_status":"closed","ping_status":"closed","template":"","meta":{"inline_featured_image":false,"footnotes":""},"class_list":["post-281","page","type-page","status-publish","has-post-thumbnail","hentry"],"yoast_head":"<!-- This site is optimized with the Yoast SEO plugin v25.6 - https:\/\/yoast.com\/wordpress\/plugins\/seo\/ -->\n<title>M\u1eb7t b\u1eb1ng c\u0103n h\u1ed9 H\u01b0ng Ph\u00fac Happy Residence Premier - Ph\u00fa M\u1ef9 H\u01b0ng<\/title>\n<meta name=\"description\" content=\"M\u1eb7t b\u1eb1ng H\u01b0ng Ph\u00fac Happy Residence Premier, \u0110a d\u1ea1ng s\u1ef1 l\u1ef1a ch\u1ecdn v\u1edbi c\u0103n h\u1ed9 hai ho\u1eb7c ba ph\u00f2ng ng\u1ee7, c\u0103n h\u1ed9 penthouse \u0111\u00e1p \u1ee9ng m\u1ecdi nhu c\u1ea7u c\u1ee7a gia \u0111\u00ecnh.\" \/>\n<meta name=\"robots\" content=\"index, follow, max-snippet:-1, max-image-preview:large, max-video-preview:-1\" \/>\n<link rel=\"canonical\" href=\"https:\/\/phumyhung.vn\/hung-phuc-premier\/thong-tin-can-ho\" \/>\n<meta property=\"og:locale\" content=\"vi_VN\" \/>\n<meta property=\"og:type\" content=\"article\" \/>\n<meta property=\"og:title\" content=\"M\u1eb7t b\u1eb1ng c\u0103n h\u1ed9 H\u01b0ng Ph\u00fac Happy Residence Premier - Ph\u00fa M\u1ef9 H\u01b0ng\" \/>\n<meta property=\"og:description\" content=\"M\u1eb7t b\u1eb1ng H\u01b0ng Ph\u00fac Happy Residence Premier, \u0110a d\u1ea1ng s\u1ef1 l\u1ef1a ch\u1ecdn v\u1edbi c\u0103n h\u1ed9 hai ho\u1eb7c ba ph\u00f2ng ng\u1ee7, c\u0103n h\u1ed9 penthouse \u0111\u00e1p \u1ee9ng m\u1ecdi nhu c\u1ea7u c\u1ee7a gia \u0111\u00ecnh.\" \/>\n<meta property=\"og:url\" content=\"https:\/\/phumyhung.vn\/hung-phuc-premier\/thong-tin-can-ho\" \/>\n<meta property=\"og:site_name\" content=\"H\u01b0ng Ph\u00fac Happy Residence Premier\" \/>\n<meta property=\"article:publisher\" content=\"https:\/\/www.facebook.com\/phumyhungcitycenter\" \/>\n<meta property=\"article:modified_time\" content=\"2018-07-24T03:07:10+00:00\" \/>\n<meta property=\"og:image\" content=\"https:\/\/phumyhung.vn\/hung-phuc-premier\/wp-content\/uploads\/2018\/06\/penhouse-B.jpg\" \/>\n\t<meta property=\"og:image:width\" content=\"1630\" \/>\n\t<meta property=\"og:image:height\" content=\"860\" \/>\n\t<meta property=\"og:image:type\" content=\"image\/jpeg\" \/>\n<meta name=\"twitter:card\" content=\"summary_large_image\" \/>\n<meta name=\"twitter:label1\" content=\"Est. reading time\" \/>\n\t<meta name=\"twitter:data1\" content=\"2 minutes\" \/>\n<script type=\"application\/ld+json\" class=\"yoast-schema-graph\">{\"@context\":\"https:\/\/schema.org\",\"@graph\":[{\"@type\":\"WebPage\",\"@id\":\"https:\/\/phumyhung.vn\/hung-phuc-premier\/thong-tin-can-ho\",\"url\":\"https:\/\/phumyhung.vn\/hung-phuc-premier\/thong-tin-can-ho\",\"name\":\"M\u1eb7t b\u1eb1ng c\u0103n h\u1ed9 H\u01b0ng Ph\u00fac Happy Residence Premier - Ph\u00fa M\u1ef9 H\u01b0ng\",\"isPartOf\":{\"@id\":\"https:\/\/phumyhung.vn\/hung-phuc-premier\/#website\"},\"primaryImageOfPage\":{\"@id\":\"https:\/\/phumyhung.vn\/hung-phuc-premier\/thong-tin-can-ho#primaryimage\"},\"image\":{\"@id\":\"https:\/\/phumyhung.vn\/hung-phuc-premier\/thong-tin-can-ho#primaryimage\"},\"thumbnailUrl\":\"https:\/\/phumyhung.vn\/hung-phuc-premier\/wp-content\/uploads\/2018\/06\/penhouse-B.jpg\",\"datePublished\":\"2018-07-04T09:01:32+00:00\",\"dateModified\":\"2018-07-24T03:07:10+00:00\",\"description\":\"M\u1eb7t b\u1eb1ng H\u01b0ng Ph\u00fac Happy Residence Premier, \u0110a d\u1ea1ng s\u1ef1 l\u1ef1a ch\u1ecdn v\u1edbi c\u0103n h\u1ed9 hai ho\u1eb7c ba ph\u00f2ng ng\u1ee7, c\u0103n h\u1ed9 penthouse \u0111\u00e1p \u1ee9ng m\u1ecdi nhu c\u1ea7u c\u1ee7a gia \u0111\u00ecnh.\",\"breadcrumb\":{\"@id\":\"https:\/\/phumyhung.vn\/hung-phuc-premier\/thong-tin-can-ho#breadcrumb\"},\"inLanguage\":\"vi-VN\",\"potentialAction\":[{\"@type\":\"ReadAction\",\"target\":[\"https:\/\/phumyhung.vn\/hung-phuc-premier\/thong-tin-can-ho\"]}]},{\"@type\":\"ImageObject\",\"inLanguage\":\"vi-VN\",\"@id\":\"https:\/\/phumyhung.vn\/hung-phuc-premier\/thong-tin-can-ho#primaryimage\",\"url\":\"https:\/\/phumyhung.vn\/hung-phuc-premier\/wp-content\/uploads\/2018\/06\/penhouse-B.jpg\",\"contentUrl\":\"https:\/\/phumyhung.vn\/hung-phuc-premier\/wp-content\/uploads\/2018\/06\/penhouse-B.jpg\",\"width\":1630,\"height\":860,\"caption\":\"M\u1eb7t b\u1eb1ng c\u0103n h\u1ed9 H\u01b0ng Ph\u00fac Happy Residence Premier\"},{\"@type\":\"BreadcrumbList\",\"@id\":\"https:\/\/phumyhung.vn\/hung-phuc-premier\/thong-tin-can-ho#breadcrumb\",\"itemListElement\":[{\"@type\":\"ListItem\",\"position\":1,\"name\":\"Home\",\"item\":\"https:\/\/phumyhung.vn\/hung-phuc-premier\"},{\"@type\":\"ListItem\",\"position\":2,\"name\":\"TH\u00d4NG TIN C\u0102N H\u1ed8\"}]},{\"@type\":\"WebSite\",\"@id\":\"https:\/\/phumyhung.vn\/hung-phuc-premier\/#website\",\"url\":\"https:\/\/phumyhung.vn\/hung-phuc-premier\/\",\"name\":\"H\u01b0ng Ph\u00fac Happy Residence Premier - Ph\u00fa M\u1ef9 H\u01b0ng\",\"description\":\"\",\"publisher\":{\"@id\":\"https:\/\/phumyhung.vn\/hung-phuc-premier\/#organization\"},\"potentialAction\":[{\"@type\":\"SearchAction\",\"target\":{\"@type\":\"EntryPoint\",\"urlTemplate\":\"https:\/\/phumyhung.vn\/hung-phuc-premier\/?s={search_term_string}\"},\"query-input\":{\"@type\":\"PropertyValueSpecification\",\"valueRequired\":true,\"valueName\":\"search_term_string\"}}],\"inLanguage\":\"vi-VN\"},{\"@type\":\"Organization\",\"@id\":\"https:\/\/phumyhung.vn\/hung-phuc-premier\/#organization\",\"name\":\"H\u01b0ng Ph\u00fac Happy Residence Premier\",\"url\":\"https:\/\/phumyhung.vn\/hung-phuc-premier\/\",\"logo\":{\"@type\":\"ImageObject\",\"inLanguage\":\"vi-VN\",\"@id\":\"https:\/\/phumyhung.vn\/hung-phuc-premier\/#\/schema\/logo\/image\/\",\"url\":\"https:\/\/phumyhung.vn\/hung-phuc-premier\/wp-content\/uploads\/2018\/06\/logo-hung-phuc-premier.png\",\"contentUrl\":\"https:\/\/phumyhung.vn\/hung-phuc-premier\/wp-content\/uploads\/2018\/06\/logo-hung-phuc-premier.png\",\"width\":250,\"height\":139,\"caption\":\"H\u01b0ng Ph\u00fac Happy Residence Premier\"},\"image\":{\"@id\":\"https:\/\/phumyhung.vn\/hung-phuc-premier\/#\/schema\/logo\/image\/\"},\"sameAs\":[\"https:\/\/www.facebook.com\/phumyhungcitycenter\",\"https:\/\/www.youtube.com\/channel\/UCqpdJgWpZl5dc8SqiEU2gbQ\"]}]}<\/script>\n<!-- \/ Yoast SEO plugin. -->","yoast_head_json":{"title":"M\u1eb7t b\u1eb1ng c\u0103n h\u1ed9 H\u01b0ng Ph\u00fac Happy Residence Premier - Ph\u00fa M\u1ef9 H\u01b0ng","description":"M\u1eb7t b\u1eb1ng H\u01b0ng Ph\u00fac Happy Residence Premier, \u0110a d\u1ea1ng s\u1ef1 l\u1ef1a ch\u1ecdn v\u1edbi c\u0103n h\u1ed9 hai ho\u1eb7c ba ph\u00f2ng ng\u1ee7, c\u0103n h\u1ed9 penthouse \u0111\u00e1p \u1ee9ng m\u1ecdi nhu c\u1ea7u c\u1ee7a gia \u0111\u00ecnh.","robots":{"index":"index","follow":"follow","max-snippet":"max-snippet:-1","max-image-preview":"max-image-preview:large","max-video-preview":"max-video-preview:-1"},"canonical":"https:\/\/phumyhung.vn\/hung-phuc-premier\/thong-tin-can-ho","og_locale":"vi_VN","og_type":"article","og_title":"M\u1eb7t b\u1eb1ng c\u0103n h\u1ed9 H\u01b0ng Ph\u00fac Happy Residence Premier - Ph\u00fa M\u1ef9 H\u01b0ng","og_description":"M\u1eb7t b\u1eb1ng H\u01b0ng Ph\u00fac Happy Residence Premier, \u0110a d\u1ea1ng s\u1ef1 l\u1ef1a ch\u1ecdn v\u1edbi c\u0103n h\u1ed9 hai ho\u1eb7c ba ph\u00f2ng ng\u1ee7, c\u0103n h\u1ed9 penthouse \u0111\u00e1p \u1ee9ng m\u1ecdi nhu c\u1ea7u c\u1ee7a gia \u0111\u00ecnh.","og_url":"https:\/\/phumyhung.vn\/hung-phuc-premier\/thong-tin-can-ho","og_site_name":"H\u01b0ng Ph\u00fac Happy Residence Premier","article_publisher":"https:\/\/www.facebook.com\/phumyhungcitycenter","article_modified_time":"2018-07-24T03:07:10+00:00","og_image":[{"width":1630,"height":860,"url":"https:\/\/phumyhung.vn\/hung-phuc-premier\/wp-content\/uploads\/2018\/06\/penhouse-B.jpg","type":"image\/jpeg"}],"twitter_card":"summary_large_image","twitter_misc":{"Est. reading time":"2 minutes"},"schema":{"@context":"https:\/\/schema.org","@graph":[{"@type":"WebPage","@id":"https:\/\/phumyhung.vn\/hung-phuc-premier\/thong-tin-can-ho","url":"https:\/\/phumyhung.vn\/hung-phuc-premier\/thong-tin-can-ho","name":"M\u1eb7t b\u1eb1ng c\u0103n h\u1ed9 H\u01b0ng Ph\u00fac Happy Residence Premier - Ph\u00fa M\u1ef9 H\u01b0ng","isPartOf":{"@id":"https:\/\/phumyhung.vn\/hung-phuc-premier\/#website"},"primaryImageOfPage":{"@id":"https:\/\/phumyhung.vn\/hung-phuc-premier\/thong-tin-can-ho#primaryimage"},"image":{"@id":"https:\/\/phumyhung.vn\/hung-phuc-premier\/thong-tin-can-ho#primaryimage"},"thumbnailUrl":"https:\/\/phumyhung.vn\/hung-phuc-premier\/wp-content\/uploads\/2018\/06\/penhouse-B.jpg","datePublished":"2018-07-04T09:01:32+00:00","dateModified":"2018-07-24T03:07:10+00:00","description":"M\u1eb7t b\u1eb1ng H\u01b0ng Ph\u00fac Happy Residence Premier, \u0110a d\u1ea1ng s\u1ef1 l\u1ef1a ch\u1ecdn v\u1edbi c\u0103n h\u1ed9 hai ho\u1eb7c ba ph\u00f2ng ng\u1ee7, c\u0103n h\u1ed9 penthouse \u0111\u00e1p \u1ee9ng m\u1ecdi nhu c\u1ea7u c\u1ee7a gia \u0111\u00ecnh.","breadcrumb":{"@id":"https:\/\/phumyhung.vn\/hung-phuc-premier\/thong-tin-can-ho#breadcrumb"},"inLanguage":"vi-VN","potentialAction":[{"@type":"ReadAction","target":["https:\/\/phumyhung.vn\/hung-phuc-premier\/thong-tin-can-ho"]}]},{"@type":"ImageObject","inLanguage":"vi-VN","@id":"https:\/\/phumyhung.vn\/hung-phuc-premier\/thong-tin-can-ho#primaryimage","url":"https:\/\/phumyhung.vn\/hung-phuc-premier\/wp-content\/uploads\/2018\/06\/penhouse-B.jpg","contentUrl":"https:\/\/phumyhung.vn\/hung-phuc-premier\/wp-content\/uploads\/2018\/06\/penhouse-B.jpg","width":1630,"height":860,"caption":"M\u1eb7t b\u1eb1ng c\u0103n h\u1ed9 H\u01b0ng Ph\u00fac Happy Residence Premier"},{"@type":"BreadcrumbList","@id":"https:\/\/phumyhung.vn\/hung-phuc-premier\/thong-tin-can-ho#breadcrumb","itemListElement":[{"@type":"ListItem","position":1,"name":"Home","item":"https:\/\/phumyhung.vn\/hung-phuc-premier"},{"@type":"ListItem","position":2,"name":"TH\u00d4NG TIN C\u0102N H\u1ed8"}]},{"@type":"WebSite","@id":"https:\/\/phumyhung.vn\/hung-phuc-premier\/#website","url":"https:\/\/phumyhung.vn\/hung-phuc-premier\/","name":"H\u01b0ng Ph\u00fac Happy Residence Premier - Ph\u00fa M\u1ef9 H\u01b0ng","description":"","publisher":{"@id":"https:\/\/phumyhung.vn\/hung-phuc-premier\/#organization"},"potentialAction":[{"@type":"SearchAction","target":{"@type":"EntryPoint","urlTemplate":"https:\/\/phumyhung.vn\/hung-phuc-premier\/?s={search_term_string}"},"query-input":{"@type":"PropertyValueSpecification","valueRequired":true,"valueName":"search_term_string"}}],"inLanguage":"vi-VN"},{"@type":"Organization","@id":"https:\/\/phumyhung.vn\/hung-phuc-premier\/#organization","name":"H\u01b0ng Ph\u00fac Happy Residence Premier","url":"https:\/\/phumyhung.vn\/hung-phuc-premier\/","logo":{"@type":"ImageObject","inLanguage":"vi-VN","@id":"https:\/\/phumyhung.vn\/hung-phuc-premier\/#\/schema\/logo\/image\/","url":"https:\/\/phumyhung.vn\/hung-phuc-premier\/wp-content\/uploads\/2018\/06\/logo-hung-phuc-premier.png","contentUrl":"https:\/\/phumyhung.vn\/hung-phuc-premier\/wp-content\/uploads\/2018\/06\/logo-hung-phuc-premier.png","width":250,"height":139,"caption":"H\u01b0ng Ph\u00fac Happy Residence Premier"},"image":{"@id":"https:\/\/phumyhung.vn\/hung-phuc-premier\/#\/schema\/logo\/image\/"},"sameAs":["https:\/\/www.facebook.com\/phumyhungcitycenter","https:\/\/www.youtube.com\/channel\/UCqpdJgWpZl5dc8SqiEU2gbQ"]}]}},"_links":{"self":[{"href":"https:\/\/phumyhung.vn\/hung-phuc-premier\/wp-json\/wp\/v2\/pages\/281"}],"collection":[{"href":"https:\/\/phumyhung.vn\/hung-phuc-premier\/wp-json\/wp\/v2\/pages"}],"about":[{"href":"https:\/\/phumyhung.vn\/hung-phuc-premier\/wp-json\/wp\/v2\/types\/page"}],"author":[{"embeddable":true,"href":"https:\/\/phumyhung.vn\/hung-phuc-premier\/wp-json\/wp\/v2\/users\/1"}],"replies":[{"embeddable":true,"href":"https:\/\/phumyhung.vn\/hung-phuc-premier\/wp-json\/wp\/v2\/comments?post=281"}],"version-history":[{"count":151,"href":"https:\/\/phumyhung.vn\/hung-phuc-premier\/wp-json\/wp\/v2\/pages\/281\/revisions"}],"predecessor-version":[{"id":487,"href":"https:\/\/phumyhung.vn\/hung-phuc-premier\/wp-json\/wp\/v2\/pages\/281\/revisions\/487"}],"wp:featuredmedia":[{"embeddable":true,"href":"https:\/\/phumyhung.vn\/hung-phuc-premier\/wp-json\/wp\/v2\/media\/143"}],"wp:attachment":[{"href":"https:\/\/phumyhung.vn\/hung-phuc-premier\/wp-json\/wp\/v2\/media?parent=281"}],"curies":[{"name":"wp","href":"https:\/\/api.w.org\/{rel}","templated":true}]}}