{"id":572,"date":"2018-07-11T19:35:39","date_gmt":"2018-07-11T12:35:39","guid":{"rendered":"https:\/\/phumyhung.vn\/hung-phuc-premier?page_id=572"},"modified":"2020-06-02T17:14:30","modified_gmt":"2020-06-02T10:14:30","slug":"home","status":"publish","type":"page","link":"https:\/\/phumyhung.vn\/hung-phuc-premier\/en\/home","title":{"rendered":"Home"},"content":{"rendered":"<p><\/p>\n","protected":false},"excerpt":{"rendered":"","protected":false},"author":1,"featured_media":542,"parent":0,"menu_order":0,"comment_status":"open","ping_status":"open","template":"","meta":{"inline_featured_image":false,"footnotes":""},"class_list":["post-572","page","type-page","status-publish","has-post-thumbnail","hentry"],"yoast_head":"<!-- This site is optimized with the Yoast SEO plugin v25.6 - https:\/\/yoast.com\/wordpress\/plugins\/seo\/ -->\n<title>H\u01b0ng Ph\u00fac Happy Residence Premier - Ph\u00fa M\u1ef9 H\u01b0ng<\/title>\n<meta name=\"description\" content=\"H\u01b0ng Ph\u00fac Happy Residence Premier to\u1ea1 l\u1ea1c gi\u1eefa khu Nam Vi\u00ean xanh nh\u1ea5t c\u1ee7a Ph\u00fa M\u1ef9 H\u01b0ng mang kh\u00f4ng kh\u00ed nh\u01b0 m\u1ed9t khu ngh\u1ec9 d\u01b0\u1ee1ng sang tr\u1ecdng, y\u00ean t\u0129nh, trong l\u00e0nh\" \/>\n<meta name=\"robots\" content=\"index, follow, max-snippet:-1, max-image-preview:large, max-video-preview:-1\" \/>\n<link rel=\"canonical\" href=\"https:\/\/phumyhung.vn\/hung-phuc-premier\/en\" \/>\n<meta property=\"og:locale\" content=\"vi_VN\" \/>\n<meta property=\"og:type\" content=\"article\" \/>\n<meta property=\"og:title\" content=\"H\u01b0ng Ph\u00fac Happy Residence Premier - Ph\u00fa M\u1ef9 H\u01b0ng\" \/>\n<meta property=\"og:description\" content=\"H\u01b0ng Ph\u00fac Happy Residence Premier to\u1ea1 l\u1ea1c gi\u1eefa khu Nam Vi\u00ean xanh nh\u1ea5t c\u1ee7a Ph\u00fa M\u1ef9 H\u01b0ng mang kh\u00f4ng kh\u00ed nh\u01b0 m\u1ed9t khu ngh\u1ec9 d\u01b0\u1ee1ng sang tr\u1ecdng, y\u00ean t\u0129nh, trong l\u00e0nh\" \/>\n<meta property=\"og:url\" content=\"https:\/\/phumyhung.vn\/hung-phuc-premier\/en\" \/>\n<meta property=\"og:site_name\" content=\"H\u01b0ng Ph\u00fac Happy Residence Premier\" \/>\n<meta property=\"article:publisher\" content=\"https:\/\/www.facebook.com\/phumyhungcitycenter\" \/>\n<meta property=\"article:modified_time\" content=\"2020-06-02T10:14:30+00:00\" \/>\n<meta property=\"og:image\" content=\"https:\/\/phumyhung.vn\/hung-phuc-premier\/wp-content\/uploads\/2018\/07\/s18-goc-trai.jpg\" \/>\n<meta name=\"twitter:card\" content=\"summary_large_image\" \/>\n<script type=\"application\/ld+json\" class=\"yoast-schema-graph\">{\"@context\":\"https:\/\/schema.org\",\"@graph\":[{\"@type\":\"WebPage\",\"@id\":\"https:\/\/phumyhung.vn\/hung-phuc-premier\/en\",\"url\":\"https:\/\/phumyhung.vn\/hung-phuc-premier\/en\",\"name\":\"H\u01b0ng Ph\u00fac Happy Residence Premier - Ph\u00fa M\u1ef9 H\u01b0ng\",\"isPartOf\":{\"@id\":\"https:\/\/phumyhung.vn\/hung-phuc-premier\/#website\"},\"primaryImageOfPage\":{\"@id\":\"https:\/\/phumyhung.vn\/hung-phuc-premier\/en#primaryimage\"},\"image\":{\"@id\":\"https:\/\/phumyhung.vn\/hung-phuc-premier\/en#primaryimage\"},\"thumbnailUrl\":\"https:\/\/phumyhung.vn\/hung-phuc-premier\/wp-content\/uploads\/2018\/07\/mobile-head.jpg\",\"datePublished\":\"2018-07-11T12:35:39+00:00\",\"dateModified\":\"2020-06-02T10:14:30+00:00\",\"description\":\"H\u01b0ng Ph\u00fac Happy Residence Premier to\u1ea1 l\u1ea1c gi\u1eefa khu Nam Vi\u00ean xanh nh\u1ea5t c\u1ee7a Ph\u00fa M\u1ef9 H\u01b0ng mang kh\u00f4ng kh\u00ed nh\u01b0 m\u1ed9t khu ngh\u1ec9 d\u01b0\u1ee1ng sang tr\u1ecdng, y\u00ean t\u0129nh, trong l\u00e0nh\",\"breadcrumb\":{\"@id\":\"https:\/\/phumyhung.vn\/hung-phuc-premier\/en#breadcrumb\"},\"inLanguage\":\"vi-VN\",\"potentialAction\":[{\"@type\":\"ReadAction\",\"target\":[\"https:\/\/phumyhung.vn\/hung-phuc-premier\/en\"]}]},{\"@type\":\"ImageObject\",\"inLanguage\":\"vi-VN\",\"@id\":\"https:\/\/phumyhung.vn\/hung-phuc-premier\/en#primaryimage\",\"url\":\"https:\/\/phumyhung.vn\/hung-phuc-premier\/wp-content\/uploads\/2018\/07\/mobile-head.jpg\",\"contentUrl\":\"https:\/\/phumyhung.vn\/hung-phuc-premier\/wp-content\/uploads\/2018\/07\/mobile-head.jpg\",\"width\":768,\"height\":852,\"caption\":\"H\u01b0ng Ph\u00fac Happy Residence Premier\"},{\"@type\":\"BreadcrumbList\",\"@id\":\"https:\/\/phumyhung.vn\/hung-phuc-premier\/en#breadcrumb\",\"itemListElement\":[{\"@type\":\"ListItem\",\"position\":1,\"name\":\"Home\",\"item\":\"https:\/\/phumyhung.vn\/hung-phuc-premier\"},{\"@type\":\"ListItem\",\"position\":2,\"name\":\"Home\"}]},{\"@type\":\"WebSite\",\"@id\":\"https:\/\/phumyhung.vn\/hung-phuc-premier\/#website\",\"url\":\"https:\/\/phumyhung.vn\/hung-phuc-premier\/\",\"name\":\"H\u01b0ng Ph\u00fac Happy Residence Premier - Ph\u00fa M\u1ef9 H\u01b0ng\",\"description\":\"\",\"publisher\":{\"@id\":\"https:\/\/phumyhung.vn\/hung-phuc-premier\/#organization\"},\"potentialAction\":[{\"@type\":\"SearchAction\",\"target\":{\"@type\":\"EntryPoint\",\"urlTemplate\":\"https:\/\/phumyhung.vn\/hung-phuc-premier\/?s={search_term_string}\"},\"query-input\":{\"@type\":\"PropertyValueSpecification\",\"valueRequired\":true,\"valueName\":\"search_term_string\"}}],\"inLanguage\":\"vi-VN\"},{\"@type\":\"Organization\",\"@id\":\"https:\/\/phumyhung.vn\/hung-phuc-premier\/#organization\",\"name\":\"H\u01b0ng Ph\u00fac Happy Residence Premier\",\"url\":\"https:\/\/phumyhung.vn\/hung-phuc-premier\/\",\"logo\":{\"@type\":\"ImageObject\",\"inLanguage\":\"vi-VN\",\"@id\":\"https:\/\/phumyhung.vn\/hung-phuc-premier\/#\/schema\/logo\/image\/\",\"url\":\"https:\/\/phumyhung.vn\/hung-phuc-premier\/wp-content\/uploads\/2018\/06\/logo-hung-phuc-premier.png\",\"contentUrl\":\"https:\/\/phumyhung.vn\/hung-phuc-premier\/wp-content\/uploads\/2018\/06\/logo-hung-phuc-premier.png\",\"width\":250,\"height\":139,\"caption\":\"H\u01b0ng Ph\u00fac Happy Residence Premier\"},\"image\":{\"@id\":\"https:\/\/phumyhung.vn\/hung-phuc-premier\/#\/schema\/logo\/image\/\"},\"sameAs\":[\"https:\/\/www.facebook.com\/phumyhungcitycenter\",\"https:\/\/www.youtube.com\/channel\/UCqpdJgWpZl5dc8SqiEU2gbQ\"]}]}<\/script>\n<!-- \/ Yoast SEO plugin. -->","yoast_head_json":{"title":"H\u01b0ng Ph\u00fac Happy Residence Premier - Ph\u00fa M\u1ef9 H\u01b0ng","description":"H\u01b0ng Ph\u00fac Happy Residence Premier to\u1ea1 l\u1ea1c gi\u1eefa khu Nam Vi\u00ean xanh nh\u1ea5t c\u1ee7a Ph\u00fa M\u1ef9 H\u01b0ng mang kh\u00f4ng kh\u00ed nh\u01b0 m\u1ed9t khu ngh\u1ec9 d\u01b0\u1ee1ng sang tr\u1ecdng, y\u00ean t\u0129nh, trong l\u00e0nh","robots":{"index":"index","follow":"follow","max-snippet":"max-snippet:-1","max-image-preview":"max-image-preview:large","max-video-preview":"max-video-preview:-1"},"canonical":"https:\/\/phumyhung.vn\/hung-phuc-premier\/en","og_locale":"vi_VN","og_type":"article","og_title":"H\u01b0ng Ph\u00fac Happy Residence Premier - Ph\u00fa M\u1ef9 H\u01b0ng","og_description":"H\u01b0ng Ph\u00fac Happy Residence Premier to\u1ea1 l\u1ea1c gi\u1eefa khu Nam Vi\u00ean xanh nh\u1ea5t c\u1ee7a Ph\u00fa M\u1ef9 H\u01b0ng mang kh\u00f4ng kh\u00ed nh\u01b0 m\u1ed9t khu ngh\u1ec9 d\u01b0\u1ee1ng sang tr\u1ecdng, y\u00ean t\u0129nh, trong l\u00e0nh","og_url":"https:\/\/phumyhung.vn\/hung-phuc-premier\/en","og_site_name":"H\u01b0ng Ph\u00fac Happy Residence Premier","article_publisher":"https:\/\/www.facebook.com\/phumyhungcitycenter","article_modified_time":"2020-06-02T10:14:30+00:00","og_image":[{"url":"https:\/\/phumyhung.vn\/hung-phuc-premier\/wp-content\/uploads\/2018\/07\/s18-goc-trai.jpg","type":"","width":"","height":""}],"twitter_card":"summary_large_image","schema":{"@context":"https:\/\/schema.org","@graph":[{"@type":"WebPage","@id":"https:\/\/phumyhung.vn\/hung-phuc-premier\/en","url":"https:\/\/phumyhung.vn\/hung-phuc-premier\/en","name":"H\u01b0ng Ph\u00fac Happy Residence Premier - Ph\u00fa M\u1ef9 H\u01b0ng","isPartOf":{"@id":"https:\/\/phumyhung.vn\/hung-phuc-premier\/#website"},"primaryImageOfPage":{"@id":"https:\/\/phumyhung.vn\/hung-phuc-premier\/en#primaryimage"},"image":{"@id":"https:\/\/phumyhung.vn\/hung-phuc-premier\/en#primaryimage"},"thumbnailUrl":"https:\/\/phumyhung.vn\/hung-phuc-premier\/wp-content\/uploads\/2018\/07\/mobile-head.jpg","datePublished":"2018-07-11T12:35:39+00:00","dateModified":"2020-06-02T10:14:30+00:00","description":"H\u01b0ng Ph\u00fac Happy Residence Premier to\u1ea1 l\u1ea1c gi\u1eefa khu Nam Vi\u00ean xanh nh\u1ea5t c\u1ee7a Ph\u00fa M\u1ef9 H\u01b0ng mang kh\u00f4ng kh\u00ed nh\u01b0 m\u1ed9t khu ngh\u1ec9 d\u01b0\u1ee1ng sang tr\u1ecdng, y\u00ean t\u0129nh, trong l\u00e0nh","breadcrumb":{"@id":"https:\/\/phumyhung.vn\/hung-phuc-premier\/en#breadcrumb"},"inLanguage":"vi-VN","potentialAction":[{"@type":"ReadAction","target":["https:\/\/phumyhung.vn\/hung-phuc-premier\/en"]}]},{"@type":"ImageObject","inLanguage":"vi-VN","@id":"https:\/\/phumyhung.vn\/hung-phuc-premier\/en#primaryimage","url":"https:\/\/phumyhung.vn\/hung-phuc-premier\/wp-content\/uploads\/2018\/07\/mobile-head.jpg","contentUrl":"https:\/\/phumyhung.vn\/hung-phuc-premier\/wp-content\/uploads\/2018\/07\/mobile-head.jpg","width":768,"height":852,"caption":"H\u01b0ng Ph\u00fac Happy Residence Premier"},{"@type":"BreadcrumbList","@id":"https:\/\/phumyhung.vn\/hung-phuc-premier\/en#breadcrumb","itemListElement":[{"@type":"ListItem","position":1,"name":"Home","item":"https:\/\/phumyhung.vn\/hung-phuc-premier"},{"@type":"ListItem","position":2,"name":"Home"}]},{"@type":"WebSite","@id":"https:\/\/phumyhung.vn\/hung-phuc-premier\/#website","url":"https:\/\/phumyhung.vn\/hung-phuc-premier\/","name":"H\u01b0ng Ph\u00fac Happy Residence Premier - Ph\u00fa M\u1ef9 H\u01b0ng","description":"","publisher":{"@id":"https:\/\/phumyhung.vn\/hung-phuc-premier\/#organization"},"potentialAction":[{"@type":"SearchAction","target":{"@type":"EntryPoint","urlTemplate":"https:\/\/phumyhung.vn\/hung-phuc-premier\/?s={search_term_string}"},"query-input":{"@type":"PropertyValueSpecification","valueRequired":true,"valueName":"search_term_string"}}],"inLanguage":"vi-VN"},{"@type":"Organization","@id":"https:\/\/phumyhung.vn\/hung-phuc-premier\/#organization","name":"H\u01b0ng Ph\u00fac Happy Residence Premier","url":"https:\/\/phumyhung.vn\/hung-phuc-premier\/","logo":{"@type":"ImageObject","inLanguage":"vi-VN","@id":"https:\/\/phumyhung.vn\/hung-phuc-premier\/#\/schema\/logo\/image\/","url":"https:\/\/phumyhung.vn\/hung-phuc-premier\/wp-content\/uploads\/2018\/06\/logo-hung-phuc-premier.png","contentUrl":"https:\/\/phumyhung.vn\/hung-phuc-premier\/wp-content\/uploads\/2018\/06\/logo-hung-phuc-premier.png","width":250,"height":139,"caption":"H\u01b0ng Ph\u00fac Happy Residence Premier"},"image":{"@id":"https:\/\/phumyhung.vn\/hung-phuc-premier\/#\/schema\/logo\/image\/"},"sameAs":["https:\/\/www.facebook.com\/phumyhungcitycenter","https:\/\/www.youtube.com\/channel\/UCqpdJgWpZl5dc8SqiEU2gbQ"]}]}},"_links":{"self":[{"href":"https:\/\/phumyhung.vn\/hung-phuc-premier\/wp-json\/wp\/v2\/pages\/572"}],"collection":[{"href":"https:\/\/phumyhung.vn\/hung-phuc-premier\/wp-json\/wp\/v2\/pages"}],"about":[{"href":"https:\/\/phumyhung.vn\/hung-phuc-premier\/wp-json\/wp\/v2\/types\/page"}],"author":[{"embeddable":true,"href":"https:\/\/phumyhung.vn\/hung-phuc-premier\/wp-json\/wp\/v2\/users\/1"}],"replies":[{"embeddable":true,"href":"https:\/\/phumyhung.vn\/hung-phuc-premier\/wp-json\/wp\/v2\/comments?post=572"}],"version-history":[{"count":2,"href":"https:\/\/phumyhung.vn\/hung-phuc-premier\/wp-json\/wp\/v2\/pages\/572\/revisions"}],"predecessor-version":[{"id":1367,"href":"https:\/\/phumyhung.vn\/hung-phuc-premier\/wp-json\/wp\/v2\/pages\/572\/revisions\/1367"}],"wp:featuredmedia":[{"embeddable":true,"href":"https:\/\/phumyhung.vn\/hung-phuc-premier\/wp-json\/wp\/v2\/media\/542"}],"wp:attachment":[{"href":"https:\/\/phumyhung.vn\/hung-phuc-premier\/wp-json\/wp\/v2\/media?parent=572"}],"curies":[{"name":"wp","href":"https:\/\/api.w.org\/{rel}","templated":true}]}}