{"id":6599,"date":"2018-08-16T11:04:35","date_gmt":"2018-08-16T04:04:35","guid":{"rendered":"https:\/\/phumyhung.vn\/midtown\/?page_id=6599"},"modified":"2018-10-04T18:53:36","modified_gmt":"2018-10-04T11:53:36","slug":"phu-my-hung-the-signataure","status":"publish","type":"page","link":"https:\/\/phumyhung.vn\/midtown\/phu-my-hung-the-signataure\/","title":{"rendered":"The Signature"},"content":{"rendered":"[vc_row full_width=&#8221;stretch_row_content_no_spaces&#8221; content_placement=&#8221;top&#8221; preset=&#8221;mpc_preset_198&#8243; content_preset=&#8221;_mpc_preset_198&#8243; first_background_type=&#8221;gradient&#8221; first_background_gradient=&#8221;#f9f9f9||#575a6d||62;62||90||linear&#8221; css=&#8221;.vc_custom_1513074739202{background-position: center !important;background-repeat: no-repeat !important;background-size: contain !important;}&#8221; el_class=&#8221;vc_hidden-lg&#8221;][vc_column css=&#8221;.vc_custom_1538653558102{margin-top: -40px !important;margin-bottom: -68px !important;background-position: 0 0 !important;background-repeat: no-repeat !important;}&#8221;][vc_single_image image=&#8221;5967&#8243; img_size=&#8221;full&#8221; alignment=&#8221;center&#8221;][\/vc_column][\/vc_row][vc_row full_width=&#8221;stretch_row_content_no_spaces&#8221; content_placement=&#8221;top&#8221; preset=&#8221;mpc_preset_198&#8243; content_preset=&#8221;_mpc_preset_198&#8243; first_background_type=&#8221;gradient&#8221; first_background_gradient=&#8221;#f9f9f9||#575a6d||62;62||90||linear&#8221; css=&#8221;.vc_custom_1513074739202{background-position: center !important;background-repeat: no-repeat !important;background-size: contain !important;}&#8221; el_class=&#8221;vc_hidden-lg&#8221;][vc_column css=&#8221;.vc_custom_1513075752823{margin-top: -60px !important;margin-bottom: -68px !important;background-position: 0 0 !important;background-repeat: no-repeat !important;}&#8221;][vc_column_text css=&#8221;.vc_custom_1534478373542{margin-top: -10px !important;}&#8221;]\n<p style=\"text-align: center;\"><strong>(\u0110\u00c3 B\u00c1N H\u1ebeT 100%)<\/strong><\/p>\n[\/vc_column_text][\/vc_column][\/vc_row][vc_row full_width=&#8221;stretch_row_content_no_spaces&#8221; full_height=&#8221;yes&#8221; preset=&#8221;mpc_preset_197&#8243; content_preset=&#8221;_mpc_preset_197&#8243; enable_first_overlay=&#8221;true&#8221; first_overlay_opacity=&#8221;100&#8243; first_background_type=&#8221;image&#8221; first_background_image=&#8221;5967&#8243; first_background_image_size=&#8221;full&#8221; second_background_color=&#8221;#333333&#8243; el_class=&#8221;vc_hidden-md vc_hidden-sm vc_hidden-xs&#8221; css=&#8221;.vc_custom_1534392239644{margin-top: -15px !important;}&#8221;][vc_column width=&#8221;2\/3&#8243; alignment=&#8221;center&#8221; offset=&#8221;vc_col-md-offset-2&#8243;][vc_empty_space height=&#8221;15px&#8221;]<div id=\"mpc_textblock-3869d27b862daa2\" class=\"mpc-textblock mpc-init mpc-typography--mpc_preset_9 \"><p style=\"text-align: center;\"><strong>THE SIGNATURE<\/strong><\/p>\n<\/div><div id=\"mpc_textblock-469d27b862db8b\" class=\"mpc-textblock mpc-init mpc-typography--mpc_preset_22 \"><p style=\"text-align: center;\"><span class=\"su-highlight\" style=\"background:#a1a49b;color:#ffffff\">&nbsp;<span style=\"font-size: 14pt;\"><strong>(D\u1ef1 \u00e1n \u0111\u00e3 b\u00e1n h\u1ebft 100%)<\/strong><\/span>&nbsp;<\/span><\/p>\n<\/div>[vc_empty_space height=&#8221;20px&#8221;]<a href=\"#intro\" title=\"\"  data-id=\"mpc_icon-4369d27b862dd46\" class=\"mpc-icon mpc-init mpc-transition mpc-animation mpc-effect-none mpc-icon-hover \" data-animation-loop=\"callout.bounce||1200||2150\"><div class=\"mpc-icon-wrap\"><i class=\"mpc-icon-part mpc-regular mpc-transition  fa fa-angle-down\"><\/i><i class=\"mpc-icon-part mpc-hover mpc-transition  fa fa-angle-down\"><\/i><\/div><\/a>[\/vc_column][\/vc_row][vc_row full_width=&#8221;stretch_row_content&#8221; preset=&#8221;mpc_preset_198&#8243; content_preset=&#8221;_mpc_preset_198&#8243; first_background_type=&#8221;gradient&#8221; first_background_gradient=&#8221;#f9f9f9||#575a6d||62;62||90||linear&#8221; css=&#8221;.vc_custom_1513241966134{margin-top: -15px !important;background-color: #740f24 !important;background-position: center !important;background-repeat: no-repeat !important;background-size: contain !important;}&#8221; el_class=&#8221;vc_hidden-md vc_hidden-sm vc_hidden-xs&#8221; el_id=&#8221;intro&#8221;][vc_column width=&#8221;1\/2&#8243; css=&#8221;.vc_custom_1513161621853{margin-bottom: -70px !important;padding-right: 30px !important;padding-left: 50px !important;background-position: 0 0 !important;background-repeat: no-repeat !important;}&#8221;]<div id=\"mpc_textblock-7069d27b862ddad\" class=\"mpc-textblock mpc-init mpc-typography--default \"><p>Chi\u1ebfm gi\u1eef v\u1ecb tr\u00ed \u201ctrung t\u00e2m c\u1ee7a trung t\u00e2m\u201d, THE SIGNATURE v\u1eeba l\u00e0 bi\u1ec3u t\u01b0\u1ee3ng c\u1ee7a to\u00e0n khu Midtown s\u1ea7m u\u1ea5t, v\u1eeba k\u1ebft n\u1ed1i tr\u1ef1c di\u1ec7n v\u1edbi qu\u1ea3ng tr\u01b0\u1eddng n\u01b0\u1edbc Sakura Plaza \u2013 t\u00e2m \u0111i\u1ec3m c\u1ee7a SAKURA PARK \u0111\u1ea7u ti\u00ean v\u00e0 duy nh\u1ea5t t\u1ea1i Vi\u1ec7t Nam.<\/p>\n<p>N\u01a1i \u0111\u00e2y s\u1edf h\u1eefu t\u1ea7m nh\u00ecn bao qu\u00e1t c\u1ea3 khu Midtown xinh \u0111\u1eb9p: b\u1edd s\u00f4ng u\u1ed1n l\u01b0\u1ee3n th\u01a1 m\u1ed9ng, con \u0111\u01b0\u1eddng anh \u0111\u00e0o r\u1ef1c r\u1ee1, khu Nam Vi\u00ean xanh ng\u00e1t, v\u00e0 kh\u00f4ng gian n\u1ed9i khu \u0111\u1ed9c \u0111\u00e1o v\u1edbi Sky Bridge, t\u00f2a nh\u00e0 F&amp;B h\u00ecnh chi\u1ebfc l\u00e1\u2026 D\u1eabu \u0111\u1ee9ng t\u1eeb v\u1ecb tr\u00ed n\u00e0o c\u1ee7a to\u00e0 nh\u00e0, nh\u1eefng tr\u00e1i tim kh\u00f3 t\u00ednh nh\u1ea5t c\u0169ng d\u1ec5 d\u00e0ng b\u1ecb chinh ph\u1ee5c b\u1edfi khung c\u1ea3nh lung linh b\u00ean khung c\u1eeda s\u1ed5.<\/p>\n<\/div>[\/vc_column][vc_column width=&#8221;1\/2&#8243; css=&#8221;.vc_custom_1538654038964{margin-top: -35px !important;margin-bottom: -70px !important;}&#8221;][vc_single_image image=&#8221;6642&#8243; img_size=&#8221;full&#8221; alignment=&#8221;center&#8221;][\/vc_column][\/vc_row][vc_row full_width=&#8221;stretch_row_content_no_spaces&#8221; preset=&#8221;mpc_preset_198&#8243; content_preset=&#8221;_mpc_preset_198&#8243; first_background_type=&#8221;gradient&#8221; first_background_gradient=&#8221;#f9f9f9||#575a6d||62;62||90||linear&#8221; css=&#8221;.vc_custom_1513160979831{background-color: #740f24 !important;background-position: center !important;background-repeat: no-repeat !important;background-size: contain !important;}&#8221; el_class=&#8221;vc_hidden-lg&#8221;][vc_column css=&#8221;.vc_custom_1513075541279{margin-top: -80px !important;background-position: 0 0 !important;background-repeat: no-repeat !important;}&#8221;][vc_single_image image=&#8221;1242&#8243; img_size=&#8221;full&#8221; alignment=&#8221;center&#8221; css=&#8221;.vc_custom_1534406688747{margin-top: 60px !important;}&#8221;]<div id=\"mpc_textblock-5069d27b862de40\" class=\"mpc-textblock mpc-init mpc-typography--default \"><p>Chi\u1ebfm gi\u1eef v\u1ecb tr\u00ed \u201ctrung t\u00e2m c\u1ee7a trung t\u00e2m\u201d, THE SIGNATURE v\u1eeba l\u00e0 bi\u1ec3u t\u01b0\u1ee3ng c\u1ee7a to\u00e0n khu Midtown s\u1ea7m u\u1ea5t, v\u1eeba k\u1ebft n\u1ed1i tr\u1ef1c di\u1ec7n v\u1edbi qu\u1ea3ng tr\u01b0\u1eddng n\u01b0\u1edbc Sakura Plaza \u2013 t\u00e2m \u0111i\u1ec3m c\u1ee7a SAKURA PARK \u0111\u1ea7u ti\u00ean v\u00e0 duy nh\u1ea5t t\u1ea1i Vi\u1ec7t Nam.<\/p>\n<p>N\u01a1i \u0111\u00e2y s\u1edf h\u1eefu t\u1ea7m nh\u00ecn bao qu\u00e1t c\u1ea3 khu Midtown xinh \u0111\u1eb9p: b\u1edd s\u00f4ng u\u1ed1n l\u01b0\u1ee3n th\u01a1 m\u1ed9ng, con \u0111\u01b0\u1eddng anh \u0111\u00e0o r\u1ef1c r\u1ee1, khu Nam Vi\u00ean xanh ng\u00e1t, v\u00e0 kh\u00f4ng gian n\u1ed9i khu \u0111\u1ed9c \u0111\u00e1o v\u1edbi Sky Bridge, t\u00f2a nh\u00e0 F&amp;B h\u00ecnh chi\u1ebfc l\u00e1\u2026 D\u1eabu \u0111\u1ee9ng t\u1eeb v\u1ecb tr\u00ed n\u00e0o c\u1ee7a to\u00e0 nh\u00e0, nh\u1eefng tr\u00e1i tim kh\u00f3 t\u00ednh nh\u1ea5t c\u0169ng d\u1ec5 d\u00e0ng b\u1ecb chinh ph\u1ee5c b\u1edfi khung c\u1ea3nh lung linh b\u00ean khung c\u1eeda s\u1ed5.<\/p>\n<\/div>[vc_single_image image=&#8221;6642&#8243; img_size=&#8221;full&#8221; alignment=&#8221;center&#8221; css=&#8221;.vc_custom_1534413988603{margin-bottom: -50px !important;}&#8221;][\/vc_column][\/vc_row][vc_row preset=&#8221;mpc_preset_16&#8243; content_preset=&#8221;_mpc_preset_16&#8243;][vc_column css=&#8221;.vc_custom_1450249306158{padding-top: 0px !important;}&#8221;][vc_row_inner equal_height=&#8221;yes&#8221; css=&#8221;.vc_custom_1534470887563{margin-top: 40px !important;}&#8221;][vc_column_inner width=&#8221;1\/2&#8243; alignment=&#8221;center&#8221; animation_in_type=&#8221;transition.slideLeftIn&#8221; animation_in_offset=&#8221;98&#8243; animation_in_duration=&#8221;800&#8243; animation_in_delay=&#8221;600&#8243; offset=&#8221;vc_col-md-4&#8243; css=&#8221;.vc_custom_1450249499848{margin-bottom: 4em !important;}&#8221;]<div data-id=\"mpc_icon_column-4469d27b862deed\" class=\"mpc-icon-column mpc-init mpc-parent-hover mpc-transition mpc-icon-column--style_1 mpc-align--center \" ><div data-id=\"mpc_icon-1769d27b862df27\" class=\"mpc-icon mpc-init mpc-transition mpc-effect-none mpc-icon-hover \"><div class=\"mpc-icon-wrap\"><i class=\"mpc-icon-part mpc-regular mpc-transition  fa fa-map-o\"><\/i><i class=\"mpc-icon-part mpc-hover mpc-transition  fa fa-map-o\"><\/i><\/div><\/div><div class=\"mpc-icon-column__content-wrap\"><div class=\"mpc-icon-column__content\"><h3 class=\"mpc-icon-column__heading mpc-typography--preset_0 mpc-transition\">V\u1eca TR\u00cd<\/h3><div class=\"mpc-icon-column__description mpc-transition\"><p>Chi\u1ebfm gi\u1eef v\u1ecb tr\u00ed \u201ctrung t\u00e2m c\u1ee7a trung t\u00e2m\u201d, THE SIGNATURE v\u1eeba l\u00e0 bi\u1ec3u t\u01b0\u1ee3ng c\u1ee7a to\u00e0n khu Midtown s\u1ea7m u\u1ea5t&#8230;<\/p>\n<\/div><\/div><\/div><\/div><a href=\"https:\/\/phumyhung.vn\/midtown\/vi-tri-the-signature\/\" title=\"\"  data-id=\"mpc_button-4569d27b862dfde\" class=\"mpc-button mpc-init mpc-transition mpc-typography--preset_1 \" ><div class=\"mpc-button__content mpc-effect-type--none mpc-effect-side--none\"><span class=\"mpc-button__title mpc-transition\">CHI TI\u1ebeT<\/span><\/div><div class=\"mpc-button__background mpc-transition mpc-effect-type--fade mpc-effect-side--in\"><\/div><\/a>[\/vc_column_inner][vc_column_inner width=&#8221;1\/2&#8243; alignment=&#8221;center&#8221; animation_in_type=&#8221;transition.slideDownBigIn&#8221; animation_in_offset=&#8221;98&#8243; animation_in_duration=&#8221;900&#8243; animation_in_delay=&#8221;700&#8243; offset=&#8221;vc_col-md-4&#8243; css=&#8221;.vc_custom_1450249518160{margin-bottom: 4em !important;}&#8221;]<div data-id=\"mpc_icon_column-469d27b862e06f\" class=\"mpc-icon-column mpc-init mpc-parent-hover mpc-transition mpc-icon-column--style_1 mpc-align--center \" ><div data-id=\"mpc_icon-2969d27b862e0a0\" class=\"mpc-icon mpc-init mpc-transition mpc-effect-none mpc-icon-hover \"><div class=\"mpc-icon-wrap\"><i class=\"mpc-icon-part mpc-regular mpc-transition  lnr lnr-leaf\"><\/i><i class=\"mpc-icon-part mpc-hover mpc-transition  lnr lnr-leaf\"><\/i><\/div><\/div><div class=\"mpc-icon-column__content-wrap\"><div class=\"mpc-icon-column__content\"><h3 class=\"mpc-icon-column__heading mpc-typography--preset_0 mpc-transition\">TI\u1ec6N \u00cdCH<\/h3><div class=\"mpc-icon-column__description mpc-transition\"><p>X\u1ee9ng t\u1ea7m bi\u1ec3u t\u01b0\u1ee3ng c\u1ee7a khu Midtown thanh th\u1ebf,\u00a0<strong>THE SIGNATURE<\/strong>\u00a0s\u1edf h\u1eefu chu\u1ed7i ti\u1ec7n \u00edch \u0111\u01b0\u1ee3c \u0111\u1ea7u t\u01b0 v\u00f4 c\u00f9ng t\u1ec9 m\u1ec9 c\u00f9ng phong c\u00e1ch thi\u1ebft k\u1ebf&#8230;<\/p>\n<\/div><\/div><\/div><\/div><a href=\"https:\/\/phumyhung.vn\/midtown\/tien-ich-the-signature\/\" title=\"\"  data-id=\"mpc_button-5569d27b862e12f\" class=\"mpc-button mpc-init mpc-transition mpc-typography--preset_1 \" ><div class=\"mpc-button__content mpc-effect-type--none mpc-effect-side--none\"><span class=\"mpc-button__title mpc-transition\">CHI TI\u1ebeT<\/span><\/div><div class=\"mpc-button__background mpc-transition mpc-effect-type--fade mpc-effect-side--in\"><\/div><\/a>[\/vc_column_inner][vc_column_inner width=&#8221;1\/2&#8243; alignment=&#8221;center&#8221; animation_in_type=&#8221;transition.slideRightIn&#8221; animation_in_offset=&#8221;98&#8243; animation_in_duration=&#8221;800&#8243; animation_in_delay=&#8221;800&#8243; offset=&#8221;vc_col-md-offset-0 vc_col-md-4 vc_col-sm-offset-3&#8243; css=&#8221;.vc_custom_1450249537199{margin-bottom: 4em !important;}&#8221;]<div data-id=\"mpc_icon_column-8669d27b862e1a3\" class=\"mpc-icon-column mpc-init mpc-parent-hover mpc-transition mpc-icon-column--style_1 mpc-align--center \" ><div data-id=\"mpc_icon-9669d27b862e1db\" class=\"mpc-icon mpc-init mpc-transition mpc-effect-none mpc-icon-hover \"><div class=\"mpc-icon-wrap\"><i class=\"mpc-icon-part mpc-regular mpc-transition  lnr lnr-apartment\"><\/i><i class=\"mpc-icon-part mpc-hover mpc-transition  lnr lnr-apartment\"><\/i><\/div><\/div><div class=\"mpc-icon-column__content-wrap\"><div class=\"mpc-icon-column__content\"><h3 class=\"mpc-icon-column__heading mpc-typography--preset_0 mpc-transition\">TH\u00d4NG TIN C\u0102N H\u1ed8<\/h3><div class=\"mpc-icon-column__description mpc-transition\"><p>Ho\u00e0n h\u1ea3o trong thi\u1ebft k\u1ebf, ho\u00e0n thi\u1ec7n m\u1ed9t \u0111\u1eb3ng c\u1ea5p&#8230;<\/p>\n<\/div><\/div><\/div><\/div><a href=\"https:\/\/phumyhung.vn\/midtown\/thong-tin-can-ho-the-signature\/\" title=\"\"  data-id=\"mpc_button-5969d27b862e26a\" class=\"mpc-button mpc-init mpc-transition mpc-typography--preset_1 \" ><div class=\"mpc-button__content mpc-effect-type--none mpc-effect-side--none\"><span class=\"mpc-button__title mpc-transition\">CHI TI\u1ebeT<\/span><\/div><div class=\"mpc-button__background mpc-transition mpc-effect-type--fade mpc-effect-side--in\"><\/div><\/a>[\/vc_column_inner][\/vc_row_inner][\/vc_column][vc_column][\/vc_column][\/vc_row][vc_row full_width=&#8221;stretch_row_content_no_spaces&#8221; el_class=&#8221;vc_hidden-md vc_hidden-sm vc_hidden-xs&#8221;][vc_column css=&#8221;.vc_custom_1538653321175{background-color: #660a21 !important;}&#8221;]<div id=\"mpc_textblock-2369d27b862e2c2\" class=\"mpc-textblock mpc-init mpc-typography--default \"><p style=\"text-align: center;\"><strong>\u00a0<span style=\"font-size: 24pt;\">&#8211;\u00a0<\/span><span style=\"font-size: 24pt;\">T H E\u00a0 SIGNATURE &#8211;<\/span><br \/>\n<\/strong>(\u0110\u00e3 b\u00e1n h\u1ebft 100%)<\/p>\n<p style=\"text-align: center;\">T\u00ecm hi\u1ec3u th\u00eam th\u00f4ng tin giai \u0111o\u1ea1n 4 Ph\u00fa M\u1ef9 H\u01b0ng Midtown &#8211;\u00a0<strong><a href=\"https:\/\/phumyhung.vn\/midtown\">THE PEAK\u00a0<\/a><\/strong><\/p>\n<p style=\"text-align: center;\"><span style=\"color: #ede48d;\"><a style=\"color: #ede48d;\" href=\"https:\/\/phumyhung.vn\/midtown\"><strong>CLICK V\u00c0O \u0110\u00c2Y<\/strong><\/a><\/span><\/p>\n<\/div>[\/vc_column][\/vc_row][vc_row full_width=&#8221;stretch_row_content_no_spaces&#8221; el_class=&#8221;vc_hidden-lg&#8221;][vc_column css=&#8221;.vc_custom_1538653468797{margin-top: -80px !important;padding-bottom: 40px !important;background-color: #660a21 !important;}&#8221;]<div id=\"mpc_textblock-1069d27b862e34f\" class=\"mpc-textblock mpc-init mpc-typography--default \"><p style=\"text-align: center;\">\u00a0<strong>&#8211;\u00a0T H E\u00a0 SIGNATURE &#8211;<\/strong><br \/>\n(\u0110\u00e3 b\u00e1n h\u1ebft 100%)<\/p>\n<p style=\"text-align: center;\">T\u00ecm hi\u1ec3u th\u00eam th\u00f4ng tin giai \u0111o\u1ea1n 4 Ph\u00fa M\u1ef9 H\u01b0ng Midtown &#8211;\u00a0<strong><a href=\"https:\/\/phumyhung.vn\/midtown\">THE PEAK<\/a><\/strong><\/p>\n<p style=\"text-align: center;\"><span style=\"color: #ede48d;\"><a style=\"color: #ede48d;\" href=\"https:\/\/phumyhung.vn\/midtown\"><strong>CLICK V\u00c0O \u0110\u00c2Y<\/strong><\/a><\/span><\/p>\n<\/div>[\/vc_column][\/vc_row][vc_row full_width=&#8221;stretch_row&#8221; css=&#8221;.vc_custom_1538653331533{background-color: #660a21 !important;}&#8221;][vc_column css=&#8221;.vc_custom_1538653373638{margin-top: -60px !important;margin-bottom: -80px !important;}&#8221;][porto_block name=&#8221;Footer-m8&#8243;][\/vc_column][\/vc_row]\n","protected":false},"excerpt":{"rendered":"<p>[vc_row full_width=&#8221;stretch_row_content_no_spaces&#8221; content_placement=&#8221;top&#8221; preset=&#8221;mpc_preset_198&#8243; content_preset=&#8221;_mpc_preset_198&#8243; first_background_type=&#8221;gradient&#8221; first_background_gradient=&#8221;#f9f9f9||#575a6d||62;62||90||linear&#8221; css=&#8221;.vc_custom_1513074739202{background-position: center !important;background-repeat: no-repeat !important;background-size: contain !important;}&#8221; el_class=&#8221;vc_hidden-lg&#8221;][vc_column css=&#8221;.vc_custom_1538653558102{margin-top: -40px !important;margin-bottom: -68px !important;background-position: 0 0 !important;background-repeat: no-repeat !important;}&#8221;][vc_single_image image=&#8221;5967&#8243;<\/p>\n","protected":false},"author":1,"featured_media":0,"parent":0,"menu_order":0,"comment_status":"closed","ping_status":"closed","template":"","meta":{"inline_featured_image":false,"footnotes":""},"class_list":["post-6599","page","type-page","status-publish","hentry"],"yoast_head":"<!-- This site is optimized with the Yoast SEO plugin v27.3 - https:\/\/yoast.com\/product\/yoast-seo-wordpress\/ -->\n<title>The Signature - Ph\u00fa M\u1ef9 H\u01b0ng Midtown<\/title>\n<meta name=\"description\" content=\"Chi\u1ebfm gi\u1eef v\u1ecb tr\u00ed \u201ctrung t\u00e2m c\u1ee7a trung t\u00e2m\u201d, THE SIGNATURE v\u1eeba l\u00e0 bi\u1ec3u t\u01b0\u1ee3ng c\u1ee7a to\u00e0n khu Midtown s\u1ea7m u\u1ea5t, v\u1eeba k\u1ebft n\u1ed1i tr\u1ef1c di\u1ec7n v\u1edbi qu\u1ea3ng tr\u01b0\u1eddng n\u01b0\u1edbc\" \/>\n<meta name=\"robots\" content=\"index, follow, max-snippet:-1, max-image-preview:large, max-video-preview:-1\" \/>\n<link rel=\"canonical\" href=\"https:\/\/phumyhung.vn\/midtown\/phu-my-hung-the-signataure\/\" \/>\n<meta property=\"og:locale\" content=\"vi_VN\" \/>\n<meta property=\"og:type\" content=\"article\" \/>\n<meta property=\"og:title\" content=\"The Signature - Ph\u00fa M\u1ef9 H\u01b0ng Midtown\" \/>\n<meta property=\"og:description\" content=\"Chi\u1ebfm gi\u1eef v\u1ecb tr\u00ed \u201ctrung t\u00e2m c\u1ee7a trung t\u00e2m\u201d, THE SIGNATURE v\u1eeba l\u00e0 bi\u1ec3u t\u01b0\u1ee3ng c\u1ee7a to\u00e0n khu Midtown s\u1ea7m u\u1ea5t, v\u1eeba k\u1ebft n\u1ed1i tr\u1ef1c di\u1ec7n v\u1edbi qu\u1ea3ng tr\u01b0\u1eddng n\u01b0\u1edbc\" \/>\n<meta property=\"og:url\" content=\"https:\/\/phumyhung.vn\/midtown\/phu-my-hung-the-signataure\/\" \/>\n<meta property=\"og:site_name\" content=\"Midtown\" \/>\n<meta property=\"article:publisher\" content=\"https:\/\/www.facebook.com\/177552835671920\" \/>\n<meta property=\"article:modified_time\" content=\"2018-10-04T11:53:36+00:00\" \/>\n<meta name=\"twitter:card\" content=\"summary_large_image\" \/>\n<meta name=\"twitter:label1\" content=\"\u01af\u1edbc t\u00ednh th\u1eddi gian \u0111\u1ecdc\" \/>\n\t<meta name=\"twitter:data1\" content=\"10 ph\u00fat\" \/>\n<script type=\"application\/ld+json\" class=\"yoast-schema-graph\">{\"@context\":\"https:\\\/\\\/schema.org\",\"@graph\":[{\"@type\":\"WebPage\",\"@id\":\"https:\\\/\\\/phumyhung.vn\\\/midtown\\\/phu-my-hung-the-signataure\\\/\",\"url\":\"https:\\\/\\\/phumyhung.vn\\\/midtown\\\/phu-my-hung-the-signataure\\\/\",\"name\":\"The Signature - Ph\u00fa M\u1ef9 H\u01b0ng Midtown\",\"isPartOf\":{\"@id\":\"https:\\\/\\\/phumyhung.vn\\\/midtown\\\/#website\"},\"datePublished\":\"2018-08-16T04:04:35+00:00\",\"dateModified\":\"2018-10-04T11:53:36+00:00\",\"description\":\"Chi\u1ebfm gi\u1eef v\u1ecb tr\u00ed \u201ctrung t\u00e2m c\u1ee7a trung t\u00e2m\u201d, THE SIGNATURE v\u1eeba l\u00e0 bi\u1ec3u t\u01b0\u1ee3ng c\u1ee7a to\u00e0n khu Midtown s\u1ea7m u\u1ea5t, v\u1eeba k\u1ebft n\u1ed1i tr\u1ef1c di\u1ec7n v\u1edbi qu\u1ea3ng tr\u01b0\u1eddng n\u01b0\u1edbc\",\"breadcrumb\":{\"@id\":\"https:\\\/\\\/phumyhung.vn\\\/midtown\\\/phu-my-hung-the-signataure\\\/#breadcrumb\"},\"inLanguage\":\"vi\",\"potentialAction\":[{\"@type\":\"ReadAction\",\"target\":[\"https:\\\/\\\/phumyhung.vn\\\/midtown\\\/phu-my-hung-the-signataure\\\/\"]}]},{\"@type\":\"BreadcrumbList\",\"@id\":\"https:\\\/\\\/phumyhung.vn\\\/midtown\\\/phu-my-hung-the-signataure\\\/#breadcrumb\",\"itemListElement\":[{\"@type\":\"ListItem\",\"position\":1,\"name\":\"Home\",\"item\":\"https:\\\/\\\/phumyhung.vn\\\/midtown\\\/\"},{\"@type\":\"ListItem\",\"position\":2,\"name\":\"The Signature\"}]},{\"@type\":\"WebSite\",\"@id\":\"https:\\\/\\\/phumyhung.vn\\\/midtown\\\/#website\",\"url\":\"https:\\\/\\\/phumyhung.vn\\\/midtown\\\/\",\"name\":\"Midtown\",\"description\":\"Phu My Hung\",\"potentialAction\":[{\"@type\":\"SearchAction\",\"target\":{\"@type\":\"EntryPoint\",\"urlTemplate\":\"https:\\\/\\\/phumyhung.vn\\\/midtown\\\/?s={search_term_string}\"},\"query-input\":{\"@type\":\"PropertyValueSpecification\",\"valueRequired\":true,\"valueName\":\"search_term_string\"}}],\"inLanguage\":\"vi\"}]}<\/script>\n<!-- \/ Yoast SEO plugin. -->","yoast_head_json":{"title":"The Signature - Ph\u00fa M\u1ef9 H\u01b0ng Midtown","description":"Chi\u1ebfm gi\u1eef v\u1ecb tr\u00ed \u201ctrung t\u00e2m c\u1ee7a trung t\u00e2m\u201d, THE SIGNATURE v\u1eeba l\u00e0 bi\u1ec3u t\u01b0\u1ee3ng c\u1ee7a to\u00e0n khu Midtown s\u1ea7m u\u1ea5t, v\u1eeba k\u1ebft n\u1ed1i tr\u1ef1c di\u1ec7n v\u1edbi qu\u1ea3ng tr\u01b0\u1eddng n\u01b0\u1edbc","robots":{"index":"index","follow":"follow","max-snippet":"max-snippet:-1","max-image-preview":"max-image-preview:large","max-video-preview":"max-video-preview:-1"},"canonical":"https:\/\/phumyhung.vn\/midtown\/phu-my-hung-the-signataure\/","og_locale":"vi_VN","og_type":"article","og_title":"The Signature - Ph\u00fa M\u1ef9 H\u01b0ng Midtown","og_description":"Chi\u1ebfm gi\u1eef v\u1ecb tr\u00ed \u201ctrung t\u00e2m c\u1ee7a trung t\u00e2m\u201d, THE SIGNATURE v\u1eeba l\u00e0 bi\u1ec3u t\u01b0\u1ee3ng c\u1ee7a to\u00e0n khu Midtown s\u1ea7m u\u1ea5t, v\u1eeba k\u1ebft n\u1ed1i tr\u1ef1c di\u1ec7n v\u1edbi qu\u1ea3ng tr\u01b0\u1eddng n\u01b0\u1edbc","og_url":"https:\/\/phumyhung.vn\/midtown\/phu-my-hung-the-signataure\/","og_site_name":"Midtown","article_publisher":"https:\/\/www.facebook.com\/177552835671920","article_modified_time":"2018-10-04T11:53:36+00:00","twitter_card":"summary_large_image","twitter_misc":{"\u01af\u1edbc t\u00ednh th\u1eddi gian \u0111\u1ecdc":"10 ph\u00fat"},"schema":{"@context":"https:\/\/schema.org","@graph":[{"@type":"WebPage","@id":"https:\/\/phumyhung.vn\/midtown\/phu-my-hung-the-signataure\/","url":"https:\/\/phumyhung.vn\/midtown\/phu-my-hung-the-signataure\/","name":"The Signature - Ph\u00fa M\u1ef9 H\u01b0ng Midtown","isPartOf":{"@id":"https:\/\/phumyhung.vn\/midtown\/#website"},"datePublished":"2018-08-16T04:04:35+00:00","dateModified":"2018-10-04T11:53:36+00:00","description":"Chi\u1ebfm gi\u1eef v\u1ecb tr\u00ed \u201ctrung t\u00e2m c\u1ee7a trung t\u00e2m\u201d, THE SIGNATURE v\u1eeba l\u00e0 bi\u1ec3u t\u01b0\u1ee3ng c\u1ee7a to\u00e0n khu Midtown s\u1ea7m u\u1ea5t, v\u1eeba k\u1ebft n\u1ed1i tr\u1ef1c di\u1ec7n v\u1edbi qu\u1ea3ng tr\u01b0\u1eddng n\u01b0\u1edbc","breadcrumb":{"@id":"https:\/\/phumyhung.vn\/midtown\/phu-my-hung-the-signataure\/#breadcrumb"},"inLanguage":"vi","potentialAction":[{"@type":"ReadAction","target":["https:\/\/phumyhung.vn\/midtown\/phu-my-hung-the-signataure\/"]}]},{"@type":"BreadcrumbList","@id":"https:\/\/phumyhung.vn\/midtown\/phu-my-hung-the-signataure\/#breadcrumb","itemListElement":[{"@type":"ListItem","position":1,"name":"Home","item":"https:\/\/phumyhung.vn\/midtown\/"},{"@type":"ListItem","position":2,"name":"The Signature"}]},{"@type":"WebSite","@id":"https:\/\/phumyhung.vn\/midtown\/#website","url":"https:\/\/phumyhung.vn\/midtown\/","name":"Midtown","description":"Phu My Hung","potentialAction":[{"@type":"SearchAction","target":{"@type":"EntryPoint","urlTemplate":"https:\/\/phumyhung.vn\/midtown\/?s={search_term_string}"},"query-input":{"@type":"PropertyValueSpecification","valueRequired":true,"valueName":"search_term_string"}}],"inLanguage":"vi"}]}},"_links":{"self":[{"href":"https:\/\/phumyhung.vn\/midtown\/wp-json\/wp\/v2\/pages\/6599","targetHints":{"allow":["GET"]}}],"collection":[{"href":"https:\/\/phumyhung.vn\/midtown\/wp-json\/wp\/v2\/pages"}],"about":[{"href":"https:\/\/phumyhung.vn\/midtown\/wp-json\/wp\/v2\/types\/page"}],"author":[{"embeddable":true,"href":"https:\/\/phumyhung.vn\/midtown\/wp-json\/wp\/v2\/users\/1"}],"replies":[{"embeddable":true,"href":"https:\/\/phumyhung.vn\/midtown\/wp-json\/wp\/v2\/comments?post=6599"}],"version-history":[{"count":0,"href":"https:\/\/phumyhung.vn\/midtown\/wp-json\/wp\/v2\/pages\/6599\/revisions"}],"wp:attachment":[{"href":"https:\/\/phumyhung.vn\/midtown\/wp-json\/wp\/v2\/media?parent=6599"}],"curies":[{"name":"wp","href":"https:\/\/api.w.org\/{rel}","templated":true}]}}