{"id":7687,"date":"2018-09-08T10:19:58","date_gmt":"2018-09-08T03:19:58","guid":{"rendered":"https:\/\/phumyhung.vn\/midtown\/?page_id=7687"},"modified":"2021-12-22T08:43:20","modified_gmt":"2021-12-22T01:43:20","slug":"vi-tri-the-peak","status":"publish","type":"page","link":"https:\/\/phumyhung.vn\/midtown\/vi-tri-the-peak\/","title":{"rendered":"V\u1eca TR\u00cd"},"content":{"rendered":"[vc_row full_width=&#8221;stretch_row_content_no_spaces&#8221; content_placement=&#8221;top&#8221;][vc_column][vc_column_text]<img decoding=\"async\" class=\"style-svg\" src=\"\/midtown\/wp-content\/uploads\/2018\/09\/vitri-page-2.svg\" alt=\"V\u1ecb tr\u00ed\" \/><br \/>\n[\/vc_column_text][\/vc_column][\/vc_row][vc_row full_width=&#8221;stretch_row_content&#8221; content_placement=&#8221;top&#8221; css=&#8221;.vc_custom_1538479016808{margin-top: -45px !important;background-color: #61061d !important;}&#8221; el_class=&#8221;vc_hidden-md vc_hidden-sm vc_hidden-xs&#8221;][vc_column]<div id=\"ultimate-heading-115569d7a3f4de5cf\" class=\"uvc-heading ult-adjust-bottom-margin ultimate-heading-115569d7a3f4de5cf uvc-8735 \" data-hspacer=\"no_spacer\"  data-halign=\"center\" style=\"text-align:center\"><div class=\"uvc-heading-spacer no_spacer\" style=\"top\"><\/div><div class=\"uvc-sub-heading ult-responsive\"  data-ultimate-target='.uvc-heading.ultimate-heading-115569d7a3f4de5cf .uvc-sub-heading '  data-responsive-json-new='{\"font-size\":\"desktop:24px;\",\"line-height\":\"\"}'  style=\"font-weight:normal;color:#fff8bb;margin-bottom:5px;\">V\u1ecb th\u1ebf\u00a0<span class=\"headline\">\u0110\u1ec8NH CAO<\/span><br \/>\nki\u1ebfn tr\u00fac\u00a0<span class=\"headline\">TUY\u1ec6T M\u1ef8 <\/span><\/div><\/div>[\/vc_column][\/vc_row][vc_row full_width=&#8221;stretch_row_content&#8221; content_placement=&#8221;top&#8221; css=&#8221;.vc_custom_1538479010312{margin-top: -45px !important;background-color: #61061d !important;}&#8221; el_class=&#8221;vc_hidden-lg&#8221;][vc_column]<div id=\"ultimate-heading-914469d7a3f4de664\" class=\"uvc-heading ult-adjust-bottom-margin ultimate-heading-914469d7a3f4de664 uvc-7333 \" data-hspacer=\"no_spacer\"  data-halign=\"center\" style=\"text-align:center\"><div class=\"uvc-heading-spacer no_spacer\" style=\"top\"><\/div><div class=\"uvc-sub-heading ult-responsive\"  data-ultimate-target='.uvc-heading.ultimate-heading-914469d7a3f4de664 .uvc-sub-heading '  data-responsive-json-new='{\"font-size\":\"desktop:16px;\",\"line-height\":\"\"}'  style=\"font-weight:normal;color:#fff8bb;margin-bottom:5px;\">V\u1ecb th\u1ebf <span class=\"headline\">\u0110\u1ec8NH CAO<\/span><br \/>\nki\u1ebfn tr\u00fac\u00a0<span class=\"headline\">TUY\u1ec6T M\u1ef8 <\/span><\/div><\/div>[\/vc_column][\/vc_row][vc_row full_width=&#8221;stretch_row&#8221; content_placement=&#8221;top&#8221; css=&#8221;.vc_custom_1538540630334{margin-top: -45px !important;background-color: #61061d !important;}&#8221; el_class=&#8221;vc_hidden-md vc_hidden-sm vc_hidden-xs&#8221;][vc_column css=&#8221;.vc_custom_1538379065687{padding-bottom: 40px !important;}&#8221;][vc_column_text]\n<p style=\"text-align: justify;\"><span style=\"color: #fff8bb;\">N\u1ebfu Ph\u00fa M\u1ef9 H\u01b0ng Midtown l\u00e0 tuy\u1ec7t t\u00e1c ki\u1ebfn tr\u00fac ch\u1ec9 xu\u1ea5t hi\u1ec7n m\u1ed9t l\u1ea7n th\u00ec <span style=\"font-size: 14pt;\"><strong>THE PEAK<\/strong><\/span> ch\u00ednh l\u00e0 c\u00f4ng tr\u00ecnh chi\u1ebfm gi\u1eef <strong>V\u1eca TR\u00cd \u0110\u1eb8P NH\u1ea4T<\/strong>, d\u1ef1 \u00e1n \u0111\u1ec9nh cao c\u1ee7a to\u00e0n khu ph\u1ee9c h\u1ee3p n\u00e0y.<\/span><\/p>\n<p style=\"text-align: justify;\"><span style=\"color: #fff8bb;\">Gi\u1eefa \u0111\u00f4 th\u1ecb hi\u1ec7n \u0111\u1ea1i chu\u1ea9n qu\u1ed1c t\u1ebf, s\u1ef1 hi\u1ec7n di\u1ec7n c\u1ee7a thi\u00ean nhi\u00ean tr\u1edf n\u00ean ho\u00e0n h\u1ea3o v\u00e0 gi\u00e1 tr\u1ecb h\u01a1n. THE PEAK ng\u1ef1 \u1edf v\u1ecb tr\u00ed tuy\u1ec7t \u0111\u1eb9p b\u00ean d\u00f2ng s\u00f4ng \u00eam \u0111\u1ec1m, c\u00f3 t\u1ea7m nh\u00ecn v\u1ec1 khu Th\u01b0\u01a1ng m\u1ea1i T\u00e0i ch\u00ednh Qu\u1ed1c t\u1ebf s\u1ea7m u\u1ea5t, k\u1ebft n\u1ed1i v\u1edbi nh\u1eefng khu d\u00e2n c\u01b0 mang phong c\u00e1ch ngh\u1ec9 d\u01b0\u1ee1ng sang tr\u1ecdng gi\u1eefa Nam Vi\u00ean \u2013 n\u01a1i c\u00f3 m\u1eadt \u0111\u1ed9 xanh cao nh\u1ea5t Ph\u00fa M\u1ef9 H\u01b0ng. \u0110\u00e2y l\u00e0 h\u1ee3p ph\u1ea7n th\u1ee9 t\u01b0, c\u0169ng l\u00e0 <span style=\"font-size: 14pt;\"><strong>D\u1ef0 \u00c1N CU\u1ed0I C\u00d9NG<\/strong><\/span> c\u1ee7a khu ph\u1ee9c h\u1ee3p c\u1ee7a Midtown, ho\u00e0n thi\u1ec7n b\u1ee9c tranh \u201ctuy\u1ec7t t\u00e1c ki\u1ebfn tr\u00fac\u201d Midtown.<\/span><\/p>\n<p style=\"text-align: justify;\"><span style=\"color: #fff8bb;\">Nh\u1eefng t\u00f2a nh\u00e0 mang ki\u1ebfn tr\u00fac th\u1eddi th\u01b0\u1ee3ng h\u00f2a quy\u1ec7n tinh t\u1ebf c\u00f9ng kh\u00f4ng gian, u\u1ed1n l\u01b0\u1ee3n nh\u1eb9 nh\u00e0ng b\u00ean d\u00f2ng s\u00f4ng, mang \u0111\u1ebfn c\u1ea3m gi\u00e1c h\u00f2a m\u00ecnh v\u00e0o thi\u00ean nhi\u00ean bao la. Ngh\u1ec7 thu\u1eadt \u201cs\u1eafp \u0111\u1eb7t\u201d \u0111\u01b0\u1ee3c c\u00e1c ki\u1ebfn tr\u00fac s\u01b0 th\u1ef1c hi\u1ec7n kh\u00e9o l\u00e9o, khi\u1ebfn m\u1ed7i c\u0103n h\u1ed9 \u0111\u1ec1u s\u1edf h\u1eefu t\u1ea7m nh\u00ecn, \u00e1nh s\u00e1ng v\u00e0 s\u1ef1 th\u00f4ng tho\u00e1ng ho\u00e0n h\u1ea3o: h\u01b0\u1edbng ra c\u1ea3nh quan n\u1ed9i khu \u0111\u1ed9c \u0111\u00e1o, c\u00f4ng vi\u00ean Sakura Park nh\u1ed9n nh\u1ecbp, nh\u1eefng m\u1ea3ng xanh m\u00e1t c\u1ee7a khu Nam Vi\u00ean, nh\u1eefng c\u00f4ng tr\u00ecnh bi\u1ec3u t\u01b0\u1ee3ng c\u1ee7a t\u00f2a nh\u00e0 The Signature\u2026<\/span><\/p>\n[\/vc_column_text][vc_column_text]<a href=\"https:\/\/phumyhung.vn\/midtown\/wp-content\/uploads\/2018\/09\/THE-PEAK.jpg\" data-lbwps-width=\"1836\" data-lbwps-height=\"1034\" data-lbwps-srcsmall=\"https:\/\/phumyhung.vn\/midtown\/wp-content\/uploads\/2018\/09\/THE-PEAK-1600x901.jpg\"><img loading=\"lazy\" decoding=\"async\" class=\"aligncenter wp-image-7689 size-full\" src=\"https:\/\/phumyhung.vn\/midtown\/wp-content\/uploads\/2018\/09\/THE-PEAK.jpg\" alt=\"\" width=\"1836\" height=\"1034\" srcset=\"https:\/\/phumyhung.vn\/midtown\/wp-content\/uploads\/2018\/09\/THE-PEAK.jpg 1836w, https:\/\/phumyhung.vn\/midtown\/wp-content\/uploads\/2018\/09\/THE-PEAK-1600x901.jpg 1600w, https:\/\/phumyhung.vn\/midtown\/wp-content\/uploads\/2018\/09\/THE-PEAK-768x433.jpg 768w, https:\/\/phumyhung.vn\/midtown\/wp-content\/uploads\/2018\/09\/THE-PEAK-260x146.jpg 260w, https:\/\/phumyhung.vn\/midtown\/wp-content\/uploads\/2018\/09\/THE-PEAK-50x28.jpg 50w, https:\/\/phumyhung.vn\/midtown\/wp-content\/uploads\/2018\/09\/THE-PEAK-133x75.jpg 133w, https:\/\/phumyhung.vn\/midtown\/wp-content\/uploads\/2018\/09\/THE-PEAK-1200x675.jpg 1200w\" sizes=\"auto, (max-width: 1836px) 100vw, 1836px\" \/><\/a><\/p>\n<p style=\"text-align: justify;\"><span style=\"color: #fff8bb;\">C\u01b0 d\u00e2n The Peak c\u00f2n d\u1ec5 d\u00e0ng ti\u1ebfp c\u1eadn chu\u1ed7i d\u1ecbch v\u1ee5 &#8211; ti\u1ec7n \u00edch \u0111\u00f4 th\u1ecb ho\u00e0n thi\u1ec7n. N\u1ed5i b\u1eadt l\u00e0 h\u1ec7 th\u1ed1ng tr\u01b0\u1eddng h\u1ecdc qu\u1ed1c t\u1ebf ch\u1ec9 trong kho\u1ea3ng c\u00e1ch \u0111i b\u1ed9: tr\u01b0\u1eddng Nh\u1eadt B\u1ea3n, H\u00e0n Qu\u1ed1c, \u0110\u00e0i B\u1eafc, Canada, Nam S\u00e0i G\u00f2n v\u00e0 trong t\u01b0\u01a1ng lai l\u00e0 tr\u01b0\u1eddng \u0110inh Thi\u1ec7n L\u00fd 2 v\u00e0 Nam S\u00e0i G\u00f2n 2. C\u00e1c ti\u1ec7n nghi v\u1ec1 gi\u1ea3i tr\u00ed, mua s\u1eafm, ch\u0103m s\u00f3c s\u1ee9c kh\u1ecfe, t\u00e0i ch\u00ednh c\u0169ng ch\u1ec9 c\u00e1ch v\u00e0i ph\u00fat \u0111i xe. <\/span><\/p>\n[\/vc_column_text][vc_single_image image=&#8221;9560&#8243; img_size=&#8221;798&#215;768&#8243; alignment=&#8221;center&#8221; css=&#8221;.vc_custom_1538479493902{margin-top: -30px !important;}&#8221;][vc_column_text css=&#8221;.vc_custom_1538379237202{margin-top: -30px !important;}&#8221;]\n<p style=\"text-align: justify;\"><span style=\"color: #fff8bb;\">\u201cT\u1ea1i Ph\u00fa M\u1ef9 H\u01b0ng Midtown, c\u01b0 d\u00e2n c\u00f3 th\u1ec3 t\u1eadn h\u01b0\u1edfng thi\u00ean nhi\u00ean chan h\u00f2a v\u00e0 c\u1ea3nh quan m\u00e3n nh\u00e3n, th\u01b0 gi\u00e3n c\u00f9ng ti\u1ebfng chim h\u00f3t s\u1edbm mai, ng\u1eafm nh\u00ecn nh\u1eefng m\u1ea3ng xanh chen hoa khoe s\u1eafc, \u0111\u1ed3ng th\u1eddi tr\u1ea3i nghi\u1ec7m s\u1ef1 ti\u1ec7n nghi c\u1ee7a cu\u1ed9c s\u1ed1ng n\u01a1i ph\u1ed1 th\u1ecb. \u0110\u00f3 l\u00e0 s\u1ef1 k\u1ebft h\u1ee3p m\u01b0\u1ee3t m\u00e0 gi\u1eefa phong c\u00e1ch s\u1ed1ng hi\u1ec7n \u0111\u1ea1i v\u00e0 thi\u00ean nhi\u00ean y\u00ean b\u00ecnh.\u201d \u2013 Theo ki\u1ebfn tr\u00fac s\u01b0 thi\u1ebft k\u1ebf d\u1ef1 \u00e1n.<\/span><\/p>\n[\/vc_column_text][\/vc_column][\/vc_row][vc_row full_width=&#8221;stretch_row_content&#8221; content_placement=&#8221;top&#8221; css=&#8221;.vc_custom_1538540621573{margin-top: -45px !important;background-color: #61061d !important;}&#8221; el_class=&#8221;vc_hidden-lg&#8221;][vc_column css=&#8221;.vc_custom_1538379065687{padding-bottom: 40px !important;}&#8221;][vc_column_text]\n<p style=\"text-align: justify;\"><span style=\"color: #fff8bb;\">N\u1ebfu Ph\u00fa M\u1ef9 H\u01b0ng Midtown l\u00e0 tuy\u1ec7t t\u00e1c ki\u1ebfn tr\u00fac ch\u1ec9 xu\u1ea5t hi\u1ec7n m\u1ed9t l\u1ea7n th\u00ec <span style=\"font-size: 14pt;\"><strong>THE PEAK<\/strong><\/span> ch\u00ednh l\u00e0 c\u00f4ng tr\u00ecnh chi\u1ebfm gi\u1eef <strong>V\u1eca TR\u00cd \u0110\u1eb8P NH\u1ea4T<\/strong>, d\u1ef1 \u00e1n \u0111\u1ec9nh cao c\u1ee7a to\u00e0n khu ph\u1ee9c h\u1ee3p n\u00e0y.<\/span><\/p>\n<p style=\"text-align: justify;\"><span style=\"color: #fff8bb;\">Gi\u1eefa \u0111\u00f4 th\u1ecb hi\u1ec7n \u0111\u1ea1i chu\u1ea9n qu\u1ed1c t\u1ebf, s\u1ef1 hi\u1ec7n di\u1ec7n c\u1ee7a thi\u00ean nhi\u00ean tr\u1edf n\u00ean ho\u00e0n h\u1ea3o v\u00e0 gi\u00e1 tr\u1ecb h\u01a1n. THE PEAK ng\u1ef1 \u1edf v\u1ecb tr\u00ed tuy\u1ec7t \u0111\u1eb9p b\u00ean d\u00f2ng s\u00f4ng \u00eam \u0111\u1ec1m, c\u00f3 t\u1ea7m nh\u00ecn v\u1ec1 khu Th\u01b0\u01a1ng m\u1ea1i T\u00e0i ch\u00ednh Qu\u1ed1c t\u1ebf s\u1ea7m u\u1ea5t, k\u1ebft n\u1ed1i v\u1edbi nh\u1eefng khu d\u00e2n c\u01b0 mang phong c\u00e1ch ngh\u1ec9 d\u01b0\u1ee1ng sang tr\u1ecdng gi\u1eefa Nam Vi\u00ean \u2013 n\u01a1i c\u00f3 m\u1eadt \u0111\u1ed9 xanh cao nh\u1ea5t Ph\u00fa M\u1ef9 H\u01b0ng. \u0110\u00e2y l\u00e0 h\u1ee3p ph\u1ea7n th\u1ee9 t\u01b0, c\u0169ng l\u00e0 <span style=\"font-size: 14pt;\"><strong>D\u1ef0 \u00c1N CU\u1ed0I C\u00d9NG<\/strong><\/span> c\u1ee7a khu ph\u1ee9c h\u1ee3p c\u1ee7a Midtown, ho\u00e0n thi\u1ec7n b\u1ee9c tranh \u201ctuy\u1ec7t t\u00e1c ki\u1ebfn tr\u00fac\u201d Midtown.<\/span><\/p>\n<p style=\"text-align: justify;\"><span style=\"color: #fff8bb;\">Nh\u1eefng t\u00f2a nh\u00e0 mang ki\u1ebfn tr\u00fac th\u1eddi th\u01b0\u1ee3ng h\u00f2a quy\u1ec7n tinh t\u1ebf c\u00f9ng kh\u00f4ng gian, u\u1ed1n l\u01b0\u1ee3n nh\u1eb9 nh\u00e0ng b\u00ean d\u00f2ng s\u00f4ng, mang \u0111\u1ebfn c\u1ea3m gi\u00e1c h\u00f2a m\u00ecnh v\u00e0o thi\u00ean nhi\u00ean bao la. Ngh\u1ec7 thu\u1eadt \u201cs\u1eafp \u0111\u1eb7t\u201d \u0111\u01b0\u1ee3c c\u00e1c ki\u1ebfn tr\u00fac s\u01b0 th\u1ef1c hi\u1ec7n kh\u00e9o l\u00e9o, khi\u1ebfn m\u1ed7i c\u0103n h\u1ed9 \u0111\u1ec1u s\u1edf h\u1eefu t\u1ea7m nh\u00ecn, \u00e1nh s\u00e1ng v\u00e0 s\u1ef1 th\u00f4ng tho\u00e1ng ho\u00e0n h\u1ea3o: h\u01b0\u1edbng ra c\u1ea3nh quan n\u1ed9i khu \u0111\u1ed9c \u0111\u00e1o, c\u00f4ng vi\u00ean Sakura Park nh\u1ed9n nh\u1ecbp, nh\u1eefng m\u1ea3ng xanh m\u00e1t c\u1ee7a khu Nam Vi\u00ean, nh\u1eefng c\u00f4ng tr\u00ecnh bi\u1ec3u t\u01b0\u1ee3ng c\u1ee7a t\u00f2a nh\u00e0 The Signature\u2026<\/span><\/p>\n[\/vc_column_text][vc_column_text]<a href=\"https:\/\/phumyhung.vn\/midtown\/wp-content\/uploads\/2018\/09\/THE-PEAK.jpg\" data-lbwps-width=\"1836\" data-lbwps-height=\"1034\" data-lbwps-srcsmall=\"https:\/\/phumyhung.vn\/midtown\/wp-content\/uploads\/2018\/09\/THE-PEAK-1600x901.jpg\"><img loading=\"lazy\" decoding=\"async\" class=\"aligncenter wp-image-7689 size-full\" src=\"https:\/\/phumyhung.vn\/midtown\/wp-content\/uploads\/2018\/09\/THE-PEAK.jpg\" alt=\"\" width=\"1836\" height=\"1034\" srcset=\"https:\/\/phumyhung.vn\/midtown\/wp-content\/uploads\/2018\/09\/THE-PEAK.jpg 1836w, https:\/\/phumyhung.vn\/midtown\/wp-content\/uploads\/2018\/09\/THE-PEAK-1600x901.jpg 1600w, https:\/\/phumyhung.vn\/midtown\/wp-content\/uploads\/2018\/09\/THE-PEAK-768x433.jpg 768w, https:\/\/phumyhung.vn\/midtown\/wp-content\/uploads\/2018\/09\/THE-PEAK-260x146.jpg 260w, https:\/\/phumyhung.vn\/midtown\/wp-content\/uploads\/2018\/09\/THE-PEAK-50x28.jpg 50w, https:\/\/phumyhung.vn\/midtown\/wp-content\/uploads\/2018\/09\/THE-PEAK-133x75.jpg 133w, https:\/\/phumyhung.vn\/midtown\/wp-content\/uploads\/2018\/09\/THE-PEAK-1200x675.jpg 1200w\" sizes=\"auto, (max-width: 1836px) 100vw, 1836px\" \/><\/a><\/p>\n<p style=\"text-align: justify;\"><span style=\"color: #fff8bb;\">C\u01b0 d\u00e2n The Peak c\u00f2n d\u1ec5 d\u00e0ng ti\u1ebfp c\u1eadn chu\u1ed7i d\u1ecbch v\u1ee5 &#8211; ti\u1ec7n \u00edch \u0111\u00f4 th\u1ecb ho\u00e0n thi\u1ec7n. N\u1ed5i b\u1eadt l\u00e0 h\u1ec7 th\u1ed1ng tr\u01b0\u1eddng h\u1ecdc qu\u1ed1c t\u1ebf ch\u1ec9 trong kho\u1ea3ng c\u00e1ch \u0111i b\u1ed9: tr\u01b0\u1eddng Nh\u1eadt B\u1ea3n, H\u00e0n Qu\u1ed1c, \u0110\u00e0i B\u1eafc, Canada, Nam S\u00e0i G\u00f2n v\u00e0 trong t\u01b0\u01a1ng lai l\u00e0 tr\u01b0\u1eddng \u0110inh Thi\u1ec7n L\u00fd 2 v\u00e0 Nam S\u00e0i G\u00f2n 2. C\u00e1c ti\u1ec7n nghi v\u1ec1 gi\u1ea3i tr\u00ed, mua s\u1eafm, ch\u0103m s\u00f3c s\u1ee9c kh\u1ecfe, t\u00e0i ch\u00ednh c\u0169ng ch\u1ec9 c\u00e1ch v\u00e0i ph\u00fat \u0111i xe. <\/span><\/p>\n[\/vc_column_text][vc_single_image image=&#8221;9560&#8243; img_size=&#8221;798&#215;768&#8243; alignment=&#8221;center&#8221; css=&#8221;.vc_custom_1538479493902{margin-top: -30px !important;}&#8221;][vc_column_text css=&#8221;.vc_custom_1538379237202{margin-top: -30px !important;}&#8221;]\n<p style=\"text-align: justify;\"><span style=\"color: #fff8bb;\">\u201cT\u1ea1i Ph\u00fa M\u1ef9 H\u01b0ng Midtown, c\u01b0 d\u00e2n c\u00f3 th\u1ec3 t\u1eadn h\u01b0\u1edfng thi\u00ean nhi\u00ean chan h\u00f2a v\u00e0 c\u1ea3nh quan m\u00e3n nh\u00e3n, th\u01b0 gi\u00e3n c\u00f9ng ti\u1ebfng chim h\u00f3t s\u1edbm mai, ng\u1eafm nh\u00ecn nh\u1eefng m\u1ea3ng xanh chen hoa khoe s\u1eafc, \u0111\u1ed3ng th\u1eddi tr\u1ea3i nghi\u1ec7m s\u1ef1 ti\u1ec7n nghi c\u1ee7a cu\u1ed9c s\u1ed1ng n\u01a1i ph\u1ed1 th\u1ecb. \u0110\u00f3 l\u00e0 s\u1ef1 k\u1ebft h\u1ee3p m\u01b0\u1ee3t m\u00e0 gi\u1eefa phong c\u00e1ch s\u1ed1ng hi\u1ec7n \u0111\u1ea1i v\u00e0 thi\u00ean nhi\u00ean y\u00ean b\u00ecnh.\u201d \u2013 Theo ki\u1ebfn tr\u00fac s\u01b0 thi\u1ebft k\u1ebf d\u1ef1 \u00e1n.<\/span><\/p>\n[\/vc_column_text][\/vc_column][\/vc_row][vc_row full_width=&#8221;stretch_row_content_no_spaces&#8221;][vc_column css=&#8221;.vc_custom_1538379467434{margin-top: -40px !important;}&#8221;][vc_gmaps link=&#8221;#E-8_JTNDaWZyYW1lJTIwc3JjJTNEJTIyaHR0cHMlM0ElMkYlMkZ3d3cuZ29vZ2xlLmNvbSUyRm1hcHMlMkZlbWJlZCUzRnBiJTNEJTIxMW0xNCUyMTFtOCUyMTFtMyUyMTFkMTk2MC4wNjM5NjQzOTc0NDQ2JTIxMmQxMDYuNzI3NjQ4MiUyMTNkMTAuNzI0NjE1JTIxM20yJTIxMWkxMDI0JTIxMmk3NjglMjE0ZjEzLjElMjEzbTMlMjExbTIlMjExczB4MzE3NTI1YTc0ZjgyZTJmNSUyNTNBMHg5ODY1YWFiNjMzNzc4ZGRkJTIxMnNNOCUyNTIwUmVzaWRlbnRhbCUyMTVlMCUyMTNtMiUyMTFzdmklMjEycyUyMTR2MTY0MDEzNzQwNjg4OCUyMTVtMiUyMTFzdmklMjEycyUyMiUyMHdpZHRoJTNEJTIyMTAwJTI1JTIyJTIwaGVpZ2h0JTNEJTIyNjAwJTIyJTIwc3R5bGUlM0QlMjJib3JkZXIlM0EwJTNCJTIyJTIwYWxsb3dmdWxsc2NyZWVuJTNEJTIyJTIyJTIwbG9hZGluZyUzRCUyMmxhenklMjIlM0UlM0MlMkZpZnJhbWUlM0U=&#8221; css_animation=&#8221;slideInUp&#8221;][\/vc_column][\/vc_row]\n","protected":false},"excerpt":{"rendered":"<p>[vc_row full_width=&#8221;stretch_row_content_no_spaces&#8221; content_placement=&#8221;top&#8221;][vc_column][vc_column_text] [\/vc_column_text][\/vc_column][\/vc_row][vc_row full_width=&#8221;stretch_row_content&#8221; content_placement=&#8221;top&#8221; css=&#8221;.vc_custom_1538479016808{margin-top: -45px !important;background-color: #61061d !important;}&#8221; el_class=&#8221;vc_hidden-md vc_hidden-sm vc_hidden-xs&#8221;][vc_column][\/vc_column][\/vc_row][vc_row full_width=&#8221;stretch_row_content&#8221; content_placement=&#8221;top&#8221; css=&#8221;.vc_custom_1538479010312{margin-top: -45px !important;background-color: #61061d !important;}&#8221; el_class=&#8221;vc_hidden-lg&#8221;][vc_column][\/vc_column][\/vc_row][vc_row full_width=&#8221;stretch_row&#8221; content_placement=&#8221;top&#8221; css=&#8221;.vc_custom_1538540630334{margin-top: -45px<\/p>\n","protected":false},"author":1,"featured_media":7689,"parent":0,"menu_order":0,"comment_status":"closed","ping_status":"closed","template":"","meta":{"inline_featured_image":false,"footnotes":""},"class_list":["post-7687","page","type-page","status-publish","has-post-thumbnail","hentry"],"yoast_head":"<!-- This site is optimized with the Yoast SEO plugin v27.3 - https:\/\/yoast.com\/product\/yoast-seo-wordpress\/ -->\n<title>V\u1ecb tr\u00ed The Peak Ph\u00fa M\u1ef9 H\u01b0ng Midtown - Ph\u00fa M\u1ef9 H\u01b0ng<\/title>\n<meta name=\"description\" content=\"The Peak l\u00e0 h\u1ee3p ph\u1ea7n th\u1ee9 4 v\u00e0 c\u0169ng l\u00e0 cu\u1ed1i c\u00f9ng c\u1ee7a Khu ph\u1ee9c h\u1ee3p Ph\u00fa M\u1ef9 H\u01b0ng Midtown \u2013 v\u1ecb tr\u00ed t\u00e2m \u0111i\u1ec3m k\u1ebft n\u1ed1i Khu Th\u01b0\u01a1ng m\u1ea1i T\u00e0i ch\u00ednh Qu\u1ed1c t\u1ebf...fullfull\" \/>\n<meta name=\"robots\" content=\"index, follow, max-snippet:-1, max-image-preview:large, max-video-preview:-1\" \/>\n<link rel=\"canonical\" href=\"https:\/\/phumyhung.vn\/midtown\/vi-tri-the-peak\/\" \/>\n<meta property=\"og:locale\" content=\"vi_VN\" \/>\n<meta property=\"og:type\" content=\"article\" \/>\n<meta property=\"og:title\" content=\"V\u1ecb tr\u00ed The Peak Ph\u00fa M\u1ef9 H\u01b0ng Midtown - Ph\u00fa M\u1ef9 H\u01b0ng\" \/>\n<meta property=\"og:description\" content=\"The Peak l\u00e0 h\u1ee3p ph\u1ea7n th\u1ee9 4 v\u00e0 c\u0169ng l\u00e0 cu\u1ed1i c\u00f9ng c\u1ee7a Khu ph\u1ee9c h\u1ee3p Ph\u00fa M\u1ef9 H\u01b0ng Midtown \u2013 v\u1ecb tr\u00ed t\u00e2m \u0111i\u1ec3m k\u1ebft n\u1ed1i Khu Th\u01b0\u01a1ng m\u1ea1i T\u00e0i ch\u00ednh Qu\u1ed1c t\u1ebf...\" \/>\n<meta property=\"og:url\" content=\"https:\/\/phumyhung.vn\/midtown\/vi-tri-the-peak\/\" \/>\n<meta property=\"og:site_name\" content=\"Midtown\" \/>\n<meta property=\"article:publisher\" content=\"https:\/\/www.facebook.com\/177552835671920\" \/>\n<meta property=\"article:modified_time\" content=\"2021-12-22T01:43:20+00:00\" \/>\n<meta property=\"og:image\" content=\"https:\/\/phumyhung.vn\/midtown\/wp-content\/uploads\/2018\/09\/THE-PEAK.jpg\" \/>\n\t<meta property=\"og:image:width\" content=\"1836\" \/>\n\t<meta property=\"og:image:height\" content=\"1034\" \/>\n\t<meta property=\"og:image:type\" content=\"image\/jpeg\" \/>\n<meta name=\"twitter:card\" content=\"summary_large_image\" \/>\n<meta name=\"twitter:label1\" content=\"\u01af\u1edbc t\u00ednh th\u1eddi gian \u0111\u1ecdc\" \/>\n\t<meta name=\"twitter:data1\" content=\"5 ph\u00fat\" \/>\n<script type=\"application\/ld+json\" class=\"yoast-schema-graph\">{\"@context\":\"https:\\\/\\\/schema.org\",\"@graph\":[{\"@type\":\"WebPage\",\"@id\":\"https:\\\/\\\/phumyhung.vn\\\/midtown\\\/vi-tri-the-peak\\\/\",\"url\":\"https:\\\/\\\/phumyhung.vn\\\/midtown\\\/vi-tri-the-peak\\\/\",\"name\":\"V\u1ecb tr\u00ed The Peak Ph\u00fa M\u1ef9 H\u01b0ng Midtown - Ph\u00fa M\u1ef9 H\u01b0ng\",\"isPartOf\":{\"@id\":\"https:\\\/\\\/phumyhung.vn\\\/midtown\\\/#website\"},\"primaryImageOfPage\":{\"@id\":\"https:\\\/\\\/phumyhung.vn\\\/midtown\\\/vi-tri-the-peak\\\/#primaryimage\"},\"image\":{\"@id\":\"https:\\\/\\\/phumyhung.vn\\\/midtown\\\/vi-tri-the-peak\\\/#primaryimage\"},\"thumbnailUrl\":\"https:\\\/\\\/phumyhung.vn\\\/midtown\\\/wp-content\\\/uploads\\\/2018\\\/09\\\/THE-PEAK.jpg\",\"datePublished\":\"2018-09-08T03:19:58+00:00\",\"dateModified\":\"2021-12-22T01:43:20+00:00\",\"description\":\"The Peak l\u00e0 h\u1ee3p ph\u1ea7n th\u1ee9 4 v\u00e0 c\u0169ng l\u00e0 cu\u1ed1i c\u00f9ng c\u1ee7a Khu ph\u1ee9c h\u1ee3p Ph\u00fa M\u1ef9 H\u01b0ng Midtown \u2013 v\u1ecb tr\u00ed t\u00e2m \u0111i\u1ec3m k\u1ebft n\u1ed1i Khu Th\u01b0\u01a1ng m\u1ea1i T\u00e0i ch\u00ednh Qu\u1ed1c t\u1ebf...fullfull\",\"breadcrumb\":{\"@id\":\"https:\\\/\\\/phumyhung.vn\\\/midtown\\\/vi-tri-the-peak\\\/#breadcrumb\"},\"inLanguage\":\"vi\",\"potentialAction\":[{\"@type\":\"ReadAction\",\"target\":[\"https:\\\/\\\/phumyhung.vn\\\/midtown\\\/vi-tri-the-peak\\\/\"]}]},{\"@type\":\"ImageObject\",\"inLanguage\":\"vi\",\"@id\":\"https:\\\/\\\/phumyhung.vn\\\/midtown\\\/vi-tri-the-peak\\\/#primaryimage\",\"url\":\"https:\\\/\\\/phumyhung.vn\\\/midtown\\\/wp-content\\\/uploads\\\/2018\\\/09\\\/THE-PEAK.jpg\",\"contentUrl\":\"https:\\\/\\\/phumyhung.vn\\\/midtown\\\/wp-content\\\/uploads\\\/2018\\\/09\\\/THE-PEAK.jpg\",\"width\":1836,\"height\":1034},{\"@type\":\"BreadcrumbList\",\"@id\":\"https:\\\/\\\/phumyhung.vn\\\/midtown\\\/vi-tri-the-peak\\\/#breadcrumb\",\"itemListElement\":[{\"@type\":\"ListItem\",\"position\":1,\"name\":\"Home\",\"item\":\"https:\\\/\\\/phumyhung.vn\\\/midtown\\\/\"},{\"@type\":\"ListItem\",\"position\":2,\"name\":\"V\u1eca TR\u00cd\"}]},{\"@type\":\"WebSite\",\"@id\":\"https:\\\/\\\/phumyhung.vn\\\/midtown\\\/#website\",\"url\":\"https:\\\/\\\/phumyhung.vn\\\/midtown\\\/\",\"name\":\"Midtown\",\"description\":\"Phu My Hung\",\"potentialAction\":[{\"@type\":\"SearchAction\",\"target\":{\"@type\":\"EntryPoint\",\"urlTemplate\":\"https:\\\/\\\/phumyhung.vn\\\/midtown\\\/?s={search_term_string}\"},\"query-input\":{\"@type\":\"PropertyValueSpecification\",\"valueRequired\":true,\"valueName\":\"search_term_string\"}}],\"inLanguage\":\"vi\"}]}<\/script>\n<!-- \/ Yoast SEO plugin. -->","yoast_head_json":{"title":"V\u1ecb tr\u00ed The Peak Ph\u00fa M\u1ef9 H\u01b0ng Midtown - Ph\u00fa M\u1ef9 H\u01b0ng","description":"The Peak l\u00e0 h\u1ee3p ph\u1ea7n th\u1ee9 4 v\u00e0 c\u0169ng l\u00e0 cu\u1ed1i c\u00f9ng c\u1ee7a Khu ph\u1ee9c h\u1ee3p Ph\u00fa M\u1ef9 H\u01b0ng Midtown \u2013 v\u1ecb tr\u00ed t\u00e2m \u0111i\u1ec3m k\u1ebft n\u1ed1i Khu Th\u01b0\u01a1ng m\u1ea1i T\u00e0i ch\u00ednh Qu\u1ed1c t\u1ebf...fullfull","robots":{"index":"index","follow":"follow","max-snippet":"max-snippet:-1","max-image-preview":"max-image-preview:large","max-video-preview":"max-video-preview:-1"},"canonical":"https:\/\/phumyhung.vn\/midtown\/vi-tri-the-peak\/","og_locale":"vi_VN","og_type":"article","og_title":"V\u1ecb tr\u00ed The Peak Ph\u00fa M\u1ef9 H\u01b0ng Midtown - Ph\u00fa M\u1ef9 H\u01b0ng","og_description":"The Peak l\u00e0 h\u1ee3p ph\u1ea7n th\u1ee9 4 v\u00e0 c\u0169ng l\u00e0 cu\u1ed1i c\u00f9ng c\u1ee7a Khu ph\u1ee9c h\u1ee3p Ph\u00fa M\u1ef9 H\u01b0ng Midtown \u2013 v\u1ecb tr\u00ed t\u00e2m \u0111i\u1ec3m k\u1ebft n\u1ed1i Khu Th\u01b0\u01a1ng m\u1ea1i T\u00e0i ch\u00ednh Qu\u1ed1c t\u1ebf...","og_url":"https:\/\/phumyhung.vn\/midtown\/vi-tri-the-peak\/","og_site_name":"Midtown","article_publisher":"https:\/\/www.facebook.com\/177552835671920","article_modified_time":"2021-12-22T01:43:20+00:00","og_image":[{"width":1836,"height":1034,"url":"https:\/\/phumyhung.vn\/midtown\/wp-content\/uploads\/2018\/09\/THE-PEAK.jpg","type":"image\/jpeg"}],"twitter_card":"summary_large_image","twitter_misc":{"\u01af\u1edbc t\u00ednh th\u1eddi gian \u0111\u1ecdc":"5 ph\u00fat"},"schema":{"@context":"https:\/\/schema.org","@graph":[{"@type":"WebPage","@id":"https:\/\/phumyhung.vn\/midtown\/vi-tri-the-peak\/","url":"https:\/\/phumyhung.vn\/midtown\/vi-tri-the-peak\/","name":"V\u1ecb tr\u00ed The Peak Ph\u00fa M\u1ef9 H\u01b0ng Midtown - Ph\u00fa M\u1ef9 H\u01b0ng","isPartOf":{"@id":"https:\/\/phumyhung.vn\/midtown\/#website"},"primaryImageOfPage":{"@id":"https:\/\/phumyhung.vn\/midtown\/vi-tri-the-peak\/#primaryimage"},"image":{"@id":"https:\/\/phumyhung.vn\/midtown\/vi-tri-the-peak\/#primaryimage"},"thumbnailUrl":"https:\/\/phumyhung.vn\/midtown\/wp-content\/uploads\/2018\/09\/THE-PEAK.jpg","datePublished":"2018-09-08T03:19:58+00:00","dateModified":"2021-12-22T01:43:20+00:00","description":"The Peak l\u00e0 h\u1ee3p ph\u1ea7n th\u1ee9 4 v\u00e0 c\u0169ng l\u00e0 cu\u1ed1i c\u00f9ng c\u1ee7a Khu ph\u1ee9c h\u1ee3p Ph\u00fa M\u1ef9 H\u01b0ng Midtown \u2013 v\u1ecb tr\u00ed t\u00e2m \u0111i\u1ec3m k\u1ebft n\u1ed1i Khu Th\u01b0\u01a1ng m\u1ea1i T\u00e0i ch\u00ednh Qu\u1ed1c t\u1ebf...fullfull","breadcrumb":{"@id":"https:\/\/phumyhung.vn\/midtown\/vi-tri-the-peak\/#breadcrumb"},"inLanguage":"vi","potentialAction":[{"@type":"ReadAction","target":["https:\/\/phumyhung.vn\/midtown\/vi-tri-the-peak\/"]}]},{"@type":"ImageObject","inLanguage":"vi","@id":"https:\/\/phumyhung.vn\/midtown\/vi-tri-the-peak\/#primaryimage","url":"https:\/\/phumyhung.vn\/midtown\/wp-content\/uploads\/2018\/09\/THE-PEAK.jpg","contentUrl":"https:\/\/phumyhung.vn\/midtown\/wp-content\/uploads\/2018\/09\/THE-PEAK.jpg","width":1836,"height":1034},{"@type":"BreadcrumbList","@id":"https:\/\/phumyhung.vn\/midtown\/vi-tri-the-peak\/#breadcrumb","itemListElement":[{"@type":"ListItem","position":1,"name":"Home","item":"https:\/\/phumyhung.vn\/midtown\/"},{"@type":"ListItem","position":2,"name":"V\u1eca TR\u00cd"}]},{"@type":"WebSite","@id":"https:\/\/phumyhung.vn\/midtown\/#website","url":"https:\/\/phumyhung.vn\/midtown\/","name":"Midtown","description":"Phu My Hung","potentialAction":[{"@type":"SearchAction","target":{"@type":"EntryPoint","urlTemplate":"https:\/\/phumyhung.vn\/midtown\/?s={search_term_string}"},"query-input":{"@type":"PropertyValueSpecification","valueRequired":true,"valueName":"search_term_string"}}],"inLanguage":"vi"}]}},"_links":{"self":[{"href":"https:\/\/phumyhung.vn\/midtown\/wp-json\/wp\/v2\/pages\/7687","targetHints":{"allow":["GET"]}}],"collection":[{"href":"https:\/\/phumyhung.vn\/midtown\/wp-json\/wp\/v2\/pages"}],"about":[{"href":"https:\/\/phumyhung.vn\/midtown\/wp-json\/wp\/v2\/types\/page"}],"author":[{"embeddable":true,"href":"https:\/\/phumyhung.vn\/midtown\/wp-json\/wp\/v2\/users\/1"}],"replies":[{"embeddable":true,"href":"https:\/\/phumyhung.vn\/midtown\/wp-json\/wp\/v2\/comments?post=7687"}],"version-history":[{"count":0,"href":"https:\/\/phumyhung.vn\/midtown\/wp-json\/wp\/v2\/pages\/7687\/revisions"}],"wp:featuredmedia":[{"embeddable":true,"href":"https:\/\/phumyhung.vn\/midtown\/wp-json\/wp\/v2\/media\/7689"}],"wp:attachment":[{"href":"https:\/\/phumyhung.vn\/midtown\/wp-json\/wp\/v2\/media?parent=7687"}],"curies":[{"name":"wp","href":"https:\/\/api.w.org\/{rel}","templated":true}]}}