{"id":1912,"date":"2025-02-20T14:13:36","date_gmt":"2025-02-20T07:13:36","guid":{"rendered":"https:\/\/phumyhung.vn\/shop\/?page_id=1912"},"modified":"2025-03-20T14:50:12","modified_gmt":"2025-03-20T07:50:12","slug":"shop-khu-tai-chinh","status":"publish","type":"page","link":"https:\/\/phumyhung.vn\/shop\/shop-khu-tai-chinh\/","title":{"rendered":"Shop khu Th\u01b0\u01a1ng M\u1ea1i T\u00e0i Ch\u00ednh"},"content":{"rendered":"\t\t<div data-elementor-type=\"wp-page\" data-elementor-id=\"1912\" class=\"elementor elementor-1912\" data-elementor-post-type=\"page\">\n\t\t\t\t<div class=\"elementor-element elementor-element-11d06d07 e-flex e-con-boxed e-con e-parent\" data-id=\"11d06d07\" data-element_type=\"container\" data-e-type=\"container\" data-settings=\"{&quot;background_background&quot;:&quot;classic&quot;}\">\n\t\t\t\t\t<div class=\"e-con-inner\">\n\t\t\t\t\t<\/div>\n\t\t\t\t<\/div>\n\t\t<div class=\"elementor-element elementor-element-44428b81 e-flex e-con-boxed e-con e-parent\" data-id=\"44428b81\" data-element_type=\"container\" data-e-type=\"container\">\n\t\t\t\t\t<div class=\"e-con-inner\">\n\t\t<div class=\"elementor-element elementor-element-1f1ef13f e-con-full e-flex elementor-invisible e-con e-child\" data-id=\"1f1ef13f\" data-element_type=\"container\" data-e-type=\"container\" data-settings=\"{&quot;background_background&quot;:&quot;classic&quot;,&quot;animation&quot;:&quot;fadeInUp&quot;}\">\n\t\t\t\t<div class=\"elementor-element elementor-element-308c6f69 elementor-widget elementor-widget-heading\" data-id=\"308c6f69\" data-element_type=\"widget\" data-e-type=\"widget\" data-widget_type=\"heading.default\">\n\t\t\t\t<div class=\"elementor-widget-container\">\n\t\t\t\t\t<h2 class=\"elementor-heading-title elementor-size-default\">TRUNG T\u00c2M T\u00c0I CH\u00cdNH QU\u1ed0C T\u1ebe <\/h2>\t\t\t\t<\/div>\n\t\t\t\t<\/div>\n\t\t\t\t<div class=\"elementor-element elementor-element-3ee182f6 elementor-widget elementor-widget-text-editor\" data-id=\"3ee182f6\" data-element_type=\"widget\" data-e-type=\"widget\" data-widget_type=\"text-editor.default\">\n\t\t\t\t<div class=\"elementor-widget-container\">\n\t\t\t\t\t\t\t\t\t<p><strong>Khu Th\u01b0\u01a1ng m\u1ea1i T\u00e0i ch\u00ednh Qu\u1ed1c t\u1ebf<\/strong> thu\u1ed9c <strong>CBD (Central Business District)<\/strong> Nam S\u00e0i G\u00f2n &#8211; m\u1ed9t trong nh\u1eefng trung t\u00e2m t\u00e0i ch\u00ednh v\u00e0 th\u01b0\u01a1ng m\u1ea1i quan tr\u1ecdng c\u1ee7a TP.HCM. Khu CBD Nam S\u00e0i G\u00f2n t\u1ecda l\u1ea1c t\u1ea1i \u0111\u00f4 th\u1ecb Ph\u00fa M\u1ef9 H\u01b0ng v\u1ed1n kh\u00f4ng xa l\u1ea1 v\u1edbi ng\u01b0\u1eddi d\u00e2n c\u0169ng nh\u01b0 gi\u1edbi kinh doanh trong v\u00e0 ngo\u00e0i n\u01b0\u1edbc. Trong \u0111\u00f3, Khu Th\u01b0\u01a1ng m\u1ea1i T\u00e0i ch\u00ednh Qu\u1ed1c t\u1ebf r\u1ed9ng h\u01a1n 35 ha l\u00e0 n\u01a1i t\u1eadp trung d\u1ecbch v\u1ee5 th\u01b0\u01a1ng m\u1ea1i, t\u00e0i ch\u00ednh, v\u0103n ph\u00f2ng cao c\u1ea5p.<\/p><p>Nh\u1eefng th\u01b0\u01a1ng hi\u1ec7u, t\u1eadp \u0111o\u00e0n \u0111a qu\u1ed1c gia \u0111\u00e3 \u0111\u1eb7t tr\u1ee5 s\u1edf, m\u1edf v\u0103n ph\u00f2ng t\u1ea1i \u0111\u00e2y t\u1eeb l\u00e2u c\u00f3 th\u1ec3 k\u1ec3 \u0111\u1ebfn nh\u01b0 <strong>Unilever, Manulife, Vinamilk, Petro, Novotel<\/strong> (s\u1edf h\u1eefu b\u1edfi t\u1eadp \u0111o\u00e0n Accor)\u2026 v\u00e0 m\u1edbi \u0111\u00e2y lo\u1ea1t cao \u1ed1c v\u0103n ph\u00f2ng c\u1ee7a c\u00e1c t\u1eadp \u0111o\u00e0n <strong>UOA, COBI<\/strong>\u2026 c\u0169ng \u0111\u00e3 \u0111i v\u00e0o ho\u1ea1t \u0111\u1ed9ng.<\/p><p>Ch\u00ednh v\u00ec th\u1ebf, Khu Th\u01b0\u01a1ng m\u1ea1i T\u00e0i ch\u00ednh Qu\u1ed1c t\u1ebf l\u00e0 n\u01a1i ghi nh\u1eadn ho\u1ea1t \u0111\u1ed9ng giao th\u01b0\u01a1ng kh\u00e1 s\u00f4i \u0111\u1ed9ng. Ch\u01b0a t\u00ednh h\u00e0ng tr\u0103m t\u1eadp \u0111o\u00e0n, c\u00f4ng ty \u0111ang ho\u1ea1t \u0111\u1ed9ng t\u1ea1i \u0111\u00e2y, c\u0169ng nh\u01b0 c\u00e1c \u0111\u1ea1i nh\u1ea1c h\u1ed9i th\u01b0\u1eddng xuy\u00ean \u0111\u01b0\u1ee3c t\u1ed5 ch\u1ee9c, ch\u1ec9 ri\u00eang l\u01b0\u1ee3ng kh\u00e1ch MICE (Du l\u1ecbch k\u1ebft h\u1ee3p h\u1ed9i th\u1ea3o v\u00e0 tri\u1ec3n l\u00e3m) \u0111\u1ebfn SECC m\u1ed7i n\u0103m l\u00ean \u0111\u1ebfn 1,6 tri\u1ec7u l\u01b0\u1ee3t kh\u00e1ch \u0111\u1ebfn t\u1eeb 50 qu\u1ed1c gia v\u00f9ng l\u00e3nh th\u1ed5.<\/p><p>Ngo\u00e0i d\u1ef1 \u00e1n b\u1ea5t \u0111\u1ed9ng s\u1ea3n \u0111\u1eb7c bi\u1ec7t \u201c5 trong 1\u201d L\u2019Arcade c\u1ee7a Ph\u00fa M\u1ef9 H\u01b0ng, Khu Th\u01b0\u01a1ng m\u1ea1i T\u00e0i ch\u00ednh Qu\u1ed1c t\u1ebf c\u00f2n c\u00f3 cao \u1ed1c v\u0103n ph\u00f2ng do C\u00f4ng ty TNHH \u0110\u1ea7u t\u01b0 v\u00e0 Ph\u00e1t tri\u1ec3n Hongfu Vi\u1ec7t Nam l\u00e0m ch\u1ee7 \u0111\u1ea7u t\u01b0 \u0111ang \u0111\u01b0\u1ee3c x\u00e2y d\u1ef1ng v\u00e0 d\u1ef1 ki\u1ebfn ho\u00e0n t\u1ea5t v\u00e0o cu\u1ed1i qu\u00fd 2\/2026.<\/p><p>S\u1eafp t\u1edbi, n\u01a1i \u0111\u00e2y s\u1ebd \u0111\u00f3n th\u00eam lo\u1ea1t \u201cth\u00e0nh vi\u00ean\u201d m\u1edbi. Trong \u0111\u00f3 c\u00f3 th\u1ec3 k\u1ec3 \u0111\u1ebfn <strong>Trung t\u00e2m v\u0103n h\u00f3a ngh\u1ec7 thu\u1eadt &#8211; Art Center<\/strong> \u0111\u01b0\u1ee3c Ph\u00fa M\u1ef9 H\u01b0ng \u0111\u1ea7u t\u01b0 30 tri\u1ec7u USD v\u00e0 Trung t\u00e2m ch\u0103m s\u00f3c s\u1ee9c kh\u1ecfe ch\u1ea5t l\u01b0\u1ee3ng cao \u0111\u01b0\u1ee3c h\u1ee3p t\u00e1c qu\u1ed1c t\u1ebf thu\u1ed9c H\u1ec7 th\u1ed1ng B\u1ec7nh vi\u1ec7n \u0110a khoa T\u00e2m Anh tri\u1ec3n khai v\u1edbi v\u1ed1n \u0111\u1ea7u t\u01b0 \u01b0\u1edbc t\u00ednh kho\u1ea3ng 300 tri\u1ec7u USD d\u1ef1 ki\u1ebfn s\u1ebd \u0111i v\u00e0o ho\u1ea1t \u0111\u1ed9ng n\u0103m 2027.<\/p>\t\t\t\t\t\t\t\t<\/div>\n\t\t\t\t<\/div>\n\t\t\t\t<\/div>\n\t\t\t\t\t<\/div>\n\t\t\t\t<\/div>\n\t\t<div class=\"elementor-element elementor-element-30e495b1 e-flex e-con-boxed e-con e-parent\" data-id=\"30e495b1\" data-element_type=\"container\" data-e-type=\"container\">\n\t\t\t\t\t<div class=\"e-con-inner\">\n\t\t\t\t<div class=\"elementor-element elementor-element-125f915a elementor-widget elementor-widget-bdt-tabs\" data-id=\"125f915a\" data-element_type=\"widget\" data-e-type=\"widget\" data-widget_type=\"bdt-tabs.default\">\n\t\t\t\t<div class=\"elementor-widget-container\">\n\t\t\t\t\t\n\n        <div class=\"bdt-tabs-area\">\n\n            <div id=\"bdt-tabs-125f915a\" class=\"bdt-tabs  bdt-tabs-default\" data-settings=\"{&quot;id&quot;:&quot;bdt-tabs-125f915a&quot;,&quot;hashTopOffset&quot;:70,&quot;hashScrollspyTime&quot;:1500,&quot;navStickyOffset&quot;:1,&quot;linkWidgetId&quot;:&quot;125f915a&quot;}\">\n                \n                \n                        <div class=\"bdt-tab-wrapper bdt-flex bdt-flex-center\">\n            <div >\n                <div class=\"bdt-tab bdt-tab-default  bdt-flex bdt-flex-center\" data-bdt-tab=\"connect: #bdt-tab-content-125f915a; swiping: false;\" data-bdt-height-match=\"target: &gt; .bdt-tabs-item &gt; .bdt-tabs-item-title; row: false;\">\n                                            <div class=\"bdt-tabs-item\">\n                            <a data-title=\"Shop-Cardinal-Court\" class=\"bdt-tabs-item-title\" id=\"bdt-tab-Shop-Cardinal-Court\" data-tab-index=\"0\" href=\"#\">\n                                <div class=\"bdt-tab-text-wrapper bdt-flex-column\">\n\n                                    <div class=\"bdt-tab-title-icon-wrapper\">\n\n                                        \n                                                                                    <span class=\"bdt-tab-text\">\n                                                Shop Cardinal Court                                            <\/span>\n                                        \n                                        \n                                    <\/div>\n\n                                    \n                                <\/div>\n                            <\/a>\n                        <\/div>\n                                    <\/div>\n            <\/div>\n        <\/div>\n\n\n                                    \n        <div class=\"bdt-switcher-wrapper\">\n            <div id=\"bdt-tab-content-125f915a\" class=\"bdt-switcher bdt-switcher-item-content\">\n                                                        <div class=\"bdt-tab-content-item \" data-content-id=\"shop-cardinal-court\">\n                        <div>\n                            \t\t<div data-elementor-type=\"section\" data-elementor-id=\"1964\" class=\"elementor elementor-1964\" data-elementor-post-type=\"elementor_library\">\n\t\t\t<div class=\"elementor-element elementor-element-6de52044 e-flex e-con-boxed e-con e-parent\" data-id=\"6de52044\" data-element_type=\"container\" data-e-type=\"container\">\n\t\t\t\t\t<div class=\"e-con-inner\">\n\t\t<div class=\"elementor-element elementor-element-79464a22 e-flex e-con-boxed e-con e-child\" data-id=\"79464a22\" data-element_type=\"container\" data-e-type=\"container\" data-settings=\"{&quot;background_background&quot;:&quot;classic&quot;}\">\n\t\t\t\t\t<div class=\"e-con-inner\">\n\t\t<div class=\"elementor-element elementor-element-5da8f8c0 e-flex e-con-boxed e-con e-child\" data-id=\"5da8f8c0\" data-element_type=\"container\" data-e-type=\"container\">\n\t\t\t\t\t<div class=\"e-con-inner\">\n\t\t<div class=\"elementor-element elementor-element-508b0a13 e-con-full e-flex e-con e-child\" data-id=\"508b0a13\" data-element_type=\"container\" data-e-type=\"container\">\n\t\t\t\t<div class=\"elementor-element elementor-element-6ffd083f elementor-widget elementor-widget-image\" data-id=\"6ffd083f\" data-element_type=\"widget\" data-e-type=\"widget\" data-widget_type=\"image.default\">\n\t\t\t\t<div class=\"elementor-widget-container\">\n\t\t\t\t\t\t\t\t\t\t\t\t\t\t\t\t<a href=\"https:\/\/phumyhung.vn\/shop\/wp-content\/uploads\/2025\/02\/cardinal-court.jpg\" data-elementor-open-lightbox=\"yes\" data-elementor-lightbox-title=\"cardinal-court\" data-e-action-hash=\"#elementor-action%3Aaction%3Dlightbox%26settings%3DeyJpZCI6MTk3MCwidXJsIjoiaHR0cHM6XC9cL3BodW15aHVuZy52blwvc2hvcFwvd3AtY29udGVudFwvdXBsb2Fkc1wvMjAyNVwvMDJcL2NhcmRpbmFsLWNvdXJ0LmpwZyJ9\">\n\t\t\t\t\t\t\t<img fetchpriority=\"high\" decoding=\"async\" width=\"1920\" height=\"1280\" src=\"https:\/\/phumyhung.vn\/shop\/wp-content\/uploads\/2025\/02\/cardinal-court.jpg\" class=\"attachment-full size-full wp-image-1970\" alt=\"\" srcset=\"https:\/\/phumyhung.vn\/shop\/wp-content\/uploads\/2025\/02\/cardinal-court.jpg 1920w, https:\/\/phumyhung.vn\/shop\/wp-content\/uploads\/2025\/02\/cardinal-court-300x200.jpg 300w, https:\/\/phumyhung.vn\/shop\/wp-content\/uploads\/2025\/02\/cardinal-court-1024x683.jpg 1024w, https:\/\/phumyhung.vn\/shop\/wp-content\/uploads\/2025\/02\/cardinal-court-768x512.jpg 768w, https:\/\/phumyhung.vn\/shop\/wp-content\/uploads\/2025\/02\/cardinal-court-1536x1024.jpg 1536w\" sizes=\"(max-width: 1920px) 100vw, 1920px\" \/>\t\t\t\t\t\t\t\t<\/a>\n\t\t\t\t\t\t\t\t\t\t\t\t\t\t\t<\/div>\n\t\t\t\t<\/div>\n\t\t\t\t<\/div>\n\t\t<div class=\"elementor-element elementor-element-52efede5 e-flex e-con-boxed e-con e-child\" data-id=\"52efede5\" data-element_type=\"container\" data-e-type=\"container\">\n\t\t\t\t\t<div class=\"e-con-inner\">\n\t\t\t\t<div class=\"elementor-element elementor-element-580dd67f elementor-widget elementor-widget-google_maps\" data-id=\"580dd67f\" data-element_type=\"widget\" data-e-type=\"widget\" data-widget_type=\"google_maps.default\">\n\t\t\t\t<div class=\"elementor-widget-container\">\n\t\t\t\t\t\t\t<div class=\"elementor-custom-embed\">\n\t\t\t<iframe loading=\"lazy\"\n\t\t\t\t\tsrc=\"https:\/\/maps.google.com\/maps?q=cardinal%20court&#038;t=m&#038;z=14&#038;output=embed&#038;iwloc=near\"\n\t\t\t\t\ttitle=\"cardinal court\"\n\t\t\t\t\taria-label=\"cardinal court\"\n\t\t\t><\/iframe>\n\t\t<\/div>\n\t\t\t\t\t\t<\/div>\n\t\t\t\t<\/div>\n\t\t\t\t\t<\/div>\n\t\t\t\t<\/div>\n\t\t\t\t\t<\/div>\n\t\t\t\t<\/div>\n\t\t<div class=\"elementor-element elementor-element-576e6d01 e-flex e-con-boxed e-con e-child\" data-id=\"576e6d01\" data-element_type=\"container\" data-e-type=\"container\">\n\t\t\t\t\t<div class=\"e-con-inner\">\n\t\t\t\t<div class=\"elementor-element elementor-element-75a8e79 elementor-widget elementor-widget-image\" data-id=\"75a8e79\" data-element_type=\"widget\" data-e-type=\"widget\" data-widget_type=\"image.default\">\n\t\t\t\t<div class=\"elementor-widget-container\">\n\t\t\t\t\t\t\t\t\t\t\t\t<figure class=\"wp-caption\">\n\t\t\t\t\t\t\t\t\t\t\t<a href=\"https:\/\/phumyhung.vn\/shop\/wp-content\/uploads\/2025\/02\/mat-bang-shop-c13b.jpg\" data-elementor-open-lightbox=\"yes\" data-elementor-lightbox-title=\"mat bang shop c13b\" data-e-action-hash=\"#elementor-action%3Aaction%3Dlightbox%26settings%3DeyJpZCI6MTkzNSwidXJsIjoiaHR0cHM6XC9cL3BodW15aHVuZy52blwvc2hvcFwvd3AtY29udGVudFwvdXBsb2Fkc1wvMjAyNVwvMDJcL21hdC1iYW5nLXNob3AtYzEzYi5qcGcifQ%3D%3D\">\n\t\t\t\t\t\t\t<img decoding=\"async\" width=\"2498\" height=\"1694\" src=\"https:\/\/phumyhung.vn\/shop\/wp-content\/uploads\/2025\/02\/mat-bang-shop-c13b.jpg\" class=\"attachment-full size-full wp-image-1935\" alt=\"\" srcset=\"https:\/\/phumyhung.vn\/shop\/wp-content\/uploads\/2025\/02\/mat-bang-shop-c13b.jpg 2498w, https:\/\/phumyhung.vn\/shop\/wp-content\/uploads\/2025\/02\/mat-bang-shop-c13b-300x203.jpg 300w, https:\/\/phumyhung.vn\/shop\/wp-content\/uploads\/2025\/02\/mat-bang-shop-c13b-1024x694.jpg 1024w, https:\/\/phumyhung.vn\/shop\/wp-content\/uploads\/2025\/02\/mat-bang-shop-c13b-768x521.jpg 768w, https:\/\/phumyhung.vn\/shop\/wp-content\/uploads\/2025\/02\/mat-bang-shop-c13b-1536x1042.jpg 1536w, https:\/\/phumyhung.vn\/shop\/wp-content\/uploads\/2025\/02\/mat-bang-shop-c13b-2048x1389.jpg 2048w\" sizes=\"(max-width: 2498px) 100vw, 2498px\" \/>\t\t\t\t\t\t\t\t<\/a>\n\t\t\t\t\t\t\t\t\t\t\t<figcaption class=\"widget-image-caption wp-caption-text\"><\/figcaption>\n\t\t\t\t\t\t\t\t\t\t<\/figure>\n\t\t\t\t\t\t\t\t\t<\/div>\n\t\t\t\t<\/div>\n\t\t\t\t\t<\/div>\n\t\t\t\t<\/div>\n\t\t\t\t\t<\/div>\n\t\t\t\t<\/div>\n\t\t\t\t\t<\/div>\n\t\t\t\t<\/div>\n\t\t\t\t<\/div>\n\t\t                        <\/div>\n                    <\/div>\n                            <\/div>\n        <\/div>\n                    \n                                <a href=\"#\" id=\"bottom-anchor-125f915a\" data-bdt-hidden><\/a>\n            <\/div>\n        <\/div>\n    \t\t\t\t<\/div>\n\t\t\t\t<\/div>\n\t\t\t\t\t<\/div>\n\t\t\t\t<\/div>\n\t\t\t\t<\/div>\n\t\t","protected":false},"excerpt":{"rendered":"<p>TRUNG T\u00c2M T\u00c0I CH\u00cdNH QU\u1ed0C T\u1ebe Khu Th\u01b0\u01a1ng m\u1ea1i T\u00e0i ch\u00ednh Qu\u1ed1c t\u1ebf thu\u1ed9c CBD (Central Business District) Nam S\u00e0i G\u00f2n &#8211; m\u1ed9t trong nh\u1eefng trung t\u00e2m t\u00e0i ch\u00ednh v\u00e0 th\u01b0\u01a1ng m\u1ea1i quan tr\u1ecdng c\u1ee7a TP.HCM. Khu CBD Nam S\u00e0i G\u00f2n t\u1ecda l\u1ea1c t\u1ea1i \u0111\u00f4 th\u1ecb Ph\u00fa M\u1ef9 H\u01b0ng v\u1ed1n kh\u00f4ng xa l\u1ea1 v\u1edbi ng\u01b0\u1eddi [&hellip;]<\/p>\n","protected":false},"author":1,"featured_media":0,"parent":0,"menu_order":0,"comment_status":"closed","ping_status":"closed","template":"","meta":{"footnotes":""},"class_list":["post-1912","page","type-page","status-publish","hentry"],"_links":{"self":[{"href":"https:\/\/phumyhung.vn\/shop\/wp-json\/wp\/v2\/pages\/1912","targetHints":{"allow":["GET"]}}],"collection":[{"href":"https:\/\/phumyhung.vn\/shop\/wp-json\/wp\/v2\/pages"}],"about":[{"href":"https:\/\/phumyhung.vn\/shop\/wp-json\/wp\/v2\/types\/page"}],"author":[{"embeddable":true,"href":"https:\/\/phumyhung.vn\/shop\/wp-json\/wp\/v2\/users\/1"}],"replies":[{"embeddable":true,"href":"https:\/\/phumyhung.vn\/shop\/wp-json\/wp\/v2\/comments?post=1912"}],"version-history":[{"count":0,"href":"https:\/\/phumyhung.vn\/shop\/wp-json\/wp\/v2\/pages\/1912\/revisions"}],"wp:attachment":[{"href":"https:\/\/phumyhung.vn\/shop\/wp-json\/wp\/v2\/media?parent=1912"}],"curies":[{"name":"wp","href":"https:\/\/api.w.org\/{rel}","templated":true}]}}