{"id":1229,"date":"2017-07-11T01:16:32","date_gmt":"2017-07-10T18:16:32","guid":{"rendered":"http:\/\/phumyhung.com.vn\/sportsday\/?page_id=1229\/"},"modified":"2018-05-23T09:57:08","modified_gmt":"2018-05-23T02:57:08","slug":"boi-loi","status":"publish","type":"page","link":"https:\/\/phumyhung.vn\/sportsday\/boi-loi\/","title":{"rendered":"B\u01a1i l\u1ed9i"},"content":{"rendered":"<p>[vc_row full_width=&#8221;stretch_row_content_no_spaces&#8221;][vc_column]\n<div id=\"rev_slider_3_1_wrapper\" class=\"rev_slider_wrapper fullwidthbanner-container\" data-source=\"gallery\" style=\"margin:0px auto;background:transparent;padding:0px;margin-top:0px;margin-bottom:0px;\">\n<!-- START REVOLUTION SLIDER 5.4.5.1 auto mode -->\n\t<div id=\"rev_slider_3_1\" class=\"rev_slider fullwidthabanner\" style=\"display:none;\" data-version=\"5.4.5.1\">\n<ul>\t<!-- SLIDE  -->\n\t<li data-index=\"rs-7\" data-transition=\"fade\" data-slotamount=\"default\" data-hideafterloop=\"0\" data-hideslideonmobile=\"off\"  data-easein=\"default\" data-easeout=\"default\" data-masterspeed=\"300\"  data-rotate=\"0\"  data-saveperformance=\"off\"  data-title=\"Slide\" data-param1=\"\" data-param2=\"\" data-param3=\"\" data-param4=\"\" data-param5=\"\" data-param6=\"\" data-param7=\"\" data-param8=\"\" data-param9=\"\" data-param10=\"\" data-description=\"\">\n\t\t<!-- MAIN IMAGE -->\n\t\t<img src=\"https:\/\/phumyhung.vn\/sportsday\/wp-content\/uploads\/2017\/03\/slide-swimming.jpg\"  alt=\"\" title=\"slide-swimming\"  width=\"1920\" height=\"550\" data-bgposition=\"center center\" data-bgfit=\"cover\" data-bgrepeat=\"no-repeat\" class=\"rev-slidebg\" data-no-retina>\n\t\t<!-- LAYERS -->\n\t<\/li>\n<\/ul>\n<div class=\"tp-bannertimer tp-bottom\" style=\"visibility: hidden !important;\"><\/div>\t<\/div>\n<script>var htmlDiv = document.getElementById(\"rs-plugin-settings-inline-css\"); var htmlDivCss=\"\";\n\t\t\t\tif(htmlDiv) {\n\t\t\t\t\thtmlDiv.innerHTML = htmlDiv.innerHTML + htmlDivCss;\n\t\t\t\t}else{\n\t\t\t\t\tvar htmlDiv = document.createElement(\"div\");\n\t\t\t\t\thtmlDiv.innerHTML = \"<style>\" + htmlDivCss + \"<\/style>\";\n\t\t\t\t\tdocument.getElementsByTagName(\"head\")[0].appendChild(htmlDiv.childNodes[0]);\n\t\t\t\t}\n\t\t\t<\/script>\n\t\t<script type=\"text\/javascript\">\nsetREVStartSize({c: jQuery('#rev_slider_3_1'), gridwidth: [1920], gridheight: [550], sliderLayout: 'auto'});\n\t\t\t\nvar revapi3,\n\ttpj=jQuery;\n\t\t\t\ntpj(document).ready(function() {\n\tif(tpj(\"#rev_slider_3_1\").revolution == undefined){\n\t\trevslider_showDoubleJqueryError(\"#rev_slider_3_1\");\n\t}else{\n\t\trevapi3 = tpj(\"#rev_slider_3_1\").show().revolution({\n\t\t\tsliderType:\"standard\",\n\t\t\tjsFileLocation:\"\/\/phumyhung.vn\/sportsday\/wp-content\/plugins\/revslider\/public\/assets\/js\/\",\n\t\t\tsliderLayout:\"auto\",\n\t\t\tdottedOverlay:\"none\",\n\t\t\tdelay:9000,\n\t\t\tnavigation: {\n\t\t\t\tonHoverStop:\"off\",\n\t\t\t},\n\t\t\tvisibilityLevels:[1240,1024,778,480],\n\t\t\tgridwidth:1920,\n\t\t\tgridheight:550,\n\t\t\tlazyType:\"none\",\n\t\t\tshadow:0,\n\t\t\tspinner:\"spinner3\",\n\t\t\tstopLoop:\"off\",\n\t\t\tstopAfterLoops:-1,\n\t\t\tstopAtSlide:-1,\n\t\t\tshuffle:\"off\",\n\t\t\tautoHeight:\"off\",\n\t\t\tdisableProgressBar:\"on\",\n\t\t\thideThumbsOnMobile:\"off\",\n\t\t\thideSliderAtLimit:0,\n\t\t\thideCaptionAtLimit:0,\n\t\t\thideAllCaptionAtLilmit:0,\n\t\t\tdebugMode:false,\n\t\t\tfallbacks: {\n\t\t\t\tsimplifyAll:\"off\",\n\t\t\t\tnextSlideOnWindowFocus:\"off\",\n\t\t\t\tdisableFocusListener:false,\n\t\t\t}\n\t\t});\n\t}\n\t\n});\t\/*ready*\/\n<\/script>\n\t\t<script>\n\t\t\t\t\tvar htmlDivCss = '\t#rev_slider_3_1_wrapper .tp-loader.spinner3 div { background-color: #FFFFFF !important; } ';\n\t\t\t\t\tvar htmlDiv = document.getElementById('rs-plugin-settings-inline-css');\n\t\t\t\t\tif(htmlDiv) {\n\t\t\t\t\t\thtmlDiv.innerHTML = htmlDiv.innerHTML + htmlDivCss;\n\t\t\t\t\t}\n\t\t\t\t\telse{\n\t\t\t\t\t\tvar htmlDiv = document.createElement('div');\n\t\t\t\t\t\thtmlDiv.innerHTML = '<style>' + htmlDivCss + '<\/style>';\n\t\t\t\t\t\tdocument.getElementsByTagName('head')[0].appendChild(htmlDiv.childNodes[0]);\n\t\t\t\t\t}\n\t\t\t\t\t<\/script>\n\t\t\t\t\t<\/div><!-- END REVOLUTION SLIDER -->[\/vc_column][\/vc_row][vc_row css=&#8221;.vc_custom_1499960931024{margin-top: 30px !important;margin-bottom: 25px !important;}&#8221;][vc_column]<div class=\"thw-title-shortcode \" style=\"text-align:center;\"><h3 class=\"style-title style-title-30 default\" style=\"font-weight:700;font-size:22px;line-height:22px;margin:0 0 10px 0;\">Ch\u01b0\u01a1ng tr\u00ecnh b\u01a1i l\u1ed9i Ph\u00fa M\u1ef9 H\u01b0ng 2018<\/h3><\/div>[vc_separator color=&#8221;sandy_brown&#8221; el_width=&#8221;20&#8243;][vc_row_inner][vc_column_inner]<div class=\"simple-slider-shortcode \"><div class=\"owl-carousel owl-theme page-slider\"><div class=\"item\" style=\"background-image:url(https:\/\/phumyhung.vn\/sportsday\/wp-content\/uploads\/2018\/05\/kids-swiming.png);background-color:#333;\"><div class=\"container\"><div class=\"box-slider-content\"><div class=\"box-slider-text\"><div class=\"row\"><div class=\"col-md-offset-2 col-md-8\"><\/div><\/div><\/div><\/div><\/div><\/div><div class=\"item\" style=\"background-image:url(https:\/\/phumyhung.vn\/sportsday\/wp-content\/uploads\/2018\/05\/BOILOI-05.jpg);background-color:#333;\"><div class=\"container\"><div class=\"box-slider-content\"><div class=\"box-slider-text\"><div class=\"row\"><div class=\"col-md-offset-2 col-md-8\"><\/div><\/div><\/div><\/div><\/div><\/div><div class=\"item\" style=\"background-image:url(https:\/\/phumyhung.vn\/sportsday\/wp-content\/uploads\/2018\/05\/BOILOI-02.jpg);background-color:#333;\"><div class=\"container\"><div class=\"box-slider-content\"><div class=\"box-slider-text\"><div class=\"row\"><div class=\"col-md-offset-2 col-md-8\"><\/div><\/div><\/div><\/div><\/div><\/div><div class=\"item\" style=\"background-image:url(https:\/\/phumyhung.vn\/sportsday\/wp-content\/uploads\/2018\/05\/BOILOI-01.jpg);background-color:#333;\"><div class=\"container\"><div class=\"box-slider-content\"><div class=\"box-slider-text\"><div class=\"row\"><div class=\"col-md-offset-2 col-md-8\"><\/div><\/div><\/div><\/div><\/div><\/div><div class=\"item\" style=\"background-image:url(https:\/\/phumyhung.vn\/sportsday\/wp-content\/uploads\/2018\/05\/BOILOI-03.jpg);background-color:#333;\"><div class=\"container\"><div class=\"box-slider-content\"><div class=\"box-slider-text\"><div class=\"row\"><div class=\"col-md-offset-2 col-md-8\"><\/div><\/div><\/div><\/div><\/div><\/div><div class=\"item\" style=\"background-image:url(https:\/\/phumyhung.vn\/sportsday\/wp-content\/uploads\/2018\/05\/BOILOI-04.jpg);background-color:#333;\"><div class=\"container\"><div class=\"box-slider-content\"><div class=\"box-slider-text\"><div class=\"row\"><div class=\"col-md-offset-2 col-md-8\"><\/div><\/div><\/div><\/div><\/div><\/div><\/div><\/div>[vc_column_text css=&#8221;.vc_custom_1527044261365{margin-top: 20px !important;}&#8221;]<strong>Th\u1eddi gian:<\/strong> t\u1eeb 07:30 s\u00e1ng \u0111\u00ean 12:00 ng\u00e0y 09\/06\/2018<br \/>\n<strong>\u0110\u1ecba \u0111i\u1ec3m:<\/strong> H\u1ed3 b\u01a1i khu d\u00e2n c\u01b0 Scenic Valley, Ph\u00fa M\u1ef9 H\u01b0ng<br \/>\n<strong>S\u1ed1 l\u01b0\u1ee3ng:<\/strong>\u00a0100 tr\u1ebb em t\u1eeb 7~15 tu\u1ed5i l\u00e0 con em c\u1ee7a c\u01b0 d\u00e2n Ph\u00fa M\u1ef9 H\u01b0ng (Ch\u01b0a bi\u1ebft b\u01a1i v\u00e0 \u0111\u00e3 bi\u1ebft b\u01a1i)<br \/>\n<b>Ho\u1ea1t \u0111\u1ed9ng k\u1ef9 <\/b><b>n\u0103ng s\u1ed1ng s\u00f3t:<\/b> Tr\u01b0\u1eddng Paul Sadler Swimland (K\u1ef9 n\u0103ng s\u1ed1ng s\u00f3t trong tr\u01b0\u1eddng h\u1ee3p b\u1ecb r\u1edbt n\u01b0\u1edbc b\u1ea5t ng\u1edd t\u1ea1i h\u1ed3, bi\u1ec3n,&#8230; )<br \/>\n<b>Ho\u1ea1t \u0111\u1ed9ng thi \u0111\u1ea5u (T\u1ed5 Tr\u1ecdng T\u00e0i): <\/b>Trung T\u00e2m Th\u1ec3 D\u1ee5c Th\u1ec3 Thao Qu\u1eadn 7<br \/>\n<strong>H\u00ecnh th\u1ee9c thi \u0111\u1ea5u:<\/strong>\u00a02 n\u1ed9i dung b\u01a1i t\u1ef1 do, b\u01a1i \u1ebfch<\/p>\n<p><img class=\"style-svg\" src=\"https:\/\/phumyhung.com.vn\/sportsday\/wp-content\/uploads\/2017\/03\/table-group.svg\" alt=\"alt-text\" \/><\/p>\n<p><strong><img loading=\"lazy\" class=\"aligncenter size-full wp-image-2750\" src=\"https:\/\/phumyhung.com.vn\/sportsday\/wp-content\/uploads\/2018\/05\/boi-loi-tre-em.jpg\" alt=\"\" width=\"543\" height=\"560\" srcset=\"https:\/\/phumyhung.vn\/sportsday\/wp-content\/uploads\/2018\/05\/boi-loi-tre-em.jpg 543w, https:\/\/phumyhung.vn\/sportsday\/wp-content\/uploads\/2018\/05\/boi-loi-tre-em-291x300.jpg 291w\" sizes=\"(max-width: 543px) 100vw, 543px\" \/><\/strong><\/p>\n<p><strong>CH\u01af\u01a0NG TR\u00ccNH<\/strong><\/p>\n<p><strong>1. Ho\u1ea1t \u0111\u1ed9ng k\u1ef9 n\u0103ng (b\u1eaft bu\u1ed9c tham gia khi \u0111\u0103ng k\u00fd)<\/strong><\/p>\n<p>Gi\u00e1o d\u1ee5c an to\u00e0n d\u01b0\u1edbi n\u01b0\u1edbc thi\u1ebft k\u1ebf \u0111\u1eb7c bi\u1ec7t d\u00e0nh cho tr\u1ebb em. \u0110\u00e2y l\u00e0 c\u00e1c ho\u1ea1t \u0111\u1ed9ng t\u01b0\u01a1ng t\u00e1c vui nh\u1ed9n k\u00e9o d\u00e0i 45 ph\u00fat cung c\u1ea5p ki\u1ebfn th\u1ee9c c\u01a1 b\u1ea3n v\u1ec1 an to\u00e0n d\u01b0\u1edbi n\u01b0\u1edbc cho c\u00e1c em.<\/p>\n<p>Trong \u0111\u00f3 t\u1eadp trung v\u00e0o c\u00e1c kh\u00eda c\u1ea1nh nh\u01b0: <strong>\u0111\u1ee9ng n\u01b0\u1edbc c\u00f3 m\u1eb7c qu\u1ea7n \u00e1o b\u00ecnh th\u01b0\u1eddng (m\u00f4 ph\u1ecfng tr\u01b0\u1eddng h\u1ee3p b\u1ecb r\u1edbt n\u01b0\u1edbc b\u1ea5t ng\u1edd trong \u0111i\u1ec1u ki\u1ec7n t\u1ef1 nhi\u00ean),<\/strong> th\u1ea3 n\u1ed5i, xu\u1ed1ng n\u01b0\u1edbc v\u00e0 l\u00ean b\u1edd an to\u00e0n, c\u1ee9u h\u1ed9, s\u1eed d\u1ee5ng c\u00e1c v\u1eadt n\u1ed5i v\u00e0 c\u00e1c chi\u1ebfn l\u01b0\u1ee3c an to\u00e0n trong v\u00e0 xung quanh m\u00f4i tr\u01b0\u1eddng n\u01b0\u1edbc,\u2026<\/p>\n<ul>\n<li>L\u00fd thuy\u1ebft (20 ph\u00fat): C\u00e1c b\u00e9 \u0111\u01b0\u1ee3c xem nh\u1eefng h\u00ecnh \u1ea3nh v\u00ed d\u1ee5 th\u00fa v\u1ecb v\u00e0 sinh \u0111\u1ed9ng, tr\u1ea3 l\u1eddi c\u00e1c c\u00e2u h\u1ecfi v\u00e0 nh\u1eadn qu\u00e0<\/li>\n<li>Th\u1ef1c h\u00e0nh (20 ph\u00fat): th\u1ef1c h\u00e0nh d\u01b0\u1edbi n\u01b0\u1edbc c\u00e1c k\u1ef9 n\u0103ng s\u1ed1ng s\u00f3t \u0111\u00e3 h\u1ecdc trong ph\u1ea7n thuy\u1ebft tr\u00ecnh<\/li>\n<\/ul>\n<p><strong>2. Giao l\u01b0u thi \u0111\u1ea5u:<\/strong><\/p>\n<ul>\n<li>Chia th\u00e0nh c\u00e1c nh\u00f3m tu\u1ed5i v\u00e0 ph\u00e2n chia Nam\/N\u1eef<\/li>\n<li>V\u1eadn \u0111\u1ed9ng vi\u00ean c\u00f3 th\u1ec3 \u0111\u0103ng k\u00fd c\u1ea3 2 n\u1ed9i dung thi trong nh\u00f3m tu\u1ed5i<\/li>\n<li>N\u1ebfu s\u1ed1 l\u01b0\u1ee3ng V\u0110V \u00edt h\u01a1n 2 V\u0110V \u1edf 1 n\u1ed9i dung thi trong 1 nh\u00f3m tu\u1ed5i (Nam\/N\u1eef), V\u0110V s\u1ebd l\u1ef1a ch\u1ecdn h\u1ee7y \u0111\u0103ng k\u00fd thi ho\u1eb7c thi g\u1ed9p v\u00e0o nh\u00f3m tu\u1ed5i sau.<\/li>\n<\/ul>\n<p><em>V\u00ed d\u1ee5: B\u01a1i \u1ebfch n\u1eef nh\u00f3m III ch\u1ec9 c\u00f3 1 V\u0110V \u0111\u0103ng k\u00fd thi, V\u0110V c\u00f3 th\u1ec3 l\u1ef1a ch\u1ecdn kh\u00f4ng thi, ho\u1eb7c thi b\u01a1i \u1ebfch n\u1eef nh\u00f3m IV.<\/em><\/p>\n<p><strong>C\u01a1 c\u1ea5u gi\u1ea3i th\u01b0\u1edfng: <\/strong>8 gi\u1ea3i d\u00e0nh cho 8 nh\u00e0 V\u00f4 \u0110\u1ecbch \u1edf c\u00e1c n\u1ed9i dung thi \u0111\u1ea5u Nam\/N\u1eef g\u1ed3m huy ch\u01b0\u01a1ng + qu\u00e0 t\u1eb7ng<\/p>\n<p><strong><span style=\"text-decoration: underline;\"><em>L\u01afU \u00dd<\/em><\/span><\/strong><\/p>\n<ul>\n<li><em>Tr\u1ebb em tham d\u1ef1 b\u1eaft bu\u1ed9c ph\u1ea3i c\u00f3 Ph\u1ee5 huynh \u0111i k\u00e8m trong su\u1ed1t s\u1ef1 ki\u1ec7n<\/em><\/li>\n<li><em>Qu\u00fd Ph\u1ee5 huynh vui l\u00f2ng mang theo kh\u0103n, \u0111\u1ed3 b\u01a1i, 1 b\u1ed9 \u0111\u1ed3 th\u01b0\u1eddng (th\u1ef1c h\u00e0nh r\u1edbt n\u01b0\u1edbc trong t\u00ecnh hu\u1ed1ng b\u1ea5t ng\u1edd), v\u00e0 c\u00e1c v\u1eadt d\u1ee5ng c\u1ea7n thi\u1ebft cho b\u00e9<\/em><\/li>\n<li><em>Ho\u1ea1t \u0111\u1ed9ng thi \u0111\u1ea5u ch\u1ec9 d\u00e0nh cho v\u1eadn \u0111\u1ed9ng vi\u00ean ho\u00e0n t\u1ea5t th\u1ee7 t\u1ee5c check-in \u0111\u00fang gi\u1edd v\u00e0 \u0111\u00e3 tham gia ho\u1ea1t \u0111\u1ed9ng h\u1ecdc k\u1ef9 n\u0103ng.<\/em><\/li>\n<\/ul>\n<p>[\/vc_column_text][vc_btn title=&#8221;\u0110\u0102NG K\u00dd&#8221; style=&#8221;flat&#8221; color=&#8221;danger&#8221; align=&#8221;center&#8221; i_icon_fontawesome=&#8221;fa fa-pencil&#8221; css_animation=&#8221;none&#8221; add_icon=&#8221;true&#8221; link=&#8221;url:https%3A%2F%2Fphumyhung.com.vn%2Fsportsday%2Flien-he%2F%23swimming-form|||&#8221; css=&#8221;.vc_custom_1525261286610{margin-top: 15px !important;}&#8221;][\/vc_column_inner][\/vc_row_inner][\/vc_column][\/vc_row]<\/p>\n","protected":false},"excerpt":{"rendered":"<p>[vc_row full_width=&#8221;stretch_row_content_no_spaces&#8221;][vc_column][\/vc_column][\/vc_row][vc_row css=&#8221;.vc_custom_1499960931024{margin-top: 30px !important;margin-bottom: 25px !important;}&#8221;][vc_column][vc_separator color=&#8221;sandy_brown&#8221; el_width=&#8221;20&#8243;][vc_row_inner][vc_column_inner][vc_column_text css=&#8221;.vc_custom_1527044261365{margin-top: 20px !important;}&#8221;]Th\u1eddi gian: t\u1eeb 07:30 s\u00e1ng \u0111\u00ean 12:00 ng\u00e0y 09\/06\/2018 \u0110\u1ecba \u0111i\u1ec3m: H\u1ed3 b\u01a1i khu d\u00e2n c\u01b0 Scenic Valley, Ph\u00fa M\u1ef9 H\u01b0ng S\u1ed1 l\u01b0\u1ee3ng:\u00a0100 tr\u1ebb em t\u1eeb 7~15 tu\u1ed5i l\u00e0 con em c\u1ee7a c\u01b0 d\u00e2n Ph\u00fa M\u1ef9 H\u01b0ng (Ch\u01b0a bi\u1ebft b\u01a1i v\u00e0 \u0111\u00e3 bi\u1ebft b\u01a1i) [&hellip;]<\/p>\n","protected":false},"author":1,"featured_media":1263,"parent":0,"menu_order":0,"comment_status":"closed","ping_status":"closed","template":"homepage-template.php","meta":[],"yoast_head":"<!-- This site is optimized with the Yoast SEO plugin v16.1.1 - https:\/\/yoast.com\/wordpress\/plugins\/seo\/ -->\n<title>Gi\u1ea3i b\u01a1i l\u1ed9i tr\u1ebb em Ph\u00fa M\u1ef9 H\u01b0ng 2017 - Sports day 2017<\/title>\n<meta name=\"description\" content=\"Gi\u1ea3i b\u01a1i l\u1ed9i tr\u1ebb em Ph\u00fa M\u1ef9 H\u01b0ng 2017, L\u00e0 m\u1ed9t s\u00e2n ch\u01a1i th\u1ec3 thao b\u1ed5 \u00edch gi\u00fap c\u00e1c em h\u1ecdc sinh r\u00e8n luy\u1ec7n k\u1ef9 n\u0103ng b\u01a1i l\u1ed9i, ph\u00f2ng ch\u1ed1ng \u0111u\u1ed1i n\u01b0\u1edbc\" \/>\n<link rel=\"canonical\" href=\"https:\/\/phumyhung.vn\/sportsday\/boi-loi\/\" \/>\n<meta property=\"og:locale\" content=\"vi_VN\" \/>\n<meta property=\"og:type\" content=\"article\" \/>\n<meta property=\"og:title\" content=\"Gi\u1ea3i b\u01a1i l\u1ed9i tr\u1ebb em Ph\u00fa M\u1ef9 H\u01b0ng 2017 - Sports day 2017\" \/>\n<meta property=\"og:description\" content=\"Gi\u1ea3i b\u01a1i l\u1ed9i tr\u1ebb em Ph\u00fa M\u1ef9 H\u01b0ng 2017, L\u00e0 m\u1ed9t s\u00e2n ch\u01a1i th\u1ec3 thao b\u1ed5 \u00edch gi\u00fap c\u00e1c em h\u1ecdc sinh r\u00e8n luy\u1ec7n k\u1ef9 n\u0103ng b\u01a1i l\u1ed9i, ph\u00f2ng ch\u1ed1ng \u0111u\u1ed1i n\u01b0\u1edbc\" \/>\n<meta property=\"og:url\" content=\"https:\/\/phumyhung.vn\/sportsday\/boi-loi\/\" \/>\n<meta property=\"og:site_name\" content=\"SPORTS DAY 2017\" \/>\n<meta property=\"article:modified_time\" content=\"2018-05-23T02:57:08+00:00\" \/>\n<meta property=\"og:image\" content=\"https:\/\/phumyhung.vn\/sportsday\/wp-content\/uploads\/2017\/07\/kids-swmming-bg.jpg\" \/>\n\t<meta property=\"og:image:width\" content=\"1920\" \/>\n\t<meta property=\"og:image:height\" content=\"551\" \/>\n<meta name=\"twitter:card\" content=\"summary\" \/>\n<meta name=\"twitter:label1\" content=\"Est. reading time\">\n\t<meta name=\"twitter:data1\" content=\"4 minutes\">\n<script type=\"application\/ld+json\" class=\"yoast-schema-graph\">{\"@context\":\"https:\/\/schema.org\",\"@graph\":[{\"@type\":\"WebSite\",\"@id\":\"https:\/\/phumyhung.vn\/sportsday\/#website\",\"url\":\"https:\/\/phumyhung.vn\/sportsday\/\",\"name\":\"SPORTS DAY 2017\",\"description\":\"Ph\\u00fa M\\u1ef9 H\\u01b0ng\",\"potentialAction\":[{\"@type\":\"SearchAction\",\"target\":\"https:\/\/phumyhung.vn\/sportsday\/?s={search_term_string}\",\"query-input\":\"required name=search_term_string\"}],\"inLanguage\":\"vi-VN\"},{\"@type\":\"ImageObject\",\"@id\":\"https:\/\/phumyhung.vn\/sportsday\/boi-loi\/#primaryimage\",\"inLanguage\":\"vi-VN\",\"url\":\"https:\/\/phumyhung.vn\/sportsday\/wp-content\/uploads\/2017\/07\/kids-swmming-bg.jpg\",\"contentUrl\":\"https:\/\/phumyhung.vn\/sportsday\/wp-content\/uploads\/2017\/07\/kids-swmming-bg.jpg\",\"width\":1920,\"height\":551,\"caption\":\"Gi\\u00e3i b\\u01a1i l\\u1ed9i tr\\u1ebb em Ph\\u00fa M\\u1ef9 H\\u01b0ng 2017\"},{\"@type\":\"WebPage\",\"@id\":\"https:\/\/phumyhung.vn\/sportsday\/boi-loi\/#webpage\",\"url\":\"https:\/\/phumyhung.vn\/sportsday\/boi-loi\/\",\"name\":\"Gi\\u1ea3i b\\u01a1i l\\u1ed9i tr\\u1ebb em Ph\\u00fa M\\u1ef9 H\\u01b0ng 2017 - Sports day 2017\",\"isPartOf\":{\"@id\":\"https:\/\/phumyhung.vn\/sportsday\/#website\"},\"primaryImageOfPage\":{\"@id\":\"https:\/\/phumyhung.vn\/sportsday\/boi-loi\/#primaryimage\"},\"datePublished\":\"2017-07-10T18:16:32+00:00\",\"dateModified\":\"2018-05-23T02:57:08+00:00\",\"description\":\"Gi\\u1ea3i b\\u01a1i l\\u1ed9i tr\\u1ebb em Ph\\u00fa M\\u1ef9 H\\u01b0ng 2017, L\\u00e0 m\\u1ed9t s\\u00e2n ch\\u01a1i th\\u1ec3 thao b\\u1ed5 \\u00edch gi\\u00fap c\\u00e1c em h\\u1ecdc sinh r\\u00e8n luy\\u1ec7n k\\u1ef9 n\\u0103ng b\\u01a1i l\\u1ed9i, ph\\u00f2ng ch\\u1ed1ng \\u0111u\\u1ed1i n\\u01b0\\u1edbc\",\"breadcrumb\":{\"@id\":\"https:\/\/phumyhung.vn\/sportsday\/boi-loi\/#breadcrumb\"},\"inLanguage\":\"vi-VN\",\"potentialAction\":[{\"@type\":\"ReadAction\",\"target\":[\"https:\/\/phumyhung.vn\/sportsday\/boi-loi\/\"]}]},{\"@type\":\"BreadcrumbList\",\"@id\":\"https:\/\/phumyhung.vn\/sportsday\/boi-loi\/#breadcrumb\",\"itemListElement\":[{\"@type\":\"ListItem\",\"position\":1,\"item\":{\"@type\":\"WebPage\",\"@id\":\"https:\/\/phumyhung.vn\/sportsday\/\",\"url\":\"https:\/\/phumyhung.vn\/sportsday\/\",\"name\":\"Home\"}},{\"@type\":\"ListItem\",\"position\":2,\"item\":{\"@type\":\"WebPage\",\"@id\":\"https:\/\/phumyhung.vn\/sportsday\/boi-loi\/\",\"url\":\"https:\/\/phumyhung.vn\/sportsday\/boi-loi\/\",\"name\":\"B\\u01a1i l\\u1ed9i\"}}]}]}<\/script>\n<!-- \/ Yoast SEO plugin. -->","_links":{"self":[{"href":"https:\/\/phumyhung.vn\/sportsday\/wp-json\/wp\/v2\/pages\/1229"}],"collection":[{"href":"https:\/\/phumyhung.vn\/sportsday\/wp-json\/wp\/v2\/pages"}],"about":[{"href":"https:\/\/phumyhung.vn\/sportsday\/wp-json\/wp\/v2\/types\/page"}],"author":[{"embeddable":true,"href":"https:\/\/phumyhung.vn\/sportsday\/wp-json\/wp\/v2\/users\/1"}],"replies":[{"embeddable":true,"href":"https:\/\/phumyhung.vn\/sportsday\/wp-json\/wp\/v2\/comments?post=1229"}],"version-history":[{"count":58,"href":"https:\/\/phumyhung.vn\/sportsday\/wp-json\/wp\/v2\/pages\/1229\/revisions"}],"predecessor-version":[{"id":3121,"href":"https:\/\/phumyhung.vn\/sportsday\/wp-json\/wp\/v2\/pages\/1229\/revisions\/3121"}],"wp:featuredmedia":[{"embeddable":true,"href":"https:\/\/phumyhung.vn\/sportsday\/wp-json\/wp\/v2\/media\/1263"}],"wp:attachment":[{"href":"https:\/\/phumyhung.vn\/sportsday\/wp-json\/wp\/v2\/media?parent=1229"}],"curies":[{"name":"wp","href":"https:\/\/api.w.org\/{rel}","templated":true}]}}