{"id":291,"date":"2017-03-19T16:54:01","date_gmt":"2017-03-19T16:54:01","guid":{"rendered":"http:\/\/themefunction.com\/wordpress\/eventime\/?page_id=291"},"modified":"2018-05-25T17:51:31","modified_gmt":"2018-05-25T10:51:31","slug":"tai-tro","status":"publish","type":"page","link":"https:\/\/phumyhung.vn\/sportsday\/tai-tro\/","title":{"rendered":"T\u00e0i tr\u1ee3"},"content":{"rendered":"<p>[vc_row full_width=&#8221;stretch_row_content_no_spaces&#8221;][vc_column]\n<div id=\"rev_slider_6_1_wrapper\" class=\"rev_slider_wrapper fullwidthbanner-container\" data-source=\"gallery\" style=\"margin:0px auto;background:transparent;padding:0px;margin-top:0px;margin-bottom:0px;\">\n<!-- START REVOLUTION SLIDER 5.4.5.1 auto mode -->\n\t<div id=\"rev_slider_6_1\" class=\"rev_slider fullwidthabanner\" style=\"display:none;\" data-version=\"5.4.5.1\">\n<ul>\t<!-- SLIDE  -->\n\t<li data-index=\"rs-10\" data-transition=\"fade\" data-slotamount=\"default\" data-hideafterloop=\"0\" data-hideslideonmobile=\"off\"  data-easein=\"default\" data-easeout=\"default\" data-masterspeed=\"300\"  data-rotate=\"0\"  data-saveperformance=\"off\"  data-title=\"Slide\" data-param1=\"\" data-param2=\"\" data-param3=\"\" data-param4=\"\" data-param5=\"\" data-param6=\"\" data-param7=\"\" data-param8=\"\" data-param9=\"\" data-param10=\"\" data-description=\"\">\n\t\t<!-- MAIN IMAGE -->\n\t\t<img src=\"https:\/\/phumyhung.vn\/sportsday\/wp-content\/uploads\/2017\/07\/sponsor-bg.jpg\"  alt=\"\" title=\"sponsor-bg\"  width=\"1920\" height=\"551\" data-bgposition=\"center center\" data-bgfit=\"cover\" data-bgrepeat=\"no-repeat\" class=\"rev-slidebg\" data-no-retina>\n\t\t<!-- LAYERS -->\n\t<\/li>\n<\/ul>\n<div class=\"tp-bannertimer tp-bottom\" style=\"visibility: hidden !important;\"><\/div>\t<\/div>\n<script>var htmlDiv = document.getElementById(\"rs-plugin-settings-inline-css\"); var htmlDivCss=\"\";\n\t\t\t\tif(htmlDiv) {\n\t\t\t\t\thtmlDiv.innerHTML = htmlDiv.innerHTML + htmlDivCss;\n\t\t\t\t}else{\n\t\t\t\t\tvar htmlDiv = document.createElement(\"div\");\n\t\t\t\t\thtmlDiv.innerHTML = \"<style>\" + htmlDivCss + \"<\/style>\";\n\t\t\t\t\tdocument.getElementsByTagName(\"head\")[0].appendChild(htmlDiv.childNodes[0]);\n\t\t\t\t}\n\t\t\t<\/script>\n\t\t<script type=\"text\/javascript\">\nsetREVStartSize({c: jQuery('#rev_slider_6_1'), gridwidth: [1920], gridheight: [550], sliderLayout: 'auto'});\n\t\t\t\nvar revapi6,\n\ttpj=jQuery;\n\t\t\t\ntpj(document).ready(function() {\n\tif(tpj(\"#rev_slider_6_1\").revolution == undefined){\n\t\trevslider_showDoubleJqueryError(\"#rev_slider_6_1\");\n\t}else{\n\t\trevapi6 = tpj(\"#rev_slider_6_1\").show().revolution({\n\t\t\tsliderType:\"standard\",\n\t\t\tjsFileLocation:\"\/\/phumyhung.vn\/sportsday\/wp-content\/plugins\/revslider\/public\/assets\/js\/\",\n\t\t\tsliderLayout:\"auto\",\n\t\t\tdottedOverlay:\"none\",\n\t\t\tdelay:9000,\n\t\t\tnavigation: {\n\t\t\t\tonHoverStop:\"off\",\n\t\t\t},\n\t\t\tvisibilityLevels:[1240,1024,778,480],\n\t\t\tgridwidth:1920,\n\t\t\tgridheight:550,\n\t\t\tlazyType:\"none\",\n\t\t\tshadow:0,\n\t\t\tspinner:\"spinner0\",\n\t\t\tstopLoop:\"off\",\n\t\t\tstopAfterLoops:-1,\n\t\t\tstopAtSlide:-1,\n\t\t\tshuffle:\"off\",\n\t\t\tautoHeight:\"off\",\n\t\t\tdisableProgressBar:\"on\",\n\t\t\thideThumbsOnMobile:\"off\",\n\t\t\thideSliderAtLimit:0,\n\t\t\thideCaptionAtLimit:0,\n\t\t\thideAllCaptionAtLilmit:0,\n\t\t\tdebugMode:false,\n\t\t\tfallbacks: {\n\t\t\t\tsimplifyAll:\"off\",\n\t\t\t\tnextSlideOnWindowFocus:\"off\",\n\t\t\t\tdisableFocusListener:false,\n\t\t\t}\n\t\t});\n\t}\n\t\n});\t\/*ready*\/\n<\/script>\n\t\t<\/div><!-- END REVOLUTION SLIDER -->[\/vc_column][\/vc_row][vc_row css=&#8221;.vc_custom_1499996362777{margin-top: 30px !important;}&#8221;][vc_column]<div class=\"thw-title-shortcode \" style=\"text-align:center;\"><span class=\"icon-wrap\" style=\"background:;width:40px;height:40px;-webkit-transform:rotate(45deg);transform:rotate(45deg);\"><i style=\"color:#ffffff;font-size:14px;\" class=\"fa fa-calendar\"><\/i><\/span><h3 class=\"style-title style-title-98 classic\" style=\"font-weight:700;font-size:36px;line-height:36px;color:#f3b259;margin:0 0 15px;\">Tr\u1edf th\u00e0nh nh\u00e0 t\u00e0i tr\u1ee3<\/h3><\/div><div class=\"thw-title-shortcode sponsor-title\" style=\"text-align:center;\"><h4 class=\"style-title style-title-37 default\" style=\"font-weight:700;font-size:24px;line-height:28px;color:#ff0000;margin:20px auto 60px;\">Li\u00ean h\u1ec7 : 093 379 1516 \/ (028) 5411 - 8888<\/h4><\/div>[vc_custom_heading text=&#8221;C\u00e1c \u0111\u01a1n v\u1ecb \u0111\u1ed3ng h\u00e0nh c\u00f9ng Ng\u00e0y H\u1ed9i Th\u1ec3 Thao Ph\u00fa M\u1ef9 H\u01b0ng 2018&#8243; font_container=&#8221;tag:h2|font_size:24|text_align:center|color:%231b680b&#8221; google_fonts=&#8221;font_family:Play%3Aregular%2C700|font_style:400%20regular%3A400%3Anormal&#8221;][vc_column_text]<img class=\"style-svg aligncenter\" src=\"https:\/\/phumyhung.com.vn\/sportsday\/wp-content\/uploads\/2017\/03\/TAI-TRO-HOME.svg\" alt=\"t\u00e0i tr\u1ee3\" \/>[\/vc_column_text][vc_custom_heading text=&#8221;Tr\u00e2n tr\u1ecdng c\u1ea3m \u01a1n c\u00e1c \u0111\u01a1n v\u1ecb \u0111\u00e3 \u0111\u1ed3ng h\u00e0nh c\u00f9ng Ng\u00e0y H\u1ed9i Th\u1ec3 Thao Ph\u00fa M\u1ef9 H\u01b0ng qua c\u00e1c k\u1ef3&#8221; font_container=&#8221;tag:h2|font_size:24|text_align:center|color:%231b680b&#8221; google_fonts=&#8221;font_family:Play%3Aregular%2C700|font_style:400%20regular%3A400%3Anormal&#8221;][\/vc_column][\/vc_row][vc_row css=&#8221;.vc_custom_1525419292707{margin-top: 30px !important;}&#8221;][vc_column][vc_column_text]<img loading=\"lazy\" class=\"style-svg aligncenter\" src=\"https:\/\/phumyhung.com.vn\/sportsday\/wp-content\/uploads\/2018\/05\/sponsorsed.svg\" alt=\"t\u00e0i tr\u1ee3\" width=\"809\" height=\"629\" \/>[\/vc_column_text][\/vc_column][\/vc_row]<\/p>\n","protected":false},"excerpt":{"rendered":"<p>[vc_row full_width=&#8221;stretch_row_content_no_spaces&#8221;][vc_column][\/vc_column][\/vc_row][vc_row css=&#8221;.vc_custom_1499996362777{margin-top: 30px !important;}&#8221;][vc_column][vc_custom_heading text=&#8221;C\u00e1c \u0111\u01a1n v\u1ecb \u0111\u1ed3ng h\u00e0nh c\u00f9ng Ng\u00e0y H\u1ed9i Th\u1ec3 Thao Ph\u00fa M\u1ef9 H\u01b0ng 2018&#8243; font_container=&#8221;tag:h2|font_size:24|text_align:center|color:%231b680b&#8221; google_fonts=&#8221;font_family:Play%3Aregular%2C700|font_style:400%20regular%3A400%3Anormal&#8221;][vc_column_text][\/vc_column_text][vc_custom_heading text=&#8221;Tr\u00e2n tr\u1ecdng c\u1ea3m \u01a1n c\u00e1c \u0111\u01a1n v\u1ecb \u0111\u00e3 \u0111\u1ed3ng h\u00e0nh c\u00f9ng Ng\u00e0y H\u1ed9i Th\u1ec3 Thao Ph\u00fa M\u1ef9 H\u01b0ng qua c\u00e1c k\u1ef3&#8221; font_container=&#8221;tag:h2|font_size:24|text_align:center|color:%231b680b&#8221; google_fonts=&#8221;font_family:Play%3Aregular%2C700|font_style:400%20regular%3A400%3Anormal&#8221;][\/vc_column][\/vc_row][vc_row css=&#8221;.vc_custom_1525419292707{margin-top: 30px !important;}&#8221;][vc_column][vc_column_text][\/vc_column_text][\/vc_column][\/vc_row]<\/p>\n","protected":false},"author":1,"featured_media":0,"parent":0,"menu_order":0,"comment_status":"closed","ping_status":"closed","template":"homepage-template.php","meta":[],"yoast_head":"<!-- This site is optimized with the Yoast SEO plugin v16.1.1 - https:\/\/yoast.com\/wordpress\/plugins\/seo\/ -->\n<title>T\u00e0i tr\u1ee3 - SPORTS DAY 2017<\/title>\n<meta name=\"description\" content=\"H\u00e3y tham gua t\u00e0i tr\u1ee3 \u0111\u00ea ti\u1ebfp c\u1eadn kh\u00e1ch h\u00e0ng ti\u1ec1m n\u0103ng c\u1ef1c l\u1edbn c\u1ee7a ch\u00fang t\u00f4i th\u00f4ng qua ng\u00e0y h\u1ed9i ph\u00fa m\u1ef9 h\u01b0ng 2017, Phu My Hung sports day 2017\" \/>\n<link rel=\"canonical\" href=\"https:\/\/phumyhung.vn\/sportsday\/tai-tro\/\" \/>\n<meta property=\"og:locale\" content=\"vi_VN\" \/>\n<meta property=\"og:type\" content=\"article\" \/>\n<meta property=\"og:title\" content=\"T\u00e0i tr\u1ee3 - SPORTS DAY 2017\" \/>\n<meta property=\"og:description\" content=\"H\u00e3y tham gua t\u00e0i tr\u1ee3 \u0111\u00ea ti\u1ebfp c\u1eadn kh\u00e1ch h\u00e0ng ti\u1ec1m n\u0103ng c\u1ef1c l\u1edbn c\u1ee7a ch\u00fang t\u00f4i th\u00f4ng qua ng\u00e0y h\u1ed9i ph\u00fa m\u1ef9 h\u01b0ng 2017, Phu My Hung sports day 2017\" \/>\n<meta property=\"og:url\" content=\"https:\/\/phumyhung.vn\/sportsday\/tai-tro\/\" \/>\n<meta property=\"og:site_name\" content=\"SPORTS DAY 2017\" \/>\n<meta property=\"article:modified_time\" content=\"2018-05-25T10:51:31+00:00\" \/>\n<meta property=\"og:image\" content=\"https:\/\/phumyhung.com.vn\/sportsday\/wp-content\/uploads\/2017\/03\/TAI-TRO-HOME.svg\" \/>\n<meta name=\"twitter:card\" content=\"summary\" \/>\n<meta name=\"twitter:label1\" content=\"Est. reading time\">\n\t<meta name=\"twitter:data1\" content=\"1 minute\">\n<script type=\"application\/ld+json\" class=\"yoast-schema-graph\">{\"@context\":\"https:\/\/schema.org\",\"@graph\":[{\"@type\":\"WebSite\",\"@id\":\"https:\/\/phumyhung.vn\/sportsday\/#website\",\"url\":\"https:\/\/phumyhung.vn\/sportsday\/\",\"name\":\"SPORTS DAY 2017\",\"description\":\"Ph\\u00fa M\\u1ef9 H\\u01b0ng\",\"potentialAction\":[{\"@type\":\"SearchAction\",\"target\":\"https:\/\/phumyhung.vn\/sportsday\/?s={search_term_string}\",\"query-input\":\"required name=search_term_string\"}],\"inLanguage\":\"vi-VN\"},{\"@type\":\"ImageObject\",\"@id\":\"https:\/\/phumyhung.vn\/sportsday\/tai-tro\/#primaryimage\",\"inLanguage\":\"vi-VN\",\"url\":\"https:\/\/phumyhung.com.vn\/sportsday\/wp-content\/uploads\/2017\/03\/TAI-TRO-HOME.svg\",\"contentUrl\":\"https:\/\/phumyhung.com.vn\/sportsday\/wp-content\/uploads\/2017\/03\/TAI-TRO-HOME.svg\"},{\"@type\":\"WebPage\",\"@id\":\"https:\/\/phumyhung.vn\/sportsday\/tai-tro\/#webpage\",\"url\":\"https:\/\/phumyhung.vn\/sportsday\/tai-tro\/\",\"name\":\"T\\u00e0i tr\\u1ee3 - SPORTS DAY 2017\",\"isPartOf\":{\"@id\":\"https:\/\/phumyhung.vn\/sportsday\/#website\"},\"primaryImageOfPage\":{\"@id\":\"https:\/\/phumyhung.vn\/sportsday\/tai-tro\/#primaryimage\"},\"datePublished\":\"2017-03-19T16:54:01+00:00\",\"dateModified\":\"2018-05-25T10:51:31+00:00\",\"description\":\"H\\u00e3y tham gua t\\u00e0i tr\\u1ee3 \\u0111\\u00ea ti\\u1ebfp c\\u1eadn kh\\u00e1ch h\\u00e0ng ti\\u1ec1m n\\u0103ng c\\u1ef1c l\\u1edbn c\\u1ee7a ch\\u00fang t\\u00f4i th\\u00f4ng qua ng\\u00e0y h\\u1ed9i ph\\u00fa m\\u1ef9 h\\u01b0ng 2017, Phu My Hung sports day 2017\",\"breadcrumb\":{\"@id\":\"https:\/\/phumyhung.vn\/sportsday\/tai-tro\/#breadcrumb\"},\"inLanguage\":\"vi-VN\",\"potentialAction\":[{\"@type\":\"ReadAction\",\"target\":[\"https:\/\/phumyhung.vn\/sportsday\/tai-tro\/\"]}]},{\"@type\":\"BreadcrumbList\",\"@id\":\"https:\/\/phumyhung.vn\/sportsday\/tai-tro\/#breadcrumb\",\"itemListElement\":[{\"@type\":\"ListItem\",\"position\":1,\"item\":{\"@type\":\"WebPage\",\"@id\":\"https:\/\/phumyhung.vn\/sportsday\/\",\"url\":\"https:\/\/phumyhung.vn\/sportsday\/\",\"name\":\"Home\"}},{\"@type\":\"ListItem\",\"position\":2,\"item\":{\"@type\":\"WebPage\",\"@id\":\"https:\/\/phumyhung.vn\/sportsday\/tai-tro\/\",\"url\":\"https:\/\/phumyhung.vn\/sportsday\/tai-tro\/\",\"name\":\"T\\u00e0i tr\\u1ee3\"}}]}]}<\/script>\n<!-- \/ Yoast SEO plugin. -->","_links":{"self":[{"href":"https:\/\/phumyhung.vn\/sportsday\/wp-json\/wp\/v2\/pages\/291"}],"collection":[{"href":"https:\/\/phumyhung.vn\/sportsday\/wp-json\/wp\/v2\/pages"}],"about":[{"href":"https:\/\/phumyhung.vn\/sportsday\/wp-json\/wp\/v2\/types\/page"}],"author":[{"embeddable":true,"href":"https:\/\/phumyhung.vn\/sportsday\/wp-json\/wp\/v2\/users\/1"}],"replies":[{"embeddable":true,"href":"https:\/\/phumyhung.vn\/sportsday\/wp-json\/wp\/v2\/comments?post=291"}],"version-history":[{"count":91,"href":"https:\/\/phumyhung.vn\/sportsday\/wp-json\/wp\/v2\/pages\/291\/revisions"}],"predecessor-version":[{"id":3159,"href":"https:\/\/phumyhung.vn\/sportsday\/wp-json\/wp\/v2\/pages\/291\/revisions\/3159"}],"wp:attachment":[{"href":"https:\/\/phumyhung.vn\/sportsday\/wp-json\/wp\/v2\/media?parent=291"}],"curies":[{"name":"wp","href":"https:\/\/api.w.org\/{rel}","templated":true}]}}