{"id":304,"date":"2017-03-19T17:33:25","date_gmt":"2017-03-19T17:33:25","guid":{"rendered":"http:\/\/themefunction.com\/wordpress\/eventime\/?page_id=304"},"modified":"2018-06-15T15:23:23","modified_gmt":"2018-06-15T08:23:23","slug":"giai-golf","status":"publish","type":"page","link":"https:\/\/phumyhung.vn\/sportsday\/giai-golf\/","title":{"rendered":"Gi\u1ea3i Golf"},"content":{"rendered":"<p>[vc_row full_width=&#8221;stretch_row_content_no_spaces&#8221;][vc_column]\n<div id=\"rev_slider_2_1_wrapper\" class=\"rev_slider_wrapper fullwidthbanner-container\" data-source=\"gallery\" style=\"margin:0px auto;background:transparent;padding:0px;margin-top:0px;margin-bottom:0px;\">\n<!-- START REVOLUTION SLIDER 5.4.5.1 auto mode -->\n\t<div id=\"rev_slider_2_1\" class=\"rev_slider fullwidthabanner\" style=\"display:none;\" data-version=\"5.4.5.1\">\n<ul>\t<!-- SLIDE  -->\n\t<li data-index=\"rs-5\" data-transition=\"fade\" data-slotamount=\"default\" data-hideafterloop=\"0\" data-hideslideonmobile=\"off\"  data-easein=\"default\" data-easeout=\"default\" data-masterspeed=\"300\"  data-rotate=\"0\"  data-saveperformance=\"off\"  data-title=\"Slide\" data-param1=\"\" data-param2=\"\" data-param3=\"\" data-param4=\"\" data-param5=\"\" data-param6=\"\" data-param7=\"\" data-param8=\"\" data-param9=\"\" data-param10=\"\" data-description=\"\">\n\t\t<!-- MAIN IMAGE -->\n\t\t<img src=\"https:\/\/phumyhung.vn\/sportsday\/wp-content\/uploads\/2017\/03\/bg-golf.jpg\"  alt=\"\" title=\"bg-golf\"  width=\"1920\" height=\"551\" data-bgposition=\"center center\" data-bgfit=\"cover\" data-bgrepeat=\"no-repeat\" class=\"rev-slidebg\" data-no-retina>\n\t\t<!-- LAYERS -->\n\t<\/li>\n<\/ul>\n<div class=\"tp-bannertimer tp-bottom\" style=\"visibility: hidden !important;\"><\/div>\t<\/div>\n<script>var htmlDiv = document.getElementById(\"rs-plugin-settings-inline-css\"); var htmlDivCss=\"\";\n\t\t\t\tif(htmlDiv) {\n\t\t\t\t\thtmlDiv.innerHTML = htmlDiv.innerHTML + htmlDivCss;\n\t\t\t\t}else{\n\t\t\t\t\tvar htmlDiv = document.createElement(\"div\");\n\t\t\t\t\thtmlDiv.innerHTML = \"<style>\" + htmlDivCss + \"<\/style>\";\n\t\t\t\t\tdocument.getElementsByTagName(\"head\")[0].appendChild(htmlDiv.childNodes[0]);\n\t\t\t\t}\n\t\t\t<\/script>\n\t\t<script type=\"text\/javascript\">\nsetREVStartSize({c: jQuery('#rev_slider_2_1'), gridwidth: [1920], gridheight: [550], sliderLayout: 'auto'});\n\t\t\t\nvar revapi2,\n\ttpj=jQuery;\n\t\t\t\ntpj(document).ready(function() {\n\tif(tpj(\"#rev_slider_2_1\").revolution == undefined){\n\t\trevslider_showDoubleJqueryError(\"#rev_slider_2_1\");\n\t}else{\n\t\trevapi2 = tpj(\"#rev_slider_2_1\").show().revolution({\n\t\t\tsliderType:\"standard\",\n\t\t\tjsFileLocation:\"\/\/phumyhung.vn\/sportsday\/wp-content\/plugins\/revslider\/public\/assets\/js\/\",\n\t\t\tsliderLayout:\"auto\",\n\t\t\tdottedOverlay:\"none\",\n\t\t\tdelay:9000,\n\t\t\tnavigation: {\n\t\t\t\tonHoverStop:\"off\",\n\t\t\t},\n\t\t\tvisibilityLevels:[1240,1024,778,480],\n\t\t\tgridwidth:1920,\n\t\t\tgridheight:550,\n\t\t\tlazyType:\"none\",\n\t\t\tshadow:0,\n\t\t\tspinner:\"spinner3\",\n\t\t\tstopLoop:\"off\",\n\t\t\tstopAfterLoops:-1,\n\t\t\tstopAtSlide:-1,\n\t\t\tshuffle:\"off\",\n\t\t\tautoHeight:\"off\",\n\t\t\tdisableProgressBar:\"on\",\n\t\t\thideThumbsOnMobile:\"off\",\n\t\t\thideSliderAtLimit:0,\n\t\t\thideCaptionAtLimit:0,\n\t\t\thideAllCaptionAtLilmit:0,\n\t\t\tdebugMode:false,\n\t\t\tfallbacks: {\n\t\t\t\tsimplifyAll:\"off\",\n\t\t\t\tnextSlideOnWindowFocus:\"off\",\n\t\t\t\tdisableFocusListener:false,\n\t\t\t}\n\t\t});\n\t}\n\t\n});\t\/*ready*\/\n<\/script>\n\t\t<script>\n\t\t\t\t\tvar htmlDivCss = '\t#rev_slider_2_1_wrapper .tp-loader.spinner3 div { background-color: #FFFFFF !important; } ';\n\t\t\t\t\tvar htmlDiv = document.getElementById('rs-plugin-settings-inline-css');\n\t\t\t\t\tif(htmlDiv) {\n\t\t\t\t\t\thtmlDiv.innerHTML = htmlDiv.innerHTML + htmlDivCss;\n\t\t\t\t\t}\n\t\t\t\t\telse{\n\t\t\t\t\t\tvar htmlDiv = document.createElement('div');\n\t\t\t\t\t\thtmlDiv.innerHTML = '<style>' + htmlDivCss + '<\/style>';\n\t\t\t\t\t\tdocument.getElementsByTagName('head')[0].appendChild(htmlDiv.childNodes[0]);\n\t\t\t\t\t}\n\t\t\t\t\t<\/script>\n\t\t\t\t\t<\/div><!-- END REVOLUTION SLIDER -->[\/vc_column][\/vc_row][vc_row][vc_column css=&#8221;.vc_custom_1525318274773{margin-top: 30px !important;}&#8221;]<div id=\"advanced-tabs-desc-wrap-4493\" class=\"ult_tabs \" style=\" \" data-tabsstyle=\"style2\"\n data-titlebg=\"#e7ecea\" data-titlecolor=\"#74777b\" data-fullheight=\"off\"\n data-titlehoverbg=\"#4f90d1\" data-titlehovercolor=\"#ffffff\"\n data-rotatetabs=\"0\" data-responsivemode=\"Both\" data-animation=\"Slide-Horizontal\"\ndata-activetitle=\"#ffffff\" data-activeicon=\"\" data-activebg=\"#4f90d1\"  data-respmode=\"Tabs\" data-respwidth=\"400\" data-scroll = \"on\"><ul id=advanced-tabs-wrap-3489 class=\"ult_tabmenu style2 \" style=\"color:transparent;border-bottom-color:transparent;border-bottom-width:0px;border-bottom-style:solid;border-bottom-width:0px;\"><li class=\"ult_tab_li   \" data-iconcolor=\"#74777b\" data-iconhover=\"#ffffff\" style=\"\">\n\t\t\t\t\t<a href=\"#220a6434-660a-10\" id=\"220a6434-660a-10\" style=\"color:#74777b;background-color:#e7ecea;border-top-left-radius:8px;;  \" class=\"ult_a \">\n\t\t\t\t\t   <span class=\"ult_tab_main  Both \">\n\t\t\t\t\t    <span class=\"ult_tab_section\">\n\t\t\t\t\t  \t\t<span  data-ultimate-target='#advanced-tabs-wrap-3489 .ult-span-text'  data-responsive-json-new='{\"font-size\":\"desktop:15px;\",\"line-height\":\"\"}'  class=\"ult-span-text ult-responsive\" style=\"\">1. GOLF<\/span>\n\t\t\t\t\t\t   \t<span class=\"aio-icon none ult_tab_iconright\" style=\"color:#74777b;font-size:15px;\">\n\t\t\t\t\t\t   \t<i class=\"   ult_tab_icon\"  ><\/i>\n\t\t\t\t\t\t   <\/span>\n\t\t\t\t\t\t<\/span>\n\t\t\t\t\t   <\/span>\n\n\t\t\t\t\t<\/a>\n\t\t\t\t\t<\/li><li class=\"ult_tab_li   \" data-iconcolor=\"#74777b\" data-iconhover=\"#ffffff\" style=\"\">\n\t\t\t\t\t<a href=\"#a3d964de-f501-3\" id=\"a3d964de-f501-3\" style=\"color:#74777b;background-color:#e7ecea;border-top-right-radius:8px;;  \" class=\"ult_a \">\n\t\t\t\t\t   <span class=\"ult_tab_main  Both \">\n\t\t\t\t\t    <span class=\"ult_tab_section\">\n\t\t\t\t\t  \t\t<span  data-ultimate-target='#advanced-tabs-wrap-3489 .ult-span-text'  data-responsive-json-new='{\"font-size\":\"desktop:15px;\",\"line-height\":\"\"}'  class=\"ult-span-text ult-responsive\" style=\"\">2. KIDS GOLF<\/span>\n\t\t\t\t\t\t   \t<span class=\"aio-icon none ult_tab_iconright\" style=\"color:#74777b;font-size:15px;\">\n\t\t\t\t\t\t   \t<i class=\"   ult_tab_icon\"  ><\/i>\n\t\t\t\t\t\t   <\/span>\n\t\t\t\t\t\t<\/span>\n\t\t\t\t\t   <\/span>\n\n\t\t\t\t\t<\/a>\n\t\t\t\t\t<\/li><\/ul><div  data-ultimate-target='#advanced-tabs-desc-wrap-4493 .ult_tabcontent .ult_tab_min_contain  p'  data-responsive-json-new='{\"font-size\":\"\",\"line-height\":\"\"}' class=\"ult_tabcontent ult-responsive style2\" style=\"color:#74777b;\"><div class=\"ult_tab_min_contain \" >\n\t\t\t<div  class=\"ult_tabitemname\"  >\n\t\t\t\t<div class=\"hidden hiddens\" data-resp=\"@media (max-width: 768px){\n\t\t\t.thw-title-shortcode .style-title-58{\n\t\t\t\tfont-size: 16px !important;\n\t\t\t\tline-height: 16px !important;\n\t\t\t}\n\t\t\t.thw-title-shortcode .style-sub-title-58 {\n\t\t\t\tfont-size: px !important;\n\t\t\t\tline-height: px !important;\n\t\t\t}\n\t\t}\"><\/div><div class=\"thw-title-shortcode \" style=\"text-align:center;\"><h3 class=\"style-title style-title-58 classic\" style=\"font-weight:700;font-size:22px;line-height:22px;margin:0 0 20px;\">1. Gi\u1ea3i Golf Ph\u00fa M\u1ef9 H\u01b0ng 2018<\/h3><\/div>[vc_separator color=&#8221;sandy_brown&#8221; el_width=&#8221;20&#8243;][vc_row_inner][vc_column_inner width=&#8221;1\/2&#8243;][vc_column_text]<strong>Ng\u00e0y thi \u0111\u1ea5u:<\/strong>\u00a009:30 &#8211; 17:30 ng\u00e0y 09\/06\/2018<br \/>\n<strong>\u0110\u1ecba \u0111i\u1ec3m:<\/strong> S\u00e2n Golf Nam S\u00e0i G\u00f2n, Ph\u00fa M\u1ef9 H\u01b0ng, Qu\u1eadn 7<br \/>\n<strong>Ti\u1ec7c t\u1ed1i:<\/strong> 17:30 t\u1ea1i Sales Gallery PMH<br \/>\n<strong>S\u1ed1 l\u01b0\u1ee3ng:<\/strong>\u00a072 golfer<br \/>\n<strong>Ph\u00ed thi \u0111\u1ea5u <\/strong>(\u0111\u00e3 bao g\u1ed3m ti\u1ec7c t\u1ed1i)<strong>:<\/strong> 1.000.000 VND\/ ng\u01b0\u1eddi<\/p>\n<hr \/>\n<p><strong>H\u00ecnh th\u1ee9c thi \u0111\u1ea5u:<\/strong> Thi \u0111\u1ea5u theo lu\u1eadt \u0111\u1ea5u g\u1eady 9 hole x 2 v\u00f2ng. T\u00ednh \u0111i\u1ec3m theo Handicap ng\u00e0y[\/vc_column_text][vc_btn title=&#8221;\u0110\u0102NG K\u00dd &#8221; style=&#8221;flat&#8221; color=&#8221;danger&#8221; align=&#8221;center&#8221; i_icon_fontawesome=&#8221;fa fa-pencil&#8221; add_icon=&#8221;true&#8221; link=&#8221;url:https%3A%2F%2Fphumyhung.com.vn%2Fsportsday%2Flien-he%2F%23golf-form|||&#8221; css=&#8221;.vc_custom_1525322924652{margin-top: 15px !important;padding-bottom: 15px !important;}&#8221;][\/vc_column_inner][vc_column_inner width=&#8221;1\/2&#8243;][vc_single_image image=&#8221;2742&#8243; img_size=&#8221;full&#8221; style=&#8221;vc_box_rounded&#8221; css=&#8221;.vc_custom_1525257997969{margin-top: -20px !important;}&#8221;][\/vc_column_inner][\/vc_row_inner][vc_row_inner][vc_column_inner][vc_single_image image=&#8221;3452&#8243; img_size=&#8221;full&#8221; alignment=&#8221;center&#8221; title=&#8221;K\u1ebeT QU\u1ea2 THI \u0110\u1ea4U GI\u1ea2I GOLF 2018&#8243;][\/vc_column_inner][\/vc_row_inner]\n\t\t\t<\/div>\n\t\t\t<div  class=\"ult_tabitemname\"  >\n\t\t\t\t<div class=\"hidden hiddens\" data-resp=\"@media (max-width: 768px){\n\t\t\t.thw-title-shortcode .style-title-63{\n\t\t\t\tfont-size: 16px !important;\n\t\t\t\tline-height: px !important;\n\t\t\t}\n\t\t\t.thw-title-shortcode .style-sub-title-63 {\n\t\t\t\tfont-size: px !important;\n\t\t\t\tline-height: px !important;\n\t\t\t}\n\t\t}\"><\/div><div class=\"thw-title-shortcode \" style=\"text-align:center;\"><h3 class=\"style-title style-title-63 classic\" style=\"font-weight:700;font-size:22px;line-height:22px;margin:0 0 20px;\">2. Gi\u1ea3i Golf Tr\u1ebb Em Ph\u00fa M\u1ef9 H\u01b0ng 2018<\/h3><\/div>[vc_separator color=&#8221;sandy_brown&#8221; el_width=&#8221;20&#8243;][vc_row_inner][vc_column_inner width=&#8221;1\/2&#8243;][vc_column_text]<strong>S\u1ed1 l\u01b0\u1ee3ng:<\/strong> 20-30 b\u00e9 thu\u1ed9c gia \u0111\u00ecnh c\u00e1c c\u01b0 d\u00e2n Ph\u00fa M\u1ef9 H\u01b0ng t\u1eeb 8 tu\u1ed5i \u0111\u1ebfn 15 tu\u1ed5i.<br \/>\n<strong>H\u00ecnh th\u1ee9c: C<\/strong>h\u01b0\u01a1ng tr\u00ecnh training v\u00e0 thi \u0111\u1ea5u mini games (chipping v\u00e0 putting) chia theo t\u1eebng nh\u00f3m tu\u1ed5i<\/p>\n<ul>\n<li>Nh\u00f3m 1: 10 golfer 8~10 tu\u1ed5i<\/li>\n<li>Nh\u00f3m 2: 10 golfer t\u1eeb 11~15 tu\u1ed5i<\/li>\n<\/ul>\n<p>C\u00e1c Hu\u1ea5n luy\u1ec7n vi\u00ean Golf s\u1ebd h\u01b0\u1edbng d\u1eabn v\u00e0 l\u00e0m tr\u1ecdng t\u00e0i t\u1ea1i c\u00e1c gi\u1ea3i mini games d\u00e0nh cho tr\u1ebb em<\/p>\n<p><b>Professional Golfer: <\/b><b>Ryan (<\/b><b>ng\u01b0\u1eddi<\/b> <b>\u00dac<\/b><b>) <\/b>s\u1ebd h\u01b0\u1edbng d\u1eabn ch\u01b0\u01a1ng tr\u00ecnh Golf d\u00e0nh cho tr\u1ebb em[\/vc_column_text][vc_btn title=&#8221;\u0110\u0102NG K\u00dd &#8221; style=&#8221;flat&#8221; color=&#8221;danger&#8221; align=&#8221;center&#8221; i_icon_fontawesome=&#8221;fa fa-pencil&#8221; add_icon=&#8221;true&#8221; link=&#8221;url:https%3A%2F%2Fphumyhung.com.vn%2Fsportsday%2Flien-he%2F%23golf-kids-form|||&#8221; css=&#8221;.vc_custom_1525322949051{margin-top: 15px !important;}&#8221;][\/vc_column_inner][vc_column_inner width=&#8221;1\/2&#8243;][vc_single_image image=&#8221;2745&#8243; img_size=&#8221;full&#8221;][\/vc_column_inner][\/vc_row_inner]\n\t\t\t<\/div><\/div><\/div><\/div><div class=\"ult_acord\">\n   <div class=\"ult-tabto-accordion \" style=\"width:;\"\n    data-titlecolor=\"#74777b\"  data-titlebg=\"#e7ecea\"\n     data-titlehoverbg=\"#4f90d1\" data-titlehovercolor=\"#ffffff\" data-animation=\"Slide-Horizontal\"\n     data-activetitle=\"#ffffff\" data-activeicon=\"\" data-activebg=\"#4f90d1\" data-scroll = \"on\" >\n     <dl><dt class=\"\">\n        \t<a class=\"ult-tabto-actitle withBorder ult_a\" id=\"220a6434-660a-10\" style=\"color:#74777b;;background-color:#e7ecea;border-bottom-color:transparent;border-bottom-width:0px;border-bottom-style:solid;\" href=\"#220a6434-660a-10\">\n        \t\t<i class=\"accordion-icon\">+<\/i>\n        \t\t\t<span class=\"ult_tab_main ult_ac_mainBoth\">\n\t\t\t\t\t   <span  data-ultimate-target='#advanced-tabs-wrap-3489 .ult-span-text'  data-responsive-json-new='{\"font-size\":\"desktop:15px;\",\"line-height\":\"\"}'  class=\"ult-span-text ult_acordian-text ult-responsive\" style=\";color:inherit \" >1. GOLF<\/span>\n\t\t\t\t\t<\/span>\n\t\t\t\t\t   <div class=\"aio-icon none \" style=\"color:#74777b;font-size:15px;\" data-iconcolor=\"#74777b\" data-iconhover=\"#ffffff\">\n\t\t\t\t\t   <i class=\"    ult_tab_icon\"  ><\/i>\n\t\t\t\t\t   <\/div>\n\t\t\t\t\t<\/a><\/dt>\n            \t\t<dd class=\"ult-tabto-accordionItem ult-tabto-accolapsed\">\n\t\t\t            <div class=\"ult-tabto-acontent\" style=\"color:#74777b;\">\n\t\t\t               <div class=\"hidden hiddens\" data-resp=\"@media (max-width: 768px){\n\t\t\t.thw-title-shortcode .style-title-48{\n\t\t\t\tfont-size: 16px !important;\n\t\t\t\tline-height: 16px !important;\n\t\t\t}\n\t\t\t.thw-title-shortcode .style-sub-title-48 {\n\t\t\t\tfont-size: px !important;\n\t\t\t\tline-height: px !important;\n\t\t\t}\n\t\t}\"><\/div><div class=\"thw-title-shortcode \" style=\"text-align:center;\"><h3 class=\"style-title style-title-48 classic\" style=\"font-weight:700;font-size:22px;line-height:22px;margin:0 0 20px;\">1. Gi\u1ea3i Golf Ph\u00fa M\u1ef9 H\u01b0ng 2018<\/h3><\/div>[vc_separator color=&#8221;sandy_brown&#8221; el_width=&#8221;20&#8243;][vc_row_inner][vc_column_inner width=&#8221;1\/2&#8243;][vc_column_text]<strong>Ng\u00e0y thi \u0111\u1ea5u:<\/strong>\u00a009:30 &#8211; 17:30 ng\u00e0y 09\/06\/2018<br \/>\n<strong>\u0110\u1ecba \u0111i\u1ec3m:<\/strong> S\u00e2n Golf Nam S\u00e0i G\u00f2n, Ph\u00fa M\u1ef9 H\u01b0ng, Qu\u1eadn 7<br \/>\n<strong>Ti\u1ec7c t\u1ed1i:<\/strong> 17:30 t\u1ea1i Sales Gallery PMH<br \/>\n<strong>S\u1ed1 l\u01b0\u1ee3ng:<\/strong>\u00a072 golfer<br \/>\n<strong>Ph\u00ed thi \u0111\u1ea5u <\/strong>(\u0111\u00e3 bao g\u1ed3m ti\u1ec7c t\u1ed1i)<strong>:<\/strong> 1.000.000 VND\/ ng\u01b0\u1eddi<\/p>\n<hr \/>\n<p><strong>H\u00ecnh th\u1ee9c thi \u0111\u1ea5u:<\/strong> Thi \u0111\u1ea5u theo lu\u1eadt \u0111\u1ea5u g\u1eady 9 hole x 2 v\u00f2ng. T\u00ednh \u0111i\u1ec3m theo Handicap ng\u00e0y[\/vc_column_text][vc_btn title=&#8221;\u0110\u0102NG K\u00dd &#8221; style=&#8221;flat&#8221; color=&#8221;danger&#8221; align=&#8221;center&#8221; i_icon_fontawesome=&#8221;fa fa-pencil&#8221; add_icon=&#8221;true&#8221; link=&#8221;url:https%3A%2F%2Fphumyhung.com.vn%2Fsportsday%2Flien-he%2F%23golf-form|||&#8221; css=&#8221;.vc_custom_1525322924652{margin-top: 15px !important;padding-bottom: 15px !important;}&#8221;][\/vc_column_inner][vc_column_inner width=&#8221;1\/2&#8243;][vc_single_image image=&#8221;2742&#8243; img_size=&#8221;full&#8221; style=&#8221;vc_box_rounded&#8221; css=&#8221;.vc_custom_1525257997969{margin-top: -20px !important;}&#8221;][\/vc_column_inner][\/vc_row_inner][vc_row_inner][vc_column_inner][vc_single_image image=&#8221;3452&#8243; img_size=&#8221;full&#8221; alignment=&#8221;center&#8221; title=&#8221;K\u1ebeT QU\u1ea2 THI \u0110\u1ea4U GI\u1ea2I GOLF 2018&#8243;][\/vc_column_inner][\/vc_row_inner]\n\t\t\t            <\/div>\n        \t<\/dd><dt class=\"\">\n        \t<a class=\"ult-tabto-actitle withBorder ult_a\" id=\"a3d964de-f501-3\" style=\"color:#74777b;;background-color:#e7ecea;border-bottom-color:transparent;border-bottom-width:0px;border-bottom-style:solid;border-bottom-color:transparent;border-bottom-width:0px;border-bottom-style:solid;\" href=\"#a3d964de-f501-3\">\n        \t\t<i class=\"accordion-icon\">+<\/i>\n        \t\t\t<span class=\"ult_tab_main ult_ac_mainBoth\">\n\t\t\t\t\t   <span  data-ultimate-target='#advanced-tabs-wrap-3489 .ult-span-text'  data-responsive-json-new='{\"font-size\":\"desktop:15px;\",\"line-height\":\"\"}'  class=\"ult-span-text ult_acordian-text ult-responsive\" style=\";color:inherit \" >2. KIDS GOLF<\/span>\n\t\t\t\t\t<\/span>\n\t\t\t\t\t   <div class=\"aio-icon none \" style=\"color:#74777b;font-size:15px;\" data-iconcolor=\"#74777b\" data-iconhover=\"#ffffff\">\n\t\t\t\t\t   <i class=\"    ult_tab_icon\"  ><\/i>\n\t\t\t\t\t   <\/div>\n\t\t\t\t\t<\/a><\/dt>\n            \t\t<dd class=\"ult-tabto-accordionItem ult-tabto-accolapsed\">\n\t\t\t            <div class=\"ult-tabto-acontent\" style=\"color:#74777b;\">\n\t\t\t               <div class=\"hidden hiddens\" data-resp=\"@media (max-width: 768px){\n\t\t\t.thw-title-shortcode .style-title-93{\n\t\t\t\tfont-size: 16px !important;\n\t\t\t\tline-height: px !important;\n\t\t\t}\n\t\t\t.thw-title-shortcode .style-sub-title-93 {\n\t\t\t\tfont-size: px !important;\n\t\t\t\tline-height: px !important;\n\t\t\t}\n\t\t}\"><\/div><div class=\"thw-title-shortcode \" style=\"text-align:center;\"><h3 class=\"style-title style-title-93 classic\" style=\"font-weight:700;font-size:22px;line-height:22px;margin:0 0 20px;\">2. Gi\u1ea3i Golf Tr\u1ebb Em Ph\u00fa M\u1ef9 H\u01b0ng 2018<\/h3><\/div>[vc_separator color=&#8221;sandy_brown&#8221; el_width=&#8221;20&#8243;][vc_row_inner][vc_column_inner width=&#8221;1\/2&#8243;][vc_column_text]<strong>S\u1ed1 l\u01b0\u1ee3ng:<\/strong> 20-30 b\u00e9 thu\u1ed9c gia \u0111\u00ecnh c\u00e1c c\u01b0 d\u00e2n Ph\u00fa M\u1ef9 H\u01b0ng t\u1eeb 8 tu\u1ed5i \u0111\u1ebfn 15 tu\u1ed5i.<br \/>\n<strong>H\u00ecnh th\u1ee9c: C<\/strong>h\u01b0\u01a1ng tr\u00ecnh training v\u00e0 thi \u0111\u1ea5u mini games (chipping v\u00e0 putting) chia theo t\u1eebng nh\u00f3m tu\u1ed5i<\/p>\n<ul>\n<li>Nh\u00f3m 1: 10 golfer 8~10 tu\u1ed5i<\/li>\n<li>Nh\u00f3m 2: 10 golfer t\u1eeb 11~15 tu\u1ed5i<\/li>\n<\/ul>\n<p>C\u00e1c Hu\u1ea5n luy\u1ec7n vi\u00ean Golf s\u1ebd h\u01b0\u1edbng d\u1eabn v\u00e0 l\u00e0m tr\u1ecdng t\u00e0i t\u1ea1i c\u00e1c gi\u1ea3i mini games d\u00e0nh cho tr\u1ebb em<\/p>\n<p><b>Professional Golfer: <\/b><b>Ryan (<\/b><b>ng\u01b0\u1eddi<\/b> <b>\u00dac<\/b><b>) <\/b>s\u1ebd h\u01b0\u1edbng d\u1eabn ch\u01b0\u01a1ng tr\u00ecnh Golf d\u00e0nh cho tr\u1ebb em[\/vc_column_text][vc_btn title=&#8221;\u0110\u0102NG K\u00dd &#8221; style=&#8221;flat&#8221; color=&#8221;danger&#8221; align=&#8221;center&#8221; i_icon_fontawesome=&#8221;fa fa-pencil&#8221; add_icon=&#8221;true&#8221; link=&#8221;url:https%3A%2F%2Fphumyhung.com.vn%2Fsportsday%2Flien-he%2F%23golf-kids-form|||&#8221; css=&#8221;.vc_custom_1525322949051{margin-top: 15px !important;}&#8221;][\/vc_column_inner][vc_column_inner width=&#8221;1\/2&#8243;][vc_single_image image=&#8221;2745&#8243; img_size=&#8221;full&#8221;][\/vc_column_inner][\/vc_row_inner]\n\t\t\t            <\/div>\n        \t<\/dd>\n    \t<\/dl>\n    <!--<div class=\"extraborder\" style=\"background-color:#4f90d1\"><\/div>-->\n<\/div>\n\n<\/div>[\/vc_column][\/vc_row]<\/p>\n","protected":false},"excerpt":{"rendered":"<p>[vc_row full_width=&#8221;stretch_row_content_no_spaces&#8221;][vc_column][\/vc_column][\/vc_row][vc_row][vc_column css=&#8221;.vc_custom_1525318274773{margin-top: 30px !important;}&#8221;][\/vc_column][\/vc_row]<\/p>\n","protected":false},"author":1,"featured_media":0,"parent":0,"menu_order":0,"comment_status":"closed","ping_status":"closed","template":"homepage-template.php","meta":[],"yoast_head":"<!-- This site is optimized with the Yoast SEO plugin v16.1.1 - https:\/\/yoast.com\/wordpress\/plugins\/seo\/ -->\n<title>Gi\u1ea3i Golf Ph\u00fa M\u1ef9 H\u01b0ng 2018 - Sports day 2018<\/title>\n<meta name=\"description\" content=\"Gi\u1ea3i Goff 2017 l\u00e0 ho\u1ea1t \u0111\u1ed9ng th\u1ec3 thao ti\u1ebfp n\u1ed1i s\u1ef1 th\u00e0nh c\u00f4ng gi\u1ea3i Golf 2016, Ng\u00e0y thi \u0111\u1ea5u: 22\/7, \u0110\u1ecba \u0111i\u1ec3m: Saigon South Golf Course, S\u1ed1 l\u01b0\u1ee3ng: 108 golfer\" \/>\n<link rel=\"canonical\" href=\"https:\/\/phumyhung.vn\/sportsday\/giai-golf\/\" \/>\n<meta property=\"og:locale\" content=\"vi_VN\" \/>\n<meta property=\"og:type\" content=\"article\" \/>\n<meta property=\"og:title\" content=\"Gi\u1ea3i Golf Ph\u00fa M\u1ef9 H\u01b0ng 2018 - Sports day 2018\" \/>\n<meta property=\"og:description\" content=\"Gi\u1ea3i Goff 2017 l\u00e0 ho\u1ea1t \u0111\u1ed9ng th\u1ec3 thao ti\u1ebfp n\u1ed1i s\u1ef1 th\u00e0nh c\u00f4ng gi\u1ea3i Golf 2016, Ng\u00e0y thi \u0111\u1ea5u: 22\/7, \u0110\u1ecba \u0111i\u1ec3m: Saigon South Golf Course, S\u1ed1 l\u01b0\u1ee3ng: 108 golfer\" \/>\n<meta property=\"og:url\" content=\"https:\/\/phumyhung.vn\/sportsday\/giai-golf\/\" \/>\n<meta property=\"og:site_name\" content=\"SPORTS DAY 2017\" \/>\n<meta property=\"article:modified_time\" content=\"2018-06-15T08:23:23+00:00\" \/>\n<meta name=\"twitter:card\" content=\"summary\" \/>\n<meta name=\"twitter:label1\" content=\"Est. reading time\">\n\t<meta name=\"twitter:data1\" content=\"3 minutes\">\n<script type=\"application\/ld+json\" class=\"yoast-schema-graph\">{\"@context\":\"https:\/\/schema.org\",\"@graph\":[{\"@type\":\"WebSite\",\"@id\":\"https:\/\/phumyhung.vn\/sportsday\/#website\",\"url\":\"https:\/\/phumyhung.vn\/sportsday\/\",\"name\":\"SPORTS DAY 2017\",\"description\":\"Ph\\u00fa M\\u1ef9 H\\u01b0ng\",\"potentialAction\":[{\"@type\":\"SearchAction\",\"target\":\"https:\/\/phumyhung.vn\/sportsday\/?s={search_term_string}\",\"query-input\":\"required name=search_term_string\"}],\"inLanguage\":\"vi-VN\"},{\"@type\":\"WebPage\",\"@id\":\"https:\/\/phumyhung.vn\/sportsday\/giai-golf\/#webpage\",\"url\":\"https:\/\/phumyhung.vn\/sportsday\/giai-golf\/\",\"name\":\"Gi\\u1ea3i Golf Ph\\u00fa M\\u1ef9 H\\u01b0ng 2018 - Sports day 2018\",\"isPartOf\":{\"@id\":\"https:\/\/phumyhung.vn\/sportsday\/#website\"},\"datePublished\":\"2017-03-19T17:33:25+00:00\",\"dateModified\":\"2018-06-15T08:23:23+00:00\",\"description\":\"Gi\\u1ea3i Goff 2017 l\\u00e0 ho\\u1ea1t \\u0111\\u1ed9ng th\\u1ec3 thao ti\\u1ebfp n\\u1ed1i s\\u1ef1 th\\u00e0nh c\\u00f4ng gi\\u1ea3i Golf 2016, Ng\\u00e0y thi \\u0111\\u1ea5u: 22\/7, \\u0110\\u1ecba \\u0111i\\u1ec3m: Saigon South Golf Course, S\\u1ed1 l\\u01b0\\u1ee3ng: 108 golfer\",\"breadcrumb\":{\"@id\":\"https:\/\/phumyhung.vn\/sportsday\/giai-golf\/#breadcrumb\"},\"inLanguage\":\"vi-VN\",\"potentialAction\":[{\"@type\":\"ReadAction\",\"target\":[\"https:\/\/phumyhung.vn\/sportsday\/giai-golf\/\"]}]},{\"@type\":\"BreadcrumbList\",\"@id\":\"https:\/\/phumyhung.vn\/sportsday\/giai-golf\/#breadcrumb\",\"itemListElement\":[{\"@type\":\"ListItem\",\"position\":1,\"item\":{\"@type\":\"WebPage\",\"@id\":\"https:\/\/phumyhung.vn\/sportsday\/\",\"url\":\"https:\/\/phumyhung.vn\/sportsday\/\",\"name\":\"Home\"}},{\"@type\":\"ListItem\",\"position\":2,\"item\":{\"@type\":\"WebPage\",\"@id\":\"https:\/\/phumyhung.vn\/sportsday\/giai-golf\/\",\"url\":\"https:\/\/phumyhung.vn\/sportsday\/giai-golf\/\",\"name\":\"Gi\\u1ea3i Golf\"}}]}]}<\/script>\n<!-- \/ Yoast SEO plugin. -->","_links":{"self":[{"href":"https:\/\/phumyhung.vn\/sportsday\/wp-json\/wp\/v2\/pages\/304"}],"collection":[{"href":"https:\/\/phumyhung.vn\/sportsday\/wp-json\/wp\/v2\/pages"}],"about":[{"href":"https:\/\/phumyhung.vn\/sportsday\/wp-json\/wp\/v2\/types\/page"}],"author":[{"embeddable":true,"href":"https:\/\/phumyhung.vn\/sportsday\/wp-json\/wp\/v2\/users\/1"}],"replies":[{"embeddable":true,"href":"https:\/\/phumyhung.vn\/sportsday\/wp-json\/wp\/v2\/comments?post=304"}],"version-history":[{"count":66,"href":"https:\/\/phumyhung.vn\/sportsday\/wp-json\/wp\/v2\/pages\/304\/revisions"}],"predecessor-version":[{"id":3481,"href":"https:\/\/phumyhung.vn\/sportsday\/wp-json\/wp\/v2\/pages\/304\/revisions\/3481"}],"wp:attachment":[{"href":"https:\/\/phumyhung.vn\/sportsday\/wp-json\/wp\/v2\/media?parent=304"}],"curies":[{"name":"wp","href":"https:\/\/api.w.org\/{rel}","templated":true}]}}