{"id":313,"date":"2017-03-20T03:14:36","date_gmt":"2017-03-20T03:14:36","guid":{"rendered":"http:\/\/themefunction.com\/wordpress\/eventime\/?page_id=313"},"modified":"2018-06-15T15:26:49","modified_gmt":"2018-06-15T08:26:49","slug":"giai-tennis","status":"publish","type":"page","link":"https:\/\/phumyhung.vn\/sportsday\/giai-tennis\/","title":{"rendered":"Gi\u1ea3i Tennis"},"content":{"rendered":"<p>[vc_row full_width=&#8221;stretch_row_content_no_spaces&#8221;][vc_column]\n<div id=\"rev_slider_7_1_wrapper\" class=\"rev_slider_wrapper fullwidthbanner-container\" data-source=\"gallery\" style=\"margin:0px auto;background:transparent;padding:0px;margin-top:0px;margin-bottom:0px;\">\n<!-- START REVOLUTION SLIDER 5.4.5.1 auto mode -->\n\t<div id=\"rev_slider_7_1\" class=\"rev_slider fullwidthabanner\" style=\"display:none;\" data-version=\"5.4.5.1\">\n<ul>\t<!-- SLIDE  -->\n\t<li data-index=\"rs-11\" data-transition=\"fade\" data-slotamount=\"default\" data-hideafterloop=\"0\" data-hideslideonmobile=\"off\"  data-easein=\"default\" data-easeout=\"default\" data-masterspeed=\"300\"  data-rotate=\"0\"  data-saveperformance=\"off\"  data-title=\"Slide\" data-param1=\"\" data-param2=\"\" data-param3=\"\" data-param4=\"\" data-param5=\"\" data-param6=\"\" data-param7=\"\" data-param8=\"\" data-param9=\"\" data-param10=\"\" data-description=\"\">\n\t\t<!-- MAIN IMAGE -->\n\t\t<img src=\"https:\/\/phumyhung.vn\/sportsday\/wp-content\/uploads\/2017\/03\/tennis-bg-1.jpg\"  alt=\"\" title=\"tennis-bg\"  width=\"1920\" height=\"551\" data-bgposition=\"center center\" data-bgfit=\"cover\" data-bgrepeat=\"no-repeat\" class=\"rev-slidebg\" data-no-retina>\n\t\t<!-- LAYERS -->\n\t<\/li>\n<\/ul>\n<div class=\"tp-bannertimer tp-bottom\" style=\"visibility: hidden !important;\"><\/div>\t<\/div>\n<script>var htmlDiv = document.getElementById(\"rs-plugin-settings-inline-css\"); var htmlDivCss=\"\";\n\t\t\t\tif(htmlDiv) {\n\t\t\t\t\thtmlDiv.innerHTML = htmlDiv.innerHTML + htmlDivCss;\n\t\t\t\t}else{\n\t\t\t\t\tvar htmlDiv = document.createElement(\"div\");\n\t\t\t\t\thtmlDiv.innerHTML = \"<style>\" + htmlDivCss + \"<\/style>\";\n\t\t\t\t\tdocument.getElementsByTagName(\"head\")[0].appendChild(htmlDiv.childNodes[0]);\n\t\t\t\t}\n\t\t\t<\/script>\n\t\t<script type=\"text\/javascript\">\nsetREVStartSize({c: jQuery('#rev_slider_7_1'), gridwidth: [1920], gridheight: [550], sliderLayout: 'auto'});\n\t\t\t\nvar revapi7,\n\ttpj=jQuery;\n\t\t\t\ntpj(document).ready(function() {\n\tif(tpj(\"#rev_slider_7_1\").revolution == undefined){\n\t\trevslider_showDoubleJqueryError(\"#rev_slider_7_1\");\n\t}else{\n\t\trevapi7 = tpj(\"#rev_slider_7_1\").show().revolution({\n\t\t\tsliderType:\"standard\",\n\t\t\tjsFileLocation:\"\/\/phumyhung.vn\/sportsday\/wp-content\/plugins\/revslider\/public\/assets\/js\/\",\n\t\t\tsliderLayout:\"auto\",\n\t\t\tdottedOverlay:\"none\",\n\t\t\tdelay:9000,\n\t\t\tnavigation: {\n\t\t\t\tonHoverStop:\"off\",\n\t\t\t},\n\t\t\tvisibilityLevels:[1240,1024,778,480],\n\t\t\tgridwidth:1920,\n\t\t\tgridheight:550,\n\t\t\tlazyType:\"none\",\n\t\t\tshadow:0,\n\t\t\tspinner:\"spinner3\",\n\t\t\tstopLoop:\"off\",\n\t\t\tstopAfterLoops:-1,\n\t\t\tstopAtSlide:-1,\n\t\t\tshuffle:\"off\",\n\t\t\tautoHeight:\"off\",\n\t\t\tdisableProgressBar:\"on\",\n\t\t\thideThumbsOnMobile:\"off\",\n\t\t\thideSliderAtLimit:0,\n\t\t\thideCaptionAtLimit:0,\n\t\t\thideAllCaptionAtLilmit:0,\n\t\t\tdebugMode:false,\n\t\t\tfallbacks: {\n\t\t\t\tsimplifyAll:\"off\",\n\t\t\t\tnextSlideOnWindowFocus:\"off\",\n\t\t\t\tdisableFocusListener:false,\n\t\t\t}\n\t\t});\n\t}\n\t\n});\t\/*ready*\/\n<\/script>\n\t\t<script>\n\t\t\t\t\tvar htmlDivCss = '\t#rev_slider_7_1_wrapper .tp-loader.spinner3 div { background-color: #FFFFFF !important; } ';\n\t\t\t\t\tvar htmlDiv = document.getElementById('rs-plugin-settings-inline-css');\n\t\t\t\t\tif(htmlDiv) {\n\t\t\t\t\t\thtmlDiv.innerHTML = htmlDiv.innerHTML + htmlDivCss;\n\t\t\t\t\t}\n\t\t\t\t\telse{\n\t\t\t\t\t\tvar htmlDiv = document.createElement('div');\n\t\t\t\t\t\thtmlDiv.innerHTML = '<style>' + htmlDivCss + '<\/style>';\n\t\t\t\t\t\tdocument.getElementsByTagName('head')[0].appendChild(htmlDiv.childNodes[0]);\n\t\t\t\t\t}\n\t\t\t\t\t<\/script>\n\t\t\t\t\t<\/div><!-- END REVOLUTION SLIDER -->[\/vc_column][\/vc_row][vc_row css=&#8221;.vc_custom_1499962929712{margin-top: 30px !important;}&#8221;][vc_column]<div class=\"thw-title-shortcode \" style=\"text-align:center;\"><h3 class=\"style-title style-title-98 classic\" style=\"font-weight:700;font-size:22px;line-height:22px;margin:0 15px 15px;\">Gi\u1ea3i Tennis Ph\u00fa M\u1ef9 H\u01b0ng 2018<\/h3><\/div>[vc_separator color=&#8221;sandy_brown&#8221; el_width=&#8221;20&#8243;][\/vc_column][\/vc_row][vc_row full_width=&#8221;stretch_row&#8221; css=&#8221;.vc_custom_1500002079783{background-position: center !important;background-repeat: no-repeat !important;background-size: cover !important;}&#8221;][vc_column][vc_row_inner][vc_column_inner width=&#8221;1\/2&#8243;][vc_column_text css=&#8221;.vc_custom_1525322769180{padding-top: 25px !important;padding-bottom: 70px !important;}&#8221;]<strong>Ng\u00e0y thi \u0111\u1ea5u:<\/strong> t\u1eeb 07:00 ng\u00e0y 09\/06\/2018<br \/>\n<strong>\u0110\u1ecba \u0111i\u1ec3m:<\/strong> S\u00e2n tennis Maia Club, Ph\u00fa M\u1ef9 H\u01b0ng, Qu\u1eadn 7<br \/>\n<strong>S\u1ed1 l\u01b0\u1ee3ng:<\/strong>\u00a0<b>48 V\u0110V <\/b><b>nghi\u1ec7p<\/b> <b>d\u01b0<\/b> <b>l\u00e0<\/b> c\u01b0 d\u00e2n Ph\u00fa M\u1ef9 H\u01b0ng, \u0111\u1ed1i t\u00e1c \u0111\u01b0\u1ee3c chia th\u00e0nh 24 \u0111\u1ed9i (\u0110\u00e1nh \u0111\u00f4i) &#8211; 8 b\u1ea3ng<br \/>\n<strong>Ph\u00ed thi \u0111\u1ea5u<\/strong> (\u0111\u00e3 bao g\u1ed3m ti\u1ec7c t\u1ed1i): 500.000 VND\/ ng\u01b0\u1eddi<br \/>\n<strong>H\u00ecnh th\u1ee9c thi \u0111\u1ea5u:<\/strong>\u00a0\u0110\u00e1nh \u0111\u00f4i, c\u00e1c n\u1ed9i dung thi \u0111\u1ea5u v\u00f2ng tr\u00f2n m\u1ed9t l\u01b0\u1ee3t<br \/>\n<strong>Lu\u1eadt thi \u0111\u1ea5u:<\/strong> t\u1ea5t c\u1ea3 c\u00e1c tr\u1eadn thi \u0111\u1ea5u 1 v\u00e1n 6 b\u00e0n, \u00e1p d\u1ee5ng b\u00e0n th\u1eafng v\u00e0ng, khi th\u1eddi \u0111i\u1ec3m 40-40 \u0111\u00e1nh 1 qu\u1ea3 quy\u1ebft \u0111\u1ecbnh.<br \/>\n<strong>C\u01a1 c\u1ea5u gi\u1ea3i th\u01b0\u1edfng:<\/strong> Gi\u1ea3i nh\u1ea5t, Gi\u1ea3i nh\u00ec, \u0110\u1ed3ng gi\u1ea3i ba, Gi\u1ea3i khuy\u1ebfn kh\u00edch<br \/>\n<strong>Ti\u1ec7c t\u1ed1i:<\/strong> 17:30 t\u1ea1i Sales Gallery PMH<\/p>\n<hr \/>\n<p><strong>Ch\u01b0\u01a1ng tr\u00ecnh thi \u0111\u1ea5u<\/strong><\/p>\n<ul>\n<li>07:00 \u2013 07:15 \u0110\u00f3n kh\u00e1ch<\/li>\n<li>07:15 \u2013 07:45 Ph\u1ee5c v\u1ee5 \u0103n s\u00e1ng, thay \u0111\u1ed3 thi \u0111\u1ea5u<\/li>\n<li>08:00 \u2013 08:30 Khai m\u1ea1c<\/li>\n<li>08:30 \u2013 15:30 Thi \u0111\u1ea5u v\u00f2ng lo\u1ea1i<\/li>\n<li>15:30 \u2013 17:30 Thi \u0111\u1ea5u chung k\u1ebft<\/li>\n<\/ul>\n<p>[\/vc_column_text][vc_btn title=&#8221;\u0110\u0102NG K\u00dd&#8221; color=&#8221;danger&#8221; align=&#8221;center&#8221; i_icon_fontawesome=&#8221;fa fa-pencil&#8221; add_icon=&#8221;true&#8221; link=&#8221;url:https%3A%2F%2Fphumyhung.com.vn%2Fsportsday%2Flien-he%2F%23tennis-form|||&#8221; css=&#8221;.vc_custom_1525322775665{padding-bottom: 15px !important;}&#8221;][\/vc_column_inner][vc_column_inner width=&#8221;1\/2&#8243;][vc_single_image image=&#8221;2739&#8243; img_size=&#8221;full&#8221; style=&#8221;vc_box_shadow_border&#8221; css_animation=&#8221;rotateInUpRight&#8221;][\/vc_column_inner][\/vc_row_inner][\/vc_column][\/vc_row][vc_row css=&#8221;.vc_custom_1525322650767{margin-top: -30px !important;}&#8221;][vc_column css=&#8221;.vc_custom_1529051288816{margin-bottom: 30px !important;}&#8221;]<div class=\"thw-title-shortcode \" style=\"text-align:center;\"><h3 class=\"style-title style-title-87 classic\" style=\"font-weight:700;font-size:24px;line-height:24px;color:#dd9933;margin:20px 15px 15px;\">K\u1ebeT QU\u1ea2 GI\u1ea2I THI \u0110\u1ea4U TENNIS 2018<\/h3><\/div>[vc_column_text]<strong>Gi\u1ea3i Nh\u1ea5t:<\/strong> Takumi Hosoi + So Arai<\/p>\n<p><strong>Gi\u1ea3i Nh\u00ec:<\/strong> L\u00ea H\u1ed3ng Qu\u00e2n + Tr\u1ea7n Minh Ph\u01b0\u01a1ng<\/p>\n<p><strong>Gi\u1ea3i Ba:<br \/>\n<\/strong>L\u00ea \u0110\u00ecnh Ch\u01b0\u01a1ng + Ph\u1ea1m H\u1ed3ng Minh<br \/>\nKayuza Taira + Hiroshi Suzuki<\/p>\n<p><strong>Gi\u1ea3i Khuy\u1ebfn Kh\u00edch:<br \/>\n<\/strong>L\u00ea Ho\u00e0i Nam + L\u00ea Quang Tuy\u1ebfn<br \/>\nPh\u1ea1m S\u1ef9 Qu\u1ed1c H\u01b0ng + \u0110\u1ed3ng Xu\u00e2n Nghi\u00eam<br \/>\nHo\u00e0ng V\u0169 Huy + Tr\u1ea7n \u0110\u1eafc \u0110\u0103ng Khoa<br \/>\nL\u1ea1i Minh T\u00e2m + D\u01b0\u01a1ng C\u1ea9m \u0110\u00e0[\/vc_column_text][\/vc_column][\/vc_row]<\/p>\n","protected":false},"excerpt":{"rendered":"<p>[vc_row full_width=&#8221;stretch_row_content_no_spaces&#8221;][vc_column][\/vc_column][\/vc_row][vc_row css=&#8221;.vc_custom_1499962929712{margin-top: 30px !important;}&#8221;][vc_column][vc_separator color=&#8221;sandy_brown&#8221; el_width=&#8221;20&#8243;][\/vc_column][\/vc_row][vc_row full_width=&#8221;stretch_row&#8221; css=&#8221;.vc_custom_1500002079783{background-position: center !important;background-repeat: no-repeat !important;background-size: cover !important;}&#8221;][vc_column][vc_row_inner][vc_column_inner width=&#8221;1\/2&#8243;][vc_column_text css=&#8221;.vc_custom_1525322769180{padding-top: 25px !important;padding-bottom: 70px !important;}&#8221;]Ng\u00e0y thi \u0111\u1ea5u: t\u1eeb 07:00 ng\u00e0y 09\/06\/2018 \u0110\u1ecba \u0111i\u1ec3m: S\u00e2n tennis Maia Club, Ph\u00fa M\u1ef9 H\u01b0ng, Qu\u1eadn 7 S\u1ed1 l\u01b0\u1ee3ng:\u00a048 V\u0110V nghi\u1ec7p d\u01b0 l\u00e0 c\u01b0 d\u00e2n Ph\u00fa M\u1ef9 H\u01b0ng, \u0111\u1ed1i t\u00e1c \u0111\u01b0\u1ee3c chia th\u00e0nh 24 [&hellip;]<\/p>\n","protected":false},"author":1,"featured_media":0,"parent":0,"menu_order":0,"comment_status":"closed","ping_status":"closed","template":"homepage-template.php","meta":[],"yoast_head":"<!-- This site is optimized with the Yoast SEO plugin v16.1.1 - https:\/\/yoast.com\/wordpress\/plugins\/seo\/ -->\n<title>Gi\u1ea3i Tennis Ph\u00fa M\u1ef9 H\u01b0ng 2017 - Sports day 2017<\/title>\n<meta name=\"description\" content=\"Ng\u00e0y thi \u0111\u1ea5u: t\u1eeb 7g s\u00e1ng th\u1ee9 7, ng\u00e0y 22\/7\/2017, \u0110\u1ecba \u0111i\u1ec3m: S\u00e2n tennis Maia Club, Ph\u00fa M\u1ef9 H\u01b0ng, Qu\u1eadn 7\" \/>\n<link rel=\"canonical\" href=\"https:\/\/phumyhung.vn\/sportsday\/giai-tennis\/\" \/>\n<meta property=\"og:locale\" content=\"vi_VN\" \/>\n<meta property=\"og:type\" content=\"article\" \/>\n<meta property=\"og:title\" content=\"Gi\u1ea3i Tennis Ph\u00fa M\u1ef9 H\u01b0ng 2017 - Sports day 2017\" \/>\n<meta property=\"og:description\" content=\"Ng\u00e0y thi \u0111\u1ea5u: t\u1eeb 7g s\u00e1ng th\u1ee9 7, ng\u00e0y 22\/7\/2017, \u0110\u1ecba \u0111i\u1ec3m: S\u00e2n tennis Maia Club, Ph\u00fa M\u1ef9 H\u01b0ng, Qu\u1eadn 7\" \/>\n<meta property=\"og:url\" content=\"https:\/\/phumyhung.vn\/sportsday\/giai-tennis\/\" \/>\n<meta property=\"og:site_name\" content=\"SPORTS DAY 2017\" \/>\n<meta property=\"article:modified_time\" content=\"2018-06-15T08:26:49+00:00\" \/>\n<meta name=\"twitter:card\" content=\"summary\" \/>\n<meta name=\"twitter:label1\" content=\"Est. reading time\">\n\t<meta name=\"twitter:data1\" content=\"3 minutes\">\n<script type=\"application\/ld+json\" class=\"yoast-schema-graph\">{\"@context\":\"https:\/\/schema.org\",\"@graph\":[{\"@type\":\"WebSite\",\"@id\":\"https:\/\/phumyhung.vn\/sportsday\/#website\",\"url\":\"https:\/\/phumyhung.vn\/sportsday\/\",\"name\":\"SPORTS DAY 2017\",\"description\":\"Ph\\u00fa M\\u1ef9 H\\u01b0ng\",\"potentialAction\":[{\"@type\":\"SearchAction\",\"target\":\"https:\/\/phumyhung.vn\/sportsday\/?s={search_term_string}\",\"query-input\":\"required name=search_term_string\"}],\"inLanguage\":\"vi-VN\"},{\"@type\":\"WebPage\",\"@id\":\"https:\/\/phumyhung.vn\/sportsday\/giai-tennis\/#webpage\",\"url\":\"https:\/\/phumyhung.vn\/sportsday\/giai-tennis\/\",\"name\":\"Gi\\u1ea3i Tennis Ph\\u00fa M\\u1ef9 H\\u01b0ng 2017 - Sports day 2017\",\"isPartOf\":{\"@id\":\"https:\/\/phumyhung.vn\/sportsday\/#website\"},\"datePublished\":\"2017-03-20T03:14:36+00:00\",\"dateModified\":\"2018-06-15T08:26:49+00:00\",\"description\":\"Ng\\u00e0y thi \\u0111\\u1ea5u: t\\u1eeb 7g s\\u00e1ng th\\u1ee9 7, ng\\u00e0y 22\/7\/2017, \\u0110\\u1ecba \\u0111i\\u1ec3m: S\\u00e2n tennis Maia Club, Ph\\u00fa M\\u1ef9 H\\u01b0ng, Qu\\u1eadn 7\",\"breadcrumb\":{\"@id\":\"https:\/\/phumyhung.vn\/sportsday\/giai-tennis\/#breadcrumb\"},\"inLanguage\":\"vi-VN\",\"potentialAction\":[{\"@type\":\"ReadAction\",\"target\":[\"https:\/\/phumyhung.vn\/sportsday\/giai-tennis\/\"]}]},{\"@type\":\"BreadcrumbList\",\"@id\":\"https:\/\/phumyhung.vn\/sportsday\/giai-tennis\/#breadcrumb\",\"itemListElement\":[{\"@type\":\"ListItem\",\"position\":1,\"item\":{\"@type\":\"WebPage\",\"@id\":\"https:\/\/phumyhung.vn\/sportsday\/\",\"url\":\"https:\/\/phumyhung.vn\/sportsday\/\",\"name\":\"Home\"}},{\"@type\":\"ListItem\",\"position\":2,\"item\":{\"@type\":\"WebPage\",\"@id\":\"https:\/\/phumyhung.vn\/sportsday\/giai-tennis\/\",\"url\":\"https:\/\/phumyhung.vn\/sportsday\/giai-tennis\/\",\"name\":\"Gi\\u1ea3i Tennis\"}}]}]}<\/script>\n<!-- \/ Yoast SEO plugin. -->","_links":{"self":[{"href":"https:\/\/phumyhung.vn\/sportsday\/wp-json\/wp\/v2\/pages\/313"}],"collection":[{"href":"https:\/\/phumyhung.vn\/sportsday\/wp-json\/wp\/v2\/pages"}],"about":[{"href":"https:\/\/phumyhung.vn\/sportsday\/wp-json\/wp\/v2\/types\/page"}],"author":[{"embeddable":true,"href":"https:\/\/phumyhung.vn\/sportsday\/wp-json\/wp\/v2\/users\/1"}],"replies":[{"embeddable":true,"href":"https:\/\/phumyhung.vn\/sportsday\/wp-json\/wp\/v2\/comments?post=313"}],"version-history":[{"count":20,"href":"https:\/\/phumyhung.vn\/sportsday\/wp-json\/wp\/v2\/pages\/313\/revisions"}],"predecessor-version":[{"id":3483,"href":"https:\/\/phumyhung.vn\/sportsday\/wp-json\/wp\/v2\/pages\/313\/revisions\/3483"}],"wp:attachment":[{"href":"https:\/\/phumyhung.vn\/sportsday\/wp-json\/wp\/v2\/media?parent=313"}],"curies":[{"name":"wp","href":"https:\/\/api.w.org\/{rel}","templated":true}]}}