{"id":6236,"date":"2022-01-06T16:15:11","date_gmt":"2022-01-06T09:15:11","guid":{"rendered":"https:\/\/phumyhung.vn\/the-antonia\/?page_id=6236"},"modified":"2022-01-10T15:47:52","modified_gmt":"2022-01-10T08:47:52","slug":"the-dat-phong-thuy","status":"publish","type":"page","link":"https:\/\/phumyhung.vn\/the-antonia\/the-dat-phong-thuy\/","title":{"rendered":"Th\u1ebf \u0111\u1ea5t phong th\u1ee7y"},"content":{"rendered":"\t\t<div data-elementor-type=\"wp-page\" data-elementor-id=\"6236\" class=\"elementor elementor-6236\" data-elementor-post-type=\"page\">\n\t\t\t\t\t\t<section class=\"elementor-section elementor-top-section elementor-element elementor-element-d10d595 elementor-section-full_width elementor-section-height-full elementor-section-height-default elementor-section-items-middle\" data-id=\"d10d595\" data-element_type=\"section\" data-e-type=\"section\" data-settings=\"{&quot;background_background&quot;:&quot;classic&quot;}\">\n\t\t\t\t\t\t<div class=\"elementor-container elementor-column-gap-no\">\n\t\t\t\t\t<div class=\"elementor-column elementor-col-100 elementor-top-column elementor-element elementor-element-6c80631\" data-id=\"6c80631\" data-element_type=\"column\" data-e-type=\"column\">\n\t\t\t<div class=\"elementor-widget-wrap elementor-element-populated\">\n\t\t\t\t\t\t<div class=\"elementor-element elementor-element-6318f0e elementor-widget elementor-widget-spacer\" data-id=\"6318f0e\" data-element_type=\"widget\" data-e-type=\"widget\" data-widget_type=\"spacer.default\">\n\t\t\t\t<div class=\"elementor-widget-container\">\n\t\t\t\t\t\t\t<div class=\"elementor-spacer\">\n\t\t\t<div class=\"elementor-spacer-inner\"><\/div>\n\t\t<\/div>\n\t\t\t\t\t\t<\/div>\n\t\t\t\t<\/div>\n\t\t\t\t\t<\/div>\n\t\t<\/div>\n\t\t\t\t\t<\/div>\n\t\t<\/section>\n\t\t\t\t<section class=\"elementor-section elementor-top-section elementor-element elementor-element-f5f3451 elementor-section-boxed elementor-section-height-default elementor-section-height-default\" data-id=\"f5f3451\" data-element_type=\"section\" data-e-type=\"section\">\n\t\t\t\t\t\t<div class=\"elementor-container elementor-column-gap-default\">\n\t\t\t\t\t<div class=\"elementor-column elementor-col-100 elementor-top-column elementor-element elementor-element-83e8b46\" data-id=\"83e8b46\" data-element_type=\"column\" data-e-type=\"column\">\n\t\t\t<div class=\"elementor-widget-wrap elementor-element-populated\">\n\t\t\t\t\t\t<div class=\"elementor-element elementor-element-1d50fa3 elementor-widget elementor-widget-heading\" data-id=\"1d50fa3\" data-element_type=\"widget\" data-e-type=\"widget\" data-widget_type=\"heading.default\">\n\t\t\t\t<div class=\"elementor-widget-container\">\n\t\t\t\t\t<h2 class=\"elementor-heading-title elementor-size-default\">D\u1ef1 \u00e1n nh\u00e0 \u1edf\n<\/h2>\t\t\t\t<\/div>\n\t\t\t\t<\/div>\n\t\t\t\t<div class=\"elementor-element elementor-element-c196dc3 elementor-widget elementor-widget-heading\" data-id=\"c196dc3\" data-element_type=\"widget\" data-e-type=\"widget\" data-widget_type=\"heading.default\">\n\t\t\t\t<div class=\"elementor-widget-container\">\n\t\t\t\t\t<h2 class=\"elementor-heading-title elementor-size-default\">\u0110\u1ea0T CH\u1ee8NG NH\u1eacN TH\u1ebe \u0110\u1ea4T PHONG TH\u1ee6Y<\/h2>\t\t\t\t<\/div>\n\t\t\t\t<\/div>\n\t\t\t\t<div class=\"elementor-element elementor-element-6841033 elementor-widget elementor-widget-text-editor\" data-id=\"6841033\" data-element_type=\"widget\" data-e-type=\"widget\" data-widget_type=\"text-editor.default\">\n\t\t\t\t<div class=\"elementor-widget-container\">\n\t\t\t\t\t\t\t\t\t<p><i>D\u1ef1 \u00e1n c\u0103n h\u1ed9 cao c\u1ea5p \u0111\u1ea7u ti\u00ean t\u1ea1i Ph\u00fa M\u1ef9 H\u01b0ng \u0111\u1ea1t ch\u1ee9ng nh\u1eadn t\u1eeb <\/i><i>th\u00e0nh<\/i> <i>vi\u00ean<\/i> <i>Trung<\/i> <i>T\u00e2m<\/i> <i>Phong<\/i> <i>Th\u1ee7y<\/i><i> Singapore<\/i><i> cho\u00a0<\/i><b><i>th\u1ebf \u0111\u1ea5t \u201cChu\u1ed7i Ng\u1ecdc Ch\u00e2u\u201d\u00a0<\/i><\/b><i>hi\u1ebfm c\u00f3.<\/i><\/p>\t\t\t\t\t\t\t\t<\/div>\n\t\t\t\t<\/div>\n\t\t\t\t<div class=\"elementor-element elementor-element-74373c8 elementor-widget elementor-widget-image\" data-id=\"74373c8\" data-element_type=\"widget\" data-e-type=\"widget\" data-widget_type=\"image.default\">\n\t\t\t\t<div class=\"elementor-widget-container\">\n\t\t\t\t\t\t\t\t\t\t\t\t\t\t\t<img fetchpriority=\"high\" decoding=\"async\" width=\"1280\" height=\"1810\" src=\"https:\/\/phumyhung.vn\/the-antonia\/wp-content\/uploads\/2022\/01\/Chung-Nhan-Phong-Thuy.jpg\" class=\"attachment-large size-large wp-image-6374\" alt=\"\" srcset=\"https:\/\/phumyhung.vn\/the-antonia\/wp-content\/uploads\/2022\/01\/Chung-Nhan-Phong-Thuy.jpg 1280w, https:\/\/phumyhung.vn\/the-antonia\/wp-content\/uploads\/2022\/01\/Chung-Nhan-Phong-Thuy-800x1131.jpg 800w, https:\/\/phumyhung.vn\/the-antonia\/wp-content\/uploads\/2022\/01\/Chung-Nhan-Phong-Thuy-300x424.jpg 300w, https:\/\/phumyhung.vn\/the-antonia\/wp-content\/uploads\/2022\/01\/Chung-Nhan-Phong-Thuy-1086x1536.jpg 1086w\" sizes=\"(max-width: 1280px) 100vw, 1280px\" \/>\t\t\t\t\t\t\t\t\t\t\t\t\t\t\t<\/div>\n\t\t\t\t<\/div>\n\t\t\t\t\t<\/div>\n\t\t<\/div>\n\t\t\t\t\t<\/div>\n\t\t<\/section>\n\t\t\t\t<\/div>\n\t\t","protected":false},"excerpt":{"rendered":"<p>D\u1ef1 \u00e1n nh\u00e0 \u1edf \u0110\u1ea0T CH\u1ee8NG NH\u1eacN TH\u1ebe \u0110\u1ea4T PHONG TH\u1ee6Y D\u1ef1 \u00e1n c\u0103n h\u1ed9 cao c\u1ea5p \u0111\u1ea7u ti\u00ean t\u1ea1i Ph\u00fa M\u1ef9 H\u01b0ng \u0111\u1ea1t ch\u1ee9ng nh\u1eadn t\u1eeb th\u00e0nh vi\u00ean Trung T\u00e2m Phong Th\u1ee7y Singapore cho\u00a0th\u1ebf \u0111\u1ea5t \u201cChu\u1ed7i Ng\u1ecdc Ch\u00e2u\u201d\u00a0hi\u1ebfm c\u00f3.<\/p>\n","protected":false},"author":1,"featured_media":0,"parent":0,"menu_order":0,"comment_status":"closed","ping_status":"closed","template":"","meta":{"site-sidebar-layout":"no-sidebar","site-content-layout":"page-builder","ast-site-content-layout":"","site-content-style":"default","site-sidebar-style":"default","ast-global-header-display":"","ast-banner-title-visibility":"","ast-main-header-display":"","ast-hfb-above-header-display":"","ast-hfb-below-header-display":"","ast-hfb-mobile-header-display":"","site-post-title":"disabled","ast-breadcrumbs-content":"","ast-featured-img":"disabled","footer-sml-layout":"","theme-transparent-header-meta":"","adv-header-id-meta":"","stick-header-meta":"","header-above-stick-meta":"","header-main-stick-meta":"","header-below-stick-meta":"","astra-migrate-meta-layouts":"default","ast-page-background-enabled":"default","ast-page-background-meta":{"desktop":{"background-color":"","background-image":"","background-repeat":"repeat","background-position":"center center","background-size":"auto","background-attachment":"scroll","background-type":"","background-media":"","overlay-type":"","overlay-color":"","overlay-opacity":"","overlay-gradient":""},"tablet":{"background-color":"","background-image":"","background-repeat":"repeat","background-position":"center center","background-size":"auto","background-attachment":"scroll","background-type":"","background-media":"","overlay-type":"","overlay-color":"","overlay-opacity":"","overlay-gradient":""},"mobile":{"background-color":"","background-image":"","background-repeat":"repeat","background-position":"center center","background-size":"auto","background-attachment":"scroll","background-type":"","background-media":"","overlay-type":"","overlay-color":"","overlay-opacity":"","overlay-gradient":""}},"ast-content-background-meta":{"desktop":{"background-color":"var(--ast-global-color-5)","background-image":"","background-repeat":"repeat","background-position":"center center","background-size":"auto","background-attachment":"scroll","background-type":"","background-media":"","overlay-type":"","overlay-color":"","overlay-opacity":"","overlay-gradient":""},"tablet":{"background-color":"var(--ast-global-color-5)","background-image":"","background-repeat":"repeat","background-position":"center center","background-size":"auto","background-attachment":"scroll","background-type":"","background-media":"","overlay-type":"","overlay-color":"","overlay-opacity":"","overlay-gradient":""},"mobile":{"background-color":"var(--ast-global-color-5)","background-image":"","background-repeat":"repeat","background-position":"center center","background-size":"auto","background-attachment":"scroll","background-type":"","background-media":"","overlay-type":"","overlay-color":"","overlay-opacity":"","overlay-gradient":""}},"footnotes":""},"class_list":["post-6236","page","type-page","status-publish","hentry"],"yoast_head":"<!-- This site is optimized with the Yoast SEO plugin v27.3 - https:\/\/yoast.com\/product\/yoast-seo-wordpress\/ -->\n<title>Th\u1ebf \u0111\u1ea5t phong th\u1ee7y - The Antonia Ph\u00fa M\u1ef9 H\u01b0ng<\/title>\n<meta name=\"robots\" content=\"index, follow, max-snippet:-1, max-image-preview:large, max-video-preview:-1\" \/>\n<link rel=\"canonical\" href=\"https:\/\/phumyhung.vn\/the-antonia\/the-dat-phong-thuy\/\" \/>\n<meta property=\"og:locale\" content=\"vi_VN\" \/>\n<meta property=\"og:type\" content=\"article\" \/>\n<meta property=\"og:title\" content=\"Th\u1ebf \u0111\u1ea5t phong th\u1ee7y - The Antonia Ph\u00fa M\u1ef9 H\u01b0ng\" \/>\n<meta property=\"og:description\" content=\"D\u1ef1 \u00e1n nh\u00e0 \u1edf \u0110\u1ea0T CH\u1ee8NG NH\u1eacN TH\u1ebe \u0110\u1ea4T PHONG TH\u1ee6Y D\u1ef1 \u00e1n c\u0103n h\u1ed9 cao c\u1ea5p \u0111\u1ea7u ti\u00ean t\u1ea1i Ph\u00fa M\u1ef9 H\u01b0ng \u0111\u1ea1t ch\u1ee9ng nh\u1eadn t\u1eeb th\u00e0nh vi\u00ean Trung T\u00e2m Phong Th\u1ee7y Singapore cho\u00a0th\u1ebf \u0111\u1ea5t \u201cChu\u1ed7i Ng\u1ecdc Ch\u00e2u\u201d\u00a0hi\u1ebfm c\u00f3.\" \/>\n<meta property=\"og:url\" content=\"https:\/\/phumyhung.vn\/the-antonia\/the-dat-phong-thuy\/\" \/>\n<meta property=\"og:site_name\" content=\"The Antonia Ph\u00fa M\u1ef9 H\u01b0ng\" \/>\n<meta property=\"article:modified_time\" content=\"2022-01-10T08:47:52+00:00\" \/>\n<meta property=\"og:image\" content=\"https:\/\/phumyhung.vn\/the-antonia\/wp-content\/uploads\/2022\/01\/Chung-Nhan-Phong-Thuy.jpg\" \/>\n<meta name=\"twitter:card\" content=\"summary_large_image\" \/>\n<meta name=\"twitter:label1\" content=\"Est. reading time\" \/>\n\t<meta name=\"twitter:data1\" content=\"1 minute\" \/>\n<script type=\"application\/ld+json\" class=\"yoast-schema-graph\">{\"@context\":\"https:\\\/\\\/schema.org\",\"@graph\":[{\"@type\":\"WebPage\",\"@id\":\"https:\\\/\\\/phumyhung.vn\\\/the-antonia\\\/the-dat-phong-thuy\\\/\",\"url\":\"https:\\\/\\\/phumyhung.vn\\\/the-antonia\\\/the-dat-phong-thuy\\\/\",\"name\":\"Th\u1ebf \u0111\u1ea5t phong th\u1ee7y - The Antonia Ph\u00fa M\u1ef9 H\u01b0ng\",\"isPartOf\":{\"@id\":\"https:\\\/\\\/phumyhung.vn\\\/the-antonia\\\/#website\"},\"primaryImageOfPage\":{\"@id\":\"https:\\\/\\\/phumyhung.vn\\\/the-antonia\\\/the-dat-phong-thuy\\\/#primaryimage\"},\"image\":{\"@id\":\"https:\\\/\\\/phumyhung.vn\\\/the-antonia\\\/the-dat-phong-thuy\\\/#primaryimage\"},\"thumbnailUrl\":\"https:\\\/\\\/phumyhung.vn\\\/the-antonia\\\/wp-content\\\/uploads\\\/2022\\\/01\\\/Chung-Nhan-Phong-Thuy.jpg\",\"datePublished\":\"2022-01-06T09:15:11+00:00\",\"dateModified\":\"2022-01-10T08:47:52+00:00\",\"breadcrumb\":{\"@id\":\"https:\\\/\\\/phumyhung.vn\\\/the-antonia\\\/the-dat-phong-thuy\\\/#breadcrumb\"},\"inLanguage\":\"vi-VN\",\"potentialAction\":[{\"@type\":\"ReadAction\",\"target\":[\"https:\\\/\\\/phumyhung.vn\\\/the-antonia\\\/the-dat-phong-thuy\\\/\"]}]},{\"@type\":\"ImageObject\",\"inLanguage\":\"vi-VN\",\"@id\":\"https:\\\/\\\/phumyhung.vn\\\/the-antonia\\\/the-dat-phong-thuy\\\/#primaryimage\",\"url\":\"https:\\\/\\\/phumyhung.vn\\\/the-antonia\\\/wp-content\\\/uploads\\\/2022\\\/01\\\/Chung-Nhan-Phong-Thuy.jpg\",\"contentUrl\":\"https:\\\/\\\/phumyhung.vn\\\/the-antonia\\\/wp-content\\\/uploads\\\/2022\\\/01\\\/Chung-Nhan-Phong-Thuy.jpg\",\"width\":1280,\"height\":1810},{\"@type\":\"BreadcrumbList\",\"@id\":\"https:\\\/\\\/phumyhung.vn\\\/the-antonia\\\/the-dat-phong-thuy\\\/#breadcrumb\",\"itemListElement\":[{\"@type\":\"ListItem\",\"position\":1,\"name\":\"Home\",\"item\":\"https:\\\/\\\/phumyhung.vn\\\/the-antonia\\\/\"},{\"@type\":\"ListItem\",\"position\":2,\"name\":\"Th\u1ebf \u0111\u1ea5t phong th\u1ee7y\"}]},{\"@type\":\"WebSite\",\"@id\":\"https:\\\/\\\/phumyhung.vn\\\/the-antonia\\\/#website\",\"url\":\"https:\\\/\\\/phumyhung.vn\\\/the-antonia\\\/\",\"name\":\"The Antonia Ph\u00fa M\u1ef9 H\u01b0ng\",\"description\":\"\",\"publisher\":{\"@id\":\"https:\\\/\\\/phumyhung.vn\\\/the-antonia\\\/#organization\"},\"potentialAction\":[{\"@type\":\"SearchAction\",\"target\":{\"@type\":\"EntryPoint\",\"urlTemplate\":\"https:\\\/\\\/phumyhung.vn\\\/the-antonia\\\/?s={search_term_string}\"},\"query-input\":{\"@type\":\"PropertyValueSpecification\",\"valueRequired\":true,\"valueName\":\"search_term_string\"}}],\"inLanguage\":\"vi-VN\"},{\"@type\":\"Organization\",\"@id\":\"https:\\\/\\\/phumyhung.vn\\\/the-antonia\\\/#organization\",\"name\":\"The Antonia Ph\u00fa M\u1ef9 H\u01b0ng\",\"url\":\"https:\\\/\\\/phumyhung.vn\\\/the-antonia\\\/\",\"logo\":{\"@type\":\"ImageObject\",\"inLanguage\":\"vi-VN\",\"@id\":\"https:\\\/\\\/phumyhung.vn\\\/the-antonia\\\/#\\\/schema\\\/logo\\\/image\\\/\",\"url\":\"https:\\\/\\\/phumyhung.vn\\\/the-antonia\\\/wp-content\\\/uploads\\\/2020\\\/01\\\/logo-the-antonia.png\",\"contentUrl\":\"https:\\\/\\\/phumyhung.vn\\\/the-antonia\\\/wp-content\\\/uploads\\\/2020\\\/01\\\/logo-the-antonia.png\",\"width\":800,\"height\":281,\"caption\":\"The Antonia Ph\u00fa M\u1ef9 H\u01b0ng\"},\"image\":{\"@id\":\"https:\\\/\\\/phumyhung.vn\\\/the-antonia\\\/#\\\/schema\\\/logo\\\/image\\\/\"}}]}<\/script>\n<!-- \/ Yoast SEO plugin. -->","yoast_head_json":{"title":"Th\u1ebf \u0111\u1ea5t phong th\u1ee7y - The Antonia Ph\u00fa M\u1ef9 H\u01b0ng","robots":{"index":"index","follow":"follow","max-snippet":"max-snippet:-1","max-image-preview":"max-image-preview:large","max-video-preview":"max-video-preview:-1"},"canonical":"https:\/\/phumyhung.vn\/the-antonia\/the-dat-phong-thuy\/","og_locale":"vi_VN","og_type":"article","og_title":"Th\u1ebf \u0111\u1ea5t phong th\u1ee7y - The Antonia Ph\u00fa M\u1ef9 H\u01b0ng","og_description":"D\u1ef1 \u00e1n nh\u00e0 \u1edf \u0110\u1ea0T CH\u1ee8NG NH\u1eacN TH\u1ebe \u0110\u1ea4T PHONG TH\u1ee6Y D\u1ef1 \u00e1n c\u0103n h\u1ed9 cao c\u1ea5p \u0111\u1ea7u ti\u00ean t\u1ea1i Ph\u00fa M\u1ef9 H\u01b0ng \u0111\u1ea1t ch\u1ee9ng nh\u1eadn t\u1eeb th\u00e0nh vi\u00ean Trung T\u00e2m Phong Th\u1ee7y Singapore cho\u00a0th\u1ebf \u0111\u1ea5t \u201cChu\u1ed7i Ng\u1ecdc Ch\u00e2u\u201d\u00a0hi\u1ebfm c\u00f3.","og_url":"https:\/\/phumyhung.vn\/the-antonia\/the-dat-phong-thuy\/","og_site_name":"The Antonia Ph\u00fa M\u1ef9 H\u01b0ng","article_modified_time":"2022-01-10T08:47:52+00:00","og_image":[{"url":"https:\/\/phumyhung.vn\/the-antonia\/wp-content\/uploads\/2022\/01\/Chung-Nhan-Phong-Thuy.jpg","type":"","width":"","height":""}],"twitter_card":"summary_large_image","twitter_misc":{"Est. reading time":"1 minute"},"schema":{"@context":"https:\/\/schema.org","@graph":[{"@type":"WebPage","@id":"https:\/\/phumyhung.vn\/the-antonia\/the-dat-phong-thuy\/","url":"https:\/\/phumyhung.vn\/the-antonia\/the-dat-phong-thuy\/","name":"Th\u1ebf \u0111\u1ea5t phong th\u1ee7y - The Antonia Ph\u00fa M\u1ef9 H\u01b0ng","isPartOf":{"@id":"https:\/\/phumyhung.vn\/the-antonia\/#website"},"primaryImageOfPage":{"@id":"https:\/\/phumyhung.vn\/the-antonia\/the-dat-phong-thuy\/#primaryimage"},"image":{"@id":"https:\/\/phumyhung.vn\/the-antonia\/the-dat-phong-thuy\/#primaryimage"},"thumbnailUrl":"https:\/\/phumyhung.vn\/the-antonia\/wp-content\/uploads\/2022\/01\/Chung-Nhan-Phong-Thuy.jpg","datePublished":"2022-01-06T09:15:11+00:00","dateModified":"2022-01-10T08:47:52+00:00","breadcrumb":{"@id":"https:\/\/phumyhung.vn\/the-antonia\/the-dat-phong-thuy\/#breadcrumb"},"inLanguage":"vi-VN","potentialAction":[{"@type":"ReadAction","target":["https:\/\/phumyhung.vn\/the-antonia\/the-dat-phong-thuy\/"]}]},{"@type":"ImageObject","inLanguage":"vi-VN","@id":"https:\/\/phumyhung.vn\/the-antonia\/the-dat-phong-thuy\/#primaryimage","url":"https:\/\/phumyhung.vn\/the-antonia\/wp-content\/uploads\/2022\/01\/Chung-Nhan-Phong-Thuy.jpg","contentUrl":"https:\/\/phumyhung.vn\/the-antonia\/wp-content\/uploads\/2022\/01\/Chung-Nhan-Phong-Thuy.jpg","width":1280,"height":1810},{"@type":"BreadcrumbList","@id":"https:\/\/phumyhung.vn\/the-antonia\/the-dat-phong-thuy\/#breadcrumb","itemListElement":[{"@type":"ListItem","position":1,"name":"Home","item":"https:\/\/phumyhung.vn\/the-antonia\/"},{"@type":"ListItem","position":2,"name":"Th\u1ebf \u0111\u1ea5t phong th\u1ee7y"}]},{"@type":"WebSite","@id":"https:\/\/phumyhung.vn\/the-antonia\/#website","url":"https:\/\/phumyhung.vn\/the-antonia\/","name":"The Antonia Ph\u00fa M\u1ef9 H\u01b0ng","description":"","publisher":{"@id":"https:\/\/phumyhung.vn\/the-antonia\/#organization"},"potentialAction":[{"@type":"SearchAction","target":{"@type":"EntryPoint","urlTemplate":"https:\/\/phumyhung.vn\/the-antonia\/?s={search_term_string}"},"query-input":{"@type":"PropertyValueSpecification","valueRequired":true,"valueName":"search_term_string"}}],"inLanguage":"vi-VN"},{"@type":"Organization","@id":"https:\/\/phumyhung.vn\/the-antonia\/#organization","name":"The Antonia Ph\u00fa M\u1ef9 H\u01b0ng","url":"https:\/\/phumyhung.vn\/the-antonia\/","logo":{"@type":"ImageObject","inLanguage":"vi-VN","@id":"https:\/\/phumyhung.vn\/the-antonia\/#\/schema\/logo\/image\/","url":"https:\/\/phumyhung.vn\/the-antonia\/wp-content\/uploads\/2020\/01\/logo-the-antonia.png","contentUrl":"https:\/\/phumyhung.vn\/the-antonia\/wp-content\/uploads\/2020\/01\/logo-the-antonia.png","width":800,"height":281,"caption":"The Antonia Ph\u00fa M\u1ef9 H\u01b0ng"},"image":{"@id":"https:\/\/phumyhung.vn\/the-antonia\/#\/schema\/logo\/image\/"}}]}},"_links":{"self":[{"href":"https:\/\/phumyhung.vn\/the-antonia\/wp-json\/wp\/v2\/pages\/6236\/"}],"collection":[{"href":"https:\/\/phumyhung.vn\/the-antonia\/wp-json\/wp\/v2\/pages\/"}],"about":[{"href":"https:\/\/phumyhung.vn\/the-antonia\/wp-json\/wp\/v2\/types\/page\/"}],"author":[{"embeddable":true,"href":"https:\/\/phumyhung.vn\/the-antonia\/wp-json\/wp\/v2\/users\/1\/"}],"replies":[{"embeddable":true,"href":"https:\/\/phumyhung.vn\/the-antonia\/wp-json\/wp\/v2\/comments\/?post=6236"}],"version-history":[{"count":34,"href":"https:\/\/phumyhung.vn\/the-antonia\/wp-json\/wp\/v2\/pages\/6236\/revisions\/"}],"predecessor-version":[{"id":6572,"href":"https:\/\/phumyhung.vn\/the-antonia\/wp-json\/wp\/v2\/pages\/6236\/revisions\/6572\/"}],"wp:attachment":[{"href":"https:\/\/phumyhung.vn\/the-antonia\/wp-json\/wp\/v2\/media\/?parent=6236"}],"curies":[{"name":"wp","href":"https:\/\/api.w.org\/{rel}","templated":true}]}}