{"id":2789,"date":"2019-05-14T14:26:53","date_gmt":"2019-05-14T07:26:53","guid":{"rendered":"https:\/\/phumyhung.vn\/the-ascentia\/tin-tuc\/"},"modified":"2019-06-13T15:31:30","modified_gmt":"2019-06-13T08:31:30","slug":"news","status":"publish","type":"page","link":"https:\/\/phumyhung.vn\/the-ascentia\/en\/news\/","title":{"rendered":"News"},"content":{"rendered":"\t\t<div data-elementor-type=\"wp-post\" data-elementor-id=\"2789\" class=\"elementor elementor-2789\" data-elementor-post-type=\"page\">\n\t\t\t\t\t\t<section class=\"elementor-section elementor-top-section elementor-element elementor-element-061ac4a elementor-section-boxed elementor-section-height-default elementor-section-height-default\" data-id=\"061ac4a\" data-element_type=\"section\" data-e-type=\"section\" data-settings=\"{&quot;jet_parallax_layout_list&quot;:[{&quot;jet_parallax_layout_image&quot;:{&quot;url&quot;:&quot;&quot;,&quot;id&quot;:&quot;&quot;,&quot;size&quot;:&quot;&quot;},&quot;_id&quot;:&quot;3b4a443&quot;,&quot;jet_parallax_layout_image_tablet&quot;:{&quot;url&quot;:&quot;&quot;,&quot;id&quot;:&quot;&quot;,&quot;size&quot;:&quot;&quot;},&quot;jet_parallax_layout_image_mobile&quot;:{&quot;url&quot;:&quot;&quot;,&quot;id&quot;:&quot;&quot;,&quot;size&quot;:&quot;&quot;},&quot;jet_parallax_layout_speed&quot;:{&quot;unit&quot;:&quot;%&quot;,&quot;size&quot;:50,&quot;sizes&quot;:[]},&quot;jet_parallax_layout_type&quot;:&quot;scroll&quot;,&quot;jet_parallax_layout_z_index&quot;:&quot;&quot;,&quot;jet_parallax_layout_bg_x&quot;:50,&quot;jet_parallax_layout_bg_y&quot;:50,&quot;jet_parallax_layout_bg_size&quot;:&quot;auto&quot;,&quot;jet_parallax_layout_animation_prop&quot;:&quot;transform&quot;,&quot;jet_parallax_layout_on&quot;:[&quot;desktop&quot;,&quot;tablet&quot;],&quot;jet_parallax_layout_direction&quot;:null,&quot;jet_parallax_layout_fx_direction&quot;:null,&quot;jet_parallax_layout_bg_x_tablet&quot;:&quot;&quot;,&quot;jet_parallax_layout_bg_x_mobile&quot;:&quot;&quot;,&quot;jet_parallax_layout_bg_y_tablet&quot;:&quot;&quot;,&quot;jet_parallax_layout_bg_y_mobile&quot;:&quot;&quot;,&quot;jet_parallax_layout_bg_size_tablet&quot;:&quot;&quot;,&quot;jet_parallax_layout_bg_size_mobile&quot;:&quot;&quot;}]}\">\n\t\t\t\t\t\t<div class=\"elementor-container elementor-column-gap-default\">\n\t\t\t\t\t<div class=\"elementor-column elementor-col-100 elementor-top-column elementor-element elementor-element-621daab\" data-id=\"621daab\" data-element_type=\"column\" data-e-type=\"column\">\n\t\t\t<div class=\"elementor-widget-wrap elementor-element-populated\">\n\t\t\t\t\t\t<div class=\"elementor-element elementor-element-b8e139c elementor-invisible elementor-widget elementor-widget-jet-posts\" data-id=\"b8e139c\" data-element_type=\"widget\" data-e-type=\"widget\" data-settings=\"{&quot;_animation&quot;:&quot;fadeInUp&quot;,&quot;columns_tablet&quot;:&quot;2&quot;,&quot;columns_mobile&quot;:&quot;1&quot;,&quot;columns&quot;:3,&quot;slides_to_scroll&quot;:&quot;1&quot;}\" data-widget_type=\"jet-posts.default\">\n\t\t\t\t<div class=\"elementor-widget-container\">\n\t\t\t\t\t<div class=\"elementor-jet-posts jet-elements\"><div class=\"jet-posts col-row  jet-equal-cols\"><div class=\"jet-posts__item\">\n\t<div class=\"jet-posts__inner-box\"><div class=\"post-thumbnail\"><a href=\"https:\/\/phumyhung.vn\/the-ascentia\/khach-hang-the-ascentia-nhan-nha-nhan-them-uu-dai\/\" class=\"post-thumbnail__link\"><img loading=\"lazy\" decoding=\"async\" class=\"post-thumbnail__img wp-post-image\" src=\"https:\/\/phumyhung.vn\/the-ascentia\/wp-content\/uploads\/2022\/04\/IMG_20220415_225842-768x512.jpg\" alt=\"Kh\u00e1ch h\u00e0ng The Ascentia: nh\u1eadn nh\u00e0 \u2013 nh\u1eadn th\u00eam \u01b0u \u0111\u00e3i\" loading=\"lazy\" width=\"768\" height=\"512\"><\/a><\/div><div class=\"jet-posts__inner-content\"><h4 class=\"entry-title\"><a href=\"https:\/\/phumyhung.vn\/the-ascentia\/khach-hang-the-ascentia-nhan-nha-nhan-them-uu-dai\/\" target=\"\">Kh\u00e1ch h\u00e0ng The Ascentia: nh\u1eadn nh\u00e0 \u2013 nh\u1eadn th\u00eam \u01b0u \u0111\u00e3i<\/a><\/h4><div class=\"entry-excerpt\">Sau h\u01a1n 2 n\u0103m x\u00e2y d\u1ef1ng, The Ascentia c\u1ee7a ch\u1ee7 \u0111\u1ea7u t\u01b0 Ph\u00fa M\u1ef9 H\u01b0ng \u0111\u00e3 ho\u00e0n thi\u1ec7n v\u00e0 b\u00e0n giao \u0111\u1ebfn kh\u00e1ch h\u00e0ng t\u1eeb&hellip;<\/div><\/div><\/div>\n<\/div>\n<div class=\"jet-posts__item\">\n\t<div class=\"jet-posts__inner-box\"><div class=\"post-thumbnail\"><a href=\"https:\/\/phumyhung.vn\/the-ascentia\/ngay-thu-2-trong-chuoi-su-kien-ban-giao-the-ascentia\/\" class=\"post-thumbnail__link\"><img loading=\"lazy\" decoding=\"async\" class=\"post-thumbnail__img wp-post-image\" src=\"https:\/\/phumyhung.vn\/the-ascentia\/wp-content\/uploads\/2022\/04\/Hinh-chi-Trinh-thay-bai-ngay-thu-2-1-768x512.jpg\" alt=\"Ng\u00e0y th\u1ee9 2 trong chu\u1ed7i s\u1ef1 ki\u1ec7n b\u00e0n giao The Ascentia\" loading=\"lazy\" width=\"768\" height=\"512\"><\/a><\/div><div class=\"jet-posts__inner-content\"><h4 class=\"entry-title\"><a href=\"https:\/\/phumyhung.vn\/the-ascentia\/ngay-thu-2-trong-chuoi-su-kien-ban-giao-the-ascentia\/\" target=\"\">Ng\u00e0y th\u1ee9 2 trong chu\u1ed7i s\u1ef1 ki\u1ec7n b\u00e0n giao The Ascentia<\/a><\/h4><div class=\"entry-excerpt\">T\u1eeb ng\u00e0y 14\/04 \u0111\u1ebfn 16\/04\/2022, t\u1ea1i Ph\u00fa M\u1ef9 H\u01b0ng di\u1ec5n ra s\u1ef1 ki\u1ec7n b\u00e0n giao d\u1ef1 \u00e1n The Ascentia. \u0110\u00e2y l\u00e0 d\u1ef1 \u00e1n th\u1ee9 2&hellip;<\/div><\/div><\/div>\n<\/div>\n<div class=\"jet-posts__item\">\n\t<div class=\"jet-posts__inner-box\"><div class=\"post-thumbnail\"><a href=\"https:\/\/phumyhung.vn\/the-ascentia\/ban-giao-huong-khong-gian-va-thoi-gian-tai-the-ascentia\/\" class=\"post-thumbnail__link\"><img loading=\"lazy\" decoding=\"async\" class=\"post-thumbnail__img wp-post-image\" src=\"https:\/\/phumyhung.vn\/the-ascentia\/wp-content\/uploads\/2022\/04\/Dac-gia-view-nhin-trieu-do-tu-The-Ascentia-6-768x575.jpg\" alt=\"\u201cB\u1ea3n giao h\u01b0\u1edfng kh\u00f4ng gian v\u00e0 th\u1eddi gian\u201d t\u1ea1i The Ascentia\" loading=\"lazy\" width=\"768\" height=\"575\"><\/a><\/div><div class=\"jet-posts__inner-content\"><h4 class=\"entry-title\"><a href=\"https:\/\/phumyhung.vn\/the-ascentia\/ban-giao-huong-khong-gian-va-thoi-gian-tai-the-ascentia\/\" target=\"\">\u201cB\u1ea3n giao h\u01b0\u1edfng kh\u00f4ng gian v\u00e0 th\u1eddi gian\u201d t\u1ea1i The Ascentia<\/a><\/h4><div class=\"entry-excerpt\">D\u1ef1 \u00e1n The Ascentia \u0111\u01b0\u1ee3c Ch\u1ee7 \u0111\u1ea7u t\u01b0 Ph\u00fa M\u1ef9 H\u01b0ng b\u00e0n giao \u0111\u00fang h\u1ea1n \u0111\u1ebfn kh\u00e1ch h\u00e0ng ch\u00ednh th\u1ee9c t\u1eeb ng\u00e0y 14\/4~16\/4\/2022. V\u1ecb tr\u00ed&hellip;<\/div><\/div><\/div>\n<\/div>\n<div class=\"jet-posts__item\">\n\t<div class=\"jet-posts__inner-box\"><div class=\"post-thumbnail\"><a href=\"https:\/\/phumyhung.vn\/the-ascentia\/xuat-hien-can-ho-phong-cach-scandinavian-tai-the-ascentia\/\" class=\"post-thumbnail__link\"><img loading=\"lazy\" decoding=\"async\" class=\"post-thumbnail__img wp-post-image\" src=\"https:\/\/phumyhung.vn\/the-ascentia\/wp-content\/uploads\/2022\/05\/can-ho-phong-cach-Scandinavian-2-768x576.jpg\" alt=\"Xu\u1ea5t hi\u1ec7n c\u0103n h\u1ed9 phong c\u00e1ch Scandinavian t\u1ea1i The Ascentia\" loading=\"lazy\" width=\"768\" height=\"576\"><\/a><\/div><div class=\"jet-posts__inner-content\"><h4 class=\"entry-title\"><a href=\"https:\/\/phumyhung.vn\/the-ascentia\/xuat-hien-can-ho-phong-cach-scandinavian-tai-the-ascentia\/\" target=\"\">Xu\u1ea5t hi\u1ec7n c\u0103n h\u1ed9 phong c\u00e1ch Scandinavian t\u1ea1i The Ascentia<\/a><\/h4><div class=\"entry-excerpt\">Phong c\u00e1ch B\u1eafc \u00c2u \u2013 Scandinavian Style do PCA Design &amp; Build th\u1ef1c hi\u1ec7n cho c\u0103n h\u1ed9 B12.04 l\u00e0 m\u1eabu thi\u1ebft k\u1ebf th\u1ee9 hai thu\u1ed9c&hellip;<\/div><\/div><\/div>\n<\/div>\n<div class=\"jet-posts__item\">\n\t<div class=\"jet-posts__inner-box\"><div class=\"post-thumbnail\"><a href=\"https:\/\/phumyhung.vn\/the-ascentia\/he-vuon-chan-may-cua-du-an-the-ascentia\/\" class=\"post-thumbnail__link\"><img loading=\"lazy\" decoding=\"async\" class=\"post-thumbnail__img wp-post-image\" src=\"https:\/\/phumyhung.vn\/the-ascentia\/wp-content\/uploads\/2022\/04\/vuon-chan-may-the-ascentia-5-768x432.jpg\" alt=\"H\u1ec7 v\u01b0\u1eddn ch\u00e2n m\u00e2y c\u1ee7a d\u1ef1 \u00e1n The Ascentia\u201d\" loading=\"lazy\" width=\"768\" height=\"432\"><\/a><\/div><div class=\"jet-posts__inner-content\"><h4 class=\"entry-title\"><a href=\"https:\/\/phumyhung.vn\/the-ascentia\/he-vuon-chan-may-cua-du-an-the-ascentia\/\" target=\"\">H\u1ec7 v\u01b0\u1eddn ch\u00e2n m\u00e2y c\u1ee7a d\u1ef1 \u00e1n The Ascentia\u201d<\/a><\/h4><div class=\"entry-excerpt\">T\u1ecda l\u1ea1c tr\u00ean tr\u1ee5c \u0111\u01b0\u1eddng t\u00e0i ch\u00ednh d\u1ecbch v\u1ee5 Nguy\u1ec5n L\u01b0\u01a1ng B\u1eb1ng, The Ascentia \u0111\u01b0\u1ee3c ki\u1ebfn t\u1ea1o b\u1edfi \u0111\u1ed9i ng\u0169 c\u00e1c ki\u1ebfn tr\u00fac s\u01b0 uy&hellip;<\/div><\/div><\/div>\n<\/div>\n<div class=\"jet-posts__item\">\n\t<div class=\"jet-posts__inner-box\"><div class=\"post-thumbnail\"><a href=\"https:\/\/phumyhung.vn\/the-ascentia\/sac-mau-korean-style-tai-can-ho-the-ascentia\/\" class=\"post-thumbnail__link\"><img loading=\"lazy\" decoding=\"async\" class=\"post-thumbnail__img wp-post-image\" src=\"https:\/\/phumyhung.vn\/the-ascentia\/wp-content\/uploads\/2022\/04\/Sac-mau-Korean-style-cover-768x432.jpg\" alt=\"\u201cS\u1eafc m\u00e0u Korean style\u201d t\u1ea1i c\u0103n h\u1ed9 The Ascentia\" loading=\"lazy\" width=\"768\" height=\"432\"><\/a><\/div><div class=\"jet-posts__inner-content\"><h4 class=\"entry-title\"><a href=\"https:\/\/phumyhung.vn\/the-ascentia\/sac-mau-korean-style-tai-can-ho-the-ascentia\/\" target=\"\">\u201cS\u1eafc m\u00e0u Korean style\u201d t\u1ea1i c\u0103n h\u1ed9 The Ascentia<\/a><\/h4><div class=\"entry-excerpt\">L\u1ea5y c\u1ea3m h\u1ee9ng t\u1eeb l\u1ed1i s\u1ed1ng hi\u1ec7n \u0111\u1ea1i, Jang In \u0111\u00e3 ch\u1ecdn phong c\u00e1ch H\u00e0n Qu\u1ed1c - Korean style cho c\u0103n h\u1ed9 B10.04 c\u1ee7a The&hellip;<\/div><\/div><\/div>\n<\/div>\n<div class=\"jet-posts__item\">\n\t<div class=\"jet-posts__inner-box\"><div class=\"post-thumbnail\"><a href=\"https:\/\/phumyhung.vn\/the-ascentia\/khach-hang-sanh-soi-san-can-ho-o-cac-du-an-hot-dip-cuoi-nam\/\" class=\"post-thumbnail__link\"><img loading=\"lazy\" decoding=\"async\" class=\"post-thumbnail__img wp-post-image\" src=\"https:\/\/phumyhung.vn\/the-ascentia\/wp-content\/uploads\/2019\/10\/DSC_8044-Copy-768x512.jpg\" alt=\"Kh\u00e1ch h\u00e0ng &#039;s\u00e0nh s\u1ecfi&#039; s\u0103n c\u0103n h\u1ed9 \u1edf c\u00e1c d\u1ef1 \u00e1n \u2018hot\u2019 d\u1ecbp cu\u1ed1i n\u0103m\" loading=\"lazy\" width=\"768\" height=\"512\"><\/a><\/div><div class=\"jet-posts__inner-content\"><h4 class=\"entry-title\"><a href=\"https:\/\/phumyhung.vn\/the-ascentia\/khach-hang-sanh-soi-san-can-ho-o-cac-du-an-hot-dip-cuoi-nam\/\" target=\"\">Kh\u00e1ch h\u00e0ng 's\u00e0nh s\u1ecfi' s\u0103n c\u0103n h\u1ed9 \u1edf c\u00e1c d\u1ef1 \u00e1n \u2018hot\u2019 d\u1ecbp cu\u1ed1i n\u0103m<\/a><\/h4><div class=\"entry-excerpt\">Trong hai n\u0103m tr\u1edf l\u1ea1i \u0111\u00e2y, th\u1ecb tr\u01b0\u1eddng b\u1ea5t \u0111\u1ed9ng s\u1ea3n TP.HCM kh\u00f4ng ch\u1ec9 b\u1ecb chi ph\u1ed1i b\u1edfi ngu\u1ed3n cung s\u1ee5t gi\u1ea3m m\u1ea1nh m\u00e0 c\u00f2n&hellip;<\/div><\/div><\/div>\n<\/div>\n<div class=\"jet-posts__item\">\n\t<div class=\"jet-posts__inner-box\"><div class=\"post-thumbnail\"><a href=\"https:\/\/phumyhung.vn\/the-ascentia\/chi-2-gio-mo-ban-80-can-ho-cua-du-an-the-ascentia-da-duoc-dat-mua\/\" class=\"post-thumbnail__link\"><img loading=\"lazy\" decoding=\"async\" class=\"post-thumbnail__img wp-post-image\" src=\"https:\/\/phumyhung.vn\/the-ascentia\/wp-content\/uploads\/2019\/10\/DSC_7945-Copy-768x512.jpg\" alt=\"Ch\u1ec9 2 gi\u1edd m\u1edf b\u00e1n, 80% c\u0103n h\u1ed9 c\u1ee7a d\u1ef1 \u00e1n The Ascentia \u0111\u00e3 \u0111\u01b0\u1ee3c \u0111\u1eb7t mua\" loading=\"lazy\" width=\"768\" height=\"512\"><\/a><\/div><div class=\"jet-posts__inner-content\"><h4 class=\"entry-title\"><a href=\"https:\/\/phumyhung.vn\/the-ascentia\/chi-2-gio-mo-ban-80-can-ho-cua-du-an-the-ascentia-da-duoc-dat-mua\/\" target=\"\">Ch\u1ec9 2 gi\u1edd m\u1edf b\u00e1n, 80% c\u0103n h\u1ed9 c\u1ee7a d\u1ef1 \u00e1n The Ascentia \u0111\u00e3 \u0111\u01b0\u1ee3c \u0111\u1eb7t mua<\/a><\/h4><div class=\"entry-excerpt\">D\u1ef1 \u00e1n The Ascentia l\u00e0 s\u1ea3n ph\u1ea9m ti\u1ebfp theo trong d\u00f2ng c\u0103n h\u1ed9 th\u1ee9 4 \u2013 c\u0103n h\u1ed9 cao c\u1ea5p nh\u1ea5t hi\u1ec7n nay c\u1ee7a ch\u1ee7&hellip;<\/div><\/div><\/div>\n<\/div>\n<div class=\"jet-posts__item\">\n\t<div class=\"jet-posts__inner-box\"><div class=\"post-thumbnail\"><a href=\"https:\/\/phumyhung.vn\/the-ascentia\/phu-my-hung-khuay-dong-bat-dong-san-cuoi-nam\/\" class=\"post-thumbnail__link\"><img loading=\"lazy\" decoding=\"async\" class=\"post-thumbnail__img wp-post-image\" src=\"https:\/\/phumyhung.vn\/the-ascentia\/wp-content\/uploads\/2019\/10\/DSC_7398-Copy-768x512.jpg\" alt=\"Ph\u00fa M\u1ef9 H\u01b0ng \u201ckhu\u1ea5y \u0111\u1ed9ng\u201d b\u1ea5t \u0111\u1ed9ng s\u1ea3n cu\u1ed1i n\u0103m\" loading=\"lazy\" width=\"768\" height=\"512\"><\/a><\/div><div class=\"jet-posts__inner-content\"><h4 class=\"entry-title\"><a href=\"https:\/\/phumyhung.vn\/the-ascentia\/phu-my-hung-khuay-dong-bat-dong-san-cuoi-nam\/\" target=\"\">Ph\u00fa M\u1ef9 H\u01b0ng \u201ckhu\u1ea5y \u0111\u1ed9ng\u201d b\u1ea5t \u0111\u1ed9ng s\u1ea3n cu\u1ed1i n\u0103m<\/a><\/h4><div class=\"entry-excerpt\">Ngo\u00e0i uy t\u00edn ch\u1ee7 \u0111\u1ea7u t\u01b0 Ph\u00fa M\u1ef9 H\u01b0ng, th\u00ec thi\u1ebft k\u1ebf \u0111a d\u1ea1ng lo\u1ea1i c\u0103n h\u1ed9, v\u1ecb tr\u00ed \u0111\u1eafc \u0111\u1ecba\u2026 l\u00e0 m\u1ed9t trong nh\u1eefng&hellip;<\/div><\/div><\/div>\n<\/div>\n<\/div>\n<\/div>\t\t\t\t<\/div>\n\t\t\t\t<\/div>\n\t\t\t\t\t<\/div>\n\t\t<\/div>\n\t\t\t\t\t<\/div>\n\t\t<\/section>\n\t\t\t\t<\/div>\n\t\t","protected":false},"excerpt":{"rendered":"<p>Phu My Hung honored in top 10 developers in VietNam 2019 On May 31st&nbsp;2019, at the BCI Asia Awards 2019, Phu My Hung Development Corporation [&hellip;]<\/p>\n","protected":false},"author":1,"featured_media":0,"parent":0,"menu_order":0,"comment_status":"closed","ping_status":"closed","template":"","meta":{"_uag_custom_page_level_css":"","site-sidebar-layout":"no-sidebar","site-content-layout":"plain-container","ast-site-content-layout":"","site-content-style":"default","site-sidebar-style":"default","ast-global-header-display":"","ast-banner-title-visibility":"","ast-main-header-display":"","ast-hfb-above-header-display":"","ast-hfb-below-header-display":"","ast-hfb-mobile-header-display":"","site-post-title":"disabled","ast-breadcrumbs-content":"","ast-featured-img":"disabled","footer-sml-layout":"","theme-transparent-header-meta":"disabled","adv-header-id-meta":"","stick-header-meta":"default","header-above-stick-meta":"","header-main-stick-meta":"","header-below-stick-meta":"","astra-migrate-meta-layouts":"default","ast-page-background-enabled":"default","ast-page-background-meta":{"desktop":{"background-color":"","background-image":"","background-repeat":"repeat","background-position":"center center","background-size":"auto","background-attachment":"scroll","background-type":"","background-media":"","overlay-type":"","overlay-color":"","overlay-opacity":"","overlay-gradient":""},"tablet":{"background-color":"","background-image":"","background-repeat":"repeat","background-position":"center center","background-size":"auto","background-attachment":"scroll","background-type":"","background-media":"","overlay-type":"","overlay-color":"","overlay-opacity":"","overlay-gradient":""},"mobile":{"background-color":"","background-image":"","background-repeat":"repeat","background-position":"center center","background-size":"auto","background-attachment":"scroll","background-type":"","background-media":"","overlay-type":"","overlay-color":"","overlay-opacity":"","overlay-gradient":""}},"ast-content-background-meta":{"desktop":{"background-color":"var(--ast-global-color-5)","background-image":"","background-repeat":"repeat","background-position":"center center","background-size":"auto","background-attachment":"scroll","background-type":"","background-media":"","overlay-type":"","overlay-color":"","overlay-opacity":"","overlay-gradient":""},"tablet":{"background-color":"var(--ast-global-color-5)","background-image":"","background-repeat":"repeat","background-position":"center center","background-size":"auto","background-attachment":"scroll","background-type":"","background-media":"","overlay-type":"","overlay-color":"","overlay-opacity":"","overlay-gradient":""},"mobile":{"background-color":"var(--ast-global-color-5)","background-image":"","background-repeat":"repeat","background-position":"center center","background-size":"auto","background-attachment":"scroll","background-type":"","background-media":"","overlay-type":"","overlay-color":"","overlay-opacity":"","overlay-gradient":""}},"footnotes":""},"yst_prominent_words":[],"class_list":["post-2789","page","type-page","status-publish","hentry"],"uagb_featured_image_src":{"full":false,"thumbnail":false,"medium":false,"medium_large":false,"large":false,"1536x1536":false,"2048x2048":false},"uagb_author_info":{"display_name":"lienkhuong","author_link":"https:\/\/phumyhung.vn\/the-ascentia\/author\/lienkhuong\/"},"uagb_comment_info":0,"uagb_excerpt":"Phu My Hung honored in top 10 developers in VietNam 2019 On May 31st&nbsp;2019, at the BCI Asia Awards 2019, Phu My Hung Development Corporation [&hellip;]","_links":{"self":[{"href":"https:\/\/phumyhung.vn\/the-ascentia\/wp-json\/wp\/v2\/pages\/2789","targetHints":{"allow":["GET"]}}],"collection":[{"href":"https:\/\/phumyhung.vn\/the-ascentia\/wp-json\/wp\/v2\/pages"}],"about":[{"href":"https:\/\/phumyhung.vn\/the-ascentia\/wp-json\/wp\/v2\/types\/page"}],"author":[{"embeddable":true,"href":"https:\/\/phumyhung.vn\/the-ascentia\/wp-json\/wp\/v2\/users\/1"}],"replies":[{"embeddable":true,"href":"https:\/\/phumyhung.vn\/the-ascentia\/wp-json\/wp\/v2\/comments?post=2789"}],"version-history":[{"count":0,"href":"https:\/\/phumyhung.vn\/the-ascentia\/wp-json\/wp\/v2\/pages\/2789\/revisions"}],"wp:attachment":[{"href":"https:\/\/phumyhung.vn\/the-ascentia\/wp-json\/wp\/v2\/media?parent=2789"}],"wp:term":[{"taxonomy":"yst_prominent_words","embeddable":true,"href":"https:\/\/phumyhung.vn\/the-ascentia\/wp-json\/wp\/v2\/yst_prominent_words?post=2789"}],"curies":[{"name":"wp","href":"https:\/\/api.w.org\/{rel}","templated":true}]}}