{"id":1548,"date":"2023-11-24T18:49:11","date_gmt":"2023-11-24T11:49:11","guid":{"rendered":"https:\/\/phumyhung.vn\/the-aurora\/?page_id=1548"},"modified":"2024-03-05T17:36:56","modified_gmt":"2024-03-05T10:36:56","slug":"9-ly-do-khong-the-bo-lo-phu-my-hung-the-aurora","status":"publish","type":"page","link":"https:\/\/phumyhung.vn\/the-aurora\/9-ly-do-khong-the-bo-lo-phu-my-hung-the-aurora\/","title":{"rendered":"9 l\u00fd do kh\u00f4ng th\u1ec3 b\u1ecf l\u1ee1 Phu My Hung The aurora"},"content":{"rendered":"\t\t<div data-elementor-type=\"wp-page\" data-elementor-id=\"1548\" class=\"elementor elementor-1548\" data-elementor-post-type=\"page\">\n\t\t\t\t<div class=\"elementor-element elementor-element-be5571c e-con-full e-flex e-con e-parent\" data-id=\"be5571c\" data-element_type=\"container\" data-e-type=\"container\" data-settings=\"{&quot;background_background&quot;:&quot;video&quot;,&quot;background_video_link&quot;:&quot;https:\\\/\\\/www.youtube.com\\\/watch?v=tK4cxL3WWqY&quot;,&quot;background_play_once&quot;:&quot;yes&quot;,&quot;background_play_on_mobile&quot;:&quot;yes&quot;}\">\n\t\t<div class=\"elementor-background-video-container\">\n\t\t\t\t\t\t\t<div class=\"elementor-background-video-embed\" role=\"presentation\"><\/div>\n\t\t\t\t\t\t<\/div>\t\t<\/div>\n\t\t<div class=\"elementor-element elementor-element-764042b e-flex e-con-boxed e-con e-parent\" data-id=\"764042b\" data-element_type=\"container\" data-e-type=\"container\">\n\t\t\t\t\t<div class=\"e-con-inner\">\n\t\t<div class=\"elementor-element elementor-element-b60a087 e-flex e-con-boxed e-con e-child\" data-id=\"b60a087\" data-element_type=\"container\" data-e-type=\"container\">\n\t\t\t\t\t<div class=\"e-con-inner\">\n\t\t\t\t<div class=\"elementor-element elementor-element-aa86d7e animated-slow elementor-invisible elementor-widget elementor-widget-image\" data-id=\"aa86d7e\" data-element_type=\"widget\" data-e-type=\"widget\" data-settings=\"{&quot;_animation&quot;:&quot;fadeInUp&quot;}\" data-widget_type=\"image.default\">\n\t\t\t\t<div class=\"elementor-widget-container\">\n\t\t\t\t\t\t\t\t\t\t\t\t\t\t\t<img fetchpriority=\"high\" decoding=\"async\" width=\"487\" height=\"1475\" src=\"https:\/\/phumyhung.vn\/the-aurora\/wp-content\/uploads\/2024\/03\/9-ly-do-detail-1.png\" class=\"attachment-full size-full wp-image-2581\" alt=\"\" srcset=\"https:\/\/phumyhung.vn\/the-aurora\/wp-content\/uploads\/2024\/03\/9-ly-do-detail-1.png 487w, https:\/\/phumyhung.vn\/the-aurora\/wp-content\/uploads\/2024\/03\/9-ly-do-detail-1-99x300.png 99w, https:\/\/phumyhung.vn\/the-aurora\/wp-content\/uploads\/2024\/03\/9-ly-do-detail-1-338x1024.png 338w\" sizes=\"(max-width: 487px) 100vw, 487px\" title=\"\">\t\t\t\t\t\t\t\t\t\t\t\t\t\t\t<\/div>\n\t\t\t\t<\/div>\n\t\t\t\t\t<\/div>\n\t\t\t\t<\/div>\n\t\t\t\t\t<\/div>\n\t\t\t\t<\/div>\n\t\t<div class=\"elementor-element elementor-element-1a65aa07 e-flex e-con-boxed e-con e-parent\" data-id=\"1a65aa07\" data-element_type=\"container\" data-e-type=\"container\">\n\t\t\t\t\t<div class=\"e-con-inner\">\n\t\t<div class=\"elementor-element elementor-element-6fe875fd animated-slow e-flex e-con-boxed elementor-invisible e-con e-child\" data-id=\"6fe875fd\" data-element_type=\"container\" data-e-type=\"container\" data-settings=\"{&quot;background_background&quot;:&quot;classic&quot;,&quot;animation&quot;:&quot;fadeInUp&quot;}\">\n\t\t\t\t\t<div class=\"e-con-inner\">\n\t\t\t\t<div class=\"elementor-element elementor-element-23a30c47 elementor-widget elementor-widget-heading\" data-id=\"23a30c47\" data-element_type=\"widget\" data-e-type=\"widget\" data-widget_type=\"heading.default\">\n\t\t\t\t<div class=\"elementor-widget-container\">\n\t\t\t\t\t<h2 class=\"elementor-heading-title elementor-size-default\">T\u01af V\u1ea4N D\u1ef0 \u00c1N<\/h2>\t\t\t\t<\/div>\n\t\t\t\t<\/div>\n\t\t\t\t<div class=\"elementor-element elementor-element-44a73270 elementor-widget elementor-widget-text-editor\" data-id=\"44a73270\" data-element_type=\"widget\" data-e-type=\"widget\" data-widget_type=\"text-editor.default\">\n\t\t\t\t<div class=\"elementor-widget-container\">\n\t\t\t\t\t\t\t\t\t<p>\u201cPHI\u00caN B\u1ea2N\u201d H\u1eeeU H\u1ea0N &amp; KHAN HI\u1ebeM: Ch\u1ec9 d\u00e0nh cho 95 ch\u1ee7 nh\u00e2n, h\u00e3y \u0111\u1ec3 l\u1ea1i th\u00f4ng tin \u0111\u1ec3 \u0111\u01b0\u1ee3c t\u01b0 v\u1ea5n tr\u1ef1c ti\u1ebfp t\u1eeb ch\u1ee7 \u0111\u1ea7u t\u01b0.<\/p>\t\t\t\t\t\t\t\t<\/div>\n\t\t\t\t<\/div>\n\t\t\t\t<div class=\"elementor-element elementor-element-83e6a03 premium-cf7-button-align-center elementor-widget elementor-widget-premium-contact-form\" data-id=\"83e6a03\" data-element_type=\"widget\" data-e-type=\"widget\" data-widget_type=\"premium-contact-form.default\">\n\t\t\t\t<div class=\"elementor-widget-container\">\n\t\t\t\t\t\r\n\t\t\t\r\n\t\t\t<div class=\"premium-cf7-container\" data-settings=\"{&quot;fields_glass&quot;:&quot;none&quot;,&quot;submit_glass&quot;:&quot;none&quot;}\">\r\n\t\t\t\t\n<div class=\"wpcf7 no-js\" id=\"wpcf7-f16-o1\" lang=\"en-US\" dir=\"ltr\" data-wpcf7-id=\"16\">\n<div class=\"screen-reader-response\"><p role=\"status\" aria-live=\"polite\" aria-atomic=\"true\"><\/p> <ul><\/ul><\/div>\n<form action=\"\/the-aurora\/wp-json\/wp\/v2\/pages\/1548#wpcf7-f16-o1\" method=\"post\" class=\"wpcf7-form init\" aria-label=\"Contact form\" novalidate=\"novalidate\" data-status=\"init\">\n<fieldset class=\"hidden-fields-container\"><input type=\"hidden\" name=\"_wpcf7\" value=\"16\" \/><input type=\"hidden\" name=\"_wpcf7_version\" value=\"6.1.5\" \/><input type=\"hidden\" name=\"_wpcf7_locale\" value=\"en_US\" \/><input type=\"hidden\" name=\"_wpcf7_unit_tag\" value=\"wpcf7-f16-o1\" \/><input type=\"hidden\" name=\"_wpcf7_container_post\" value=\"0\" \/><input type=\"hidden\" name=\"_wpcf7_posted_data_hash\" value=\"\" \/><input type=\"hidden\" name=\"_wpcf7_recaptcha_response\" value=\"\" \/>\n<\/fieldset>\n<p><span class=\"wpcf7-form-control-wrap\" data-name=\"your-name\"><input size=\"40\" maxlength=\"25\" class=\"wpcf7-form-control wpcf7-text wpcf7-validates-as-required\" aria-required=\"true\" aria-invalid=\"false\" placeholder=\"H\u1ecd t\u00ean\" value=\"\" type=\"text\" name=\"your-name\" \/><\/span>\n<\/p>\n<p><span class=\"wpcf7-form-control-wrap\" data-name=\"your-mobile\"><input size=\"40\" maxlength=\"400\" class=\"wpcf7-form-control wpcf7-tel wpcf7-validates-as-required wpcf7-text wpcf7-validates-as-tel\" aria-required=\"true\" aria-invalid=\"false\" placeholder=\"\u0110i\u1ec7n tho\u1ea1i\" value=\"\" type=\"tel\" name=\"your-mobile\" \/><\/span>\n<\/p>\n<p><span class=\"wpcf7-form-control-wrap\" data-name=\"your-email\"><input size=\"40\" maxlength=\"400\" class=\"wpcf7-form-control wpcf7-email wpcf7-validates-as-required wpcf7-text wpcf7-validates-as-email\" aria-required=\"true\" aria-invalid=\"false\" placeholder=\"Email\" value=\"\" type=\"email\" name=\"your-email\" \/><\/span><br \/>\n<br \/>\n<input class=\"wpcf7-form-control wpcf7-submit has-spinner\" type=\"submit\" value=\"G\u1eecI TH\u00d4NG TIN\" \/>\n<\/p><div class=\"wpcf7-response-output\" aria-hidden=\"true\"><\/div>\n<\/form>\n<\/div>\n\t\t\t<\/div>\r\n\r\n\t\t\t\t\t\t\t<\/div>\n\t\t\t\t<\/div>\n\t\t\t\t\t<\/div>\n\t\t\t\t<\/div>\n\t\t\t\t\t<\/div>\n\t\t\t\t<\/div>\n\t\t<div class=\"elementor-element elementor-element-de6cde2 animated-slow e-flex e-con-boxed elementor-invisible e-con e-parent\" data-id=\"de6cde2\" data-element_type=\"container\" data-e-type=\"container\" data-settings=\"{&quot;animation&quot;:&quot;fadeInUp&quot;}\">\n\t\t\t\t\t<div class=\"e-con-inner\">\n\t\t\t\t<div class=\"elementor-element elementor-element-78c69bc elementor-widget-divider--view-line_text elementor-widget-divider--element-align-center elementor-widget elementor-widget-divider\" data-id=\"78c69bc\" data-element_type=\"widget\" data-e-type=\"widget\" data-widget_type=\"divider.default\">\n\t\t\t\t<div class=\"elementor-widget-container\">\n\t\t\t\t\t\t\t<div class=\"elementor-divider\">\n\t\t\t<span class=\"elementor-divider-separator\">\n\t\t\t\t\t\t\t<span class=\"elementor-divider__text elementor-divider__element\">\n\t\t\t\tXEM TH\u00caM\t\t\t\t<\/span>\n\t\t\t\t\t\t<\/span>\n\t\t<\/div>\n\t\t\t\t\t\t<\/div>\n\t\t\t\t<\/div>\n\t\t\t\t<div class=\"elementor-element elementor-element-55dc6c3 elementor-grid-3 elementor-grid-tablet-2 elementor-grid-mobile-1 elementor-posts--thumbnail-top elementor-widget elementor-widget-posts\" data-id=\"55dc6c3\" data-element_type=\"widget\" data-e-type=\"widget\" data-settings=\"{&quot;classic_columns&quot;:&quot;3&quot;,&quot;classic_columns_tablet&quot;:&quot;2&quot;,&quot;classic_columns_mobile&quot;:&quot;1&quot;,&quot;classic_row_gap&quot;:{&quot;unit&quot;:&quot;px&quot;,&quot;size&quot;:35,&quot;sizes&quot;:[]},&quot;classic_row_gap_laptop&quot;:{&quot;unit&quot;:&quot;px&quot;,&quot;size&quot;:&quot;&quot;,&quot;sizes&quot;:[]},&quot;classic_row_gap_tablet&quot;:{&quot;unit&quot;:&quot;px&quot;,&quot;size&quot;:&quot;&quot;,&quot;sizes&quot;:[]},&quot;classic_row_gap_mobile&quot;:{&quot;unit&quot;:&quot;px&quot;,&quot;size&quot;:&quot;&quot;,&quot;sizes&quot;:[]}}\" data-widget_type=\"posts.classic\">\n\t\t\t\t<div class=\"elementor-widget-container\">\n\t\t\t\t\t\t\t<div class=\"elementor-posts-container elementor-posts elementor-posts--skin-classic elementor-grid\">\n\t\t\t\t<article class=\"elementor-post elementor-grid-item post-2861 post type-post status-publish format-standard has-post-thumbnail hentry category-tin-tuc\">\n\t\t\t\t<a class=\"elementor-post__thumbnail__link\" href=\"https:\/\/phumyhung.vn\/the-aurora\/chao-don-nhung-cu-dan-dau-tien-cua-the-aurora\/\" tabindex=\"-1\" >\n\t\t\t<div class=\"elementor-post__thumbnail\"><img decoding=\"async\" width=\"1680\" height=\"1200\" src=\"https:\/\/phumyhung.vn\/the-aurora\/wp-content\/uploads\/2025\/12\/DSC05254.jpg\" class=\"attachment-full size-full wp-image-2866\" alt=\"\" title=\"\" srcset=\"https:\/\/phumyhung.vn\/the-aurora\/wp-content\/uploads\/2025\/12\/DSC05254.jpg 1680w, https:\/\/phumyhung.vn\/the-aurora\/wp-content\/uploads\/2025\/12\/DSC05254-300x214.jpg 300w, https:\/\/phumyhung.vn\/the-aurora\/wp-content\/uploads\/2025\/12\/DSC05254-1024x731.jpg 1024w, https:\/\/phumyhung.vn\/the-aurora\/wp-content\/uploads\/2025\/12\/DSC05254-768x549.jpg 768w, https:\/\/phumyhung.vn\/the-aurora\/wp-content\/uploads\/2025\/12\/DSC05254-1536x1097.jpg 1536w\" sizes=\"(max-width: 1680px) 100vw, 1680px\" \/><\/div>\n\t\t<\/a>\n\t\t\t\t<div class=\"elementor-post__text\">\n\t\t\t\t<h3 class=\"elementor-post__title\">\n\t\t\t<a href=\"https:\/\/phumyhung.vn\/the-aurora\/chao-don-nhung-cu-dan-dau-tien-cua-the-aurora\/\" >\n\t\t\t\tCh\u00e0o \u0111\u00f3n nh\u1eefng c\u01b0 d\u00e2n \u0111\u1ea7u ti\u00ean c\u1ee7a The Aurora\t\t\t<\/a>\n\t\t<\/h3>\n\t\t\t\t<div class=\"elementor-post__excerpt\">\n\t\t\t<p>b\u00e0n giao c\u0103n h\u1ed9 The Aurora Ch\u00e0o \u0111\u00f3n nh\u1eefng c\u01b0 d\u00e2n \u0111\u1ea7u ti\u00ean c\u1ee7a The Aurora<\/p>\n\t\t<\/div>\n\t\t\t\t<\/div>\n\t\t\t\t<\/article>\n\t\t\t\t<article class=\"elementor-post elementor-grid-item post-2805 post type-post status-publish format-standard has-post-thumbnail hentry category-tin-tuc\">\n\t\t\t\t<a class=\"elementor-post__thumbnail__link\" href=\"https:\/\/phumyhung.vn\/the-aurora\/du-an-phu-my-hung-the-aurora-cat-noc-sau-12-thang-thi-cong\/\" tabindex=\"-1\" >\n\t\t\t<div class=\"elementor-post__thumbnail\"><img decoding=\"async\" width=\"1920\" height=\"1095\" src=\"https:\/\/phumyhung.vn\/the-aurora\/wp-content\/uploads\/2025\/03\/Du-an-Phu-My-Hung-The-Aurora-cat-noc-sau-12-thang-thi-cong-3-Copy.webp\" class=\"attachment-full size-full wp-image-2810\" alt=\"\" title=\"\" srcset=\"https:\/\/phumyhung.vn\/the-aurora\/wp-content\/uploads\/2025\/03\/Du-an-Phu-My-Hung-The-Aurora-cat-noc-sau-12-thang-thi-cong-3-Copy.webp 1920w, https:\/\/phumyhung.vn\/the-aurora\/wp-content\/uploads\/2025\/03\/Du-an-Phu-My-Hung-The-Aurora-cat-noc-sau-12-thang-thi-cong-3-Copy-300x171.webp 300w, https:\/\/phumyhung.vn\/the-aurora\/wp-content\/uploads\/2025\/03\/Du-an-Phu-My-Hung-The-Aurora-cat-noc-sau-12-thang-thi-cong-3-Copy-1024x584.webp 1024w, https:\/\/phumyhung.vn\/the-aurora\/wp-content\/uploads\/2025\/03\/Du-an-Phu-My-Hung-The-Aurora-cat-noc-sau-12-thang-thi-cong-3-Copy-768x438.webp 768w, https:\/\/phumyhung.vn\/the-aurora\/wp-content\/uploads\/2025\/03\/Du-an-Phu-My-Hung-The-Aurora-cat-noc-sau-12-thang-thi-cong-3-Copy-1536x876.webp 1536w\" sizes=\"(max-width: 1920px) 100vw, 1920px\" \/><\/div>\n\t\t<\/a>\n\t\t\t\t<div class=\"elementor-post__text\">\n\t\t\t\t<h3 class=\"elementor-post__title\">\n\t\t\t<a href=\"https:\/\/phumyhung.vn\/the-aurora\/du-an-phu-my-hung-the-aurora-cat-noc-sau-12-thang-thi-cong\/\" >\n\t\t\t\tD\u1ef1 \u00e1n Phu My Hung The Aurora c\u1ea5t n\u00f3c sau 12 th\u00e1ng thi c\u00f4ng\t\t\t<\/a>\n\t\t<\/h3>\n\t\t\t\t<div class=\"elementor-post__excerpt\">\n\t\t\t<p>Ng\u00e0y 28\/03\/2025, d\u1ef1 \u00e1n Phu My Hung The Aurora ch\u00ednh th\u1ee9c \u0111\u01b0\u1ee3c c\u1ea5t n\u00f3c, sau 12 th\u00e1ng thi c\u00f4ng. Phu My Hung The Aurora t\u1eebng<\/p>\n\t\t<\/div>\n\t\t\t\t<\/div>\n\t\t\t\t<\/article>\n\t\t\t\t<article class=\"elementor-post elementor-grid-item post-2741 post type-post status-publish format-standard has-post-thumbnail hentry category-tin-tuc\">\n\t\t\t\t<a class=\"elementor-post__thumbnail__link\" href=\"https:\/\/phumyhung.vn\/the-aurora\/100-san-pham-da-co-chu-chi-sau-hon-1-tieng-cong-bo-thong-tin-mo-ban-phu-my-hung-the-aurora\/\" tabindex=\"-1\" >\n\t\t\t<div class=\"elementor-post__thumbnail\"><img loading=\"lazy\" decoding=\"async\" width=\"1369\" height=\"912\" src=\"https:\/\/phumyhung.vn\/the-aurora\/wp-content\/uploads\/2024\/03\/100-mo-ban-thanh-cong-2.jpg\" class=\"attachment-full size-full wp-image-2743\" alt=\"\" title=\"\" srcset=\"https:\/\/phumyhung.vn\/the-aurora\/wp-content\/uploads\/2024\/03\/100-mo-ban-thanh-cong-2.jpg 1369w, https:\/\/phumyhung.vn\/the-aurora\/wp-content\/uploads\/2024\/03\/100-mo-ban-thanh-cong-2-300x200.jpg 300w, https:\/\/phumyhung.vn\/the-aurora\/wp-content\/uploads\/2024\/03\/100-mo-ban-thanh-cong-2-1024x682.jpg 1024w, https:\/\/phumyhung.vn\/the-aurora\/wp-content\/uploads\/2024\/03\/100-mo-ban-thanh-cong-2-768x512.jpg 768w\" sizes=\"(max-width: 1369px) 100vw, 1369px\" \/><\/div>\n\t\t<\/a>\n\t\t\t\t<div class=\"elementor-post__text\">\n\t\t\t\t<h3 class=\"elementor-post__title\">\n\t\t\t<a href=\"https:\/\/phumyhung.vn\/the-aurora\/100-san-pham-da-co-chu-chi-sau-hon-1-tieng-cong-bo-thong-tin-mo-ban-phu-my-hung-the-aurora\/\" >\n\t\t\t\t100% s\u1ea3n ph\u1ea9m \u0111\u00e3 c\u00f3 ch\u1ee7 ch\u1ec9 sau h\u01a1n 1 ti\u1ebfng c\u00f4ng b\u1ed1 th\u00f4ng tin m\u1edf b\u00e1n Phu My Hung The Aurora\t\t\t<\/a>\n\t\t<\/h3>\n\t\t\t\t<div class=\"elementor-post__excerpt\">\n\t\t\t<p>S\u00e1ng ng\u00e0y 24\/3\/2024, t\u1ea1i trung t\u00e2m nh\u00e0 m\u1eabu Sales Gallery (qu\u1eadn 7, TP HCM), ch\u1ee7 \u0111\u1ea7u t\u01b0 Ph\u00fa M\u1ef9 H\u01b0ng t\u1ed5 ch\u1ee9c s\u1ef1 ki\u1ec7n c\u00f4ng<\/p>\n\t\t<\/div>\n\t\t\t\t<\/div>\n\t\t\t\t<\/article>\n\t\t\t\t<article class=\"elementor-post elementor-grid-item post-2659 post type-post status-publish format-standard has-post-thumbnail hentry category-tin-tuc\">\n\t\t\t\t<a class=\"elementor-post__thumbnail__link\" href=\"https:\/\/phumyhung.vn\/the-aurora\/bat-dong-san-tp-hcm-soi-dong-boi-ke-hoach-kinh-doanh-cua-phu-my-hung\/\" tabindex=\"-1\" >\n\t\t\t<div class=\"elementor-post__thumbnail\"><img loading=\"lazy\" decoding=\"async\" width=\"1920\" height=\"1656\" src=\"https:\/\/phumyhung.vn\/the-aurora\/wp-content\/uploads\/2024\/03\/bat-dong-san-soi-dong-voi-phu-my-hung-cover.webp\" class=\"attachment-full size-full wp-image-2654\" alt=\"\" title=\"\" srcset=\"https:\/\/phumyhung.vn\/the-aurora\/wp-content\/uploads\/2024\/03\/bat-dong-san-soi-dong-voi-phu-my-hung-cover.webp 1920w, https:\/\/phumyhung.vn\/the-aurora\/wp-content\/uploads\/2024\/03\/bat-dong-san-soi-dong-voi-phu-my-hung-cover-300x259.webp 300w, https:\/\/phumyhung.vn\/the-aurora\/wp-content\/uploads\/2024\/03\/bat-dong-san-soi-dong-voi-phu-my-hung-cover-1024x883.webp 1024w, https:\/\/phumyhung.vn\/the-aurora\/wp-content\/uploads\/2024\/03\/bat-dong-san-soi-dong-voi-phu-my-hung-cover-768x662.webp 768w, https:\/\/phumyhung.vn\/the-aurora\/wp-content\/uploads\/2024\/03\/bat-dong-san-soi-dong-voi-phu-my-hung-cover-1536x1325.webp 1536w\" sizes=\"(max-width: 1920px) 100vw, 1920px\" \/><\/div>\n\t\t<\/a>\n\t\t\t\t<div class=\"elementor-post__text\">\n\t\t\t\t<h3 class=\"elementor-post__title\">\n\t\t\t<a href=\"https:\/\/phumyhung.vn\/the-aurora\/bat-dong-san-tp-hcm-soi-dong-boi-ke-hoach-kinh-doanh-cua-phu-my-hung\/\" >\n\t\t\t\tB\u1ea5t \u0111\u1ed9ng s\u1ea3n TP.HCM s\u00f4i \u0111\u1ed9ng b\u1edfi k\u1ebf ho\u1ea1ch kinh doanh c\u1ee7a Ph\u00fa M\u1ef9 H\u01b0ng\t\t\t<\/a>\n\t\t<\/h3>\n\t\t\t\t<div class=\"elementor-post__excerpt\">\n\t\t\t<p>T\u1ed1i 8-3, t\u1ea1i trung t\u00e2m nh\u00e0 m\u1eabu (\u0111\u01b0\u1eddng Tr\u1ea7n V\u0103n Tr\u00e0, qu\u1eadn 7), ch\u1ee7 \u0111\u1ea7u t\u01b0 Ph\u00fa M\u1ef9 H\u01b0ng \u0111\u00e3 t\u1ed5 ch\u1ee9c l\u1ec5 ra m\u1eaft<\/p>\n\t\t<\/div>\n\t\t\t\t<\/div>\n\t\t\t\t<\/article>\n\t\t\t\t<article class=\"elementor-post elementor-grid-item post-2630 post type-post status-publish format-standard has-post-thumbnail hentry category-tin-tuc\">\n\t\t\t\t<a class=\"elementor-post__thumbnail__link\" href=\"https:\/\/phumyhung.vn\/the-aurora\/phu-my-hung-ra-mat-du-an-cao-cap-moi\/\" tabindex=\"-1\" >\n\t\t\t<div class=\"elementor-post__thumbnail\"><img loading=\"lazy\" decoding=\"async\" width=\"2163\" height=\"1313\" src=\"https:\/\/phumyhung.vn\/the-aurora\/wp-content\/uploads\/2024\/03\/su-kien-ra-mat-du-an-the-aurora.jpg\" class=\"attachment-full size-full wp-image-2633\" alt=\"\" title=\"\" srcset=\"https:\/\/phumyhung.vn\/the-aurora\/wp-content\/uploads\/2024\/03\/su-kien-ra-mat-du-an-the-aurora.jpg 2163w, https:\/\/phumyhung.vn\/the-aurora\/wp-content\/uploads\/2024\/03\/su-kien-ra-mat-du-an-the-aurora-300x182.jpg 300w, https:\/\/phumyhung.vn\/the-aurora\/wp-content\/uploads\/2024\/03\/su-kien-ra-mat-du-an-the-aurora-1024x622.jpg 1024w, https:\/\/phumyhung.vn\/the-aurora\/wp-content\/uploads\/2024\/03\/su-kien-ra-mat-du-an-the-aurora-768x466.jpg 768w, https:\/\/phumyhung.vn\/the-aurora\/wp-content\/uploads\/2024\/03\/su-kien-ra-mat-du-an-the-aurora-1536x932.jpg 1536w, https:\/\/phumyhung.vn\/the-aurora\/wp-content\/uploads\/2024\/03\/su-kien-ra-mat-du-an-the-aurora-2048x1243.jpg 2048w\" sizes=\"(max-width: 2163px) 100vw, 2163px\" \/><\/div>\n\t\t<\/a>\n\t\t\t\t<div class=\"elementor-post__text\">\n\t\t\t\t<h3 class=\"elementor-post__title\">\n\t\t\t<a href=\"https:\/\/phumyhung.vn\/the-aurora\/phu-my-hung-ra-mat-du-an-cao-cap-moi\/\" >\n\t\t\t\t[Vnexpress] Ph\u00fa M\u1ef9 H\u01b0ng ra m\u1eaft d\u1ef1 \u00e1n cao c\u1ea5p m\u1edbi\t\t\t<\/a>\n\t\t<\/h3>\n\t\t\t\t<div class=\"elementor-post__excerpt\">\n\t\t\t<p>Phu My Hung The Aurora tr\u00ean \u0111\u01b0\u1eddng Nguy\u1ec5n L\u01b0\u01a1ng B\u1eb1ng l\u00e0 m\u1ed9t trong nh\u1eefng d\u1ef1 \u00e1n cao c\u1ea5p cu\u1ed1i c\u00f9ng c\u1ee7a \u0111\u00f4 th\u1ecb Ph\u00fa M\u1ef9<\/p>\n\t\t<\/div>\n\t\t\t\t<\/div>\n\t\t\t\t<\/article>\n\t\t\t\t<article class=\"elementor-post elementor-grid-item post-2640 post type-post status-publish format-standard has-post-thumbnail hentry category-tin-tuc\">\n\t\t\t\t<a class=\"elementor-post__thumbnail__link\" href=\"https:\/\/phumyhung.vn\/the-aurora\/phu-my-hung-ra-mat-du-an-phu-my-hung-the-aurora-2\/\" tabindex=\"-1\" >\n\t\t\t<div class=\"elementor-post__thumbnail\"><img loading=\"lazy\" decoding=\"async\" width=\"2048\" height=\"1365\" src=\"https:\/\/phumyhung.vn\/the-aurora\/wp-content\/uploads\/2024\/03\/TTXVN.jpg\" class=\"attachment-full size-full wp-image-2641\" alt=\"\" title=\"\" srcset=\"https:\/\/phumyhung.vn\/the-aurora\/wp-content\/uploads\/2024\/03\/TTXVN.jpg 2048w, https:\/\/phumyhung.vn\/the-aurora\/wp-content\/uploads\/2024\/03\/TTXVN-300x200.jpg 300w, https:\/\/phumyhung.vn\/the-aurora\/wp-content\/uploads\/2024\/03\/TTXVN-1024x683.jpg 1024w, https:\/\/phumyhung.vn\/the-aurora\/wp-content\/uploads\/2024\/03\/TTXVN-768x512.jpg 768w, https:\/\/phumyhung.vn\/the-aurora\/wp-content\/uploads\/2024\/03\/TTXVN-1536x1024.jpg 1536w\" sizes=\"(max-width: 2048px) 100vw, 2048px\" \/><\/div>\n\t\t<\/a>\n\t\t\t\t<div class=\"elementor-post__text\">\n\t\t\t\t<h3 class=\"elementor-post__title\">\n\t\t\t<a href=\"https:\/\/phumyhung.vn\/the-aurora\/phu-my-hung-ra-mat-du-an-phu-my-hung-the-aurora-2\/\" >\n\t\t\t\t[TTXVN] Ph\u00fa M\u1ef9 H\u01b0ng ra m\u1eaft d\u1ef1 \u00e1n Phu My Hung The Aurora\t\t\t<\/a>\n\t\t<\/h3>\n\t\t\t\t<div class=\"elementor-post__excerpt\">\n\t\t\t<p>T\u1ed1i 8\/3\/2024, t\u1ea1i trung t\u00e2m nh\u00e0 m\u1eabu (Tr\u1ea7n V\u0103n Tr\u00e0, Qu\u1eadn 7, TP H\u1ed3 Ch\u00ed Minh), ch\u1ee7 \u0111\u1ea7u t\u01b0 Ph\u00fa M\u1ef9 H\u01b0ng \u0111\u00e3 t\u1ed5 ch\u1ee9c<\/p>\n\t\t<\/div>\n\t\t\t\t<\/div>\n\t\t\t\t<\/article>\n\t\t\t\t<\/div>\n\t\t\n\t\t\t\t\t\t<\/div>\n\t\t\t\t<\/div>\n\t\t\t\t\t<\/div>\n\t\t\t\t<\/div>\n\t\t\t\t<\/div>\n\t\t","protected":false},"excerpt":{"rendered":"<p>T\u01af V\u1ea4N D\u1ef0 \u00c1N \u201cPHI\u00caN B\u1ea2N\u201d H\u1eeeU H\u1ea0N &amp; KHAN HI\u1ebeM: Ch\u1ec9 d\u00e0nh cho 95 ch\u1ee7 nh\u00e2n, h\u00e3y \u0111\u1ec3 l\u1ea1i th\u00f4ng tin \u0111\u1ec3 \u0111\u01b0\u1ee3c t\u01b0 v\u1ea5n tr\u1ef1c ti\u1ebfp t\u1eeb ch\u1ee7 \u0111\u1ea7u t\u01b0. XEM TH\u00caM<\/p>\n","protected":false},"author":1,"featured_media":0,"parent":0,"menu_order":0,"comment_status":"closed","ping_status":"closed","template":"","meta":{"footnotes":""},"class_list":["post-1548","page","type-page","status-publish","hentry"],"_links":{"self":[{"href":"https:\/\/phumyhung.vn\/the-aurora\/wp-json\/wp\/v2\/pages\/1548","targetHints":{"allow":["GET"]}}],"collection":[{"href":"https:\/\/phumyhung.vn\/the-aurora\/wp-json\/wp\/v2\/pages"}],"about":[{"href":"https:\/\/phumyhung.vn\/the-aurora\/wp-json\/wp\/v2\/types\/page"}],"author":[{"embeddable":true,"href":"https:\/\/phumyhung.vn\/the-aurora\/wp-json\/wp\/v2\/users\/1"}],"replies":[{"embeddable":true,"href":"https:\/\/phumyhung.vn\/the-aurora\/wp-json\/wp\/v2\/comments?post=1548"}],"version-history":[{"count":84,"href":"https:\/\/phumyhung.vn\/the-aurora\/wp-json\/wp\/v2\/pages\/1548\/revisions"}],"predecessor-version":[{"id":2585,"href":"https:\/\/phumyhung.vn\/the-aurora\/wp-json\/wp\/v2\/pages\/1548\/revisions\/2585"}],"wp:attachment":[{"href":"https:\/\/phumyhung.vn\/the-aurora\/wp-json\/wp\/v2\/media?parent=1548"}],"curies":[{"name":"wp","href":"https:\/\/api.w.org\/{rel}","templated":true}]}}