{"id":368,"date":"2023-11-04T01:47:43","date_gmt":"2023-11-04T01:47:43","guid":{"rendered":"https:\/\/phumyhung.vn\/s13-2\/?page_id=368"},"modified":"2023-11-21T15:22:44","modified_gmt":"2023-11-21T08:22:44","slug":"tin-tuc-the-aurora","status":"publish","type":"page","link":"https:\/\/phumyhung.vn\/the-aurora\/tin-tuc-the-aurora\/","title":{"rendered":"Tin t\u1ee9c"},"content":{"rendered":"\t\t<div data-elementor-type=\"wp-page\" data-elementor-id=\"368\" class=\"elementor elementor-368\" data-elementor-post-type=\"page\">\n\t\t\t\t<div class=\"elementor-element elementor-element-6ac5cbe e-flex e-con-boxed e-con e-parent\" data-id=\"6ac5cbe\" data-element_type=\"container\" data-e-type=\"container\">\n\t\t\t\t\t<div class=\"e-con-inner\">\n\t\t\t\t<div class=\"elementor-element elementor-element-1fdd334 premium-blog-align-left elementor-widget elementor-widget-premium-addon-blog\" data-id=\"1fdd334\" data-element_type=\"widget\" data-e-type=\"widget\" data-settings=\"{&quot;force_height&quot;:&quot;true&quot;,&quot;premium_blog_columns_number&quot;:&quot;33.33%&quot;,&quot;premium_blog_grid&quot;:&quot;yes&quot;,&quot;premium_blog_layout&quot;:&quot;even&quot;,&quot;premium_blog_columns_number_tablet&quot;:&quot;50%&quot;,&quot;premium_blog_columns_number_mobile&quot;:&quot;100%&quot;,&quot;scroll_to_offset&quot;:&quot;yes&quot;}\" data-widget_type=\"premium-addon-blog.default\">\n\t\t\t\t<div class=\"elementor-widget-container\">\n\t\t\t\t\t\n\t\t\t\t<div class=\"premium-blog-wrap  premium-blog-even\" data-page=\"368\" data-pagination=\"true\">\n\t\t\t\t\t<div class=\"premium-blog-post-outer-container\" data-total=\"3\">\r\n\t\t\t<div class=\"premium-blog-post-container premium-blog-skin-modern\">\r\n\t\t\t\t\t\t\t\t\t<div class=\"premium-blog-thumb-effect-wrapper\">\r\n\t\t\t\t\t\t<div class=\"premium-blog-thumbnail-container premium-blog-zoomin-effect\">\r\n\t\t\t\t\t\t\t\t\t\t\t<a href=\"https:\/\/phumyhung.vn\/the-aurora\/chao-don-nhung-cu-dan-dau-tien-cua-the-aurora\/\" target=\"_self\">\r\n\t\t\t\t<img fetchpriority=\"high\" decoding=\"async\" width=\"1680\" height=\"1200\" src=\"https:\/\/phumyhung.vn\/the-aurora\/wp-content\/uploads\/2025\/12\/DSC05254.jpg\" class=\"attachment-full size-full wp-image-2866\" alt=\"\" title=\"\" srcset=\"https:\/\/phumyhung.vn\/the-aurora\/wp-content\/uploads\/2025\/12\/DSC05254.jpg 1680w, https:\/\/phumyhung.vn\/the-aurora\/wp-content\/uploads\/2025\/12\/DSC05254-300x214.jpg 300w, https:\/\/phumyhung.vn\/the-aurora\/wp-content\/uploads\/2025\/12\/DSC05254-1024x731.jpg 1024w, https:\/\/phumyhung.vn\/the-aurora\/wp-content\/uploads\/2025\/12\/DSC05254-768x549.jpg 768w, https:\/\/phumyhung.vn\/the-aurora\/wp-content\/uploads\/2025\/12\/DSC05254-1536x1097.jpg 1536w\" sizes=\"(max-width: 1680px) 100vw, 1680px\" \/>\t\t\t\t<\/a>\r\n\t\t\t\t\t\t\t\t\t\t<\/div>\r\n\t\t\t\t\t\t\t\t\t\t\t\t\t<div class=\"premium-blog-effect-container premium-blog-bordered-effect\">\r\n\t\t\t\t\t\t\t\t<a class=\"premium-blog-post-link\" href=\"https:\/\/phumyhung.vn\/the-aurora\/chao-don-nhung-cu-dan-dau-tien-cua-the-aurora\/\" target=\"_self\"><span>Ch\u00e0o \u0111\u00f3n nh\u1eefng c\u01b0 d\u00e2n \u0111\u1ea7u ti\u00ean c\u1ee7a The Aurora<\/span><\/a>\r\n\t\t\t\t\t\t\t\t\t\t\t\t\t\t\t<\/div>\r\n\t\t\t\t\t\t\t\t\t\t\t<\/div>\r\n\t\t\t\t\t\t\t\t\t\t\t\t<div class=\"premium-blog-content-wrapper \">\r\n\r\n\t\t\t\t\t<div class=\"premium-blog-inner-container\">\r\n\r\n\t\t\t\t\t\t\t\t\t\t\t\t\t\t<h2 class=\"premium-blog-entry-title\">\r\n\t\t\t<a href=\"https:\/\/phumyhung.vn\/the-aurora\/chao-don-nhung-cu-dan-dau-tien-cua-the-aurora\/\" target=\"_self\">\r\n\t\t\t\tCh\u00e0o \u0111\u00f3n nh\u1eefng c\u01b0 d\u00e2n \u0111\u1ea7u ti\u00ean c\u1ee7a The Aurora\t\t\t<\/a>\r\n\t\t<\/h2>\r\n\t\t\t\t<div class=\"premium-blog-entry-meta\">\r\n\t\t\t\r\n\t\t\t\r\n\t\t\t\r\n\t\t\t\t\t<\/div>\r\n\t\t\r\n\t\t\t\t\t<\/div>\r\n\r\n\t\t\t\t\t\t\t<div class=\"premium-blog-content-inner-wrapper\">\r\n\t\t<p class=\"premium-blog-post-content\">b\u00e0n giao c\u0103n h\u1ed9 The Aurora Ch\u00e0o \u0111\u00f3n nh\u1eefng c\u01b0 d\u00e2n \u0111\u1ea7u ti\u00ean c\u1ee7a The Aurora<\/p>\t\t<\/div>\r\n\t\t\t\t\t\t\t\r\n\t\t\t\t<\/div>\r\n\t\t\t<\/div>\r\n\t\t<\/div>\r\n\r\n\t\t\t\t<div class=\"premium-blog-post-outer-container\" data-total=\"3\">\r\n\t\t\t<div class=\"premium-blog-post-container premium-blog-skin-modern\">\r\n\t\t\t\t\t\t\t\t\t<div class=\"premium-blog-thumb-effect-wrapper\">\r\n\t\t\t\t\t\t<div class=\"premium-blog-thumbnail-container premium-blog-zoomin-effect\">\r\n\t\t\t\t\t\t\t\t\t\t\t<a href=\"https:\/\/phumyhung.vn\/the-aurora\/du-an-phu-my-hung-the-aurora-cat-noc-sau-12-thang-thi-cong\/\" target=\"_self\">\r\n\t\t\t\t<img decoding=\"async\" width=\"1920\" height=\"1095\" src=\"https:\/\/phumyhung.vn\/the-aurora\/wp-content\/uploads\/2025\/03\/Du-an-Phu-My-Hung-The-Aurora-cat-noc-sau-12-thang-thi-cong-3-Copy.webp\" class=\"attachment-full size-full wp-image-2810\" alt=\"\" title=\"\" srcset=\"https:\/\/phumyhung.vn\/the-aurora\/wp-content\/uploads\/2025\/03\/Du-an-Phu-My-Hung-The-Aurora-cat-noc-sau-12-thang-thi-cong-3-Copy.webp 1920w, https:\/\/phumyhung.vn\/the-aurora\/wp-content\/uploads\/2025\/03\/Du-an-Phu-My-Hung-The-Aurora-cat-noc-sau-12-thang-thi-cong-3-Copy-300x171.webp 300w, https:\/\/phumyhung.vn\/the-aurora\/wp-content\/uploads\/2025\/03\/Du-an-Phu-My-Hung-The-Aurora-cat-noc-sau-12-thang-thi-cong-3-Copy-1024x584.webp 1024w, https:\/\/phumyhung.vn\/the-aurora\/wp-content\/uploads\/2025\/03\/Du-an-Phu-My-Hung-The-Aurora-cat-noc-sau-12-thang-thi-cong-3-Copy-768x438.webp 768w, https:\/\/phumyhung.vn\/the-aurora\/wp-content\/uploads\/2025\/03\/Du-an-Phu-My-Hung-The-Aurora-cat-noc-sau-12-thang-thi-cong-3-Copy-1536x876.webp 1536w\" sizes=\"(max-width: 1920px) 100vw, 1920px\" \/>\t\t\t\t<\/a>\r\n\t\t\t\t\t\t\t\t\t\t<\/div>\r\n\t\t\t\t\t\t\t\t\t\t\t\t\t<div class=\"premium-blog-effect-container premium-blog-bordered-effect\">\r\n\t\t\t\t\t\t\t\t<a class=\"premium-blog-post-link\" href=\"https:\/\/phumyhung.vn\/the-aurora\/du-an-phu-my-hung-the-aurora-cat-noc-sau-12-thang-thi-cong\/\" target=\"_self\"><span>D\u1ef1 \u00e1n Phu My Hung The Aurora c\u1ea5t n\u00f3c sau 12 th\u00e1ng thi c\u00f4ng<\/span><\/a>\r\n\t\t\t\t\t\t\t\t\t\t\t\t\t\t\t<\/div>\r\n\t\t\t\t\t\t\t\t\t\t\t<\/div>\r\n\t\t\t\t\t\t\t\t\t\t\t\t<div class=\"premium-blog-content-wrapper \">\r\n\r\n\t\t\t\t\t<div class=\"premium-blog-inner-container\">\r\n\r\n\t\t\t\t\t\t\t\t\t\t\t\t\t\t<h2 class=\"premium-blog-entry-title\">\r\n\t\t\t<a href=\"https:\/\/phumyhung.vn\/the-aurora\/du-an-phu-my-hung-the-aurora-cat-noc-sau-12-thang-thi-cong\/\" target=\"_self\">\r\n\t\t\t\tD\u1ef1 \u00e1n Phu My Hung The Aurora c\u1ea5t n\u00f3c sau 12 th\u00e1ng thi c\u00f4ng\t\t\t<\/a>\r\n\t\t<\/h2>\r\n\t\t\t\t<div class=\"premium-blog-entry-meta\">\r\n\t\t\t\r\n\t\t\t\r\n\t\t\t\r\n\t\t\t\t\t<\/div>\r\n\t\t\r\n\t\t\t\t\t<\/div>\r\n\r\n\t\t\t\t\t\t\t<div class=\"premium-blog-content-inner-wrapper\">\r\n\t\t<p class=\"premium-blog-post-content\">Ng\u00e0y 28\/03\/2025, d\u1ef1 \u00e1n Phu My Hung The Aurora ch\u00ednh th\u1ee9c \u0111\u01b0\u1ee3c c\u1ea5t n\u00f3c, sau 12 th\u00e1ng thi c\u00f4ng. Phu My Hung \u2026<\/p>\t\t<\/div>\r\n\t\t\t\t\t\t\t\r\n\t\t\t\t<\/div>\r\n\t\t\t<\/div>\r\n\t\t<\/div>\r\n\r\n\t\t\t\t<div class=\"premium-blog-post-outer-container\" data-total=\"3\">\r\n\t\t\t<div class=\"premium-blog-post-container premium-blog-skin-modern\">\r\n\t\t\t\t\t\t\t\t\t<div class=\"premium-blog-thumb-effect-wrapper\">\r\n\t\t\t\t\t\t<div class=\"premium-blog-thumbnail-container premium-blog-zoomin-effect\">\r\n\t\t\t\t\t\t\t\t\t\t\t<a href=\"https:\/\/phumyhung.vn\/the-aurora\/100-san-pham-da-co-chu-chi-sau-hon-1-tieng-cong-bo-thong-tin-mo-ban-phu-my-hung-the-aurora\/\" target=\"_self\">\r\n\t\t\t\t<img decoding=\"async\" width=\"1369\" height=\"912\" src=\"https:\/\/phumyhung.vn\/the-aurora\/wp-content\/uploads\/2024\/03\/100-mo-ban-thanh-cong-2.jpg\" class=\"attachment-full size-full wp-image-2743\" alt=\"\" title=\"\" srcset=\"https:\/\/phumyhung.vn\/the-aurora\/wp-content\/uploads\/2024\/03\/100-mo-ban-thanh-cong-2.jpg 1369w, https:\/\/phumyhung.vn\/the-aurora\/wp-content\/uploads\/2024\/03\/100-mo-ban-thanh-cong-2-300x200.jpg 300w, https:\/\/phumyhung.vn\/the-aurora\/wp-content\/uploads\/2024\/03\/100-mo-ban-thanh-cong-2-1024x682.jpg 1024w, https:\/\/phumyhung.vn\/the-aurora\/wp-content\/uploads\/2024\/03\/100-mo-ban-thanh-cong-2-768x512.jpg 768w\" sizes=\"(max-width: 1369px) 100vw, 1369px\" \/>\t\t\t\t<\/a>\r\n\t\t\t\t\t\t\t\t\t\t<\/div>\r\n\t\t\t\t\t\t\t\t\t\t\t\t\t<div class=\"premium-blog-effect-container premium-blog-bordered-effect\">\r\n\t\t\t\t\t\t\t\t<a class=\"premium-blog-post-link\" href=\"https:\/\/phumyhung.vn\/the-aurora\/100-san-pham-da-co-chu-chi-sau-hon-1-tieng-cong-bo-thong-tin-mo-ban-phu-my-hung-the-aurora\/\" target=\"_self\"><span>100% s\u1ea3n ph\u1ea9m \u0111\u00e3 c\u00f3 ch\u1ee7 ch\u1ec9 sau h\u01a1n 1 ti\u1ebfng c\u00f4ng b\u1ed1 th\u00f4ng tin m\u1edf b\u00e1n Phu My Hung The Aurora<\/span><\/a>\r\n\t\t\t\t\t\t\t\t\t\t\t\t\t\t\t<\/div>\r\n\t\t\t\t\t\t\t\t\t\t\t<\/div>\r\n\t\t\t\t\t\t\t\t\t\t\t\t<div class=\"premium-blog-content-wrapper \">\r\n\r\n\t\t\t\t\t<div class=\"premium-blog-inner-container\">\r\n\r\n\t\t\t\t\t\t\t\t\t\t\t\t\t\t<h2 class=\"premium-blog-entry-title\">\r\n\t\t\t<a href=\"https:\/\/phumyhung.vn\/the-aurora\/100-san-pham-da-co-chu-chi-sau-hon-1-tieng-cong-bo-thong-tin-mo-ban-phu-my-hung-the-aurora\/\" target=\"_self\">\r\n\t\t\t\t100% s\u1ea3n ph\u1ea9m \u0111\u00e3 c\u00f3 ch\u1ee7 ch\u1ec9 sau h\u01a1n 1 ti\u1ebfng c\u00f4ng b\u1ed1 th\u00f4ng tin m\u1edf b\u00e1n Phu My Hung The Aurora\t\t\t<\/a>\r\n\t\t<\/h2>\r\n\t\t\t\t<div class=\"premium-blog-entry-meta\">\r\n\t\t\t\r\n\t\t\t\r\n\t\t\t\r\n\t\t\t\t\t<\/div>\r\n\t\t\r\n\t\t\t\t\t<\/div>\r\n\r\n\t\t\t\t\t\t\t<div class=\"premium-blog-content-inner-wrapper\">\r\n\t\t<p class=\"premium-blog-post-content\">S\u00e1ng ng\u00e0y 24\/3\/2024, t\u1ea1i trung t\u00e2m nh\u00e0 m\u1eabu Sales Gallery (qu\u1eadn 7, TP HCM), ch\u1ee7 \u0111\u1ea7u t\u01b0 Ph\u00fa M\u1ef9 H\u01b0ng t\u1ed5 ch\u1ee9c \u2026<\/p>\t\t<\/div>\r\n\t\t\t\t\t\t\t\r\n\t\t\t\t<\/div>\r\n\t\t\t<\/div>\r\n\t\t<\/div>\r\n\r\n\t\t\t\t<div class=\"premium-blog-post-outer-container\" data-total=\"3\">\r\n\t\t\t<div class=\"premium-blog-post-container premium-blog-skin-modern\">\r\n\t\t\t\t\t\t\t\t\t<div class=\"premium-blog-thumb-effect-wrapper\">\r\n\t\t\t\t\t\t<div class=\"premium-blog-thumbnail-container premium-blog-zoomin-effect\">\r\n\t\t\t\t\t\t\t\t\t\t\t<a href=\"https:\/\/phumyhung.vn\/the-aurora\/bat-dong-san-tp-hcm-soi-dong-boi-ke-hoach-kinh-doanh-cua-phu-my-hung\/\" target=\"_self\">\r\n\t\t\t\t<img loading=\"lazy\" decoding=\"async\" width=\"1920\" height=\"1656\" src=\"https:\/\/phumyhung.vn\/the-aurora\/wp-content\/uploads\/2024\/03\/bat-dong-san-soi-dong-voi-phu-my-hung-cover.webp\" class=\"attachment-full size-full wp-image-2654\" alt=\"\" title=\"\" srcset=\"https:\/\/phumyhung.vn\/the-aurora\/wp-content\/uploads\/2024\/03\/bat-dong-san-soi-dong-voi-phu-my-hung-cover.webp 1920w, https:\/\/phumyhung.vn\/the-aurora\/wp-content\/uploads\/2024\/03\/bat-dong-san-soi-dong-voi-phu-my-hung-cover-300x259.webp 300w, https:\/\/phumyhung.vn\/the-aurora\/wp-content\/uploads\/2024\/03\/bat-dong-san-soi-dong-voi-phu-my-hung-cover-1024x883.webp 1024w, https:\/\/phumyhung.vn\/the-aurora\/wp-content\/uploads\/2024\/03\/bat-dong-san-soi-dong-voi-phu-my-hung-cover-768x662.webp 768w, https:\/\/phumyhung.vn\/the-aurora\/wp-content\/uploads\/2024\/03\/bat-dong-san-soi-dong-voi-phu-my-hung-cover-1536x1325.webp 1536w\" sizes=\"(max-width: 1920px) 100vw, 1920px\" \/>\t\t\t\t<\/a>\r\n\t\t\t\t\t\t\t\t\t\t<\/div>\r\n\t\t\t\t\t\t\t\t\t\t\t\t\t<div class=\"premium-blog-effect-container premium-blog-bordered-effect\">\r\n\t\t\t\t\t\t\t\t<a class=\"premium-blog-post-link\" href=\"https:\/\/phumyhung.vn\/the-aurora\/bat-dong-san-tp-hcm-soi-dong-boi-ke-hoach-kinh-doanh-cua-phu-my-hung\/\" target=\"_self\"><span>B\u1ea5t \u0111\u1ed9ng s\u1ea3n TP.HCM s\u00f4i \u0111\u1ed9ng b\u1edfi k\u1ebf ho\u1ea1ch kinh doanh c\u1ee7a Ph\u00fa M\u1ef9 H\u01b0ng<\/span><\/a>\r\n\t\t\t\t\t\t\t\t\t\t\t\t\t\t\t<\/div>\r\n\t\t\t\t\t\t\t\t\t\t\t<\/div>\r\n\t\t\t\t\t\t\t\t\t\t\t\t<div class=\"premium-blog-content-wrapper \">\r\n\r\n\t\t\t\t\t<div class=\"premium-blog-inner-container\">\r\n\r\n\t\t\t\t\t\t\t\t\t\t\t\t\t\t<h2 class=\"premium-blog-entry-title\">\r\n\t\t\t<a href=\"https:\/\/phumyhung.vn\/the-aurora\/bat-dong-san-tp-hcm-soi-dong-boi-ke-hoach-kinh-doanh-cua-phu-my-hung\/\" target=\"_self\">\r\n\t\t\t\tB\u1ea5t \u0111\u1ed9ng s\u1ea3n TP.HCM s\u00f4i \u0111\u1ed9ng b\u1edfi k\u1ebf ho\u1ea1ch kinh doanh c\u1ee7a Ph\u00fa M\u1ef9 H\u01b0ng\t\t\t<\/a>\r\n\t\t<\/h2>\r\n\t\t\t\t<div class=\"premium-blog-entry-meta\">\r\n\t\t\t\r\n\t\t\t\r\n\t\t\t\r\n\t\t\t\t\t<\/div>\r\n\t\t\r\n\t\t\t\t\t<\/div>\r\n\r\n\t\t\t\t\t\t\t<div class=\"premium-blog-content-inner-wrapper\">\r\n\t\t<p class=\"premium-blog-post-content\">T\u1ed1i 8-3, t\u1ea1i trung t\u00e2m nh\u00e0 m\u1eabu (\u0111\u01b0\u1eddng Tr\u1ea7n V\u0103n Tr\u00e0, qu\u1eadn 7), ch\u1ee7 \u0111\u1ea7u t\u01b0 Ph\u00fa M\u1ef9 H\u01b0ng \u0111\u00e3 t\u1ed5 ch\u1ee9c \u2026<\/p>\t\t<\/div>\r\n\t\t\t\t\t\t\t\r\n\t\t\t\t<\/div>\r\n\t\t\t<\/div>\r\n\t\t<\/div>\r\n\r\n\t\t\t\t<\/div>\n\n\t\t\t\t<div class=\"premium-blog-footer\">\n\t\t\t\t\t\t<nav class=\"premium-blog-pagination-container\" role=\"navigation\" aria-label=\"Pagination\">\r\n\t\t\t\t<span aria-current=\"page\" class=\"page-numbers current\">1<\/span>\n<a class=\"page-numbers\" href=\"https:\/\/phumyhung.vn\/the-aurora\/wp-json\/wp\/v2\/pages\/368\/page\/2\/\">2<\/a>\n<a class=\"page-numbers\" href=\"https:\/\/phumyhung.vn\/the-aurora\/wp-json\/wp\/v2\/pages\/368\/page\/3\/\">3<\/a>\n<a class=\"next page-numbers\" href=\"https:\/\/phumyhung.vn\/the-aurora\/wp-json\/wp\/v2\/pages\/368\/page\/2\/\">Next \u00bb<\/a>\t\t\t<\/nav>\r\n\t\t\t\t\t<\/div>\n\t\t\t\t\t\t\t<\/div>\n\t\t\t\t<\/div>\n\t\t\t\t\t<\/div>\n\t\t\t\t<\/div>\n\t\t\t\t<\/div>\n\t\t","protected":false},"excerpt":{"rendered":"<p>Lo\u1ea1t c\u00f4ng tr\u00ecnh d\u1ecbch v\u1ee5 quy m\u00f4 tr\u00ean tr\u1ee5c Broadway Nguy\u1ec5n L\u01b0\u01a1ng B\u1eb1ng s\u1eafp \u0111\u01b0\u1ee3c tri\u1ec3n khai Lo\u1ea1t c\u00f4ng tr\u00ecnh d\u1ecbch v\u1ee5 quy m\u00f4 tr\u00ean tr\u1ee5c Broadway Nguy\u1ec5n L\u01b0\u01a1ng B\u1eb1ng s\u1eafp \u0111\u01b0\u1ee3c tri\u1ec3n khai \u0110\u00f3ng vai tr\u00f2 bi\u1ec3u tr\u01b0ng cho s\u1ee9c s\u1ed1ng \u0111\u00f4 th\u1ecb hi\u1ec7n \u0111\u1ea1i v\u00e0 l\u00e0 tr\u1ee5c giao th\u01b0\u01a1ng t\u00e0i ch\u00ednh c\u1ee7a khu [&hellip;]<\/p>\n","protected":false},"author":1,"featured_media":0,"parent":0,"menu_order":0,"comment_status":"closed","ping_status":"closed","template":"","meta":{"footnotes":""},"class_list":["post-368","page","type-page","status-publish","hentry"],"_links":{"self":[{"href":"https:\/\/phumyhung.vn\/the-aurora\/wp-json\/wp\/v2\/pages\/368","targetHints":{"allow":["GET"]}}],"collection":[{"href":"https:\/\/phumyhung.vn\/the-aurora\/wp-json\/wp\/v2\/pages"}],"about":[{"href":"https:\/\/phumyhung.vn\/the-aurora\/wp-json\/wp\/v2\/types\/page"}],"author":[{"embeddable":true,"href":"https:\/\/phumyhung.vn\/the-aurora\/wp-json\/wp\/v2\/users\/1"}],"replies":[{"embeddable":true,"href":"https:\/\/phumyhung.vn\/the-aurora\/wp-json\/wp\/v2\/comments?post=368"}],"version-history":[{"count":43,"href":"https:\/\/phumyhung.vn\/the-aurora\/wp-json\/wp\/v2\/pages\/368\/revisions"}],"predecessor-version":[{"id":1395,"href":"https:\/\/phumyhung.vn\/the-aurora\/wp-json\/wp\/v2\/pages\/368\/revisions\/1395"}],"wp:attachment":[{"href":"https:\/\/phumyhung.vn\/the-aurora\/wp-json\/wp\/v2\/media?parent=368"}],"curies":[{"name":"wp","href":"https:\/\/api.w.org\/{rel}","templated":true}]}}