{"id":2826,"date":"2025-10-11T01:05:48","date_gmt":"2025-10-10T18:05:48","guid":{"rendered":"https:\/\/phumyhung.vn\/the-sculptura\/?page_id=2826"},"modified":"2025-10-11T01:13:58","modified_gmt":"2025-10-10T18:13:58","slug":"tin-tuc","status":"publish","type":"page","link":"https:\/\/phumyhung.vn\/the-sculptura\/tin-tuc\/","title":{"rendered":"Tin t\u1ee9c"},"content":{"rendered":"\t\t<div data-elementor-type=\"wp-page\" data-elementor-id=\"2826\" class=\"elementor elementor-2826\" data-elementor-post-type=\"page\">\n\t\t\t\t<div class=\"elementor-element elementor-element-7d9ba53 e-flex e-con-boxed e-con e-parent\" data-id=\"7d9ba53\" data-element_type=\"container\" data-e-type=\"container\">\n\t\t\t\t\t<div class=\"e-con-inner\">\n\t\t\t\t<div class=\"elementor-element elementor-element-188924d elementor-grid-tablet-3 animated-slow elementor-grid-3 elementor-grid-mobile-1 elementor-posts--thumbnail-top elementor-invisible elementor-widget elementor-widget-posts\" data-id=\"188924d\" data-element_type=\"widget\" data-e-type=\"widget\" data-settings=\"{&quot;classic_columns_tablet&quot;:&quot;3&quot;,&quot;_animation&quot;:&quot;fadeInUp&quot;,&quot;pagination_type&quot;:&quot;numbers&quot;,&quot;classic_columns&quot;:&quot;3&quot;,&quot;classic_columns_mobile&quot;:&quot;1&quot;,&quot;classic_row_gap&quot;:{&quot;unit&quot;:&quot;px&quot;,&quot;size&quot;:35,&quot;sizes&quot;:[]},&quot;classic_row_gap_tablet&quot;:{&quot;unit&quot;:&quot;px&quot;,&quot;size&quot;:&quot;&quot;,&quot;sizes&quot;:[]},&quot;classic_row_gap_mobile&quot;:{&quot;unit&quot;:&quot;px&quot;,&quot;size&quot;:&quot;&quot;,&quot;sizes&quot;:[]}}\" data-widget_type=\"posts.classic\">\n\t\t\t\t<div class=\"elementor-widget-container\">\n\t\t\t\t\t\t\t<div class=\"elementor-posts-container elementor-posts elementor-posts--skin-classic elementor-grid\" role=\"list\">\n\t\t\t\t<article class=\"elementor-post elementor-grid-item post-3304 post type-post status-publish format-standard has-post-thumbnail hentry category-chua-phan-loai\" role=\"listitem\">\n\t\t\t\t<a class=\"elementor-post__thumbnail__link\" href=\"https:\/\/phumyhung.vn\/the-sculptura\/thi-truong-bat-dong-san-tp-ho-chi-minh-day-song-boi-loat-du-an-cua-phu-my-hung\/\" tabindex=\"-1\" >\n\t\t\t<div class=\"elementor-post__thumbnail\"><img fetchpriority=\"high\" decoding=\"async\" width=\"768\" height=\"511\" src=\"https:\/\/phumyhung.vn\/the-sculptura\/wp-content\/uploads\/2025\/11\/Sculptura091125-768x511.jpg\" class=\"attachment-medium_large size-medium_large wp-image-3305\" alt=\"\" srcset=\"https:\/\/phumyhung.vn\/the-sculptura\/wp-content\/uploads\/2025\/11\/Sculptura091125-768x511.jpg 768w, https:\/\/phumyhung.vn\/the-sculptura\/wp-content\/uploads\/2025\/11\/Sculptura091125-300x200.jpg 300w, https:\/\/phumyhung.vn\/the-sculptura\/wp-content\/uploads\/2025\/11\/Sculptura091125-1024x682.jpg 1024w, https:\/\/phumyhung.vn\/the-sculptura\/wp-content\/uploads\/2025\/11\/Sculptura091125-1536x1022.jpg 1536w, https:\/\/phumyhung.vn\/the-sculptura\/wp-content\/uploads\/2025\/11\/Sculptura091125.jpg 1600w\" sizes=\"(max-width: 768px) 100vw, 768px\" \/><\/div>\n\t\t<\/a>\n\t\t\t\t<div class=\"elementor-post__text\">\n\t\t\t\t<h3 class=\"elementor-post__title\">\n\t\t\t<a href=\"https:\/\/phumyhung.vn\/the-sculptura\/thi-truong-bat-dong-san-tp-ho-chi-minh-day-song-boi-loat-du-an-cua-phu-my-hung\/\" >\n\t\t\t\tTh\u1ecb tr\u01b0\u1eddng b\u1ea5t \u0111\u1ed9ng s\u1ea3n TP H\u1ed3 Ch\u00ed Minh \u2018d\u1eady s\u00f3ng\u2019 b\u1edfi lo\u1ea1t d\u1ef1 \u00e1n c\u1ee7a Ph\u00fa M\u1ef9 H\u01b0ng\t\t\t<\/a>\n\t\t<\/h3>\n\t\t\t\t<\/div>\n\t\t\t\t<\/article>\n\t\t\t\t<article class=\"elementor-post elementor-grid-item post-3299 post type-post status-publish format-standard has-post-thumbnail hentry category-chua-phan-loai\" role=\"listitem\">\n\t\t\t\t<a class=\"elementor-post__thumbnail__link\" href=\"https:\/\/phumyhung.vn\/the-sculptura\/the-sculptura-het-gio-hang-trong-mot-gio-mo-ban\/\" tabindex=\"-1\" >\n\t\t\t<div class=\"elementor-post__thumbnail\"><img decoding=\"async\" width=\"768\" height=\"511\" src=\"https:\/\/phumyhung.vn\/the-sculptura\/wp-content\/uploads\/2025\/11\/The-Sculptura-het-gio-hang-trong-mot-gio-mo-ban-768x511.webp\" class=\"attachment-medium_large size-medium_large wp-image-3300\" alt=\"The Sculptura h\u1ebft gi\u1ecf h\u00e0ng trong m\u1ed9t gi\u1edd m\u1edf b\u00e1n\" srcset=\"https:\/\/phumyhung.vn\/the-sculptura\/wp-content\/uploads\/2025\/11\/The-Sculptura-het-gio-hang-trong-mot-gio-mo-ban-768x511.webp 768w, https:\/\/phumyhung.vn\/the-sculptura\/wp-content\/uploads\/2025\/11\/The-Sculptura-het-gio-hang-trong-mot-gio-mo-ban-300x200.webp 300w, https:\/\/phumyhung.vn\/the-sculptura\/wp-content\/uploads\/2025\/11\/The-Sculptura-het-gio-hang-trong-mot-gio-mo-ban.webp 1020w\" sizes=\"(max-width: 768px) 100vw, 768px\" \/><\/div>\n\t\t<\/a>\n\t\t\t\t<div class=\"elementor-post__text\">\n\t\t\t\t<h3 class=\"elementor-post__title\">\n\t\t\t<a href=\"https:\/\/phumyhung.vn\/the-sculptura\/the-sculptura-het-gio-hang-trong-mot-gio-mo-ban\/\" >\n\t\t\t\tThe Sculptura h\u1ebft gi\u1ecf h\u00e0ng trong m\u1ed9t gi\u1edd m\u1edf b\u00e1n\t\t\t<\/a>\n\t\t<\/h3>\n\t\t\t\t<\/div>\n\t\t\t\t<\/article>\n\t\t\t\t<article class=\"elementor-post elementor-grid-item post-3287 post type-post status-publish format-standard has-post-thumbnail hentry category-chua-phan-loai\" role=\"listitem\">\n\t\t\t\t<a class=\"elementor-post__thumbnail__link\" href=\"https:\/\/phumyhung.vn\/the-sculptura\/phu-my-hung-tam-diem-bat-dong-san-tp-hcm-quy-4-2025\/\" tabindex=\"-1\" >\n\t\t\t<div class=\"elementor-post__thumbnail\"><img decoding=\"async\" width=\"768\" height=\"468\" src=\"https:\/\/phumyhung.vn\/the-sculptura\/wp-content\/uploads\/2025\/11\/1-768x468.jpg\" class=\"attachment-medium_large size-medium_large wp-image-3288\" alt=\"\" srcset=\"https:\/\/phumyhung.vn\/the-sculptura\/wp-content\/uploads\/2025\/11\/1-768x468.jpg 768w, https:\/\/phumyhung.vn\/the-sculptura\/wp-content\/uploads\/2025\/11\/1-300x183.jpg 300w, https:\/\/phumyhung.vn\/the-sculptura\/wp-content\/uploads\/2025\/11\/1-1024x624.jpg 1024w, https:\/\/phumyhung.vn\/the-sculptura\/wp-content\/uploads\/2025\/11\/1.jpg 1100w\" sizes=\"(max-width: 768px) 100vw, 768px\" \/><\/div>\n\t\t<\/a>\n\t\t\t\t<div class=\"elementor-post__text\">\n\t\t\t\t<h3 class=\"elementor-post__title\">\n\t\t\t<a href=\"https:\/\/phumyhung.vn\/the-sculptura\/phu-my-hung-tam-diem-bat-dong-san-tp-hcm-quy-4-2025\/\" >\n\t\t\t\tPh\u00fa M\u1ef9 H\u01b0ng &#8211; T\u00e2m \u0111i\u1ec3m b\u1ea5t \u0111\u1ed9ng s\u1ea3n TP.HCM qu\u00fd 4-2025\t\t\t<\/a>\n\t\t<\/h3>\n\t\t\t\t<\/div>\n\t\t\t\t<\/article>\n\t\t\t\t<article class=\"elementor-post elementor-grid-item post-3273 post type-post status-publish format-standard has-post-thumbnail hentry category-chua-phan-loai\" role=\"listitem\">\n\t\t\t\t<a class=\"elementor-post__thumbnail__link\" href=\"https:\/\/phumyhung.vn\/the-sculptura\/phu-my-hung-cong-bo-thong-tin-mo-ban-du-an-the-sculptura\/\" tabindex=\"-1\" >\n\t\t\t<div class=\"elementor-post__thumbnail\"><img loading=\"lazy\" decoding=\"async\" width=\"768\" height=\"432\" src=\"https:\/\/phumyhung.vn\/the-sculptura\/wp-content\/uploads\/2025\/11\/Web_16x9@3x-8-768x432.png\" class=\"attachment-medium_large size-medium_large wp-image-3286\" alt=\"\" srcset=\"https:\/\/phumyhung.vn\/the-sculptura\/wp-content\/uploads\/2025\/11\/Web_16x9@3x-8-768x432.png 768w, https:\/\/phumyhung.vn\/the-sculptura\/wp-content\/uploads\/2025\/11\/Web_16x9@3x-8-300x169.png 300w, https:\/\/phumyhung.vn\/the-sculptura\/wp-content\/uploads\/2025\/11\/Web_16x9@3x-8-1024x576.png 1024w, https:\/\/phumyhung.vn\/the-sculptura\/wp-content\/uploads\/2025\/11\/Web_16x9@3x-8.png 1362w\" sizes=\"(max-width: 768px) 100vw, 768px\" \/><\/div>\n\t\t<\/a>\n\t\t\t\t<div class=\"elementor-post__text\">\n\t\t\t\t<h3 class=\"elementor-post__title\">\n\t\t\t<a href=\"https:\/\/phumyhung.vn\/the-sculptura\/phu-my-hung-cong-bo-thong-tin-mo-ban-du-an-the-sculptura\/\" >\n\t\t\t\tPh\u00fa M\u1ef9 H\u01b0ng c\u00f4ng b\u1ed1 th\u00f4ng tin m\u1edf b\u00e1n d\u1ef1 \u00e1n The Sculptura\t\t\t<\/a>\n\t\t<\/h3>\n\t\t\t\t<\/div>\n\t\t\t\t<\/article>\n\t\t\t\t<article class=\"elementor-post elementor-grid-item post-3219 post type-post status-publish format-standard has-post-thumbnail hentry category-uncategorized-en\" role=\"listitem\">\n\t\t\t\t<a class=\"elementor-post__thumbnail__link\" href=\"https:\/\/phumyhung.vn\/the-sculptura\/en\/new-project-the-sculptura-to-be-developed-in-phu-my-hung\/\" tabindex=\"-1\" >\n\t\t\t<div class=\"elementor-post__thumbnail\"><img loading=\"lazy\" decoding=\"async\" width=\"768\" height=\"432\" src=\"https:\/\/phumyhung.vn\/the-sculptura\/wp-content\/uploads\/2025\/10\/ra-mat-du-an-the-sculptura-4-768x432.jpg\" class=\"attachment-medium_large size-medium_large wp-image-2946\" alt=\"New project The Sculptura to be developed in Ph\u00fa M\u1ef9 H\u01b0ng\" srcset=\"https:\/\/phumyhung.vn\/the-sculptura\/wp-content\/uploads\/2025\/10\/ra-mat-du-an-the-sculptura-4-768x432.jpg 768w, https:\/\/phumyhung.vn\/the-sculptura\/wp-content\/uploads\/2025\/10\/ra-mat-du-an-the-sculptura-4-300x169.jpg 300w, https:\/\/phumyhung.vn\/the-sculptura\/wp-content\/uploads\/2025\/10\/ra-mat-du-an-the-sculptura-4-1024x576.jpg 1024w, https:\/\/phumyhung.vn\/the-sculptura\/wp-content\/uploads\/2025\/10\/ra-mat-du-an-the-sculptura-4.jpg 1248w\" sizes=\"(max-width: 768px) 100vw, 768px\" \/><\/div>\n\t\t<\/a>\n\t\t\t\t<div class=\"elementor-post__text\">\n\t\t\t\t<h3 class=\"elementor-post__title\">\n\t\t\t<a href=\"https:\/\/phumyhung.vn\/the-sculptura\/en\/new-project-the-sculptura-to-be-developed-in-phu-my-hung\/\" >\n\t\t\t\tNew project The Sculptura to be developed in Ph\u00fa M\u1ef9 H\u01b0ng\t\t\t<\/a>\n\t\t<\/h3>\n\t\t\t\t<\/div>\n\t\t\t\t<\/article>\n\t\t\t\t<article class=\"elementor-post elementor-grid-item post-3226 post type-post status-publish format-standard has-post-thumbnail hentry category-uncategorized-en\" role=\"listitem\">\n\t\t\t\t<a class=\"elementor-post__thumbnail__link\" href=\"https:\/\/phumyhung.vn\/the-sculptura\/en\/10-reasons-to-own-phu-my-hung-the-sculptura\/\" tabindex=\"-1\" >\n\t\t\t<div class=\"elementor-post__thumbnail\"><img loading=\"lazy\" decoding=\"async\" width=\"768\" height=\"432\" src=\"https:\/\/phumyhung.vn\/the-sculptura\/wp-content\/uploads\/2025\/10\/10-REASONS-TO-OWN-Phu-My-Hung-THE-SCULPTURA-cover-1-768x432.webp\" class=\"attachment-medium_large size-medium_large wp-image-3245\" alt=\"10 REASONS TO OWN Phu My Hung THE SCULPTURA cover\" srcset=\"https:\/\/phumyhung.vn\/the-sculptura\/wp-content\/uploads\/2025\/10\/10-REASONS-TO-OWN-Phu-My-Hung-THE-SCULPTURA-cover-1-768x432.webp 768w, https:\/\/phumyhung.vn\/the-sculptura\/wp-content\/uploads\/2025\/10\/10-REASONS-TO-OWN-Phu-My-Hung-THE-SCULPTURA-cover-1-300x169.webp 300w, https:\/\/phumyhung.vn\/the-sculptura\/wp-content\/uploads\/2025\/10\/10-REASONS-TO-OWN-Phu-My-Hung-THE-SCULPTURA-cover-1-1024x576.webp 1024w, https:\/\/phumyhung.vn\/the-sculptura\/wp-content\/uploads\/2025\/10\/10-REASONS-TO-OWN-Phu-My-Hung-THE-SCULPTURA-cover-1-1536x864.webp 1536w, https:\/\/phumyhung.vn\/the-sculptura\/wp-content\/uploads\/2025\/10\/10-REASONS-TO-OWN-Phu-My-Hung-THE-SCULPTURA-cover-1.webp 1992w\" sizes=\"(max-width: 768px) 100vw, 768px\" \/><\/div>\n\t\t<\/a>\n\t\t\t\t<div class=\"elementor-post__text\">\n\t\t\t\t<h3 class=\"elementor-post__title\">\n\t\t\t<a href=\"https:\/\/phumyhung.vn\/the-sculptura\/en\/10-reasons-to-own-phu-my-hung-the-sculptura\/\" >\n\t\t\t\t10 reasons to own Phu My Hung The Sculptura\t\t\t<\/a>\n\t\t<\/h3>\n\t\t\t\t<\/div>\n\t\t\t\t<\/article>\n\t\t\t\t<article class=\"elementor-post elementor-grid-item post-3156 post type-post status-publish format-standard has-post-thumbnail hentry category-chua-phan-loai\" role=\"listitem\">\n\t\t\t\t<a class=\"elementor-post__thumbnail__link\" href=\"https:\/\/phumyhung.vn\/the-sculptura\/10-ly-do-khong-the-bo-lo-phu-my-hung-the-sculptura\/\" tabindex=\"-1\" >\n\t\t\t<div class=\"elementor-post__thumbnail\"><img loading=\"lazy\" decoding=\"async\" width=\"768\" height=\"432\" src=\"https:\/\/phumyhung.vn\/the-sculptura\/wp-content\/uploads\/2025\/10\/10-Ly-do-khong-the-bo-lo-Phu-My-Hung-The-Sculptura-cover-1-768x432.webp\" class=\"attachment-medium_large size-medium_large wp-image-3247\" alt=\"\" srcset=\"https:\/\/phumyhung.vn\/the-sculptura\/wp-content\/uploads\/2025\/10\/10-Ly-do-khong-the-bo-lo-Phu-My-Hung-The-Sculptura-cover-1-768x432.webp 768w, https:\/\/phumyhung.vn\/the-sculptura\/wp-content\/uploads\/2025\/10\/10-Ly-do-khong-the-bo-lo-Phu-My-Hung-The-Sculptura-cover-1-300x169.webp 300w, https:\/\/phumyhung.vn\/the-sculptura\/wp-content\/uploads\/2025\/10\/10-Ly-do-khong-the-bo-lo-Phu-My-Hung-The-Sculptura-cover-1-1024x576.webp 1024w, https:\/\/phumyhung.vn\/the-sculptura\/wp-content\/uploads\/2025\/10\/10-Ly-do-khong-the-bo-lo-Phu-My-Hung-The-Sculptura-cover-1-1536x864.webp 1536w, https:\/\/phumyhung.vn\/the-sculptura\/wp-content\/uploads\/2025\/10\/10-Ly-do-khong-the-bo-lo-Phu-My-Hung-The-Sculptura-cover-1.webp 1992w\" sizes=\"(max-width: 768px) 100vw, 768px\" \/><\/div>\n\t\t<\/a>\n\t\t\t\t<div class=\"elementor-post__text\">\n\t\t\t\t<h3 class=\"elementor-post__title\">\n\t\t\t<a href=\"https:\/\/phumyhung.vn\/the-sculptura\/10-ly-do-khong-the-bo-lo-phu-my-hung-the-sculptura\/\" >\n\t\t\t\t10 L\u00fd do kh\u00f4ng th\u1ec3 b\u1ecf l\u1ee1 Ph\u00fa M\u1ef9 H\u01b0ng The Sculptura\t\t\t<\/a>\n\t\t<\/h3>\n\t\t\t\t<\/div>\n\t\t\t\t<\/article>\n\t\t\t\t<article class=\"elementor-post elementor-grid-item post-3009 post type-post status-publish format-standard has-post-thumbnail hentry category-chua-phan-loai\" role=\"listitem\">\n\t\t\t\t<a class=\"elementor-post__thumbnail__link\" href=\"https:\/\/phumyhung.vn\/the-sculptura\/hon-700-khach-hang-san-don-phu-my-hung-the-sculptura-trong-ngay-ra-mat\/\" tabindex=\"-1\" >\n\t\t\t<div class=\"elementor-post__thumbnail\"><img loading=\"lazy\" decoding=\"async\" width=\"768\" height=\"512\" src=\"https:\/\/phumyhung.vn\/the-sculptura\/wp-content\/uploads\/2025\/10\/700-khach-tham-du-su-kien-phu-my-hung-768x512.jpg\" class=\"attachment-medium_large size-medium_large wp-image-3013\" alt=\"700 khach tham du su kien phu my hung\" srcset=\"https:\/\/phumyhung.vn\/the-sculptura\/wp-content\/uploads\/2025\/10\/700-khach-tham-du-su-kien-phu-my-hung-768x512.jpg 768w, https:\/\/phumyhung.vn\/the-sculptura\/wp-content\/uploads\/2025\/10\/700-khach-tham-du-su-kien-phu-my-hung-300x200.jpg 300w, https:\/\/phumyhung.vn\/the-sculptura\/wp-content\/uploads\/2025\/10\/700-khach-tham-du-su-kien-phu-my-hung-1024x683.jpg 1024w, https:\/\/phumyhung.vn\/the-sculptura\/wp-content\/uploads\/2025\/10\/700-khach-tham-du-su-kien-phu-my-hung-1536x1024.jpg 1536w, https:\/\/phumyhung.vn\/the-sculptura\/wp-content\/uploads\/2025\/10\/700-khach-tham-du-su-kien-phu-my-hung.jpg 2048w\" sizes=\"(max-width: 768px) 100vw, 768px\" \/><\/div>\n\t\t<\/a>\n\t\t\t\t<div class=\"elementor-post__text\">\n\t\t\t\t<h3 class=\"elementor-post__title\">\n\t\t\t<a href=\"https:\/\/phumyhung.vn\/the-sculptura\/hon-700-khach-hang-san-don-phu-my-hung-the-sculptura-trong-ngay-ra-mat\/\" >\n\t\t\t\tH\u01a1n 700 kh\u00e1ch h\u00e0ng &#8220;s\u0103n \u0111\u00f3n&#8221; Ph\u00fa M\u1ef9 H\u01b0ng the sculptura trong ng\u00e0y ra m\u1eaft\t\t\t<\/a>\n\t\t<\/h3>\n\t\t\t\t<\/div>\n\t\t\t\t<\/article>\n\t\t\t\t<article class=\"elementor-post elementor-grid-item post-3101 post type-post status-publish format-standard has-post-thumbnail hentry category-uncategorized-en\" role=\"listitem\">\n\t\t\t\t<a class=\"elementor-post__thumbnail__link\" href=\"https:\/\/phumyhung.vn\/the-sculptura\/en\/phu-my-hung-unveils-limited-edition-premium-apartment-project-in-southern-hcmc\/\" tabindex=\"-1\" >\n\t\t\t<div class=\"elementor-post__thumbnail\"><img loading=\"lazy\" decoding=\"async\" width=\"768\" height=\"512\" src=\"https:\/\/phumyhung.vn\/the-sculptura\/wp-content\/uploads\/2025\/10\/image-3-768x512.png\" class=\"attachment-medium_large size-medium_large wp-image-2960\" alt=\"\" srcset=\"https:\/\/phumyhung.vn\/the-sculptura\/wp-content\/uploads\/2025\/10\/image-3-768x512.png 768w, https:\/\/phumyhung.vn\/the-sculptura\/wp-content\/uploads\/2025\/10\/image-3-300x200.png 300w, https:\/\/phumyhung.vn\/the-sculptura\/wp-content\/uploads\/2025\/10\/image-3-1024x682.png 1024w, https:\/\/phumyhung.vn\/the-sculptura\/wp-content\/uploads\/2025\/10\/image-3.png 1228w\" sizes=\"(max-width: 768px) 100vw, 768px\" \/><\/div>\n\t\t<\/a>\n\t\t\t\t<div class=\"elementor-post__text\">\n\t\t\t\t<h3 class=\"elementor-post__title\">\n\t\t\t<a href=\"https:\/\/phumyhung.vn\/the-sculptura\/en\/phu-my-hung-unveils-limited-edition-premium-apartment-project-in-southern-hcmc\/\" >\n\t\t\t\tPhu My Hung unveils limited-edition premium apartment project in southern HCMC\t\t\t<\/a>\n\t\t<\/h3>\n\t\t\t\t<\/div>\n\t\t\t\t<\/article>\n\t\t\t\t<article class=\"elementor-post elementor-grid-item post-2970 post type-post status-publish format-standard has-post-thumbnail hentry category-chua-phan-loai\" role=\"listitem\">\n\t\t\t\t<a class=\"elementor-post__thumbnail__link\" href=\"https:\/\/phumyhung.vn\/the-sculptura\/phu-my-hung-ra-mat-du-an-voi-so-luong-gioi-han-75-can\/\" tabindex=\"-1\" >\n\t\t\t<div class=\"elementor-post__thumbnail\"><img loading=\"lazy\" decoding=\"async\" width=\"768\" height=\"512\" src=\"https:\/\/phumyhung.vn\/the-sculptura\/wp-content\/uploads\/2025\/10\/image-3-768x512.png\" class=\"attachment-medium_large size-medium_large wp-image-2960\" alt=\"\" srcset=\"https:\/\/phumyhung.vn\/the-sculptura\/wp-content\/uploads\/2025\/10\/image-3-768x512.png 768w, https:\/\/phumyhung.vn\/the-sculptura\/wp-content\/uploads\/2025\/10\/image-3-300x200.png 300w, https:\/\/phumyhung.vn\/the-sculptura\/wp-content\/uploads\/2025\/10\/image-3-1024x682.png 1024w, https:\/\/phumyhung.vn\/the-sculptura\/wp-content\/uploads\/2025\/10\/image-3.png 1228w\" sizes=\"(max-width: 768px) 100vw, 768px\" \/><\/div>\n\t\t<\/a>\n\t\t\t\t<div class=\"elementor-post__text\">\n\t\t\t\t<h3 class=\"elementor-post__title\">\n\t\t\t<a href=\"https:\/\/phumyhung.vn\/the-sculptura\/phu-my-hung-ra-mat-du-an-voi-so-luong-gioi-han-75-can\/\" >\n\t\t\t\tPh\u00fa M\u1ef9 H\u01b0ng ra m\u1eaft d\u1ef1 \u00e1n v\u1edbi s\u1ed1 l\u01b0\u1ee3ng gi\u1edbi h\u1ea1n 75 c\u0103n\t\t\t<\/a>\n\t\t<\/h3>\n\t\t\t\t<\/div>\n\t\t\t\t<\/article>\n\t\t\t\t<article class=\"elementor-post elementor-grid-item post-2955 post type-post status-publish format-standard has-post-thumbnail hentry category-chua-phan-loai\" role=\"listitem\">\n\t\t\t\t<a class=\"elementor-post__thumbnail__link\" href=\"https:\/\/phumyhung.vn\/the-sculptura\/do-thi-phu-my-hung-bat-ngo-xuat-hien-75-can-ho-hang-sang-hiem-hoi\/\" tabindex=\"-1\" >\n\t\t\t<div class=\"elementor-post__thumbnail\"><img loading=\"lazy\" decoding=\"async\" width=\"768\" height=\"403\" src=\"https:\/\/phumyhung.vn\/the-sculptura\/wp-content\/uploads\/2025\/10\/ra-mat-du-an-the-sculptura-6-768x403.jpg\" class=\"attachment-medium_large size-medium_large wp-image-2956\" alt=\"\u0110\u00f4 th\u1ecb Ph\u00fa M\u1ef9 H\u01b0ng b\u1ea5t ng\u1edd xu\u1ea5t hi\u1ec7n 75 c\u0103n h\u1ed9 h\u1ea1ng sang hi\u1ebfm hoi\" srcset=\"https:\/\/phumyhung.vn\/the-sculptura\/wp-content\/uploads\/2025\/10\/ra-mat-du-an-the-sculptura-6-768x403.jpg 768w, https:\/\/phumyhung.vn\/the-sculptura\/wp-content\/uploads\/2025\/10\/ra-mat-du-an-the-sculptura-6-300x158.jpg 300w, https:\/\/phumyhung.vn\/the-sculptura\/wp-content\/uploads\/2025\/10\/ra-mat-du-an-the-sculptura-6-1024x538.jpg 1024w, https:\/\/phumyhung.vn\/the-sculptura\/wp-content\/uploads\/2025\/10\/ra-mat-du-an-the-sculptura-6.jpg 1200w\" sizes=\"(max-width: 768px) 100vw, 768px\" \/><\/div>\n\t\t<\/a>\n\t\t\t\t<div class=\"elementor-post__text\">\n\t\t\t\t<h3 class=\"elementor-post__title\">\n\t\t\t<a href=\"https:\/\/phumyhung.vn\/the-sculptura\/do-thi-phu-my-hung-bat-ngo-xuat-hien-75-can-ho-hang-sang-hiem-hoi\/\" >\n\t\t\t\t\u0110\u00f4 th\u1ecb Ph\u00fa M\u1ef9 H\u01b0ng b\u1ea5t ng\u1edd xu\u1ea5t hi\u1ec7n 75 c\u0103n h\u1ed9 h\u1ea1ng sang hi\u1ebfm hoi\t\t\t<\/a>\n\t\t<\/h3>\n\t\t\t\t<\/div>\n\t\t\t\t<\/article>\n\t\t\t\t<article class=\"elementor-post elementor-grid-item post-2942 post type-post status-publish format-standard has-post-thumbnail hentry category-chua-phan-loai\" role=\"listitem\">\n\t\t\t\t<a class=\"elementor-post__thumbnail__link\" href=\"https:\/\/phumyhung.vn\/the-sculptura\/phu-my-hung-ra-mat-du-an-can-ho-trung-tang-cao-cap-so-luong-chi-75-can\/\" tabindex=\"-1\" >\n\t\t\t<div class=\"elementor-post__thumbnail\"><img loading=\"lazy\" decoding=\"async\" width=\"768\" height=\"512\" src=\"https:\/\/phumyhung.vn\/the-sculptura\/wp-content\/uploads\/2025\/10\/ra-mat-du-an-the-sculptura-768x512.jpg\" class=\"attachment-medium_large size-medium_large wp-image-2943\" alt=\"\" srcset=\"https:\/\/phumyhung.vn\/the-sculptura\/wp-content\/uploads\/2025\/10\/ra-mat-du-an-the-sculptura-768x512.jpg 768w, https:\/\/phumyhung.vn\/the-sculptura\/wp-content\/uploads\/2025\/10\/ra-mat-du-an-the-sculptura-300x200.jpg 300w, https:\/\/phumyhung.vn\/the-sculptura\/wp-content\/uploads\/2025\/10\/ra-mat-du-an-the-sculptura-1024x682.jpg 1024w, https:\/\/phumyhung.vn\/the-sculptura\/wp-content\/uploads\/2025\/10\/ra-mat-du-an-the-sculptura.jpg 1228w\" sizes=\"(max-width: 768px) 100vw, 768px\" \/><\/div>\n\t\t<\/a>\n\t\t\t\t<div class=\"elementor-post__text\">\n\t\t\t\t<h3 class=\"elementor-post__title\">\n\t\t\t<a href=\"https:\/\/phumyhung.vn\/the-sculptura\/phu-my-hung-ra-mat-du-an-can-ho-trung-tang-cao-cap-so-luong-chi-75-can\/\" >\n\t\t\t\tPh\u00fa M\u1ef9 H\u01b0ng ra m\u1eaft d\u1ef1 \u00e1n c\u0103n h\u1ed9 trung t\u1ea7ng cao c\u1ea5p, s\u1ed1 l\u01b0\u1ee3ng ch\u1ec9 75 c\u0103n\t\t\t<\/a>\n\t\t<\/h3>\n\t\t\t\t<\/div>\n\t\t\t\t<\/article>\n\t\t\t\t<\/div>\n\t\t\n\t\t\t\t<div class=\"e-load-more-anchor\" data-page=\"1\" data-max-page=\"2\" data-next-page=\"https:\/\/phumyhung.vn\/the-sculptura\/wp-json\/wp\/v2\/pages\/2826\/page\/2\/\"><\/div>\n\t\t\t\t<nav class=\"elementor-pagination\" aria-label=\"Pagination\">\n\t\t\t<span aria-current=\"page\" class=\"page-numbers current\"><span class=\"elementor-screen-only\">Trang<\/span>1<\/span>\n<a class=\"page-numbers\" href=\"https:\/\/phumyhung.vn\/the-sculptura\/wp-json\/wp\/v2\/pages\/2826\/page\/2\/\"><span class=\"elementor-screen-only\">Trang<\/span>2<\/a>\t\t<\/nav>\n\t\t\t\t\t\t<\/div>\n\t\t\t\t<\/div>\n\t\t\t\t\t<\/div>\n\t\t\t\t<\/div>\n\t\t\t\t<\/div>\n\t\t","protected":false},"excerpt":{"rendered":"","protected":false},"author":1,"featured_media":0,"parent":0,"menu_order":0,"comment_status":"closed","ping_status":"closed","template":"","meta":{"_uag_custom_page_level_css":"","footnotes":""},"class_list":["post-2826","page","type-page","status-publish","hentry"],"uagb_featured_image_src":{"full":false,"thumbnail":false,"medium":false,"medium_large":false,"large":false,"1536x1536":false,"2048x2048":false},"uagb_author_info":{"display_name":"lienkhuong","author_link":"https:\/\/phumyhung.vn\/the-sculptura\/author\/lienkhuong\/"},"uagb_comment_info":0,"uagb_excerpt":null,"_links":{"self":[{"href":"https:\/\/phumyhung.vn\/the-sculptura\/wp-json\/wp\/v2\/pages\/2826","targetHints":{"allow":["GET"]}}],"collection":[{"href":"https:\/\/phumyhung.vn\/the-sculptura\/wp-json\/wp\/v2\/pages"}],"about":[{"href":"https:\/\/phumyhung.vn\/the-sculptura\/wp-json\/wp\/v2\/types\/page"}],"author":[{"embeddable":true,"href":"https:\/\/phumyhung.vn\/the-sculptura\/wp-json\/wp\/v2\/users\/1"}],"replies":[{"embeddable":true,"href":"https:\/\/phumyhung.vn\/the-sculptura\/wp-json\/wp\/v2\/comments?post=2826"}],"version-history":[{"count":0,"href":"https:\/\/phumyhung.vn\/the-sculptura\/wp-json\/wp\/v2\/pages\/2826\/revisions"}],"wp:attachment":[{"href":"https:\/\/phumyhung.vn\/the-sculptura\/wp-json\/wp\/v2\/media?parent=2826"}],"curies":[{"name":"wp","href":"https:\/\/api.w.org\/{rel}","templated":true}]}}