{"id":2856,"date":"2025-10-11T08:18:24","date_gmt":"2025-10-11T01:18:24","guid":{"rendered":"https:\/\/phumyhung.vn\/the-sculptura\/?page_id=2856"},"modified":"2025-10-11T11:31:27","modified_gmt":"2025-10-11T04:31:27","slug":"dang-ky-tu-van","status":"publish","type":"page","link":"https:\/\/phumyhung.vn\/the-sculptura\/dang-ky-tu-van\/","title":{"rendered":"\u0111\u0103ng k\u00fd t\u01b0 v\u1ea5n"},"content":{"rendered":"\t\t<div data-elementor-type=\"wp-page\" data-elementor-id=\"2856\" class=\"elementor elementor-2856\" data-elementor-post-type=\"page\">\n\t\t\t\t<div class=\"elementor-element elementor-element-d3d2030 e-con-full e-flex e-con e-parent\" data-id=\"d3d2030\" data-element_type=\"container\" data-e-type=\"container\" data-settings=\"{&quot;background_background&quot;:&quot;classic&quot;}\">\n\t\t<div class=\"elementor-element elementor-element-2de7a1c e-con-full e-flex e-con e-child\" data-id=\"2de7a1c\" data-element_type=\"container\" data-e-type=\"container\">\n\t\t\t\t<\/div>\n\t\t<div class=\"elementor-element elementor-element-ce858e6 e-con-full elementor-hidden-tablet elementor-hidden-mobile e-flex e-con e-child\" data-id=\"ce858e6\" data-element_type=\"container\" data-e-type=\"container\">\n\t\t<div class=\"elementor-element elementor-element-7a701d3 e-con-full animated-slow e-flex elementor-invisible e-con e-child\" data-id=\"7a701d3\" data-element_type=\"container\" data-e-type=\"container\" data-settings=\"{&quot;animation&quot;:&quot;fadeInDown&quot;}\">\n\t\t\t\t<div class=\"elementor-element elementor-element-4dfe17f elementor-widget elementor-widget-image\" data-id=\"4dfe17f\" data-element_type=\"widget\" data-e-type=\"widget\" data-widget_type=\"image.default\">\n\t\t\t\t\t\t\t\t\t\t\t\t\t\t\t\t<a href=\"https:\/\/phumyhung.vn\/the-sculptura\">\n\t\t\t\t\t\t\t<img fetchpriority=\"high\" decoding=\"async\" width=\"300\" height=\"191\" src=\"https:\/\/phumyhung.vn\/the-sculptura\/wp-content\/uploads\/2025\/09\/logo-dong.png\" class=\"attachment-full size-full wp-image-280\" alt=\"\" \/>\t\t\t\t\t\t\t\t<\/a>\n\t\t\t\t\t\t\t\t\t\t\t\t\t\t\t<\/div>\n\t\t\t\t<div class=\"elementor-element elementor-element-a6620b2 elementor-widget elementor-widget-heading\" data-id=\"a6620b2\" data-element_type=\"widget\" data-e-type=\"widget\" data-widget_type=\"heading.default\">\n\t\t\t\t\t<h2 class=\"elementor-heading-title elementor-size-default\">BI\u1ec2U T\u01af\u1ee2NG TH\u1ecaNH V\u01af\u1ee2NG<\/h2>\t\t\t\t<\/div>\n\t\t\t\t<div class=\"elementor-element elementor-element-77b9a13 elementor-widget elementor-widget-heading\" data-id=\"77b9a13\" data-element_type=\"widget\" data-e-type=\"widget\" data-widget_type=\"heading.default\">\n\t\t\t\t\t<h2 class=\"elementor-heading-title elementor-size-default\"> TR\u01af\u1edcNG T\u1ed2N V\u1eca TH\u1ebe<\/h2>\t\t\t\t<\/div>\n\t\t\t\t<div class=\"elementor-element elementor-element-d8dc1e1 elementor-widget elementor-widget-text-editor\" data-id=\"d8dc1e1\" data-element_type=\"widget\" data-e-type=\"widget\" data-widget_type=\"text-editor.default\">\n\t\t\t\t\t\t\t\t\t<p>Qu\u00fd kh\u00e1ch vui l\u00f2ng \u0111\u1ec3 l\u1ea1i th\u00f4ng tin \u0111\u1ec3 \u0111\u01b0\u1ee3c chuy\u00ean vi\u00ean kinh doanh c\u1ee7a Ph\u00fa M\u1ef9 H\u01b0ng t\u01b0 v\u1ea5n tr\u1ef1c ti\u1ebfp<\/p>\t\t\t\t\t\t\t\t<\/div>\n\t\t\t\t<div class=\"elementor-element elementor-element-b234143 elementor-widget elementor-widget-heading\" data-id=\"b234143\" data-element_type=\"widget\" data-e-type=\"widget\" data-widget_type=\"heading.default\">\n\t\t\t\t\t<h2 class=\"elementor-heading-title elementor-size-default\">\u0110\u0102NG K\u00dd T\u00ccM HI\u1ec2U NGAY<\/h2>\t\t\t\t<\/div>\n\t\t\t\t<div class=\"elementor-element elementor-element-a059019 premium-cf-anim-yes premium-cf-anim-middle-yes premium-cf7-button-align-center elementor-widget elementor-widget-premium-contact-form\" data-id=\"a059019\" data-element_type=\"widget\" data-e-type=\"widget\" data-widget_type=\"premium-contact-form.default\">\n\t\t\t\t\t\n\t\t\t\n\t\t\t<div class=\"premium-cf7-container\" data-settings=\"{&quot;fields_glass&quot;:&quot;none&quot;,&quot;submit_glass&quot;:&quot;none&quot;}\">\n\t\t\t\t\n<div class=\"wpcf7 no-js\" id=\"wpcf7-f13-o1\" lang=\"en-US\" dir=\"ltr\" data-wpcf7-id=\"13\">\n<div class=\"screen-reader-response\"><p role=\"status\" aria-live=\"polite\" aria-atomic=\"true\"><\/p> <ul><\/ul><\/div>\n<form action=\"\/the-sculptura\/wp-json\/wp\/v2\/pages\/2856#wpcf7-f13-o1\" method=\"post\" class=\"wpcf7-form init\" aria-label=\"Contact form\" novalidate=\"novalidate\" data-status=\"init\">\n<fieldset class=\"hidden-fields-container\"><input type=\"hidden\" name=\"_wpcf7\" value=\"13\" \/><input type=\"hidden\" name=\"_wpcf7_version\" value=\"6.1.6\" \/><input type=\"hidden\" name=\"_wpcf7_locale\" value=\"en_US\" \/><input type=\"hidden\" name=\"_wpcf7_unit_tag\" value=\"wpcf7-f13-o1\" \/><input type=\"hidden\" name=\"_wpcf7_container_post\" value=\"0\" \/><input type=\"hidden\" name=\"_wpcf7_posted_data_hash\" value=\"\" \/>\n<\/fieldset>\n<div class=\"form-grid\">\n\t<div class=\"form-group full-width\">\n\t\t<p><span class=\"wpcf7-form-control-wrap\" data-name=\"your-name\"><input size=\"40\" maxlength=\"400\" class=\"wpcf7-form-control wpcf7-text wpcf7-validates-as-required\" autocomplete=\"name\" aria-required=\"true\" aria-invalid=\"false\" placeholder=\"H\u1ecd t\u00ean\" value=\"\" type=\"text\" name=\"your-name\" \/><\/span>\n\t\t<\/p>\n\t<\/div>\n\t<div class=\"form-group half-width\">\n\t\t<p><span class=\"wpcf7-form-control-wrap\" data-name=\"your-email\"><input size=\"40\" maxlength=\"400\" class=\"wpcf7-form-control wpcf7-email wpcf7-validates-as-required wpcf7-text wpcf7-validates-as-email\" autocomplete=\"email\" aria-required=\"true\" aria-invalid=\"false\" placeholder=\"Email\" value=\"\" type=\"email\" name=\"your-email\" \/><\/span>\n\t\t<\/p>\n\t<\/div>\n\t<div class=\"form-group half-width\">\n\t\t<p><span class=\"wpcf7-form-control-wrap\" data-name=\"your-mobile\"><input size=\"40\" maxlength=\"400\" class=\"wpcf7-form-control wpcf7-tel wpcf7-validates-as-required wpcf7-text wpcf7-validates-as-tel\" autocomplete=\"tel\" aria-required=\"true\" aria-invalid=\"false\" placeholder=\"\u0110i\u1ec7n tho\u1ea1i\" value=\"\" type=\"tel\" name=\"your-mobile\" \/><\/span>\n\t\t<\/p>\n\t<\/div>\n\t<p><span id=\"wpcf7-6a07500c33cc7-wrapper\" class=\"wpcf7-form-control-wrap confirm-email-wrap\" ><input type=\"hidden\" name=\"confirm-email-random-hash\" value=\"83033229\"><label\n\t\t    for=\"wpcf7-6a07500c33cc7-field\"\n\t\t    class=\"hp-message\"\n        >Please leave this field empty.<\/label><input\n\t    id=\"wpcf7-6a07500c33cc7-field\"\n\t    \n\t    class=\"wpcf7-form-control wpcf7-text\"\n\t    type=\"text\"\n\t    name=\"mx9u5qzcwgir\"\n\t    value=\"\"\n\t    size=\"40\"\n\t    autocomplete=\"new-password\"\n\t    tabindex=\"1000\"\n    \/><\/span>\n\t<\/p>\n\t<div class=\"form-group full-width\">\n\t\t<p><input class=\"wpcf7-form-control wpcf7-submit has-spinner\" type=\"submit\" value=\"\u0110\u0102NG K\u00dd\" \/>\n\t\t<\/p>\n\t<\/div>\n<\/div>\n<input class=\"wpcf7-form-control wpcf7-hidden\" id=\"utm_source\" value=\"\" type=\"hidden\" name=\"utm_source\" \/>\n<input class=\"wpcf7-form-control wpcf7-hidden\" id=\"utm_medium\" value=\"\" type=\"hidden\" name=\"utm_medium\" \/>\n<input class=\"wpcf7-form-control wpcf7-hidden\" id=\"utm_campaign\" value=\"\" type=\"hidden\" name=\"utm_campaign\" \/>\n<input class=\"wpcf7-form-control wpcf7-hidden\" id=\"utm_content\" value=\"\" type=\"hidden\" name=\"utm_content\" \/><div class=\"wpcf7-response-output\" aria-hidden=\"true\"><\/div>\n<\/form>\n<\/div>\n\t\t\t<\/div>\n\n\t\t\t\t\t\t\t<\/div>\n\t\t\t\t<\/div>\n\t\t\t\t<\/div>\n\t\t\t\t<\/div>\n\t\t<div class=\"elementor-element elementor-element-00c277c elementor-hidden-desktop e-flex e-con-boxed e-con e-parent\" data-id=\"00c277c\" data-element_type=\"container\" data-e-type=\"container\">\n\t\t\t\t\t<div class=\"e-con-inner\">\n\t\t<div class=\"elementor-element elementor-element-8f2b69d e-con-full animated-slow e-flex elementor-invisible e-con e-child\" data-id=\"8f2b69d\" data-element_type=\"container\" data-e-type=\"container\" data-settings=\"{&quot;animation&quot;:&quot;fadeInUp&quot;}\">\n\t\t\t\t<div class=\"elementor-element elementor-element-d2da72b elementor-widget elementor-widget-image\" data-id=\"d2da72b\" data-element_type=\"widget\" data-e-type=\"widget\" data-widget_type=\"image.default\">\n\t\t\t\t\t\t\t\t\t\t\t\t\t\t\t\t<a href=\"https:\/\/phumyhung.vn\/the-sculptura\">\n\t\t\t\t\t\t\t<img decoding=\"async\" width=\"300\" height=\"191\" src=\"https:\/\/phumyhung.vn\/the-sculptura\/wp-content\/uploads\/2025\/09\/logo-dong.png\" class=\"attachment-large size-large wp-image-280\" alt=\"\" \/>\t\t\t\t\t\t\t\t<\/a>\n\t\t\t\t\t\t\t\t\t\t\t\t\t\t\t<\/div>\n\t\t\t\t<div class=\"elementor-element elementor-element-7dfa104 elementor-widget elementor-widget-heading\" data-id=\"7dfa104\" data-element_type=\"widget\" data-e-type=\"widget\" data-widget_type=\"heading.default\">\n\t\t\t\t\t<h2 class=\"elementor-heading-title elementor-size-default\">BI\u1ec2U T\u01af\u1ee2NG TH\u1ecaNH V\u01af\u1ee2NG<\/h2>\t\t\t\t<\/div>\n\t\t\t\t<div class=\"elementor-element elementor-element-f85324a elementor-widget elementor-widget-heading\" data-id=\"f85324a\" data-element_type=\"widget\" data-e-type=\"widget\" data-widget_type=\"heading.default\">\n\t\t\t\t\t<h2 class=\"elementor-heading-title elementor-size-default\"> TR\u01af\u1edcNG T\u1ed2N V\u1eca TH\u1ebe<\/h2>\t\t\t\t<\/div>\n\t\t\t\t<div class=\"elementor-element elementor-element-5a47e7b elementor-widget elementor-widget-text-editor\" data-id=\"5a47e7b\" data-element_type=\"widget\" data-e-type=\"widget\" data-widget_type=\"text-editor.default\">\n\t\t\t\t\t\t\t\t\t<p>Qu\u00fd kh\u00e1ch vui l\u00f2ng \u0111\u1ec3 l\u1ea1i th\u00f4ng tin \u0111\u1ec3 \u0111\u01b0\u1ee3c chuy\u00ean vi\u00ean kinh doanh c\u1ee7a Ph\u00fa M\u1ef9 H\u01b0ng t\u01b0 v\u1ea5n tr\u1ef1c ti\u1ebfp<\/p>\t\t\t\t\t\t\t\t<\/div>\n\t\t\t\t<div class=\"elementor-element elementor-element-535f2de elementor-widget elementor-widget-heading\" data-id=\"535f2de\" data-element_type=\"widget\" data-e-type=\"widget\" data-widget_type=\"heading.default\">\n\t\t\t\t\t<h2 class=\"elementor-heading-title elementor-size-default\">\u0110\u0102NG K\u00dd T\u00ccM HI\u1ec2U NGAY<\/h2>\t\t\t\t<\/div>\n\t\t\t\t<div class=\"elementor-element elementor-element-20e9745 premium-cf-anim-yes premium-cf-anim-middle-yes premium-cf7-button-align-center elementor-widget elementor-widget-premium-contact-form\" data-id=\"20e9745\" data-element_type=\"widget\" data-e-type=\"widget\" data-widget_type=\"premium-contact-form.default\">\n\t\t\t\t\t\n\t\t\t\n\t\t\t<div class=\"premium-cf7-container\" data-settings=\"{&quot;fields_glass&quot;:&quot;none&quot;,&quot;submit_glass&quot;:&quot;none&quot;}\">\n\t\t\t\t\n<div class=\"wpcf7 no-js\" id=\"wpcf7-f13-o2\" lang=\"en-US\" dir=\"ltr\" data-wpcf7-id=\"13\">\n<div class=\"screen-reader-response\"><p role=\"status\" aria-live=\"polite\" aria-atomic=\"true\"><\/p> <ul><\/ul><\/div>\n<form action=\"\/the-sculptura\/wp-json\/wp\/v2\/pages\/2856#wpcf7-f13-o2\" method=\"post\" class=\"wpcf7-form init\" aria-label=\"Contact form\" novalidate=\"novalidate\" data-status=\"init\">\n<fieldset class=\"hidden-fields-container\"><input type=\"hidden\" name=\"_wpcf7\" value=\"13\" \/><input type=\"hidden\" name=\"_wpcf7_version\" value=\"6.1.6\" \/><input type=\"hidden\" name=\"_wpcf7_locale\" value=\"en_US\" \/><input type=\"hidden\" name=\"_wpcf7_unit_tag\" value=\"wpcf7-f13-o2\" \/><input type=\"hidden\" name=\"_wpcf7_container_post\" value=\"0\" \/><input type=\"hidden\" name=\"_wpcf7_posted_data_hash\" value=\"\" \/>\n<\/fieldset>\n<div class=\"form-grid\">\n\t<div class=\"form-group full-width\">\n\t\t<p><span class=\"wpcf7-form-control-wrap\" data-name=\"your-name\"><input size=\"40\" maxlength=\"400\" class=\"wpcf7-form-control wpcf7-text wpcf7-validates-as-required\" autocomplete=\"name\" aria-required=\"true\" aria-invalid=\"false\" placeholder=\"H\u1ecd t\u00ean\" value=\"\" type=\"text\" name=\"your-name\" \/><\/span>\n\t\t<\/p>\n\t<\/div>\n\t<div class=\"form-group half-width\">\n\t\t<p><span class=\"wpcf7-form-control-wrap\" data-name=\"your-email\"><input size=\"40\" maxlength=\"400\" class=\"wpcf7-form-control wpcf7-email wpcf7-validates-as-required wpcf7-text wpcf7-validates-as-email\" autocomplete=\"email\" aria-required=\"true\" aria-invalid=\"false\" placeholder=\"Email\" value=\"\" type=\"email\" name=\"your-email\" \/><\/span>\n\t\t<\/p>\n\t<\/div>\n\t<div class=\"form-group half-width\">\n\t\t<p><span class=\"wpcf7-form-control-wrap\" data-name=\"your-mobile\"><input size=\"40\" maxlength=\"400\" class=\"wpcf7-form-control wpcf7-tel wpcf7-validates-as-required wpcf7-text wpcf7-validates-as-tel\" autocomplete=\"tel\" aria-required=\"true\" aria-invalid=\"false\" placeholder=\"\u0110i\u1ec7n tho\u1ea1i\" value=\"\" type=\"tel\" name=\"your-mobile\" \/><\/span>\n\t\t<\/p>\n\t<\/div>\n\t<p><span id=\"wpcf7-6a07500c374ad-wrapper\" class=\"wpcf7-form-control-wrap confirm-email-wrap\" ><input type=\"hidden\" name=\"confirm-email-random-hash\" value=\"87026183\"><label\n\t\t    for=\"wpcf7-6a07500c374ad-field\"\n\t\t    class=\"hp-message\"\n        >Please leave this field empty.<\/label><input\n\t    id=\"wpcf7-6a07500c374ad-field\"\n\t    \n\t    class=\"wpcf7-form-control wpcf7-text\"\n\t    type=\"text\"\n\t    name=\"a8pawd1cjzrq\"\n\t    value=\"\"\n\t    size=\"40\"\n\t    autocomplete=\"new-password\"\n\t    tabindex=\"1000\"\n    \/><\/span>\n\t<\/p>\n\t<div class=\"form-group full-width\">\n\t\t<p><input class=\"wpcf7-form-control wpcf7-submit has-spinner\" type=\"submit\" value=\"\u0110\u0102NG K\u00dd\" \/>\n\t\t<\/p>\n\t<\/div>\n<\/div>\n<input class=\"wpcf7-form-control wpcf7-hidden\" value=\"\" type=\"hidden\" name=\"utm_source\" \/>\n<input class=\"wpcf7-form-control wpcf7-hidden\" value=\"\" type=\"hidden\" name=\"utm_medium\" \/>\n<input class=\"wpcf7-form-control wpcf7-hidden\" value=\"\" type=\"hidden\" name=\"utm_campaign\" \/>\n<input class=\"wpcf7-form-control wpcf7-hidden\" value=\"\" type=\"hidden\" name=\"utm_content\" \/><div class=\"wpcf7-response-output\" aria-hidden=\"true\"><\/div>\n<\/form>\n<\/div>\n\t\t\t<\/div>\n\n\t\t\t\t\t\t\t<\/div>\n\t\t\t\t<\/div>\n\t\t\t\t\t<\/div>\n\t\t\t\t<\/div>\n\t\t\t\t<\/div>\n\t\t","protected":false},"excerpt":{"rendered":"<p>BI\u1ec2U T\u01af\u1ee2NG TH\u1ecaNH V\u01af\u1ee2NG TR\u01af\u1edcNG T\u1ed2N V\u1eca TH\u1ebe Qu\u00fd kh\u00e1ch vui l\u00f2ng \u0111\u1ec3 l\u1ea1i th\u00f4ng tin \u0111\u1ec3 \u0111\u01b0\u1ee3c chuy\u00ean vi\u00ean kinh doanh c\u1ee7a Ph\u00fa M\u1ef9 H\u01b0ng t\u01b0 v\u1ea5n tr\u1ef1c ti\u1ebfp \u0110\u0102NG K\u00dd T\u00ccM HI\u1ec2U NGAY BI\u1ec2U T\u01af\u1ee2NG TH\u1ecaNH V\u01af\u1ee2NG TR\u01af\u1edcNG T\u1ed2N V\u1eca TH\u1ebe Qu\u00fd kh\u00e1ch vui l\u00f2ng \u0111\u1ec3 l\u1ea1i th\u00f4ng tin \u0111\u1ec3 \u0111\u01b0\u1ee3c chuy\u00ean vi\u00ean [&hellip;]<\/p>\n","protected":false},"author":1,"featured_media":0,"parent":0,"menu_order":0,"comment_status":"closed","ping_status":"closed","template":"","meta":{"_uag_custom_page_level_css":"","footnotes":""},"class_list":["post-2856","page","type-page","status-publish","hentry"],"uagb_featured_image_src":{"full":false,"thumbnail":false,"medium":false,"medium_large":false,"large":false,"1536x1536":false,"2048x2048":false},"uagb_author_info":{"display_name":"lienkhuong","author_link":"https:\/\/phumyhung.vn\/the-sculptura\/author\/lienkhuong\/"},"uagb_comment_info":0,"uagb_excerpt":"BI\u1ec2U T\u01af\u1ee2NG TH\u1ecaNH V\u01af\u1ee2NG TR\u01af\u1edcNG T\u1ed2N V\u1eca TH\u1ebe Qu\u00fd kh\u00e1ch vui l\u00f2ng \u0111\u1ec3 l\u1ea1i th\u00f4ng tin \u0111\u1ec3 \u0111\u01b0\u1ee3c chuy\u00ean vi\u00ean kinh doanh c\u1ee7a Ph\u00fa M\u1ef9 H\u01b0ng t\u01b0 v\u1ea5n tr\u1ef1c ti\u1ebfp \u0110\u0102NG K\u00dd T\u00ccM HI\u1ec2U NGAY BI\u1ec2U T\u01af\u1ee2NG TH\u1ecaNH V\u01af\u1ee2NG TR\u01af\u1edcNG T\u1ed2N V\u1eca TH\u1ebe Qu\u00fd kh\u00e1ch vui l\u00f2ng \u0111\u1ec3 l\u1ea1i th\u00f4ng tin \u0111\u1ec3 \u0111\u01b0\u1ee3c chuy\u00ean vi\u00ean&hellip;","_links":{"self":[{"href":"https:\/\/phumyhung.vn\/the-sculptura\/wp-json\/wp\/v2\/pages\/2856","targetHints":{"allow":["GET"]}}],"collection":[{"href":"https:\/\/phumyhung.vn\/the-sculptura\/wp-json\/wp\/v2\/pages"}],"about":[{"href":"https:\/\/phumyhung.vn\/the-sculptura\/wp-json\/wp\/v2\/types\/page"}],"author":[{"embeddable":true,"href":"https:\/\/phumyhung.vn\/the-sculptura\/wp-json\/wp\/v2\/users\/1"}],"replies":[{"embeddable":true,"href":"https:\/\/phumyhung.vn\/the-sculptura\/wp-json\/wp\/v2\/comments?post=2856"}],"version-history":[{"count":0,"href":"https:\/\/phumyhung.vn\/the-sculptura\/wp-json\/wp\/v2\/pages\/2856\/revisions"}],"wp:attachment":[{"href":"https:\/\/phumyhung.vn\/the-sculptura\/wp-json\/wp\/v2\/media?parent=2856"}],"curies":[{"name":"wp","href":"https:\/\/api.w.org\/{rel}","templated":true}]}}